{"id":6750,"date":"2021-10-19T11:52:40","date_gmt":"2021-10-19T04:52:40","guid":{"rendered":"http:\/\/maudep.com.vn\/chuyengiadienmay\/?post_type=product&#038;p=6750"},"modified":"2021-10-19T11:52:40","modified_gmt":"2021-10-19T04:52:40","slug":"dieu-hoa-casper-inverter-18000-btu-1-chieu-gc-18is32","status":"publish","type":"product","link":"http:\/\/maudep.com.vn\/chuyengiadienmay\/?product=dieu-hoa-casper-inverter-18000-btu-1-chieu-gc-18is32","title":{"rendered":"\u0110i\u1ec1u h\u00f2a Casper inverter 18000 BTU 1 chi\u1ec1u GC-18IS32"},"content":{"rendered":"<div id=\"chitiet-1\" class=\"w-pd-i-content\">\n<h2>GC-18IS32, \u0110i\u1ec1u h\u00f2a Casper Th\u00e1i Lan\u00a0model m\u1edbi nh\u1ea5t\u00a02021<\/h2>\n<p>\u0110i\u1ec1u h\u00f2a Casper GC-18IS32\u00a018000 BTU 1 chi\u1ec1u inverter s\u1eed d\u1ee5ng gas R32\u00a0model\u00a0\u0111i\u1ec1u h\u00f2a Casper\u00a0Th\u00e1i Lan m\u1edbi nh\u1ea5t ch\u00ednh th\u1ee9c \u0111\u01b0\u1ee3c b\u00e1n ra th\u1ecb tr\u01b0\u1eddng n\u01b0\u1edbc ta\u00a0v\u00e0o th\u00e1ng 4\/2021 v\u1edbi nhi\u1ec1u thay \u0111\u1ed5i t\u1eeb thi\u1ebft k\u1ebf cho \u0111\u1ebfn c\u00f4ng ngh\u1ec7 mang \u0111\u1ebfn cho ng\u01b0\u1eddi ti\u00eau d\u00f9ng tr\u1ea3i nghi\u1ec7m gi\u00e1 tr\u1ecb \u0111\u00edch th\u1ef1c.<\/p>\n<p><img src=\"https:\/\/banhangtaikho.com.vn\/Images\/Product\/gc18is32-UtT3I0.jpg\" alt=\"GC-18IS32, \u0110i\u1ec1u h\u00f2a Casper 18000 BTU inverter 1 chi\u1ec1u R32\" \/><\/p>\n<p>&nbsp;<\/p>\n<p><em><strong><u>Qu\u00fd kh\u00e1ch h\u00e0ng l\u01b0u\u00a0<\/u>\u00fd: \u0110i\u1ec1u h\u00f2a Casper\u00a0GC-18IS32\u00a0s\u1ebd thay th\u1ebf cho GC-18TL32 (model 2020)<\/strong><\/em><\/p>\n<h2>Casper &#8211; TOP 3 h\u00e3ng\u00a0\u0111i\u1ec1u h\u00f2a b\u00e1n t\u1ed1t nh\u1ea5t t\u1ea1i Vi\u1ec7t Nam 2020<\/h2>\n<p>\u0110\u1ebfn n\u0103m 2020: H\u00e3ng\u00a0<strong>\u0111i\u1ec1u h\u00f2a Casper Th\u00e1i Lan<\/strong>\u00a0m\u1edbi ch\u1ec9 gia nh\u1eadp th\u1ecb tr\u01b0\u1eddng m\u00e1y \u0111i\u1ec1u h\u00f2a n\u01b0\u1edbc ta \u0111\u01b0\u1ee3c 5 n\u0103m. Nh\u01b0ng \u0111i\u1ec1u h\u00f2a Casper v\u1eefng v\u00e0ng TOP 3 h\u00e3ng \u0111i\u1ec1u h\u00f2a treo t\u01b0\u1eddng b\u00e1n t\u1ed1t nh\u1ea5t v\u1edbi\u00a0<strong>th\u1ecb ph\u1ea7n ~ 12%<\/strong>, ch\u1ec9 \u0111\u1ee9ng sau Panasonic v\u00e0 Daikin\u00a0(Theo s\u1ed1 li\u1ec7u GFK). Con s\u1ed1 tr\u00ean cho th\u1ea5y s\u1ee9c b\u00e1n kh\u1ee7ng khi\u1ebfp c\u1ee7a Casper nh\u01b0 th\u1ebf n\u00e0o?\u00a0C\u1ee9 100 b\u1ed9\u00a0m\u00e1y\u00a0\u0111i\u1ec1u h\u00f2a\u00a0treo t\u01b0\u1eddng \u0111\u01b0\u1ee3c\u00a0b\u00e1n ra th\u00ec c\u00f3 12\u00a0b\u1ed9 m\u00e1y \u0111i\u1ec1u h\u00f2a Casper \u0111\u1ebfn tay ng\u01b0\u1eddi ti\u00eau d\u00f9ng.<\/p>\n<p><img src=\"https:\/\/banhangtaikho.com.vn\/Images\/Upload\/images\/dieu-hoa-casper-thai-lan-1.jpg\" \/><\/p>\n<p>Ch\u00fang ta d\u1ec5 d\u00e0ng b\u1eaft g\u1eb7p \u0111i\u1ec1u h\u00f2a Casper hi\u1ec7n di\u1ec7n kh\u00f4ng ch\u1ec9 \u1edf c\u00e1c gia \u0111\u00ecnh m\u00e0 \u1edf tr\u01b0\u1eddng h\u1ecdc, nh\u00e0 h\u00e0ng, v\u0103n ph\u00f2ng&#8230;<\/p>\n<h2>Casper GC-18IS32 thi\u1ebft k\u1ebf M\u1edaI tinh t\u1ebf \u0111\u1eb9p t\u1eeb m\u1ecdi g\u00f3c nh\u00ecn<\/h2>\n<p>\u0110i\u1ec1u ho\u00e0 Casper 18000\u00a0BTU 1 chi\u1ec1u inverter GC-18IS32 c\u00f3 thi\u1ebft k\u1ebf m\u1edbi\u00a0tinh t\u1ebf sang tr\u1ecdng \u0111\u1eb9p t\u1eeb m\u1ecdi g\u00f3c nh\u00ecn\u00a0t\u00f4n vinh v\u1ebb \u0111\u1eb9p cho kh\u00f4ng gian n\u1ed9i th\u1ea5t gia \u0111\u00ecnh B\u1ea1n.<\/p>\n<p>H\u01a1n n\u1eefa: M\u00e1y \u0111i\u1ec1u h\u00f2a Casper \u0111\u01b0\u1ee3c trang b\u1ecb\u00a0<strong>\u0111\u00e8n LED hi\u1ec3n th\u1ecb nhi\u1ec7t \u0111\u1ed9 tr\u00ean d\u00e0n l\u1ea1nh\u00a0<\/strong>gi\u00fap b\u1ea1n d\u1ec5 d\u00e0ng quan s\u00e1t khi s\u1eed d\u1ee5ng \u0111\u1eb7c bi\u1ec7t khi \u0111\u00eam\u00a0t\u1ed1i &#8211; \u0110\u00e8n n\u00e0y c\u00f3 t\u00e1c d\u1ee5ng nh\u01b0 \u0111\u00e8n ng\u1ee7 th\u00f4ng th\u01b0\u1eddng kh\u00f4ng \u1ea3nh h\u01b0\u1edfng \u0111\u1ebfn gi\u1ea5c ng\u1ee7 c\u00f2n B\u1ea1n m\u00e0 \u0111i\u1ec7n n\u0103ng ti\u00eau th\u1ee5 r\u1ea5t nh\u1ecf ch\u1ec9 0.5w\/gi\u1edd. Tr\u01b0\u1eddng h\u1ee3p n\u1ebfu B\u1ea1n kh\u00f4ng mu\u1ed1n hi\u1ec3n th\u1ecb \u0111\u00e8n nhi\u1ec7t \u0111\u1ed9 th\u00ec ch\u1ec9 c\u1ea5n nh\u1ea5n &#8220;light&#8221; tr\u00ean \u0111i\u1ec1u khi\u1ec3n th\u00ec l\u1eadp t\u1ee9c \u0111\u00e8n s\u1ebd t\u1eaft.<\/p>\n<p>V\u1edbi c\u00f4ng\u00a0su\u1ea5t\u00a0\u0111i\u1ec1u h\u00f2a 18000\u00a0BTU, Casper GC-18IS32 l\u1ef1a ch\u1ecdn tuy\u1ec7t\u00a0v\u1eddi<strong>\u00a0l\u1eafp \u0111\u1eb7t cho c\u0103n ph\u00f2ng c\u00f3 di\u1ec7n t\u00edch d\u01b0\u1edbi 30m<sup>2<\/sup><\/strong>: Ph\u00f2ng kh\u00e1ch, l\u1edbp h\u1ecdc, c\u1eeda h\u00e0ng, v\u0103n ph\u00f2ng&#8230;<\/p>\n<h2>V\u1edbi \u0111i\u1ec1u h\u00f2a\u00a0Casper inverter kh\u00f4ng lo t\u1ed1n \u0111i\u1ec7n<\/h2>\n<p>\u0110i\u1ec1u h\u00f2a Casper 1 chi\u1ec1u\u00a0GC-18IS32 \u0111\u01b0\u1ee3c trang b\u1ecb c\u00f4ng ngh\u1ec7 inverter &#8211; \u0110\u00e2y l\u00e0 c\u00f4ng ngh\u1ec7 ti\u00ean ti\u1ebfn nh\u1ea5t hi\u1ec7n nay\u00a0 m\u00e0 t\u1ea5t c\u1ea3 c\u00e1c h\u00e3ng \u0111i\u1ec1u h\u00f2a \u0111\u1ec1u trang b\u1ecb cho d\u00f2ng s\u1ea3n ph\u1ea9m cao c\u1ea5p nh\u1ea5t c\u1ee7a m\u00ecnh b\u1edfi \u01b0u \u0111i\u1ec3m m\u00e0 n\u00f3 mang l\u1ea1i:\u00a0Ti\u1ebft ki\u1ec7m \u0111i\u1ec7n n\u0103ng, m\u00e1y v\u1eadn h\u00e0nh \u00eam \u00e1i, mang l\u1ea1i s\u1ef1 tho\u1ea3i m\u00e1i d\u1ec5 ch\u1ecbu khi s\u1eed d\u1ee5ng, \u0111\u1ed9 b\u1ec1n cao&#8230;<\/p>\n<p>\u0110i\u1ec1u h\u00f2a Casper inverter \u0111\u1ed9c \u0111\u00e1o v\u1edbi\u00a0c\u00f4ng ngh\u1ec7 i-Saving\u00a0l\u00e0 c\u00f4ng ngh\u1ec7 ti\u1ebft ki\u1ec7m \u0111i\u1ec7n\u00a0duy nh\u1ea5t ch\u1ec9 c\u00f3 \u1edf m\u00e1y \u0111i\u1ec1u h\u00f2a Casper: \u0110i\u1ec1u ch\u1ec9nh nhi\u1ec7t \u0111\u1ed9 c\u00e0i \u0111\u1eb7t theo \u0111\u01b0\u1eddng h\u00ecnh xo\u1eafn thay v\u00ec \u0111\u01b0\u1eddng th\u1eb3ng nh\u01b0 truy\u1ec1n th\u1ed1ng. Do v\u1eady, m\u00e1y n\u00e9n kh\u00f4ng c\u1ea7n thay \u0111\u1ed5i ho\u1ea1t \u0111\u1ed9ng qu\u00e1 nhi\u1ec1u khi nh\u1eadn l\u1ec7nh thay \u0111\u1ed5i nhi\u1ec7t \u0111\u1ed9 1 c\u00e1ch \u0111\u1ed9t ng\u1ed9t t\u1eeb ng\u01b0\u1eddi s\u1eed d\u1ee5ng.<\/p>\n<p><img src=\"https:\/\/banhangtaikho.com.vn\/Images\/Upload\/images\/casper-inverter-tiet-kiem-dien.jpg\" alt=\"\" \/><\/p>\n<p>V\u1edbi m\u00e1y \u0111i\u1ec1u h\u00f2a Casper Inverter s\u1eed d\u1ee5ng c\u00f4ng ngh\u1ec7 i-Saving, khi nhi\u1ec7t \u0111\u1ed9 m\u00f4i tr\u01b0\u1eddng xung quanh \u0111\u1ea1t t\u1edbi nhi\u1ec7t \u0111\u1ed9 c\u00e0i \u0111\u1eb7t, m\u00e1y n\u00e9n s\u1ebd t\u1ef1 \u0111\u1ed9ng gi\u1ea3m t\u1ea7n s\u1ed1 ho\u1ea1t \u0111\u1ed9ng xu\u1ed1ng ch\u1ec9 c\u00f2n 1 Hz, gi\u00fap gi\u1ea3m \u0111i\u1ec7n n\u0103ng ti\u00eau th\u1ee5 xu\u1ed1ng c\u00f3 th\u1ec3 c\u00f2n 0.3W.<\/p>\n<p>V\u00ec th\u1ebf khi B\u1ea1n d\u00f9ng m\u00e1y \u0111i\u1ec1u h\u00f2a Casper inverter GC-18IS32 th\u00ec ch\u1ec9\u00a0<strong>h\u1ebft 4000\u0111 \/ 1 \u0111\u00eam<\/strong>\u00a0cho 9 ti\u1ebfng s\u1eed d\u1ee5ng (S\u1ed1 li\u1ec7u theo Casper c\u00f4ng b\u1ed1)<\/p>\n<h2>L\u00e0m l\u1ea1nh nhanh,\u00a0m\u00e1t l\u1ea1nh t\u1eebng gi\u00e2y<\/h2>\n<p>M\u00e1y \u0111i\u1ec1u h\u00f2a Casper 1 chi\u1ec1u 18000BTU inverter GC-18IS32 l\u00e0m l\u1ea1nh nhanh ch\u00f3ng B\u1ea1n\u00a0s\u1ebd c\u1ea3m nh\u1eadn \u0111\u01b0\u1ee3c lu\u1ed3ng kh\u00f4ng kh\u00ed m\u00e1t l\u1ea1nh s\u1ea3ng kho\u00e1i t\u1ee9c th\u00ec ngay khi b\u1eadt m\u00e1y\u00a0ch\u1ec9 c\u1ea7n thao t\u00e1c v\u00f4 c\u00f9ng \u0111\u01a1n gi\u1ea3n &#8211;\u00a0<strong>nh\u1ea5n n\u00fat Turbo<\/strong>\u00a0tr\u00ean \u0111i\u1ec1u khi\u1ec3n t\u1eeb xa.<\/p>\n<p><img src=\"https:\/\/banhangtaikho.com.vn\/Images\/Upload\/images\/dieu-hoa-casper-turbo.jpg\" alt=\"\" \/><\/p>\n<h2>T\u1ef1 \u0111\u1ed9ng l\u00e0m s\u1ea1ch i-Clean gi\u00fap kh\u00f4ng kh\u00ed lu\u00f4n trong l\u00e0nh<\/h2>\n<p>Vi khu\u1ea9n, n\u1ea5m m\u1ed1c, b\u1ee5i b\u1ea9n\u00a0l\u00e0 nguy\u00ean nh\u00e2n g\u00e2y ra c\u00e1c b\u1ec7nh li\u00ean quan \u0111\u1ebfn \u0111\u01b0\u1eddng h\u00f4 h\u1ea5p \u1ea3nh h\u01b0\u1edfng tr\u1ef1c ti\u1ebfp \u0111\u1ebfn s\u1ee9c kh\u1ecfe c\u1ee7a B\u1ea1n.<\/p>\n<p>Ch\u00ednh v\u00ec th\u1ebf m\u00e1y \u0111i\u1ec1u h\u00f2a Casper v\u1edbi\u00a0<strong>ch\u1ee9c n\u0103ng i-Clean<\/strong>\u00a0gi\u00fap cho d\u00e0n l\u1ea1nh lo\u1ea1i b\u1ecf b\u1ee5i b\u1ea9n, n\u1ea5m m\u1ed1c v\u00e0 m\u00f9i \u1ea9m m\u1ed1c b\u1eb1ng c\u00e1ch l\u00e0m kh\u00f4 d\u00e0n l\u1ea1nh sau m\u1ed7i l\u1ea7n s\u1eed d\u1ee5ng, gi\u00fap cho lu\u1ed3ng kh\u00ed th\u1ed5i ra t\u1eeb m\u00e1y lu\u00f4n trong l\u00e0nh t\u1ed1t nh\u1ea5t cho s\u1ee9c kh\u1ecfe c\u1ee7a B\u1ea1n.<\/p>\n<p><img src=\"https:\/\/banhangtaikho.com.vn\/Images\/Upload\/images\/dieu-hoa-casper-iclean.jpg\" alt=\"\" \/><\/p>\n<h2>\u0110i\u1ec1u khi\u1ec3n \u0111i\u1ec1u h\u00f2a Casper\u00a0nh\u1ecf g\u1ecdn s\u1eed d\u1ee5ng d\u1ec5 d\u00e0ng<\/h2>\n<p>V\u1edbi\u00a0\u0111i\u1ec1u khi\u1ec3n \u0111i\u1ec1u h\u00f2a Casper\u00a0b\u1ea1n d\u1ec5 d\u00e0ng \u0111i\u1ec1u ch\u1ec9nh, c\u00e0i \u0111\u1eb7t c\u00e1c ch\u1ebf \u0111\u1ed9.\u00a0<strong>M\u00e0n h\u00ecnh LED\u00a0<\/strong>n\u00fat b\u1ea5m n\u1ed5i k\u00e8m ch\u00fa th\u00edch r\u1ea5t r\u00f5 r\u00e0ng, v\u00f4 c\u00f9ng ti\u1ec7n \u00edch.<\/p>\n<h2>\u0110\u1ed9\u00a0b\u1ec1n th\u00e1ch th\u1ee9c th\u1eddi gian<\/h2>\n<p>\u0110i\u1ec1u ho\u00e0 Casper inverter 18000 BTU GC-18IS32\u00a0<strong>d\u00e0n \u0111\u1ed3ng nguy\u00ean ch\u1ea5t, c\u00e1nh t\u1ea3n nhi\u1ec7t\u00a0m\u1ea1 v\u00e0ng<\/strong>\u00a0gi\u00fap t\u0103ng hi\u1ec7u su\u1ea5t l\u00e0m l\u1ea1nh, ng\u0103n ng\u1eeba s\u1ef1 \u0103n m\u00f2n c\u1ee7a n\u01b0\u1edbc m\u01b0a, mu\u1ed1i bi\u1ec3n v\u00e0 c\u00e1c t\u00e1c nh\u00e2n \u0103n m\u00f2n kh\u00e1c, t\u1eeb \u0111\u00f3 t\u0103ng \u0111\u1ed9 b\u1ec1n c\u1ee7a m\u00e1y. \u0110i\u1ec1u n\u00e0y \u0111\u00e3 \u0111\u01b0\u1ee3c ki\u1ec3m ch\u1ee9ng khi m\u00e0 \u0111i\u1ec1u h\u00f2a Casper ng\u00e0y c\u00e0ng \u0111\u01b0\u1ee3c c\u00e1c t\u1ec9nh ven bi\u1ec3n \u01b0a chu\u1ed9ng (H\u1ea3i Ph\u00f2ng, Nam \u0110\u1ecbnh, Thanh H\u00f3a&#8230;).<\/p>\n<p><img src=\"https:\/\/banhangtaikho.com.vn\/Images\/Upload\/images\/dieu-hoa-casper-dan-dong-1.jpg\" \/><\/p>\n<h2>S\u1eed d\u1ee5ng m\u00f4i ch\u1ea5t l\u1ea1nh gas R32 ti\u00ean ti\u1ebfn nh\u1ea5t<\/h2>\n<p>M\u00e1y \u0111i\u1ec1u h\u00f2a Casper 1 chi\u1ec1u inverter 18000BTU GC18IS32 s\u1eed d\u1ee5ng m\u00f4i ch\u1ea5t l\u00e0m l\u1ea1nh\u00a0<strong>gas R32 ti\u00ean ti\u1ebfn nh\u1ea5t\u00a0<\/strong>hi\u1ec7n nay gi\u00fap\u00a0mang l\u1ea1i\u00a0hi\u1ec7u su\u1ea5t l\u00e0m l\u1ea1nh cao, th\u00e2n thi\u1ec7n v\u1edbi m\u00f4i tr\u01b0\u1eddng v\u00e0 an to\u00e0n cho ng\u01b0\u1eddi s\u1eed d\u1ee5ng.<\/p>\n<p><img src=\"https:\/\/banhangtaikho.com.vn\/Images\/Upload\/images\/dieu-hoa-casper-gas-r32.jpg\" alt=\"\" \/><\/p>\n<p><em>&#8230;Ngo\u00e0i ra \u0111i\u1ec1u h\u00f2a Casper c\u00f2n r\u1ea5t nhi\u1ec1u t\u00ednh n\u0103ng ch\u1edd b\u1ea1n kh\u00e1m ph\u00e1 &amp; tr\u1ea3i nghi\u1ec7m: T\u1ef1 \u0111\u1ed9ng b\u00e1o l\u1ed7i, t\u1ef1 \u0111\u1ed9ng kh\u1edfi \u0111\u1ed9ng l\u1ea1i khi c\u00f3 \u0111i\u1ec7n. c\u00e0i \u0111\u1eb7t h\u1eb9n gi\u1edd&#8230;<\/em><\/p>\n<h2>Ch\u00ednh s\u00e1ch b\u1ea3o h\u00e0nh Casper ti\u00ean phong v\u00ec l\u1ee3i \u00edch ng\u01b0\u1eddi ti\u00eau d\u00f9ng<\/h2>\n<p>Casper l\u00e0 h\u00e3ng \u0111i\u1ec1u h\u00f2a ti\u00ean phong v\u00ec l\u1ee3i \u00edch ng\u01b0\u1eddi ti\u00eau d\u00f9ng. \u0110\u00e3 t\u1ea1o ra cu\u1ed9c c\u00e1ch m\u1ea1ng khi \u0111i \u0111\u1ea7u trong ch\u00ednh s\u00e1ch \u0111\u1ed5i m\u1edbi c\u1ee5 th\u1ec3 nh\u01b0 sau:<\/p>\n<p>+ Th\u1eddi gian\u00a0<strong>b\u1ea3o h\u00e0nh to\u00e0n b\u1ed9 s\u1ea3n ph\u1ea9m 3 n\u0103m, m\u00e1y n\u00e9n 5 n\u0103m<\/strong>\u00a0c\u00f9ng ch\u00ednh s\u00e1ch\u00a0<strong>1 \u0111\u1ed5i 1 trong 2 n\u0103m\u00a0<\/strong>ngay t\u1ea1i nh\u00e0\u00a0v\u1edbi b\u1ea5t k\u1ef3 l\u1ed7i n\u00e0o t\u1eeb nh\u00e0 s\u1ea3n xu\u1ea5t trong 2 n\u0103m \u0111\u1ea7u.<\/p>\n<p>+ Th\u1eddi gian b\u1ea3o h\u00e0nh nhanh ch\u00f3ng trong 24 gi\u1edd\u00a0\u0111\u1ed1i v\u1edbi khu v\u1ef1c th\u00e0nh ph\u1ed1 l\u1edbn v\u00e0 48 gi\u1edd\u00a0\u0111\u1ed1i v\u1edbi khu v\u1ef1c kh\u00e1c.<\/p>\n<p>+ Trung t\u00e2m b\u1ea3o h\u00e0nh ph\u1ee7 r\u1ed9ng kh\u1eafp 63 t\u1ec9nh th\u00e0nh tr\u00ean c\u1ea3 n\u01b0\u1edbc.<\/p>\n<p><img src=\"https:\/\/banhangtaikho.com.vn\/Images\/Upload\/images\/bao-hanh-dieu-hoa-casper-1.jpg\" \/><\/p>\n<h2>Casper GC-18IS32, \u0110i\u1ec1u h\u00f2a 18000BTU 1 chi\u1ec1u inverter gi\u00e1 r\u1ebb \u0111\u00e1ng mua<\/h2>\n<p>\u0110i\u1ec1u h\u00f2a Casper Th\u00e1i Lan, thi\u1ebft k\u1ebf tinh t\u1ebf, c\u00f4ng ngh\u1ec7 ti\u00ean ti\u1ebfn, ch\u00ednh s\u00e1ch b\u1ea3o h\u00e0nh \u01b0u vi\u1ec7t c\u00f9ng v\u1edbi\u00a0gi\u00e1 m\u00e1y \u0111i\u1ec1u h\u00f2a Casper 18000 BTU\u00a0inverter GC18IS32 r\u1ea5t h\u1ee3p l\u00fd.<\/p>\n<p>Khi\u1ebfn cho Casper GC-18IS32 c\u00f3 s\u1ee9c h\u00fat m\u00e3nh li\u1ec7t\u00a0l\u00e0m \u1ea3nh h\u01b0\u1edfng kh\u00f4ng h\u1ec1 nh\u1ecf t\u1edbi c\u00e1c t\u00ean tu\u1ed5i t\u1ea7m c\u1ee1: \u0111i\u1ec1u h\u00f2a LG V13ENS1,\u00a0Mitsubishi Heavy SRK18YXP-W5&#8230;th\u1eadm ch\u00ed l\u00e0 Panasonic XPU18XKH-8 v\u00e0 Daikin FTKA50VAVMV.<\/p>\n<p>&nbsp;<\/p>\n<div class=\"cl\"><\/div>\n<\/div>\n<div id=\"chitiet-2\" class=\"w-pd-i-content\">\n<p class=\"w-pd-i-c-head\">\u00a0Th\u00f4ng s\u1ed1 k\u1ef9 thu\u1eadt \u0110i\u1ec1u h\u00f2a Casper inverter 18000 BTU 1 chi\u1ec1u GC-18IS32<\/p>\n<div class=\"cl\"><\/div>\n<\/div>\n","protected":false},"excerpt":{"rendered":"<ul class=\"l pr-des-featured\">\n<li>\u0110i\u1ec1u h\u00f2a Casper GC-18IS32 18000 BTU inverter 1 chi\u1ec1u [Model 2021]<\/li>\n<li>C\u00f4ng ngh\u1ec7 Inverter I-Saving ti\u1ebft ki\u1ec7m \u0111i\u1ec7n v\u01b0\u1ee3t tr\u1ed9i<\/li>\n<li>Ch\u1ebf \u0111\u1ed9 Turbo l\u00e0m l\u1ea1nh, s\u01b0\u1edfi \u1ea5m nhanh ch\u00f3ng<\/li>\n<li>S\u1eed d\u1ee5ng gas R32 hi\u1ec7u su\u1ea5t l\u00e0m l\u1ea1nh cao, th\u00e2n thi\u1ec7n m\u00f4i tr\u01b0\u1eddng<\/li>\n<li>Xu\u1ea5t x\u1ee9: Ch\u00ednh h\u00e3ng Th\u00e1i Lan<\/li>\n<li>B\u1ea3o h\u00e0nh: M\u00e1y 3 n\u0103m, M\u00e1y n\u00e9n 5 n\u0103m<\/li>\n<\/ul>\n","protected":false},"featured_media":6751,"comment_status":"open","ping_status":"closed","template":"","meta":[],"_links":{"self":[{"href":"http:\/\/maudep.com.vn\/chuyengiadienmay\/index.php?rest_route=\/wp\/v2\/product\/6750"}],"collection":[{"href":"http:\/\/maudep.com.vn\/chuyengiadienmay\/index.php?rest_route=\/wp\/v2\/product"}],"about":[{"href":"http:\/\/maudep.com.vn\/chuyengiadienmay\/index.php?rest_route=\/wp\/v2\/types\/product"}],"replies":[{"embeddable":true,"href":"http:\/\/maudep.com.vn\/chuyengiadienmay\/index.php?rest_route=%2Fwp%2Fv2%2Fcomments&post=6750"}],"wp:featuredmedia":[{"embeddable":true,"href":"http:\/\/maudep.com.vn\/chuyengiadienmay\/index.php?rest_route=\/wp\/v2\/media\/6751"}],"wp:attachment":[{"href":"http:\/\/maudep.com.vn\/chuyengiadienmay\/index.php?rest_route=%2Fwp%2Fv2%2Fmedia&parent=6750"}],"curies":[{"name":"wp","href":"https:\/\/api.w.org\/{rel}","templated":true}]}}