{"id":6779,"date":"2021-10-21T14:27:25","date_gmt":"2021-10-21T07:27:25","guid":{"rendered":"http:\/\/maudep.com.vn\/chuyengiadienmay\/?post_type=product&#038;p=6779"},"modified":"2021-10-21T14:27:25","modified_gmt":"2021-10-21T07:27:25","slug":"dieu-hoa-casper-9000-btu-1-chieu-kc-09fc32","status":"publish","type":"product","link":"http:\/\/maudep.com.vn\/chuyengiadienmay\/?product=dieu-hoa-casper-9000-btu-1-chieu-kc-09fc32","title":{"rendered":"\u0110i\u1ec1u h\u00f2a Casper 9000 BTU 1 chi\u1ec1u KC-09FC32"},"content":{"rendered":"<div id=\"chitiet-1\" class=\"w-pd-i-content\">\n<h2>\u0110i\u1ec1u h\u00f2a Casper KC-09FC32 model m\u1edbi nh\u1ea5t 2021<\/h2>\n<p>\u0110i\u1ec1u h\u00f2a Casper KC-09FC32\u00a09000 BTU 1 chi\u1ec1u model m\u1edbi nh\u1ea5t \u0111\u01b0\u1ee3c h\u00e3ng Casper gi\u1edbi thi\u1ec7u v\u00e0o\u00a0th\u00e1ng 1\/ 2021 n\u1ed5i b\u1eadt v\u1edbi thi\u1ebft k\u1ebf m\u1edbi hi\u1ec7n \u0111\u1ea1i, sang tr\u1ecdng c\u00f9ng nhi\u1ec1u\u00a0t\u00ednh n\u0103ng c\u00f4ng ngh\u1ec7 ti\u1ec7n \u00edch\u00a0h\u1ee9a h\u1eb9n s\u1ebd t\u1ea1o d\u1ea5u \u1ea5n m\u1ea1nh m\u1ebd trong n\u0103m nay.<\/p>\n<p><img src=\"https:\/\/banhangtaikho.com.vn\/Images\/Product\/kc09fc32-bc47jx.jpg\" alt=\"Casper KC-09FC32, \u0110i\u1ec1u h\u00f2a Casper 9000 BTU 1 chi\u1ec1u [2021]\" \/><\/p>\n<h2>Casper &#8211; \u0110i\u1ec1u h\u00f2a Th\u00e1i Lan gi\u00e1 r\u1ebb cho ng\u01b0\u1eddi ti\u00eau d\u00f9ng Vi\u1ec7t<\/h2>\n<p>\u0110i\u1ec1u h\u00f2a Casper\u00a0th\u01b0\u01a1ng hi\u1ec7u\u00a0<strong>\u0111i\u1ec1u h\u00f2a Th\u00e1i Lan<\/strong>,\u00a0\u0111\u01b0\u1ee3c s\u1ea3n xu\u1ea5t v\u00e0 nh\u1eadp kh\u1ea9u tr\u1ef1c ti\u1ebfp t\u1ea1i Th\u00e1i Lan &#8211; \u0110\u00e2y l\u00e0 c\u00e1i n\u00f4i\u00a0s\u1ea3n xu\u1ea5t c\u00e1c th\u01b0\u01a1ng hi\u1ec7u\u00a0\u0111i\u1ec7n t\u1eed, \u0111i\u1ec7n l\u1ea1nh,\u00a0\u0111\u1ed3 \u0111i\u1ec7n t\u1eed gia d\u1ee5ng h\u00e0ng \u0111\u1ea7u th\u1ebf gi\u1edbi: Daikin, Panasonic, Mitsubishi, Toshiba, Sharp&#8230;\u0111\u01b0\u1ee3c ng\u01b0\u1eddi ti\u00eau d\u00f9ng tr\u00ean to\u00e0n th\u1ebf gi\u1edbi \u0111\u00f3n nh\u1eadn.<\/p>\n<p>V\u1edbi ph\u01b0\u01a1ng ch\u00e2m \u0111\u1eb7t kh\u00e1ch h\u00e0ng l\u00e0m trung t\u00e2m c\u1ee7a nghi\u00ean c\u1ee9u, Casper lu\u00f4n n\u1ed7 l\u1ef1c s\u00e1ng t\u1ea1o, nghi\u00ean c\u1ee9u \u0111\u1ec3 \u0111\u01b0a ra nh\u1eefng s\u1ea3n ph\u1ea9m hi\u1ec7n \u0111\u1ea1i nh\u1ea5t, k\u1ecbp th\u1eddi \u0111\u00e1p \u1ee9ng nh\u1eefng nhu c\u1ea7u c\u1ee7a ng\u01b0\u1eddi ti\u00eau d\u00f9ng.<\/p>\n<p><img src=\"https:\/\/banhangtaikho.com.vn\/Images\/Upload\/images\/dieu-hoa-casper-thai-lan-1.jpg\" alt=\"\" \/><\/p>\n<p>T\u1ea1i Vi\u1ec7t Nam: Theo nh\u01b0 th\u1ed1ng k\u00ea s\u1ed1 li\u1ec7u GFK 2020 cho th\u1ea5y s\u1ea3n l\u01b0\u1ee3ng b\u00e1n ra c\u1ee7a\u00a0m\u00e1y \u0111i\u1ec1u h\u00f2a\u00a0Casper\u00a0<strong>\u0111\u1ee9ng v\u1ecb tr\u00ed th\u1ee9 3 ch\u1ec9 sau Daikin v\u00e0 Panasonic<\/strong>. \u0110i\u1ec1u n\u00e0y cho th\u1ea5y s\u1ee9c h\u00fat kh\u1ee7ng khi\u1ebfp c\u1ee7a Casper nh\u01b0 th\u1ebf n\u00e0o. B\u1ea1n d\u1ec5 d\u00e0ng nh\u1eadn th\u1ea5y s\u1ef1 hi\u1ec7n \u0111i\u1ec7n c\u1ee7a \u0111i\u1ec1u h\u00f2a Casper kh\u00f4ng ch\u1ec9 \u1edf c\u00e1c h\u1ed9 gia \u0111\u00ecnh m\u00e0 c\u00f2n \u1edf tr\u01b0\u1eddng h\u1ecdc, b\u1ec7nh vi\u1ec7n, v\u0103n ph\u00f2ng&#8230;<\/p>\n<h2>\u0110i\u1ec1u h\u00f2a Casper thi\u1ebft k\u1ebf m\u1edbi hi\u1ec7n \u0111\u1ea1i, \u0111\u01b0\u1eddng n\u00e9t tinh t\u1ebf +\u00a0hi\u1ec3n th\u1ecb nhi\u1ec7t \u0111\u1ed9 tr\u00ean d\u00e0n l\u1ea1nh<\/h2>\n<p>M\u00e1y\u00a0\u0111i\u1ec1u h\u00f2a Casper 9000\u00a0BTU 1 chi\u1ec1u KC-09FC32\u00a0thi\u1ebft k\u1ebf m\u1edbi hi\u1ec7n \u0111\u1ea1i, \u0111\u01b0\u1eddng n\u00e9t tinh t\u1ebf +\u00a0hi\u1ec3n th\u1ecb nhi\u1ec7t \u0111\u1ed9 tr\u00ean d\u00e0n l\u1ea1nh, m\u00e0u s\u1eafc tr\u1eafng s\u00e1ng b\u00f3ng m\u01b0\u1ee3t, h\u00e0i ho\u00e0 v\u1edbi n\u1ed9i th\u1ea5t c\u0103n ph\u00f2ng. Tr\u00ean th\u00e2n d\u00e0n l\u1ea1nh c\u00f3 m\u00e0n h\u00ecnh LED hi\u1ec3n th\u1ecb nhi\u1ec7t \u0111\u1ed9 gi\u00fap ng\u01b0\u1eddi d\u00f9ng d\u1ec5 d\u00e0ng quan s\u00e1t v\u00e0 s\u1eed d\u1ee5ng.<\/p>\n<p>V\u1edbi c\u00f4ng su\u1ea5t \u0111i\u1ec1u h\u00f2a 9000BTU, Casper KC-09FC32\u00a0ph\u00f9 h\u1ee3p\u00a0<strong>l\u1eafp \u0111\u1eb7t cho ph\u00f2ng\u00a0c\u00f3 di\u1ec7n t\u00edch d\u01b0\u1edbi 15m<sup>2<\/sup><\/strong>: Ph\u00f2ng ng\u1ee7, v\u0103n ph\u00f2ng&#8230;<\/p>\n<h2>L\u00e0m l\u1ea1nh nhanh t\u1eadn h\u01b0\u1edfng m\u00e1t l\u1ea1nh t\u1eebng gi\u00e2y<\/h2>\n<p>\u0110i\u1ec1u ho\u00e0 Casper 9000BTU 1 chi\u1ec1u\u00a0KC-09FC32\u00a0c\u00f3 kh\u1ea3 n\u0103ng l\u00e0m l\u1ea1nh nhanh ngay t\u1eeb nh\u1eefng ph\u00fat \u0111\u1ea7u ti\u00ean khi kh\u1edfi \u0111\u1ed9ng m\u00e1y. Nh\u1edd \u0111\u01b0\u1ee3c trang b\u1ecb m\u00e1y n\u00e9n th\u1ebf h\u1ec7 m\u1edbi nh\u1ea5t v\u1edbi t\u1ed1c \u0111\u1ed9 quay c\u00f3 th\u1ec3 \u0111\u1ea1t t\u1edbi 3900r\/ph\u00fat ch\u1ec9 trong 30s \u0111\u1ea7u ti\u00ean, lu\u1ed3ng gi\u00f3 \u0111\u01b0\u1ee3c th\u1ed5i ra nhanh ch\u00f3ng lan\u00a0to\u1ea3 m\u00e1t l\u1ea1nh \u0111\u1ec1u kh\u1eafp kh\u00f4ng gian c\u0103n ph\u00f2ng c\u1ee7a B\u1ea1n.<\/p>\n<p><img src=\"https:\/\/banhangtaikho.com.vn\/Images\/Upload\/images\/dieu-hoa-casper-kc-fc32-series.jpg\" alt=\"\" \/><\/p>\n<p>\u0110\u1ec3 k\u00edch ho\u1ea1t ch\u1ebf \u0111\u1ed9 l\u00e0m l\u1ea1nh nhanh th\u00ec B\u1ea1n ch\u1ec9 c\u1ea7n thao t\u00e1c c\u1ef1 k\u1ef3 \u0111\u01a1n gi\u1ea3n nh\u1ea5n n\u00fat\u00a0<strong>TURBO\u00a0<\/strong>tr\u00ean \u0111i\u1ec1u khi\u1ec3n \u0111i\u1ec1u h\u00f2a m\u00e1y s\u1ebd t\u1ef1 \u0111\u1ed9ng c\u00e0i \u0111\u1eb7t gi\u00f3 m\u1ea1nh nh\u1ea5t \u0111\u1ec3 b\u1eaft \u0111\u1ea7u qu\u00e1 tr\u00ecnh l\u00e0m m\u00e1t.<\/p>\n<p>H\u01a1n n\u1eefa m\u00e1y \u0111\u01b0\u1ee3c trang b\u1ecb\u00a0<strong>c\u00f4ng ngh\u1ec7 ifeel t\u1ef1 \u0111i\u1ec1u ch\u1ec9nh nhi\u1ec7t \u0111\u1ed9<\/strong>\u00a0c\u00f3 ch\u1ee9c n\u0103ng\u00a0c\u1ea3m\u00a0bi\u1ebfn th\u00e2n nhi\u1ec7t. M\u00e1y s\u1ebd c\u1ea3m bi\u1ebfn nhi\u1ec7t \u0111\u1ed9 c\u01a1 th\u1ec3 ng\u01b0\u1eddi d\u00f9ng trong m\u00f4i tr\u01b0\u1eddng \u0111i\u1ec1u ho\u00e0 r\u1ed3i t\u1ef1 \u0111\u1ed9ng \u0111i\u1ec1u ch\u1ec9nh nhi\u1ec7t \u0111\u1ed9 cho ph\u00f9 h\u1ee3p, \u0111em l\u1ea1i c\u1ea3m gi\u00e1c d\u1ec5 ch\u1ecbu, tho\u00e1i m\u00e1i.<\/p>\n<h2>Kh\u00f4ng s\u1ee3 vi khu\u1ea9n, vi r\u00fat &amp; n\u1ea5m m\u1ed1c<\/h2>\n<h3>L\u01b0\u1edbi l\u1ecdc \u0111a chi\u1ec1u\u00a0Air-fresh<\/h3>\n<p>\u0110i\u1ec1u h\u00f2a Casper 1 chi\u1ec1u 9000BTU KC-09FC32\u00a0c\u00f3\u00a0<strong>l\u01b0\u1edbi l\u1ecdc \u0111a chi\u1ec1u Air-fresh<\/strong>\u00a0ng\u0103n b\u1ee5i, kh\u00e1ng khu\u1ea9n hi\u1ec7u qu\u1ea3 gi\u00fap b\u1ea3o v\u1ec7 t\u1ed1t h\u01a1n cho s\u1ee9c kh\u1ecfe c\u1ee7a b\u1ea1n v\u00e0 gia \u0111\u00ecnh. Ng\u01b0\u1eddi d\u00f9ng s\u1ebd tho\u1ea3i m\u00e1i t\u1eadn h\u01b0\u1edfng kh\u00f4ng kh\u00ed m\u00e1t l\u1ea1nh trong l\u00e0nh, t\u1ea1o cho b\u1ea1n gi\u1ea5c ng\u1ee7 ngon, d\u1ec5 ch\u1ecbu h\u01a1n.<\/p>\n<p>T\u00ecnh tr\u1ea1ng \u00f4 nhi\u1ec5m kh\u00f4ng kh\u00ed hi\u1ec7n \u0111ang \u1edf m\u1ee9c \u0111\u1ed9 b\u00e1o \u0111\u1ed9ng, \u0111\u1eb7c bi\u1ec7t l\u00e0 \u1edf c\u00e1c khu \u0111\u00f4 th\u1ecb v\u00e0 thanh ph\u1ed1 l\u1edbn. Do \u0111\u00f3 nhu c\u1ea7u mua thi\u1ebft b\u1ecb l\u1ecdc kh\u00ed t\u0103ng cao h\u01a1n bao gi\u1edd h\u1ebft, ch\u00ednh v\u00ec v\u1eady m\u00e0 \u0111i\u1ec1u ho\u00e0 kh\u00f4ng kh\u00ed v\u1edbi l\u01b0\u1edbi l\u1ecdc \u0111a n\u0103ng nh\u01b0 Casper ch\u00ednh l\u1ef1a ch\u1ecdn \u0111\u1ea7u t\u01b0 th\u00f4ng minh \u0111\u1ed1i v\u1edbi ng\u01b0\u1eddi ti\u00eau d\u00f9ng. S\u1edf h\u1eefu \u0111i\u1ec1u ho\u00e0 Casper KC09FC32 kh\u00e1ch h\u00e0ng v\u1eeba \u0111\u01b0\u1ee3c s\u1eed d\u1ee5ng thi\u1ebft b\u1ecb l\u00e0m l\u1ea1nh hi\u1ec7n \u0111\u1ea1i m\u00e0 \u0111\u1ed3ng th\u1eddi c\u00f2n s\u1edf h\u1eefu 1 thi\u1ebft b\u1ecb l\u1ecdc kh\u00ed hi\u1ec7u qu\u1ea3 trong khi gi\u00e1 th\u00e0nh c\u1ef1c k\u1ef3 ph\u1ea3i ch\u0103ng.<\/p>\n<p><img src=\"https:\/\/banhangtaikho.com.vn\/Images\/Upload\/images\/casper-iclean-2.jpg\" alt=\"\" \/><\/p>\n<h3>T\u1ef1 l\u00e0m s\u1ea1ch I-Clean<\/h3>\n<p>Ngo\u00e0i h\u1ec7 th\u1ed1ng l\u1ecdc kh\u00ed ti\u00ean ti\u1ebfn, \u0111i\u1ec1u ho\u00e0 Casper 1 chi\u1ec1u inverter 9000BTU KC-09FC32\u00a0c\u00f2n \u0111\u01b0\u1ee3c trang b\u1ecb\u00a0<strong>t\u00ednh n\u0103ng t\u1ef1 \u0111\u1ed9ng l\u00e0m s\u1ea1ch<\/strong>, lo\u1ea1i b\u1ecf b\u1ee5i b\u1ea9n, n\u1ea5m m\u1ed1c tr\u00ean d\u00e0n l\u1ea1nh. C\u00f4ng ngh\u1ec7 n\u00e0y ho\u1ea1t \u0111\u1ed9ng theo c\u01a1 ch\u1ebf \u0111\u00f3ng b\u0103ng b\u1ec1 m\u1eb7t d\u00e0n l\u1ea1nh sau \u0111\u00f3 k\u00edch ho\u1ea1t l\u00e0m n\u00f3ng \u0111\u1ec3 l\u00e0m tan b\u0103ng, qu\u00e9t s\u1ea1ch b\u1ee5i b\u1ea9n b\u00e1m l\u1ea1i tr\u00ean b\u1ec1 m\u1eb7t t\u0103ng hi\u1ec7u qu\u1ea3 l\u00e0m s\u1ea1ch kh\u00f4ng kh\u00ed, t\u0103ng tu\u1ed5i th\u1ecd m\u00e1y.<\/p>\n<h2>\u0110i\u1ec1u h\u00f2a Casper v\u1eadn h\u00e0nh b\u1ec1n b\u1ec9 v\u1edbi th\u1eddi gian<\/h2>\n<p>\u0110i\u1ec1u ho\u00e0 Casper 9000BTU 1 chi\u1ec1u KC-09FC32\u00a0s\u1eed d\u1ee5ng d\u00e0n \u0111\u1ed3ng\u00a0100% c\u00f3 kh\u1ea3 n\u0103ng truy\u1ec1n nhi\u1ec7t t\u1ed1t, t\u0103ng hi\u1ec7u su\u1ea5t l\u00e0m l\u1ea1nh, gi\u1ea3m thi\u1ec3u s\u1ef1 \u0103n m\u00f2n c\u1ee7a c\u00e1c t\u00e1c nh\u00e2n g\u00e2y h\u1ea1i v\u00e0 gi\u00fap k\u00e9o d\u00e0i tu\u1ed5i th\u1ecd c\u1ee7a m\u00e1y. Ngo\u00e0i ra\u00a0<strong>c\u00e1nh t\u1ea3n nhi\u1ec7t \u0111\u01b0\u1ee3c ph\u1ee7 Gold-fin<\/strong>\u00a0(m\u00e0u v\u00e0ng) gi\u00fap gia t\u0103ng tu\u1ed5i th\u1ecd cho s\u1ea3n ph\u1ea9m h\u1ea1n ch\u1ebf c\u00e1c t\u00e1c nh\u00e2n g\u00e2y \u0103n m\u00f2n n\u01b0\u1edbc m\u01b0a, c\u00e1t, axit, mu\u1ed1i bi\u1ec3n&#8230;<\/p>\n<h2>\u0110i\u1ec1u h\u00f2a Casper s\u1eed d\u1ee5ng m\u00f4i ch\u1ea5t l\u00e0m l\u1ea1nh ti\u00ean ti\u1ebfn nh\u1ea5t &#8211; Gas R32<\/h2>\n<p>\u0110i\u1ec1u h\u00f2a treo t\u01b0\u1eddng Casper\u00a0KC-09FC32\u00a0s\u1eed d\u1ee5ng\u00a0gas R32, \u0111\u00e2y l\u00e0\u00a0m\u00f4i ch\u1ea5t l\u00e0m l\u1ea1nh ti\u00ean ti\u1ebfn nh\u1ea5t hi\u1ec7n nay. D\u00f2ng gas n\u00e0y c\u00f3\u00a0\u01b0u \u0111i\u1ec3m ti\u00ean ti\u1ebfn v\u01b0\u1ee3t tr\u1ed9i: Hi\u1ec7u su\u1ea5t l\u00e0m l\u1ea1nh cao, th\u00e2n thi\u1ec7n v\u1edbi m\u00f4i tr\u01b0\u1eddng kh\u00f4ng g\u00e2y hi\u1ec7u \u1ee9ng nh\u00e0 k\u00ednh.<\/p>\n<p><img src=\"https:\/\/banhangtaikho.com.vn\/Images\/Upload\/images\/dieu-hoa-casper-gas-r32.jpg\" \/><\/p>\n<h2>Casper ti\u00ean phong ch\u00ednh s\u00e1ch b\u1ea3o h\u00e0nh v\u00ec quy\u1ec1n l\u1ee3i ng\u01b0\u1eddi ti\u00eau d\u00f9ng<\/h2>\n<p>K\u1ec3 t\u1eeb khi c\u00f3 m\u1eb7t t\u1ea1i th\u1ecb tr\u01b0\u1eddng n\u01b0\u1edbc ta, \u0110i\u1ec1u h\u00f2a Casper t\u1ea1o ra cu\u1ed9c c\u00e1ch m\u1ea1ng ti\u00ean phong v\u00ec l\u1ee3i \u00edch ng\u01b0\u1eddi ti\u00eau d\u00f9ng.<\/p>\n<p>M\u00e1y \u0111i\u1ec1u h\u00f2a Casper b\u1ea3o h\u00e0nh to\u00e0n b\u1ed9 s\u1ea3n ph\u1ea9m\u00a0<strong>3 n\u0103m, m\u00e1y n\u00e9n 5 n\u0103m, 1 \u0111\u1ed5i 1 trong v\u00f2ng 2 n\u0103m<\/strong>.<\/p>\n<p><img src=\"https:\/\/banhangtaikho.com.vn\/Images\/Upload\/images\/bao-hanh-dieu-hoa-casper-1.jpg\" \/><\/p>\n<p>Casper c\u00f3 h\u1ec7 th\u1ed1ng c\u00e1c tr\u1ea1m b\u1ea3o h\u00e0nh r\u1ed9ng kh\u1eafp 63 t\u1ec9nh th\u00e0nh to\u00e0n qu\u1ed1c,\u00a0ti\u1ebfp nh\u1eadn ph\u1ea3n h\u1ed3i t\u1ea5t c\u1ea3 c\u00e1c ng\u00e0y trong tu\u1ea7n, lu\u00f4n s\u1eb5n s\u00e0ng h\u1ed7 tr\u1ee3 m\u1ecdi kh\u00e1ch h\u00e0ng m\u1ed9t c\u00e1ch nhanh ch\u00f3ng v\u00e0 chuy\u00ean nghi\u1ec7p nh\u1ea5t. B\u1ea1n s\u1ebd ho\u00e0n to\u00e0n y\u00ean t\u00e2m trong su\u1ed1t qu\u00e1 tr\u00ecnh s\u1eed d\u1ee5ng.<\/p>\n<h2>Casper KC-09FC32, \u0110i\u1ec1u h\u00f2a 9000BTU 1 chi\u1ec1u\u00a0gi\u00e1 r\u1ebb b\u00e1n t\u1ed1t nh\u1ea5t 2021<\/h2>\n<p>Trong ph\u00e2n kh\u00fac \u0111i\u1ec1u h\u00f2a 9000BTU 1 chi\u1ec1u gi\u00e1 r\u1ebb, th\u00ec Casper KC-09FC32\u00a0\u0111\u01b0\u1ee3c \u0111\u00e1nh gi\u00e1 l\u1ee3i th\u1ebf v\u01b0\u1ee3t tr\u1ed9i h\u01a1n h\u1eb3n c\u00e1c h\u00e3ng kh\u00e1c tr\u00ean th\u1ecb tr\u01b0\u1eddng: Midea MSAE-10CRN8, Funiki HC09MMC, Nagakawa, Gree, Sumikura v\u00e0 Dairry.<\/p>\n<p>&nbsp;<\/p>\n<p>&nbsp;<\/p>\n<\/div>\n<div id=\"chitiet-2\" class=\"w-pd-i-content\">\n<p class=\"w-pd-i-c-head\">\n<\/div>\n","protected":false},"excerpt":{"rendered":"<ul class=\"l pr-des-featured\">\n<li>\u0110i\u1ec1u h\u00f2a Casper 9000 BTU 1 chi\u1ec1u KC-09FC32 [2021]<\/li>\n<li>Thi\u1ebft k\u1ebf sang tr\u1ecdng, \u0111\u00e8n hi\u1ec3n th\u1ecb nhi\u1ec7t \u0111\u1ed9 ti\u1ec7n d\u1ee5ng<\/li>\n<li>L\u00e0m l\u1ea1nh nhanh, v\u1eadn h\u00e0nh \u00eam, b\u1ec1n b\u1ec9<\/li>\n<li>D\u00e0n \u0111\u1ed3ng, c\u1ea3nh t\u1ea3n nhi\u1ec7t x\u1eed l\u00fd ch\u1ed1ng \u0103n m\u00f2n \u0111\u1ed9 b\u1ec1n cao<\/li>\n<li>Xu\u1ea5t x\u1ee9: Ch\u00ednh h\u00e3ng Th\u00e1i Lan<\/li>\n<li>B\u1ea3o h\u00e0nh: M\u00e1y 3 n\u0103m, m\u00e1y n\u00e9n 5 n\u0103m<\/li>\n<\/ul>\n","protected":false},"featured_media":6780,"comment_status":"open","ping_status":"closed","template":"","meta":[],"_links":{"self":[{"href":"http:\/\/maudep.com.vn\/chuyengiadienmay\/index.php?rest_route=\/wp\/v2\/product\/6779"}],"collection":[{"href":"http:\/\/maudep.com.vn\/chuyengiadienmay\/index.php?rest_route=\/wp\/v2\/product"}],"about":[{"href":"http:\/\/maudep.com.vn\/chuyengiadienmay\/index.php?rest_route=\/wp\/v2\/types\/product"}],"replies":[{"embeddable":true,"href":"http:\/\/maudep.com.vn\/chuyengiadienmay\/index.php?rest_route=%2Fwp%2Fv2%2Fcomments&post=6779"}],"wp:featuredmedia":[{"embeddable":true,"href":"http:\/\/maudep.com.vn\/chuyengiadienmay\/index.php?rest_route=\/wp\/v2\/media\/6780"}],"wp:attachment":[{"href":"http:\/\/maudep.com.vn\/chuyengiadienmay\/index.php?rest_route=%2Fwp%2Fv2%2Fmedia&parent=6779"}],"curies":[{"name":"wp","href":"https:\/\/api.w.org\/{rel}","templated":true}]}}