{"id":6781,"date":"2021-10-21T14:30:53","date_gmt":"2021-10-21T07:30:53","guid":{"rendered":"http:\/\/maudep.com.vn\/chuyengiadienmay\/?post_type=product&#038;p=6781"},"modified":"2021-10-21T14:30:53","modified_gmt":"2021-10-21T07:30:53","slug":"dieu-hoa-casper-1-chieu-24000btu-sc-24fs32","status":"publish","type":"product","link":"http:\/\/maudep.com.vn\/chuyengiadienmay\/?product=dieu-hoa-casper-1-chieu-24000btu-sc-24fs32","title":{"rendered":"\u0110i\u1ec1u h\u00f2a Casper 1 chi\u1ec1u 24000BTU SC-24FS32"},"content":{"rendered":"<div id=\"chitiet-1\" class=\"w-pd-i-content\">\n<h2>SC-24FS32, \u0110i\u1ec1u h\u00f2a Casper Th\u00e1i Lan\u00a0model m\u1edbi nh\u1ea5t\u00a02021<\/h2>\n<p>\u0110i\u1ec1u h\u00f2a Casper SC-24FS32\u00a024000 BTU 1 chi\u1ec1u s\u1eed d\u1ee5ng gas R32\u00a0model m\u1edbi nh\u1ea5t\u00a0\u0111i\u1ec1u h\u00f2a Casper\u00a0Th\u00e1i Lan ch\u00ednh th\u1ee9c \u0111\u01b0\u1ee3c b\u00e1n ra th\u1ecb tr\u01b0\u1eddng n\u01b0\u1edbc ta\u00a0v\u00e0o th\u00e1ng 3\/2021 h\u1ee9a h\u1eb9n mang \u0111\u1ebfn cho ng\u01b0\u1eddi ti\u00eau d\u00f9ng tr\u1ea3i nghi\u1ec7m tuy\u1ec7t v\u1eddi.<\/p>\n<p><img src=\"https:\/\/banhangtaikho.com.vn\/Images\/Product\/sc24fs32-zhNbHf.jpg\" alt=\"SC-24FS32, \u0110i\u1ec1u h\u00f2a Casper 1 chi\u1ec1u 24000BTU R32 Th\u00e1i Lan\" \/><\/p>\n<p><em><strong><u>Qu\u00fd kh\u00e1ch h\u00e0ng l\u01b0u\u00a0<\/u>\u00fd: \u0110i\u1ec1u h\u00f2a Casper SC-24FS32 s\u1ebd thay th\u1ebf cho SC-24TL32 (model 2020)<\/strong><\/em><\/p>\n<h2>\u0110i\u1ec1u h\u00f2a Casper &#8211; TOP 3 h\u00e3ng\u00a0\u0111i\u1ec1u h\u00f2a b\u00e1n t\u1ed1t nh\u1ea5t t\u1ea1i Vi\u1ec7t Nam 2020<\/h2>\n<p>T\u00ednh \u0111\u1ebfn n\u0103m 2020 th\u00ec h\u00e3ng\u00a0<strong>\u0111i\u1ec1u h\u00f2a Casper Th\u00e1i Lan<\/strong>\u00a0m\u1edbi ch\u1ec9 gia nh\u1eadp th\u1ecb tr\u01b0\u1eddng m\u00e1y \u0111i\u1ec1u h\u00f2a n\u01b0\u1edbc ta \u0111\u01b0\u1ee3c g\u1ea7n 5 n\u0103m. Nh\u01b0ng Casper \u0111\u00e3 \u0111\u1ea1t \u0111\u01b0\u1ee3c k\u1ebft qu\u1ea3 v\u00f4 c\u00f9ng \u1ea5n t\u01b0\u1ee3ng &#8211;\u00a0TOP 3 th\u01b0\u01a1ng hi\u1ec7u\u00a0m\u00e1y \u0111i\u1ec1u ho\u00e0\u00a0treo t\u01b0\u1eddng b\u00e1n ch\u1ea1y nh\u1ea5t v\u1edbi\u00a0<strong>th\u1ecb ph\u1ea7n ~ 12%<\/strong>, ch\u1ec9 \u0111\u1ee9ng sau Panasonic v\u00e0 Daikin\u00a0(Theo s\u1ed1 li\u1ec7u GFK). \u0110i\u1ec1u n\u00e0y c\u00f3 ngh\u0129a r\u1eb1ng: Trong n\u0103m 2020 t\u1ea1i n\u01b0\u1edbc ta\u00a0th\u00ec\u00a0c\u1ee9 100 b\u1ed9\u00a0m\u00e1y \u0111i\u1ec1u h\u00f2a treo t\u01b0\u1eddng \u0111\u01b0\u1ee3c\u00a0b\u00e1n ra th\u00ec c\u00f3 12\u00a0b\u1ed9 m\u00e1y \u0111i\u1ec1u h\u00f2a Casper \u0111\u1ebfn tay ng\u01b0\u1eddi ti\u00eau d\u00f9ng.<\/p>\n<p><img src=\"https:\/\/banhangtaikho.com.vn\/Images\/Upload\/images\/dieu-hoa-casper-thai-lan-1.jpg\" \/><\/p>\n<p>Con s\u1ed1 tr\u00ean\u00a0n\u00f3i l\u00ean s\u1ee9c h\u00fat kh\u1ee7ng khi\u1ebfp c\u1ee7a Casper v\u1edbi ng\u01b0\u1eddi ti\u00eau d\u00f9ng khi m\u00e0 ch\u00fang ta d\u1ec5 d\u00e0ng b\u1eaft g\u1eb7p\u00a0\u0111i\u1ec1u h\u00f2a Casper kh\u00f4ng ch\u1ec9 hi\u1ec7n di\u1ec7n \u1edf c\u00e1c h\u1ed9\u00a0gia \u0111\u00ecnh m\u00e0 c\u00f2n \u1edf c\u00e1c\u00a0v\u0103n ph\u00f2ng, c\u1eeda h\u00e0ng, tr\u01b0\u1eddng h\u1ecdc, b\u1ec7nh vi\u1ec7n, kh\u00e1ch s\u1ea1n, cho \u0111\u1ebfn\u00a0nh\u00e0 m\u00e1y&#8230;<\/p>\n<h2>Thi\u1ebft k\u1ebf m\u1edbi hi\u1ec7n \u0111\u1ea1i, sang tr\u1ecdng<\/h2>\n<p>\u0110i\u1ec1u ho\u00e0 Casper 24000 BTU 1 chi\u1ec1u SC-24FS32 c\u00f3 thi\u1ebft k\u1ebf sang tr\u1ecdng, m\u00e0u tr\u1eafng trang nh\u00e3 ph\u00f9 h\u1ee3p v\u1edbi m\u1ecdi kh\u00f4ng gian n\u1ed9i th\u1ea5t.\u00a0<strong>D\u00e0n l\u1ea1nh c\u00f3 hi\u1ec3n th\u1ecb nhi\u1ec7t \u0111\u1ed9<\/strong>\u00a0gi\u00fap b\u1ea1n d\u1ec5 d\u00e0ng quan s\u00e1t khi s\u1eed d\u1ee5ng \u0111\u1eb7c bi\u1ec7t khi tr\u1eddi t\u1ed1i. Tr\u01b0\u1eddng h\u1ee3p n\u1ebfu B\u1ea1n kh\u00f4ng mu\u1ed1n hi\u1ec3n th\u1ecb \u0111\u00e8n nhi\u1ec7t \u0111\u1ed9 th\u00ec ch\u1ec9 c\u1ea5n nh\u1ea5n &#8220;light&#8221; tr\u00ean \u0111i\u1ec1u khi\u1ec3n th\u00ec l\u1eadp t\u1ee9c \u0111\u00e8n s\u1ebd t\u1eaft.<\/p>\n<p>V\u1edbi c\u00f4ng su\u1ea5t\u00a0\u0111i\u1ec1u h\u00f2a 24000\u00a0BTU, Casper SC-24FS32\u00a0<strong>l\u1ef1a ch\u1ecdn tuy\u1ec7t\u00a0v\u1edbi l\u1eafp \u0111\u1eb7t cho c\u0103n ph\u00f2ng c\u00f3 di\u1ec7n t\u00edch d\u01b0\u1edbi 40m<sup>2<\/sup><\/strong>: Ph\u00f2ng kh\u00e1ch, c\u1eeda h\u00e0ng, v\u0103n ph\u00f2ng&#8230;<\/p>\n<h2>Ch\u1ebf \u0111\u1ed9 Turbo l\u00e0m l\u1ea1nh nhanh,\u00a0m\u00e1t l\u1ea1nh t\u1eebng gi\u00e2y<\/h2>\n<p>M\u00e1y \u0111i\u1ec1u h\u00f2a Casper SC-24FS32\u00a0l\u00e0m l\u1ea1nh nhanh ch\u00f3ng B\u1ea1n\u00a0s\u1ebd c\u1ea3m nh\u1eadn \u0111\u01b0\u1ee3c lu\u1ed3ng kh\u00f4ng kh\u00ed m\u00e1t l\u1ea1nh s\u1ea3ng kho\u00e1i t\u1ee9c th\u00ec ngay khi b\u1eadt m\u00e1y\u00a0ch\u1ec9 c\u1ea7n thao t\u00e1c v\u00f4 c\u00f9ng \u0111\u01a1n gi\u1ea3n &#8211;\u00a0<strong>nh\u1ea5n n\u00fat Turbo<\/strong>\u00a0tr\u00ean \u0111i\u1ec1u khi\u1ec3n t\u1eeb xa.<\/p>\n<p><img src=\"https:\/\/banhangtaikho.com.vn\/Images\/Upload\/images\/dieu-hoa-casper-turbo.jpg\" alt=\"\" \/><\/p>\n<h2>T\u1ef1 \u0111\u1ed9ng l\u00e0m s\u1ea1ch i-Clean gi\u00fap kh\u00f4ng kh\u00ed lu\u00f4n trong l\u00e0nh<\/h2>\n<p>Casper hi\u1ec3u r\u1eb1ng vi khu\u1ea9n, n\u1ea5m m\u1ed1c l\u00e0 nguy\u00ean nh\u00e2n g\u00e2y ra c\u00e1c b\u1ec7nh li\u00ean quan \u0111\u1ebfn \u0111\u01b0\u1eddng h\u00f4 h\u1ea5p \u1ea3nh h\u01b0\u1edfng tr\u1ef1c ti\u1ebfp \u0111\u1ebfn s\u1ee9c kh\u1ecfe c\u1ee7a B\u1ea1n.<\/p>\n<p>Ch\u00ednh v\u00ec th\u1ebf m\u00e1y \u0111i\u1ec1u h\u00f2a Casper v\u1edbi\u00a0<strong>ch\u1ee9c n\u0103ng i-Clean<\/strong>\u00a0gi\u00fap cho d\u00e0n l\u1ea1nh lo\u1ea1i b\u1ecf b\u1ee5i b\u1ea9n, n\u1ea5m m\u1ed1c v\u00e0 m\u00f9i \u1ea9m m\u1ed1c b\u1eb1ng c\u00e1ch l\u00e0m kh\u00f4 d\u00e0n l\u1ea1nh sau m\u1ed7i l\u1ea7n s\u1eed d\u1ee5ng, gi\u00fap cho lu\u1ed3ng kh\u00ed th\u1ed5i ra t\u1eeb m\u00e1y lu\u00f4n trong l\u00e0nh t\u1ed1t nh\u1ea5t cho s\u1ee9c kh\u1ecfe c\u1ee7a B\u1ea1n.<\/p>\n<p><img src=\"https:\/\/banhangtaikho.com.vn\/Images\/Upload\/images\/dieu-hoa-casper-iclean.jpg\" alt=\"\" \/><\/p>\n<p><em><strong>Ngo\u00e0i ra:<\/strong><\/em><\/p>\n<p>M\u00e1y \u0111i\u1ec1u ho\u00e0 Casper 1 chi\u1ec1u 24000 BTU SC-24FS32 \u0111\u01b0\u1ee3c trang b\u1ecb h\u1ec7 th\u1ed1ng\u00a0<strong>l\u01b0\u1edbi l\u1ecdc \u0111a chi\u1ec1u g\u1ed3m 4 m\u00e0ng l\u1ecdc<\/strong>: m\u00e0ng l\u1ecdc Cacbon, m\u00e0ng l\u1ecdc virus, m\u00e0ng l\u1ecdc Vitamin C, m\u00e0ng l\u1ecdc di\u1ec7t khu\u1ea9n gi\u00fap b\u1eaft gi\u1eef v\u00e0 lo\u1ea1i b\u1ecf b\u1ee5i b\u1ea9n, vi khu\u1ea9n, n\u1ea5m m\u1ed1c&#8230;V\u00ec th\u1ebf Casper \u0111i\u1ec1u h\u00f2a l\u1ef1a ch\u1ecdn l\u00fd t\u01b0\u1edfng \u0111\u1ed1i v\u1edbi gia \u0111\u00ecnh c\u00f3 tr\u1ebb nh\u1ecf v\u00e0 ng\u01b0\u1eddi cao tu\u1ed5i.<\/p>\n<h2>Ch\u1ebf \u0111\u1ed9 h\u00fat \u1ea9m hi\u1ec7u qu\u1ea3 mang l\u1ea1i m\u00f4i tr\u01b0\u1eddng lu\u00f4n kh\u00f4 r\u00e1o<\/h2>\n<p>V\u1edbi ng\u01b0\u1eddi d\u00e2n mi\u1ec1n B\u1eafc th\u00ec &#8220;n\u1ed3m \u1ea9m&#8221; tr\u1edf l\u00ean qu\u00e1 quen thu\u1ed9c. H\u01a1i n\u01b0\u1edbc trong kh\u00f4ng kh\u00ed r\u1ea5t cao n\u00ean n\u01b0\u1edbc th\u01b0\u1eddng b\u1ecb ng\u01b0ng t\u1ee5 v\u00e0 \u0111\u1ecdng l\u1ea1i tr\u00ean b\u1ec1 m\u1eb7t m\u1ecdi v\u1eadt xung quanh,\u00a0g\u00e2y ra r\u1ea5t nhi\u1ec1u s\u1ef1 kh\u00f3 kh\u0103n trong \u0111\u1eddi s\u1ed1ng c\u1ee7a ch\u00fang ta\u00a0\u1ea3nh h\u01b0\u1edfng kh\u00e1 l\u1edbn \u0111\u1ec3n s\u1ee9c kh\u1ecfe.<\/p>\n<p>Gi\u1edd \u0111\u00e2y\u00a0v\u1edbi t\u00ednh n\u0103ng h\u00fat \u1ea9m \u0111\u01b0\u1ee3c trang b\u1ecb tr\u00ean m\u00e1y \u0111i\u1ec1u h\u00f2a Casper SC-24FS32 s\u1ebd kh\u1eed \u1ea9m\u00a0\u1ea9m (h\u00fat \u1ea9m) hi\u1ec7u qu\u1ea3 gi\u00fap kh\u00f4ng gian lu\u00f4n kh\u00f4 r\u00e1o, tho\u00e1ng m\u00e1t, an to\u00e0n, m\u00f4i tr\u01b0\u1eddng trong l\u00e0nh.<\/p>\n<h2>\u0110i\u1ec1u khi\u1ec3n nh\u1ecf g\u1ecdn s\u1eed d\u1ee5ng d\u1ec5 d\u00e0ng<\/h2>\n<p>V\u1edbi\u00a0\u0111i\u1ec1u khi\u1ec3n \u0111i\u1ec1u h\u00f2a Casper\u00a0b\u1ea1n d\u1ec5 d\u00e0ng \u0111i\u1ec1u ch\u1ec9nh, c\u00e0i \u0111\u1eb7t c\u00e1c ch\u1ebf \u0111\u1ed9.\u00a0<strong>M\u00e0n h\u00ecnh LED\u00a0<\/strong>n\u00fat b\u1ea5m n\u1ed5i k\u00e8m ch\u00fa th\u00edch r\u1ea5t r\u00f5 r\u00e0ng, v\u00f4 c\u00f9ng ti\u1ec7n \u00edch.<\/p>\n<h2>\u0110\u1ed9\u00a0b\u1ec1n cao th\u00e1ch th\u1ee9c th\u1eddi gian<\/h2>\n<p>\u0110i\u1ec1u ho\u00e0 Casper\u00a0SC-24FS32 \u0111\u01b0\u1ee3c trang b\u1ecb\u00a0<strong>d\u00e0n \u0111\u1ed3ng nguy\u00ean ch\u1ea5t, c\u00e1nh t\u1ea3n nhi\u1ec7t \u0111\u1ed3ng m\u1ea1 v\u00e0ng<\/strong>\u00a0gi\u00fap t\u0103ng hi\u1ec7u su\u1ea5t l\u00e0m l\u1ea1nh, ng\u0103n ng\u1eeba s\u1ef1 \u0103n m\u00f2n c\u1ee7a n\u01b0\u1edbc m\u01b0a, mu\u1ed1i bi\u1ec3n v\u00e0 c\u00e1c t\u00e1c nh\u00e2n \u0103n m\u00f2n kh\u00e1c, t\u1eeb \u0111\u00f3 t\u0103ng \u0111\u1ed9 b\u1ec1n c\u1ee7a m\u00e1y.<\/p>\n<p><img src=\"https:\/\/banhangtaikho.com.vn\/Images\/Upload\/images\/dieu-hoa-casper-dan-dong-1.jpg\" \/><\/p>\n<h2>S\u1eed d\u1ee5ng m\u00f4i ch\u1ea5t l\u1ea1nh gas R32 ti\u00ean ti\u1ebfn nh\u1ea5t<\/h2>\n<p>M\u00e1y \u0111i\u1ec1u h\u00f2a Casper 24000 BTU SC24FS32 s\u1eed d\u1ee5ng m\u00f4i ch\u1ea5t l\u00e0m l\u1ea1nh\u00a0<strong>gas R32 ti\u00ean ti\u1ebfn nh\u1ea5t\u00a0<\/strong>hi\u1ec7n nay gi\u00fap\u00a0mang l\u1ea1i\u00a0hi\u1ec7u su\u1ea5t l\u00e0m l\u1ea1nh cao, th\u00e2n thi\u1ec7n v\u1edbi m\u00f4i tr\u01b0\u1eddng v\u00e0 an to\u00e0n cho ng\u01b0\u1eddi s\u1eed d\u1ee5ng.<\/p>\n<p><img src=\"https:\/\/banhangtaikho.com.vn\/Images\/Upload\/images\/dieu-hoa-casper-gas-r32.jpg\" alt=\"\" \/><\/p>\n<p><em>&#8230;Ngo\u00e0i ra \u0111i\u1ec1u h\u00f2a Casper c\u00f2n r\u1ea5t nhi\u1ec1u t\u00ednh n\u0103ng ch\u1edd b\u1ea1n kh\u00e1m ph\u00e1 &amp; tr\u1ea3i nghi\u1ec7m: T\u1ef1 \u0111\u1ed9ng b\u00e1o l\u1ed7i, t\u1ef1 \u0111\u1ed9ng kh\u1edfi \u0111\u1ed9ng l\u1ea1i khi c\u00f3 \u0111i\u1ec7n. c\u00e0i \u0111\u1eb7t h\u1eb9n gi\u1edd&#8230;<\/em><\/p>\n<h2>B\u1ea3o h\u00e0nh ch\u00ednh h\u00e3ng 3 n\u0103m, m\u00e1y n\u00e9n 5 n\u0103m ngay t\u1ea1i nh\u00e0 \/ C\u00f4ng tr\u00ecnh<\/h2>\n<p>Th\u1eddi gian b\u1ea3o h\u00e0nh m\u00e1y \u0111i\u1ec1u h\u00f2a Casper SC-24FS32 ch\u00ednh h\u00e3ng cho<strong>\u00a0to\u00e0n b\u1ed9 s\u1ea3n ph\u1ea9m 3 n\u0103m, m\u00e1y n\u00e9n 5 n\u0103m. \u201c1 \u0111\u1ed5i 1\u201d trong v\u00f2ng 2 n\u0103m.\u00a0<\/strong>T\u1ed5ng \u0111\u00e0i ti\u1ebfp nh\u1eadn th\u00f4ng tin nhanh ch\u00f3ng, trung t\u00e2m b\u1ea3o h\u00e0nh &amp; tr\u1ea1m\u00a0b\u1ea3o h\u00e0nh \u1ee7y quy\u1ec1n\u00a0ph\u1ee7 r\u1ed9ng kh\u1eafp To\u00e0n Qu\u1ed1c, c\u00f9ng v\u1edbi\u00a0\u0111\u1ed9i ng\u0169 k\u1ef9 thu\u1eadt vi\u00ean \u0111\u01b0\u1ee3c \u0111\u00e0o t\u1ea1o tay ngh\u1ec1 cao, t\u00e1c phong chuy\u00ean nghi\u1ec7p s\u1ebd x\u1eed l\u00fd nhanh ch\u00f3ng, mang t\u1edbi cho B\u1ea1n s\u1ef1 h\u00e0i l\u00f2ng t\u1ed1t nh\u1ea5t.<\/p>\n<p><img src=\"https:\/\/banhangtaikho.com.vn\/Images\/Upload\/images\/bao-hanh-dieu-hoa-casper-1.jpg\" alt=\"\" \/><\/p>\n<p>B\u1ea1n \u0111ang\u00a0t\u00ecm mua m\u00e1y \u0111i\u1ec1u h\u00f2a 1 chi\u1ec1u 24000BTU gi\u00e1 r\u1ebb th\u00ec c\u00f3 nhi\u1ec1u s\u1ef1 l\u1ef1a ch\u1ecdn: Casper SC-24FS32,\u00a0Funiki HSC24MMC, Sumikura APS\/APO-200, Nagakawa\u00a0NS-C24R1M05 th\u00ec Casper\u00a0SC-24FS32 ch\u00ednh l\u00e0 s\u1ef1 l\u1ef1a ch\u1ecdn t\u1ed1t nh\u1ea5t cho c\u00f4ng tr\u00ecnh c\u1ee7a B\u1ea1n.<\/p>\n<div class=\"cl\"><\/div>\n<\/div>\n<div id=\"chitiet-2\" class=\"w-pd-i-content\">\n<p class=\"w-pd-i-c-head\">\n<\/div>\n","protected":false},"excerpt":{"rendered":"<ul class=\"l pr-des-featured\">\n<li>\u0110i\u1ec1u h\u00f2a Casper SC-24FS32 24000 BTU 1 chi\u1ec1u [Model 2021]<\/li>\n<li>Ch\u1ee9c n\u0103ng l\u00e0m l\u1ea1nh nhanh Turbo, c\u1ea3m bi\u1ebfn th\u00e2n nhi\u1ec7t ifeel d\u1ec5 ch\u1ecbu<\/li>\n<li>Kh\u00f4ng kh\u00ed lu\u00f4n trong l\u00e0nh v\u1edbi ch\u1ebf \u0111\u1ed9 Iclean<\/li>\n<li>D\u00e0n \u0111\u1ed3ng, m\u1ea1 v\u00e0ng b\u1ec1n b\u1ec9 v\u1edbi th\u1eddi gian<\/li>\n<li>Xu\u1ea5t x\u1ee9: Ch\u00ednh h\u00e3ng Th\u00e1i Lan<\/li>\n<li>B\u1ea3o h\u00e0nh: M\u00e1y 3 n\u0103m, m\u00e1y n\u00e9n 5 n\u0103m<\/li>\n<\/ul>\n","protected":false},"featured_media":6782,"comment_status":"open","ping_status":"closed","template":"","meta":[],"_links":{"self":[{"href":"http:\/\/maudep.com.vn\/chuyengiadienmay\/index.php?rest_route=\/wp\/v2\/product\/6781"}],"collection":[{"href":"http:\/\/maudep.com.vn\/chuyengiadienmay\/index.php?rest_route=\/wp\/v2\/product"}],"about":[{"href":"http:\/\/maudep.com.vn\/chuyengiadienmay\/index.php?rest_route=\/wp\/v2\/types\/product"}],"replies":[{"embeddable":true,"href":"http:\/\/maudep.com.vn\/chuyengiadienmay\/index.php?rest_route=%2Fwp%2Fv2%2Fcomments&post=6781"}],"wp:featuredmedia":[{"embeddable":true,"href":"http:\/\/maudep.com.vn\/chuyengiadienmay\/index.php?rest_route=\/wp\/v2\/media\/6782"}],"wp:attachment":[{"href":"http:\/\/maudep.com.vn\/chuyengiadienmay\/index.php?rest_route=%2Fwp%2Fv2%2Fmedia&parent=6781"}],"curies":[{"name":"wp","href":"https:\/\/api.w.org\/{rel}","templated":true}]}}