{"id":6897,"date":"2021-10-27T13:36:25","date_gmt":"2021-10-27T06:36:25","guid":{"rendered":"http:\/\/maudep.com.vn\/chuyengiadienmay\/?post_type=product&#038;p=6897"},"modified":"2021-10-27T13:36:25","modified_gmt":"2021-10-27T06:36:25","slug":"dan-nong-multi-panasonic-2-chieu-19000btu-cu-3z54wbh-8","status":"publish","type":"product","link":"http:\/\/maudep.com.vn\/chuyengiadienmay\/?product=dan-nong-multi-panasonic-2-chieu-19000btu-cu-3z54wbh-8","title":{"rendered":"D\u00e0n n\u00f3ng multi Panasonic 2 chi\u1ec1u 19000BTU CU-3Z54WBH-8"},"content":{"rendered":"<div id=\"chitiet-1\" class=\"w-pd-i-content\">\n<h2>CU-3Z54WBH-8, D\u00e0n n\u00f3ng \u0111i\u1ec1u h\u00f2a multi Panasonic model m\u1edbi nh\u1ea5t\u00a02021<\/h2>\n<p>D\u00e0n n\u00f3ng\u00a0\u0111i\u1ec1u h\u00f2a multi Panasonic CU-3Z54WBH-8\u00a02 chi\u1ec1u 19000BTU model m\u1edbi nh\u1ea5t 2021 v\u1edbi nhi\u1ec1u t\u00ednh n\u0103ng c\u00f4ng ngh\u1ec7 \u0111\u1eb3ng c\u1ea5p \u0111ang ch\u1edd B\u1ea1n tr\u1ea3i nghi\u1ec7m.<\/p>\n<p><img src=\"https:\/\/banhangtaikho.com.vn\/Images\/Product\/cu3z54wbh8-6No77D.jpg\" alt=\"CU-3Z54WBH-8, \u0110i\u1ec1u h\u00f2a multi Panasonic 2 chi\u1ec1u 1 n\u00f3ng 3 l\u1ea1nh\" \/><\/p>\n<h2>\u0110i\u1ec1u h\u00f2a multi 1 n\u00f3ng 3\u00a0l\u1ea1nh linh ho\u1ea1t trong thi\u1ebft k\u1ebf, ti\u1ebft ki\u1ec7m kh\u00f4ng gian<\/h2>\n<p>\u0110i\u1ec1u ho\u00e0 multi Panasonic\u00a0CU-3Z54WBH-8 ch\u1ec9 v\u1edbi 1 d\u00e0n n\u00f3ng c\u00f3 th\u1ec3\u00a0k\u1ebft n\u1ed1i t\u1ed1i \u0111a t\u1edbi 3\u00a0d\u00e0n l\u1ea1nh (3\u00a0ph\u00f2ng)\u00a0v\u1edbi nhi\u1ec1u lo\u1ea1i d\u00e0n kh\u00e1c nhau (D\u00e0n l\u1ea1nh\u00a0\u0111i\u1ec1u h\u00f2a multi \u00e2m tr\u1ea7n, \u00e2m tr\u1ea7n\u00a0n\u1ed1i \u1ed1ng gi\u00f3, v\u00e0 treo t\u01b0\u1eddng)\u00a0ph\u00f9 h\u1ee3p v\u1edbi m\u1ecdi kh\u00f4ng gian n\u1ed9i th\u1ea5t c\u00f4ng tr\u00ecnh c\u1ee7a b\u1ea1n.<\/p>\n<p>Do \u0111\u00f3: \u0110i\u1ec1u h\u00f2a multi l\u00e0 gi\u1ea3i ph\u00e1p tuy\u1ec7t v\u1eddi l\u1eafp \u0111\u1eb7t cho c\u00e1c c\u0103n h\u1ed9 v\u1ecb tr\u00ed \u0111\u1eb7t d\u00e0n n\u00f3ng b\u1ecb h\u1ea1n ch\u1ebf \u0111\u1eb7c bi\u1ec7t c\u00e1c chung c\u01b0 cao c\u1ea5p t\u1ea1i H\u00e0 N\u1ed9i (Vinhome Smart City, Vinhome Ocean Park, Iris Garden, Goldmark City, D&#8217;Capital&#8230;) mang l\u1ea1i kh\u00f4ng gian s\u1ed1ng r\u1ed9ng r\u00e3i v\u00e0 tho\u00e1ng m\u00e1t h\u01a1n.<\/p>\n<h2>\u0110i\u1ec1u h\u00f2a multi inverter CH\u1eb2NG lo t\u1ed1n \u0111i\u1ec7n<\/h2>\n<p>V\u1edbi h\u1ec7 th\u1ed1ng\u00a0\u0111i\u1ec1u h\u00f2a multi\u00a0Panasonic \u0111\u01b0\u1ee3c trang b\u1ecb c\u00f4ng ngh\u1ec7 inverter &#8211; \u0110\u00e2y l\u00e0 c\u00f4ng ngh\u1ec7 ti\u00ean ti\u1ebfn nh\u1ea5t m\u00e0 c\u00e1c h\u00e3ng \u0111i\u1ec1u h\u00f2a \u0111\u1ec1u trang b\u1ecb cho d\u00f2ng s\u1ea3n ph\u1ea9m cao c\u1ea5p nh\u1edd nh\u1eefng \u01b0u \u0111i\u1ec3m v\u01b0\u1ee3t tr\u1ed9i m\u00e0 n\u00f3 mang l\u1ea1i: Ti\u1ebft ki\u1ec7m \u0111i\u1ec7n t\u1eeb 30%-50%, v\u1eadn h\u00e0nh \u00eam \u00e1i, v\u00e0 gi\u00fap tu\u1ed5i th\u1ecd t\u0103ng h\u01a1n&#8230;=&gt; \u0110\u1ea3m b\u1ea3o cho ng\u01b0\u1eddi d\u00f9ng lu\u00f4n c\u1ea3m th\u1ea5y tho\u1ea3i m\u00e1i d\u1ec5 ch\u1ecbu nh\u1ea5t.<\/p>\n<p><img src=\"https:\/\/banhangtaikho.com.vn\/Images\/Upload\/images\/dieu-hoa-inverter-1.jpg\" alt=\"\" \/><\/p>\n<h2>B\u1ec3n b\u1ec9 th\u00e1ch th\u1ee9c th\u1eddi gian<\/h2>\n<p>Panasonic &#8211; Th\u01b0\u01a1ng hi\u1ec7u \u0110i\u1ec1u h\u00f2a Nh\u1eadt B\u1ea3n t\u1eeb l\u00e2u c\u00f3 v\u1ecb th\u1ebf v\u1eefng ch\u1eafc trong l\u00f2ng ng\u01b0\u1eddi ti\u00eau d\u00f9ng tr\u00ean th\u1ebf gi\u1edbi n\u00f3i chung v\u00e0 Vi\u1ec7t Nam n\u00f3i ri\u00eang v\u1ec1 ch\u1ea5t l\u01b0\u1ee3ng b\u1ec1n b\u1ec9 v\u1edbi th\u1eddi gian.<\/p>\n<p>\u0110i\u1ec1u h\u00f2a multi Panasonic d\u00e0n \u0111\u1ed3ng nguy\u00ean ch\u1ea5t 100% k\u1ebft h\u1ee3p v\u1edbi c\u00e1nh t\u1ea3n nhi\u1ec7t m\u00e0u xanh (bluefin) gi\u00fap ch\u1ed1ng, h\u1ea1n ch\u1ebf c\u0169ng nh\u01b0 ng\u0103n ch\u1eb7n\u00a0\u0103n m\u00f2n c\u1ee7a c\u00e1c nh\u00e2n b\u00ean ngo\u00e0i m\u00f4i tr\u01b0\u1eddng nh\u01b0 l\u00e0 h\u01a1i mu\u1ed1i, n\u01b0\u1edbc m\u01b0a,\u2026l\u00e0m t\u0103ng tu\u1ed5i th\u1ecd c\u1ee7a m\u00e1y, ho\u1ea1t \u0111\u1ed9ng b\u1ec1n b\u1ec9, hi\u1ec7u qu\u1ea3 h\u01a1n, y\u00ean t\u00e2m cho ng\u01b0\u1eddi s\u1eed d\u1ee5ng<\/p>\n<h2>S\u1eed d\u1ee5ng m\u00f4i ch\u1ea5t l\u1ea1nh\u00a0hi\u1ec7u su\u1ea5t cao gas R410A<\/h2>\n<p>V\u1edbi qu\u00e1 tr\u00ecnh c\u00f4ng nghi\u1ec7p ho\u00e1 ng\u00e0y c\u00e0ng nhanh, d\u1eabn \u0111\u1ebfn m\u00f4i tr\u01b0\u1eddng ng\u00e0y c\u00e0ng b\u1ecb ph\u00e1 hu\u1ef7, m\u1ee5c ti\u00eau b\u1ea3o v\u1ec7 m\u00f4i tr\u01b0\u1eddng \u0111\u01b0\u1ee3c\u00a0t\u1ea5t c\u1ea3 c\u00e1c h\u00e3ng \u0111i\u1ec1u ho\u00e0 \u0111\u1ec1u h\u01b0\u1edbng \u0111\u1ebfn. V\u00ec th\u1ebf\u00a0c\u00e1c h\u00e3ng \u0111i\u1ec1u ho\u00e0 \u0111\u1ec1u h\u01b0\u1edbng \u0111\u1ebfn s\u1eed d\u1ee5ng m\u00f4i ch\u1ea5t l\u00e0m l\u1ea1nh m\u1edbi &#8211; Gas R410A gi\u00fap l\u00e0m gi\u1ea3m t\u00e1c \u0111\u1ed9ng \u0111\u1ebfn m\u00f4i tr\u01b0\u1eddng, kh\u00f4ng g\u00e2y hi\u1ec7u \u1ee9ng nh\u00e0 k\u00ednh, g\u00f3p ph\u1ea7n b\u1ea3o v\u1ec7 cu\u1ed9c s\u1ed1ng c\u1ee7a con ng\u01b0\u1eddi, \u0111em \u0111\u1ebfn kh\u00f4ng gian s\u1ed1ng trong l\u00e0nh, th\u00e2n thi\u1ec7n v\u1edbi m\u00f4i tr\u01b0\u1eddng.<\/p>\n<p><img src=\"https:\/\/banhangtaikho.com.vn\/Images\/Upload\/images\/gas-r410a.jpg\" alt=\"\" \/><\/p>\n<h2>L\u1eafp \u0111\u1eb7t &amp; b\u1ea3o d\u01b0\u1ee1ng \u0111i\u1ec1u h\u00f2a multi v\u00f4 c\u00f9ng d\u1ec5 d\u00e0ng<\/h2>\n<p>L\u1eafp \u0111\u1eb7t \u0111i\u1ec1u h\u00f2a multi\u00a0\u0111\u01a1n gi\u1ea3n b\u1edfi v\u00ec n\u00f3 k\u1ebf th\u1eeba k\u1ef9 n\u0103ng l\u1eafp \u0111\u1eb7t c\u1ee7a \u0111i\u1ec1u h\u00f2a c\u1ee5c b\u1ed9 (treo t\u01b0\u1eddng, \u00e2m tr\u1ea7n v\u00e0 \u00e2m tr\u1ea7n n\u1ed1i \u1ed1ng gi\u00f3).<\/p>\n<p>H\u01a1n n\u1eefa: \u0110i\u1ec1u h\u00f2a multi 2 chi\u1ec1u inverter Panasonic\u00a0CU-3Z54WBH-8 k\u1ebft n\u1ed1i t\u1edbi 3\u00a0d\u00e0n l\u1ea1nh nh\u01b0ng ch\u1ec9 v\u1edbi duy nh\u1ea5t 1 d\u00e0n n\u00f3ng nh\u1edd \u0111\u00f3\u00a0gi\u00fap ti\u1ebft ki\u1ec7m th\u1eddi gian l\u1eafp \u0111\u1eb7t &amp; chi ph\u00ed b\u1ea3o d\u01b0\u1ee1ng v\u1ec7 sinh \u0111\u00ecnh k\u1ef3 h\u00e0ng n\u0103m.<\/p>\n<h2>B\u1ea3o h\u00e0nh \u0111i\u1ec1u h\u00f2a multi Panasonic ch\u00ednh h\u00e3ng 12 th\u00e1ng<\/h2>\n<p>Th\u1eddi gian b\u1ea3o h\u00e0nh \u0111i\u1ec1u h\u00f2a Panasonic multi CU-3Z54WBH-8 ch\u00ednh h\u00e3ng 12 th\u00e1ng t\u1ea1i ch\u00e2n c\u00f4ng tr\u00ecnh \/ T\u1ea1i nh\u00e0 ng\u01b0\u1eddi ti\u00eau d\u00f9ng.<\/p>\n<p>C\u00f9ng v\u1edbi c\u00e1c tr\u1ea1m b\u1ea3o h\u00e0nh tr\u00ean To\u00e0n Qu\u1ed1c, \u0111\u1ed9i ng\u0169 ch\u0103m s\u00f3c kh\u00e1ch h\u00e0ng v\u00e0 k\u1ef9\u00a0thu\u1eadt vi\u00ean chuy\u00ean nghi\u1ec7p, \u0111em \u0111\u1ebfn d\u1ecbch v\u1ee5 b\u1ea3o h\u00e0nh ho\u00e0n h\u1ea3o nh\u1ea5t.<\/p>\n<p><img src=\"https:\/\/banhangtaikho.com.vn\/Images\/Upload\/images\/bao-hanh-dieu-hoa-panasonic-1.jpg\" alt=\"\" \/><\/p>\n<p>&nbsp;<\/p>\n<div class=\"cl\"><\/div>\n<\/div>\n<div id=\"chitiet-2\" class=\"w-pd-i-content\">\n<p class=\"w-pd-i-c-head\">\u00a0Th\u00f4ng s\u1ed1 k\u1ef9 thu\u1eadt \u0110i\u1ec1u h\u00f2a multi Panasonic 2 chi\u1ec1u 19000BTU CU-3Z54WBH-8<\/p>\n<div class=\"cl\"><\/div>\n<\/div>\n","protected":false},"excerpt":{"rendered":"<ul class=\"l pr-des-featured\">\n<li>D\u00e0n n\u00f3ng \u0111i\u1ec1u h\u00f2a multi Panasonic CU-3Z54WBH-8<\/li>\n<li>2 chi\u1ec1u &#8211; 19000BTU (5.4KW) &#8211; Gas R410a<\/li>\n<li>1 n\u00f3ng 3 l\u1ea1nh ti\u1ebft ki\u1ec7m kh\u00f4ng gian l\u1eafp \u0111\u1eb7t<\/li>\n<li>D\u00e0n t\u1ea3n nhi\u1ec7t ch\u1ed1ng \u0103n m\u00f2n, \u0111\u1ed9 b\u1ec1n cao<\/li>\n<li>Xu\u1ea5t x\u1ee9: Ch\u00ednh h\u00e3ng Malaysia<\/li>\n<li>B\u1ea3o h\u00e0nh: Ch\u00ednh h\u00e3ng 12 th\u00e1ng<\/li>\n<\/ul>\n","protected":false},"featured_media":6898,"comment_status":"open","ping_status":"closed","template":"","meta":[],"_links":{"self":[{"href":"http:\/\/maudep.com.vn\/chuyengiadienmay\/index.php?rest_route=\/wp\/v2\/product\/6897"}],"collection":[{"href":"http:\/\/maudep.com.vn\/chuyengiadienmay\/index.php?rest_route=\/wp\/v2\/product"}],"about":[{"href":"http:\/\/maudep.com.vn\/chuyengiadienmay\/index.php?rest_route=\/wp\/v2\/types\/product"}],"replies":[{"embeddable":true,"href":"http:\/\/maudep.com.vn\/chuyengiadienmay\/index.php?rest_route=%2Fwp%2Fv2%2Fcomments&post=6897"}],"wp:featuredmedia":[{"embeddable":true,"href":"http:\/\/maudep.com.vn\/chuyengiadienmay\/index.php?rest_route=\/wp\/v2\/media\/6898"}],"wp:attachment":[{"href":"http:\/\/maudep.com.vn\/chuyengiadienmay\/index.php?rest_route=%2Fwp%2Fv2%2Fmedia&parent=6897"}],"curies":[{"name":"wp","href":"https:\/\/api.w.org\/{rel}","templated":true}]}}