{"id":15,"date":"2017-06-15T06:35:55","date_gmt":"2017-06-15T06:35:55","guid":{"rendered":"http:\/\/raothue.ddns.net\/demo\/rt-core\/?page_id=15"},"modified":"2021-06-02T13:51:06","modified_gmt":"2021-06-02T06:51:06","slug":"lien-he","status":"publish","type":"page","link":"http:\/\/maudep.com.vn\/giadung1\/lien-he\/","title":{"rendered":"Li\u00ean h\u1ec7"},"content":{"rendered":"<h5>TH\u00d4NG TIN V\u1ec0 CH\u00daNG T\u00d4I<\/h5>\n<p><i class=\"fa fa-home\"><\/i>C\u01a1 s\u1edf 1 :106, ph\u1ed1 T\u00e2n Khai, Ho\u00e0ng Mai, H\u00e0 N\u1ed9i<\/p>\n<p>C\u01a1 s\u1edf 2 : 108, ph\u1ed1 \u0110\u00f4ng Thi\u00ean, Ho\u00e0ng Mai, H\u00e0 N\u1ed9i<\/p>\n<p>C\u01a1 s\u1edf 3 :156,L\u1ea1c Trung, Hai B\u00e0 Tr\u01b0ng, H\u00e0 N\u1ed9i<\/p>\n<p>C\u01a1 s\u1edf 4 : V\u00e2n Ph\u00fa, Vi\u1ec7t Tr\u00ec, Ph\u00fa Th\u1ecd<\/p>\n","protected":false},"excerpt":{"rendered":"<p>TH\u00d4NG TIN V\u1ec0 CH\u00daNG T\u00d4I C\u01a1 s\u1edf 1 :106, ph\u1ed1 T\u00e2n Khai, Ho\u00e0ng Mai, H\u00e0 N\u1ed9i C\u01a1 s\u1edf 2 : &hellip; <a class=\"link-more\" href=\"http:\/\/maudep.com.vn\/giadung1\/lien-he\/\" class=\"more-link\">\u0110\u1ecdc th\u00eam &raquo;<span class=\"screen-reader-text\"> &#8220;Li\u00ean h\u1ec7&#8221;<\/span><\/a><\/p>\n","protected":false},"author":1,"featured_media":0,"parent":0,"menu_order":11,"comment_status":"closed","ping_status":"closed","template":"rt-contact.php","meta":[],"_links":{"self":[{"href":"http:\/\/maudep.com.vn\/giadung1\/wp-json\/wp\/v2\/pages\/15"}],"collection":[{"href":"http:\/\/maudep.com.vn\/giadung1\/wp-json\/wp\/v2\/pages"}],"about":[{"href":"http:\/\/maudep.com.vn\/giadung1\/wp-json\/wp\/v2\/types\/page"}],"author":[{"embeddable":true,"href":"http:\/\/maudep.com.vn\/giadung1\/wp-json\/wp\/v2\/users\/1"}],"replies":[{"embeddable":true,"href":"http:\/\/maudep.com.vn\/giadung1\/wp-json\/wp\/v2\/comments?post=15"}],"version-history":[{"count":3,"href":"http:\/\/maudep.com.vn\/giadung1\/wp-json\/wp\/v2\/pages\/15\/revisions"}],"predecessor-version":[{"id":3334,"href":"http:\/\/maudep.com.vn\/giadung1\/wp-json\/wp\/v2\/pages\/15\/revisions\/3334"}],"wp:attachment":[{"href":"http:\/\/maudep.com.vn\/giadung1\/wp-json\/wp\/v2\/media?parent=15"}],"curies":[{"name":"wp","href":"https:\/\/api.w.org\/{rel}","templated":true}]}}