{"id":3374,"date":"2021-06-03T14:51:00","date_gmt":"2021-06-03T07:51:00","guid":{"rendered":"http:\/\/maudep.com.vn\/giadung1\/?post_type=product&#038;p=3374"},"modified":"2021-06-04T13:18:24","modified_gmt":"2021-06-04T06:18:24","slug":"tu-mat-hoa-phat-350-lit-1-canh","status":"publish","type":"product","link":"http:\/\/maudep.com.vn\/giadung1\/san-pham\/tu-mat-hoa-phat-350-lit-1-canh\/","title":{"rendered":"T\u1ee6 M\u00c1T H\u00d2A PH\u00c1T 350 L\u00cdT 1 C\u00c1NH"},"content":{"rendered":"<h3><strong>T\u00ednh n\u0103ng n\u1ed5i b\u1eadt :<\/strong><\/h3>\n<p>\u2013 C\u00f4ng ngh\u1ec7 l\u00e0m l\u1ea1nh nhanh: m\u00e1y n\u00e9n hi\u1ec7u su\u1ea5t cao, d\u00e0n l\u1ea1nh \u1ed1ng \u0111\u1ed3ng l\u00e0m l\u1ea1nh nhanh, gi\u1eef \u0111\u1ed9 t\u01b0\u01a1i ngon c\u1ee7a th\u1ef1c ph\u1ea9m trong th\u1eddi gian d\u00e0i.<br \/>\n\u2013 C\u1eeda k\u00ednh hai l\u1edbp \u0111\u01b0\u1ee3c h\u00fat ch\u00e2n kh\u00f4ng, c\u00f3 h\u1ec7 th\u1ed1ng s\u01b0\u1edfi k\u00ednh, s\u01b0\u1edfi gio\u0103ng: c\u00e1ch nhi\u1ec7t t\u1ed1t, lu\u00f4n kh\u00f4 r\u00e1o, ti\u1ebft ki\u1ec7m \u0111i\u1ec7n<br \/>\n\u2013 C\u00f4ng ngh\u1ec7 Auto Defrost: t\u1ef1 r\u00e3 \u0111\u00f4ng, kh\u00f4ng b\u00e1m tuy\u1ebft<br \/>\n\u2013 H\u1ec7 th\u1ed1ng d\u00e8n led, Si\u00eau ti\u1ebft ki\u1ec7m \u0111i\u1ec7n.<br \/>\n\u2013 Kh\u00f4ng s\u1eed d\u1ee5ng CFC v\u00e0 HCFC \u2013 Th\u00e2n thi\u1ec7n v\u1edbi m\u00f4i tr\u01b0\u1eddng<\/p>\n<p><img loading=\"lazy\" class=\"aligncenter size-full wp-image-3375\" src=\"http:\/\/maudep.com.vn\/giadung1\/wp-content\/uploads\/2021\/06\/tu-mat-1-canh-2.jpg\" alt=\"\" width=\"308\" height=\"421\" srcset=\"http:\/\/maudep.com.vn\/giadung1\/wp-content\/uploads\/2021\/06\/tu-mat-1-canh-2.jpg 308w, http:\/\/maudep.com.vn\/giadung1\/wp-content\/uploads\/2021\/06\/tu-mat-1-canh-2-219x300.jpg 219w, http:\/\/maudep.com.vn\/giadung1\/wp-content\/uploads\/2021\/06\/tu-mat-1-canh-2-132x180.jpg 132w\" sizes=\"(max-width: 308px) 100vw, 308px\" \/><\/p>\n<h3>TH\u00d4NG S\u1ed0 K\u1ef8 THU\u1eacT C\u1ee6A T\u1ee6 M\u00c1T H\u00d2A PH\u00c1T 350 L\u00cdT 1 C\u00c1NH:<\/h3>\n<table border=\"1\" width=\"709\">\n<tbody>\n<tr>\n<td width=\"170\"><strong>Dung t\u00edch s\u1eed d\u1ee5ng<\/strong><\/td>\n<td width=\"161\">250l<\/td>\n<\/tr>\n<tr>\n<td width=\"170\"><strong>S\u1ed1 c\u00e1nh<\/strong><\/td>\n<td width=\"161\">1<\/td>\n<\/tr>\n<tr>\n<td width=\"170\"><strong>S\u1ed1 ng\u0103n<\/strong><\/td>\n<td width=\"161\">4<\/td>\n<\/tr>\n<tr>\n<td width=\"170\"><strong>D\u00e0n l\u1ea1nh<\/strong><\/td>\n<td width=\"161\">\u0110\u1ed3ng<\/td>\n<\/tr>\n<tr>\n<td width=\"170\"><strong>C\u00f4ng su\u1ea5t<\/strong><\/td>\n<td width=\"161\">240 W<\/td>\n<\/tr>\n<tr>\n<td width=\"170\"><strong>K\u00edch th\u01b0\u1edbc ( C x R x S )<\/strong><\/td>\n<td width=\"161\">1645 x 530 x 595 (mm)<\/td>\n<\/tr>\n<tr>\n<td width=\"170\"><strong>Tr\u1ecdng l\u01b0\u1ee3ng<\/strong><\/td>\n<td width=\"161\">57 Kg<\/td>\n<\/tr>\n<tr>\n<td width=\"170\"><strong>Gas<\/strong><\/td>\n<td colspan=\"2\" width=\"539\">R134a<\/td>\n<\/tr>\n<tr>\n<td width=\"170\"><\/td>\n<td colspan=\"2\" width=\"539\"><\/td>\n<\/tr>\n<tr>\n<td width=\"170\"><strong>B\u1ea3o h\u00e0nh<\/strong><\/td>\n<td colspan=\"2\" width=\"539\">30 th\u00e1ng<\/td>\n<\/tr>\n<\/tbody>\n<\/table>\n<h3 class=\"widgettitle\"><strong>M\u1ecdi th\u00f4ng tin li\u00ean h\u1ec7<\/strong><\/h3>\n<p class=\"widgettitle\"><strong>CS1: 156 T\u00e2n Khai &#8211; Ho\u00e0ng Mai &#8211; H\u00e0 N\u1ed9i <\/strong><\/p>\n<p class=\"widgettitle\"><strong>CS2: 179 V\u0129nh H\u01afng &#8211; Ho\u00e0ng Mai &#8211; H\u00e0 N\u1ed9i <\/strong><\/p>\n<p class=\"widgettitle\"><strong>CS3: 121 Kim Ng\u01b0u &#8211; Hai B\u00e0 Tr\u01b0ng &#8211; H\u00e0 N\u1ed9i<\/strong><\/p>\n<div class=\"textwidget\">\n<p><strong>Hotline:\u00a0086 260 6686\u00a0<\/strong><\/p>\n<\/div>\n","protected":false},"excerpt":{"rendered":"<p>T\u1ea5t c\u1ea3 s\u1ea3n ph\u1ea9m \u0111\u1ec1u c\u00f3 h\u00f3a \u0111\u01a1n b\u00e1n h\u00e0ng \u0111i k\u00e8m.<\/p>\n<p>Qu\u00fd kh\u00e1ch n\u00e0o kh\u00f4ng nh\u1eadn \u0111\u01b0\u1ee3c h\u00f3a \u0111\u01a1n vui l\u00f2ng<\/p>\n<p><strong>Li\u00ean h\u1ec7 0984819956 \u2013 086.21.02.189 \u2013 0868.36.36.92<\/strong><\/p>\n","protected":false},"featured_media":3375,"comment_status":"open","ping_status":"closed","template":"","meta":[],"_links":{"self":[{"href":"http:\/\/maudep.com.vn\/giadung1\/wp-json\/wp\/v2\/product\/3374"}],"collection":[{"href":"http:\/\/maudep.com.vn\/giadung1\/wp-json\/wp\/v2\/product"}],"about":[{"href":"http:\/\/maudep.com.vn\/giadung1\/wp-json\/wp\/v2\/types\/product"}],"replies":[{"embeddable":true,"href":"http:\/\/maudep.com.vn\/giadung1\/wp-json\/wp\/v2\/comments?post=3374"}],"wp:featuredmedia":[{"embeddable":true,"href":"http:\/\/maudep.com.vn\/giadung1\/wp-json\/wp\/v2\/media\/3375"}],"wp:attachment":[{"href":"http:\/\/maudep.com.vn\/giadung1\/wp-json\/wp\/v2\/media?parent=3374"}],"curies":[{"name":"wp","href":"https:\/\/api.w.org\/{rel}","templated":true}]}}