{"id":3376,"date":"2021-06-03T15:00:47","date_gmt":"2021-06-03T08:00:47","guid":{"rendered":"http:\/\/maudep.com.vn\/giadung1\/?post_type=product&#038;p=3376"},"modified":"2021-06-04T14:11:14","modified_gmt":"2021-06-04T07:11:14","slug":"tu-hoa-phat-hcf-506s2d2","status":"publish","type":"product","link":"http:\/\/maudep.com.vn\/giadung1\/san-pham\/tu-hoa-phat-hcf-506s2d2\/","title":{"rendered":"T\u1ee7 H\u00f2a Ph\u00e1t HCF 506S2\u01102"},"content":{"rendered":"<p><strong>HCF 506S2\u01102<\/strong><\/p>\n<p>\u0110\u01b0\u1ee3c s\u1ea3n xu\u1ea5t tr\u00ean d\u00e2y truy\u1ec1n hi\u1ec7n \u0111\u1ea1i<br \/>\n2 ch\u1ebf \u0111\u1ed9 ( \u0110\u00f4ng\/M\u00e1t), 2 c\u00e1nh m\u1edf, c\u00f3 kh\u00f3a<br \/>\nC\u00f3 k\u00ednh c\u01b0\u1eddng l\u1ef1c<br \/>\nL\u00e0m l\u1ea1nh t\u1ef1 nhi\u00ean \u0111\u1ed1i l\u01b0u kh\u00f4ng kh\u00ed<br \/>\nL\u00f2ng t\u1ee7 ph\u1eb3ng , d\u1ec5 d\u00e0ng v\u1ec7 sinh<br \/>\nC\u00f3 b\u00e1nh xe d\u1ec5 d\u00e0ng di chuy\u1ec3n<br \/>\nKh\u00f4ng CFC th\u00e2n thi\u1ec7n v\u1edbi m\u00f4i tr\u01b0\u1eddng<br \/>\nS\u1eed d\u1ee5ng Gas R600a<br \/>\nNhi\u1ec7t \u0111\u1ed9 ng\u0103n \u0111\u00f4ng &lt; -18 \u0111\u1ed9.<\/p>\n<p><img loading=\"lazy\" class=\"aligncenter size-full wp-image-3378\" src=\"http:\/\/maudep.com.vn\/giadung1\/wp-content\/uploads\/2021\/06\/2-4.jpg\" alt=\"\" width=\"710\" height=\"666\" srcset=\"http:\/\/maudep.com.vn\/giadung1\/wp-content\/uploads\/2021\/06\/2-4.jpg 710w, http:\/\/maudep.com.vn\/giadung1\/wp-content\/uploads\/2021\/06\/2-4-300x281.jpg 300w, http:\/\/maudep.com.vn\/giadung1\/wp-content\/uploads\/2021\/06\/2-4-180x169.jpg 180w, http:\/\/maudep.com.vn\/giadung1\/wp-content\/uploads\/2021\/06\/2-4-600x563.jpg 600w\" sizes=\"(max-width: 710px) 100vw, 710px\" \/><\/p>\n<h3><strong>TH\u00d4NG S\u1ed0 K\u1ef8 THU\u1eacT C\u1ee6A\u00a0T\u1ee6 H\u00d2A PH\u00c1T HCF 506S2\u01102\u00a0<\/strong><\/h3>\n<div class=\"tab-panels\">\n<div id=\"tab-description\" class=\"woocommerce-Tabs-panel woocommerce-Tabs-panel--description panel entry-content active\" role=\"tabpanel\" aria-labelledby=\"tab-title-description\">\n<p>Dung t\u00edch s\u1eed d\u1ee5ng\u00a0 \u00a0506L\/ 205 L<br \/>\nD\u00e0n L\u1ea1nh = \u0110\u1ed3ng<br \/>\nLo\u1ea1i\u00a0\u00a0 \u00a02 ng\u0103n. 2 ch\u1ebf \u0111\u1ed9<br \/>\nC\u00f4ng su\u1ea5t\u00a0\u00a0 \u00a0122 W<br \/>\nK\u00edch th\u01b0\u1edbc ( R x S x C )\u00a0\u00a0 \u00a01035 x 610 x 915 (mm)<br \/>\nTr\u1ecdng l\u01b0\u1ee3ng\u00a0\u00a0 \u00a048 Kg<br \/>\nGas\u00a0\u00a0 \u00a0R600a<br \/>\nB\u1ea3o h\u00e0nh\u00a0\u00a0 \u00a030 th\u00e1ng<\/p>\n<\/div>\n<\/div>\n<div id=\"fb-root\" class=\" fb_reset\">\n<div>\n<div><\/div>\n<\/div>\n<\/div>\n","protected":false},"excerpt":{"rendered":"<p>Dung t\u00edch s\u1eed d\u1ee5ng\u00a0 \u00a0506L\/ 205 L<br \/>\nD\u00e0n L\u1ea1nh = \u0110\u1ed3ng<br \/>\nLo\u1ea1i\u00a0\u00a0 \u00a02 ng\u0103n. 2 ch\u1ebf \u0111\u1ed9<br \/>\nC\u00f4ng su\u1ea5t\u00a0\u00a0 \u00a0122 W<br \/>\nK\u00edch th\u01b0\u1edbc ( R x S x C )\u00a0\u00a0 \u00a01035 x 610 x 915 (mm)<br \/>\nTr\u1ecdng l\u01b0\u1ee3ng\u00a0\u00a0 \u00a048 Kg<br \/>\nGas\u00a0\u00a0 \u00a0R600a<br \/>\nB\u1ea3o h\u00e0nh\u00a0\u00a0 \u00a030 th\u00e1ng<\/p>\n","protected":false},"featured_media":3377,"comment_status":"open","ping_status":"closed","template":"","meta":[],"_links":{"self":[{"href":"http:\/\/maudep.com.vn\/giadung1\/wp-json\/wp\/v2\/product\/3376"}],"collection":[{"href":"http:\/\/maudep.com.vn\/giadung1\/wp-json\/wp\/v2\/product"}],"about":[{"href":"http:\/\/maudep.com.vn\/giadung1\/wp-json\/wp\/v2\/types\/product"}],"replies":[{"embeddable":true,"href":"http:\/\/maudep.com.vn\/giadung1\/wp-json\/wp\/v2\/comments?post=3376"}],"wp:featuredmedia":[{"embeddable":true,"href":"http:\/\/maudep.com.vn\/giadung1\/wp-json\/wp\/v2\/media\/3377"}],"wp:attachment":[{"href":"http:\/\/maudep.com.vn\/giadung1\/wp-json\/wp\/v2\/media?parent=3376"}],"curies":[{"name":"wp","href":"https:\/\/api.w.org\/{rel}","templated":true}]}}