{"id":3384,"date":"2021-06-03T15:13:06","date_gmt":"2021-06-03T08:13:06","guid":{"rendered":"http:\/\/maudep.com.vn\/giadung1\/?post_type=product&#038;p=3384"},"modified":"2021-06-04T14:15:53","modified_gmt":"2021-06-04T07:15:53","slug":"tu-dong-inverter-hcfi-666s1d2%e2%80%8b%e2%80%8b%e2%80%8b%e2%80%8b%e2%80%8b%e2%80%8b%e2%80%8b","status":"publish","type":"product","link":"http:\/\/maudep.com.vn\/giadung1\/san-pham\/tu-dong-inverter-hcfi-666s1d2%e2%80%8b%e2%80%8b%e2%80%8b%e2%80%8b%e2%80%8b%e2%80%8b%e2%80%8b\/","title":{"rendered":"T\u1ee7 \u0111\u00f4ng Inverter HCFI 666S1\u01102\u200b\u200b\u200b\u200b\u200b\u200b\u200b"},"content":{"rendered":"<h3>TH\u00d4NG TIN CHI TI\u1ebeT<\/h3>\n<p><strong>C\u00f4ng ngh\u1ec7 Inverter: S\u1eed d\u1ee5ng m\u00e1y n\u00e9n bi\u1ebfn t\u1ea7n ti\u1ebft ki\u1ec7m h\u01a1n 60% \u0111i\u1ec7n n\u0103ng so v\u1edbi m\u00e1y n\u00e9n th\u01b0\u1eddng.<\/strong><br \/>\n\u2022 S\u1ea3n xu\u1ea5t tr\u00ean d\u00e2y chuy\u1ec1n hi\u1ec7n \u0111\u1ea1i ho\u00e0n to\u00e0n t\u1ef1 \u0111\u1ed9ng c\u00f4ng ngh\u1ec7 Italia.<br \/>\n\u2022 Th\u00e2n v\u00e0 c\u00e1nh t\u1ee7 \u0111\u01b0\u1ee3c l\u00e0m b\u1eb1ng th\u00e9p d\u00e0y s\u01a1n t\u0129nh \u0111i\u1ec7n l\u00e0m cho b\u1ec1 m\u1eb7t b\u00f3ng \u0111\u1eb9p v\u00e0 kh\u00f4ng b\u1ecb han g\u1ec9 trong su\u1ed1t qu\u00e1 tr\u00ecnh s\u1eed d\u1ee5ng.<br \/>\n\u2022 L\u1edbp c\u00e1ch nhi\u1ec7t Polyurethane d\u00e0y 50 \u0111\u1ebfn 62mm gi\u00fap t\u1ee7 gi\u1eef nhi\u1ec7t t\u1ed1t, ti\u1ebft ki\u1ec7m \u0111i\u1ec7n n\u0103ng.<br \/>\n\u2022 X\u1ed1p c\u00e1ch nhi\u1ec7t s\u1eed d\u1ee5ng h\u1ec7 Cyclopentane th\u00e2n thi\u1ec7n v\u1edbi m\u00f4i tr\u01b0\u1eddng, \u0111\u1ea3m b\u1ea3o an to\u00e0n th\u1ef1c ph\u1ea9m.<br \/>\n\u2022 L\u00f2ng trong b\u1eb1ng nh\u00f4m ph\u1eb3ng, l\u00e0m gi\u1ea3m m\u1ee9c \u0111\u1ed9 b\u00e1m tuy\u1ebft, d\u1ec5 v\u1ec7 sinh.<br \/>\n\u2022 D\u00e0n l\u1ea1nh b\u1eb1ng \u0111\u1ed3ng nguy\u00ean ch\u1ea5t si\u00eau b\u1ec1n.<br \/>\n\u2022 Gio\u0103ng c\u00e1nh t\u1ee7 thi\u1ebft k\u1ebf d\u1ea1ng g\u00e0i d\u1ec5 v\u1ec7 sinh ho\u1eb7c thay th\u1ebf.<br \/>\n\u2022 K\u00ednh c\u01b0\u1eddng l\u1ef1c duy nh\u1ea5t ch\u1ec9 c\u00f3 \u1edf t\u1ee7 \u0111\u00f4ng H\u00f2a Ph\u00e1t.<br \/>\n\u2022 N\u1eb9p vi\u1ec1n k\u00ednh r\u1ed9ng b\u1eaft v\u00edt ch\u0103c ch\u1eafn, gi\u00fap gio\u0103ng b\u1ecbt k\u00edn ch\u1ed1ng th\u1ea5t tho\u00e1t nhi\u1ec7t.<br \/>\n\u2022 Ch\u00e2n t\u1ee7 c\u00f3 b\u00e1nh xe, d\u1ec5 d\u00e0ng di chuy\u1ec3n<br \/>\n\u2022 S\u1eed d\u1ee5ng gas R600a th\u00e2n thi\u1ec7n v\u1edbi m\u00f4i tr\u01b0\u1eddng<\/p>\n<p><img loading=\"lazy\" class=\"aligncenter size-full wp-image-3457\" src=\"http:\/\/maudep.com.vn\/giadung1\/wp-content\/uploads\/2021\/06\/cong-nghe-dan-lanh-dong-10.jpg\" alt=\"\" width=\"710\" height=\"666\" srcset=\"http:\/\/maudep.com.vn\/giadung1\/wp-content\/uploads\/2021\/06\/cong-nghe-dan-lanh-dong-10.jpg 710w, http:\/\/maudep.com.vn\/giadung1\/wp-content\/uploads\/2021\/06\/cong-nghe-dan-lanh-dong-10-300x281.jpg 300w, http:\/\/maudep.com.vn\/giadung1\/wp-content\/uploads\/2021\/06\/cong-nghe-dan-lanh-dong-10-180x169.jpg 180w, http:\/\/maudep.com.vn\/giadung1\/wp-content\/uploads\/2021\/06\/cong-nghe-dan-lanh-dong-10-600x563.jpg 600w\" sizes=\"(max-width: 710px) 100vw, 710px\" \/><\/p>\n<p>\u0110\u1ec3 t\u0103ng hi\u1ec7u su\u1ea5t l\u00e0m l\u1ea1nh, b\u1ea3o v\u1ec7 m\u00f4i tr\u01b0\u1eddng\u00a0<strong>T\u1ee7 \u0111\u00f4ng H\u00f2a Ph\u00e1t 666 \u2013 TI\u1ebeT KI\u1ec6M \u0110I\u1ec6N<\/strong>\u00a0\u00a0s\u1eed d\u1ee5ng gas R600a cho chi\u1ebfc t\u1ee7 \u0111\u00f4ng c\u1ee7a m\u00ecnh. V\u1edbi lo\u1ea1i m\u00f4i ch\u1ea5t l\u00e0m l\u1ea1nh n\u00e0y, t\u1ee7 kh\u00f4ng ch\u1ec9 l\u00e0m l\u1ea1nh nhanh, ti\u1ebft ki\u1ec7m \u0111i\u1ec7n n\u0103ng m\u00e0 n\u00f3 c\u00f2n v\u00f4 c\u00f9ng th\u00e2n thi\u1ec7n v\u1edbi m\u00f4i tr\u01b0\u1eddng s\u1ed1ng.<\/p>\n<p><img loading=\"lazy\" class=\"aligncenter size-full wp-image-3458\" src=\"http:\/\/maudep.com.vn\/giadung1\/wp-content\/uploads\/2021\/06\/cong-nghe-dan-lanh-dong-16.jpg\" alt=\"\" width=\"710\" height=\"666\" srcset=\"http:\/\/maudep.com.vn\/giadung1\/wp-content\/uploads\/2021\/06\/cong-nghe-dan-lanh-dong-16.jpg 710w, http:\/\/maudep.com.vn\/giadung1\/wp-content\/uploads\/2021\/06\/cong-nghe-dan-lanh-dong-16-300x281.jpg 300w, http:\/\/maudep.com.vn\/giadung1\/wp-content\/uploads\/2021\/06\/cong-nghe-dan-lanh-dong-16-180x169.jpg 180w, http:\/\/maudep.com.vn\/giadung1\/wp-content\/uploads\/2021\/06\/cong-nghe-dan-lanh-dong-16-600x563.jpg 600w\" sizes=\"(max-width: 710px) 100vw, 710px\" \/><\/p>\n<p>B\u1ea3o qu\u1ea3n th\u1ef1c ph\u1ea9m an to\u00e0n<\/p>\n<p>Nhu c\u1ea7u b\u1ea3o qu\u1ea3n th\u1ef1c ph\u1ea9m l\u1ea1nh ng\u00e0y nay t\u0103ng r\u1ea5t nhanh. So v\u1edbi t\u1ee7 l\u1ea1nh, t\u1ee7 \u0111\u00f4ng l\u00e0 bi\u1ec7n ph\u00e1p b\u1ea3o qu\u1ea3n hi\u1ec7u qu\u1ea3 h\u01a1n nh\u1edd kh\u1ea3 n\u0103ng l\u00e0m l\u1ea1nh nhanh cho ph\u00e9p d\u1ef1 tr\u1eef th\u1ef1c ph\u1ea9m l\u00e2u h\u01a1n. V\u1edbi c\u00f4ng ngh\u1ec7 l\u1ea1nh s\u00e2u, \u0111a chi\u1ec1u,<strong>T\u1ee7 \u0111\u00f4ng H\u00f2a Ph\u00e1t 666 \u2013 TI\u1ebeT KI\u1ec6M \u0110I\u1ec6N<\/strong>\u00a0\u0111em t\u1edbi gi\u1ea3i ph\u00e1p \u0111\u00f4ng l\u1ea1nh s\u00e2u t\u1edbi \u2264 -18\u00b0 C, l\u01b0u gi\u1eef tr\u1ecdn v\u1eb9n d\u01b0\u1ee1ng ch\u1ea5t, \u0111\u1ea3m b\u1ea3o an to\u00e0n s\u1ee9c kh\u1ecfe cho ng\u01b0\u1eddi s\u1eed d\u1ee5ng.<\/p>\n<p><img loading=\"lazy\" class=\"aligncenter size-full wp-image-3459\" src=\"http:\/\/maudep.com.vn\/giadung1\/wp-content\/uploads\/2021\/06\/cong-nghe-dan-lanh-dong-04.jpg\" alt=\"\" width=\"710\" height=\"666\" srcset=\"http:\/\/maudep.com.vn\/giadung1\/wp-content\/uploads\/2021\/06\/cong-nghe-dan-lanh-dong-04.jpg 710w, http:\/\/maudep.com.vn\/giadung1\/wp-content\/uploads\/2021\/06\/cong-nghe-dan-lanh-dong-04-300x281.jpg 300w, http:\/\/maudep.com.vn\/giadung1\/wp-content\/uploads\/2021\/06\/cong-nghe-dan-lanh-dong-04-180x169.jpg 180w, http:\/\/maudep.com.vn\/giadung1\/wp-content\/uploads\/2021\/06\/cong-nghe-dan-lanh-dong-04-600x563.jpg 600w\" sizes=\"(max-width: 710px) 100vw, 710px\" \/><\/p>\n<p style=\"text-align: center;\">Gi\u1eef nhi\u1ec7t t\u1ed1t<\/p>\n<p>L\u1edbp c\u00e1ch nhi\u1ec7t Polyurethane d\u00e0y 50mm \u0111\u1ebfn 62mm gi\u00fap t\u1ee7 gi\u1eef nhi\u1ec7t t\u1ed1t. X\u1ed1p c\u00e1ch nhi\u1ec7t s\u1eed d\u1ee5ng h\u1ec7 Cyclopentane th\u00e2n thi\u1ec7n v\u1edbi m\u00f4i tr\u01b0\u1eddng, an to\u00e0n th\u1ef1c ph\u1ea9m, \u0111\u1ea3m b\u1ea3o s\u1ee9c kh\u1ecfe cho ng\u01b0\u1eddi s\u1eed d\u1ee5ng. Thi\u1ebft k\u1ebf l\u1edbp x\u1ed1p c\u00e1ch nhi\u1ec7t d\u00e0y \u0111\u1ebfn 62mm, t\u1ea1o n\u00ean m\u1ed9t b\u01b0\u1edbc\u00a0\u0111\u1ed9t ph\u00e1 trong c\u00f4ng ngh\u1ec7 b\u1ea3o\u00a0\u00f4n, gi\u1eef l\u1ea1nh t\u1ed1t (nh\u1ea5t l\u00e0 khi m\u1ea5t \u0111i\u1ec7n trong th\u1eddi gian d\u00e0i, b\u00ean trong t\u1ee7 v\u1eabn gi\u1eef \u0111\u01b0\u1ee3c l\u1ea1nh l\u00e2u h\u01a1n c\u00e1c h\u00e3ng kh\u00e1c), ti\u1ebft ki\u1ec7m \u0111i\u1ec7n n\u0103ng ti\u00eau th\u1ee5.<\/p>\n<p><img loading=\"lazy\" class=\"aligncenter size-full wp-image-3460\" src=\"http:\/\/maudep.com.vn\/giadung1\/wp-content\/uploads\/2021\/06\/tu-666-lop-cach-nhiet-04.jpg\" alt=\"\" width=\"1170\" height=\"435\" srcset=\"http:\/\/maudep.com.vn\/giadung1\/wp-content\/uploads\/2021\/06\/tu-666-lop-cach-nhiet-04.jpg 1170w, http:\/\/maudep.com.vn\/giadung1\/wp-content\/uploads\/2021\/06\/tu-666-lop-cach-nhiet-04-300x112.jpg 300w, http:\/\/maudep.com.vn\/giadung1\/wp-content\/uploads\/2021\/06\/tu-666-lop-cach-nhiet-04-768x286.jpg 768w, http:\/\/maudep.com.vn\/giadung1\/wp-content\/uploads\/2021\/06\/tu-666-lop-cach-nhiet-04-1024x381.jpg 1024w, http:\/\/maudep.com.vn\/giadung1\/wp-content\/uploads\/2021\/06\/tu-666-lop-cach-nhiet-04-180x67.jpg 180w, http:\/\/maudep.com.vn\/giadung1\/wp-content\/uploads\/2021\/06\/tu-666-lop-cach-nhiet-04-600x223.jpg 600w\" sizes=\"(max-width: 1170px) 100vw, 1170px\" \/><\/p>\n<p style=\"text-align: center;\">Thi\u1ebft k\u1ebf ti\u1ec7n l\u1ee3i<\/p>\n<p><strong>T\u1ee7 \u0111\u00f4ng 1 ch\u1ebf \u0111\u1ed9 ( \u0110\u00f4ng) 600 l\u00edt \u2013 TI\u1ebeT KI\u1ec6M \u0110I\u1ec6N\u00a0<\/strong>\u0111\u01b0\u1ee3c t\u00edch h\u1ee3p c\u00e1c chi ti\u1ebft \u0111em \u0111\u1ebfn s\u1ef1 ti\u1ec7n l\u1ee3i, tho\u1ea3i m\u00e1i nh\u1ea5t cho ng\u01b0\u1eddi s\u1eed d\u1ee5ng, bao g\u1ed3m: Tay n\u1eafm : gi\u00fap vi\u1ec7c n\u00e2ng nh\u1ea5c c\u00e1nh t\u1ee7 d\u1ec5 d\u00e0ng, h\u1ea1n ch\u1ebf va \u0111\u1eadp trong qu\u00e1 tr\u00ecnh s\u1eed d\u1ee5ng v\u00e0 v\u1eadn chuy\u1ec3n. Kh\u00f3a an to\u00e0n: vi\u1ec7c m\u1edf t\u1ee7 th\u01b0\u1eddng xuy\u00ean s\u1ebd l\u00e0m th\u1ea5t tho\u00e1t nhi\u1ec7t, gi\u1ea3m hi\u1ec7u qu\u1ea3 \u0111\u00f4ng l\u1ea1nh c\u1ee7a t\u1ee7, \u0111\u1ed3ng th\u1eddi ti\u00eau t\u1ed1n nhi\u1ec1u \u0111i\u1ec7n n\u0103ng kh\u00f4ng c\u1ea7n thi\u1ebft. Kh\u00f3a an to\u00e0n s\u1ebd gi\u00fap ng\u01b0\u1eddi s\u1eed d\u1ee5ng ki\u1ec3m so\u00e1t t\u1ed1t h\u01a1n ho\u1ea1t \u0111\u1ed9ng \u0111\u00f3ng \u2013 m\u1edf t\u1ee7 \u0111\u00f4ng. T\u00edch h\u1ee3p b\u00e1nh xe: s\u1edf h\u1eefu tr\u1ecdng l\u01b0\u1ee3ng l\u1edbn, t\u1ee7 \u0111\u00f4ng g\u00e2y nhi\u1ec1u kh\u00f3 kh\u0103n khi v\u1eadn chuy\u1ec3n. Nh\u1edd t\u00edch h\u1ee3p b\u00e1nh xe b\u00ean d\u01b0\u1edbi t\u1ee7, ng\u01b0\u1eddi s\u1eed d\u1ee5ng s\u1ebd d\u1ec5 d\u00e0ng di chuy\u1ec3n t\u1ee7 m\u1ed9t c\u00e1ch thu\u1eadn ti\u1ec7n v\u00e0 an to\u00e0n h\u01a1n. M\u1eb7t trong t\u1ee7 thi\u1ebft k\u1ebf th\u1eb3ng \u0111\u1ee9ng, b\u1ec1 m\u1eb7t ph\u1eb3ng: gi\u00fap t\u1ee7 \u0111\u00f4ng gi\u1ea3m b\u00e1m tuy\u1ebft trong qu\u00e1 tr\u00ecnh s\u1eed d\u1ee5ng, d\u1ec5 d\u00e0ng v\u1ec7 sinh.<\/p>\n<p><img loading=\"lazy\" class=\"aligncenter size-full wp-image-3461\" src=\"http:\/\/maudep.com.vn\/giadung1\/wp-content\/uploads\/2021\/06\/tu-666-lop-cach-nhiet-04-1.jpg\" alt=\"\" width=\"1170\" height=\"435\" srcset=\"http:\/\/maudep.com.vn\/giadung1\/wp-content\/uploads\/2021\/06\/tu-666-lop-cach-nhiet-04-1.jpg 1170w, http:\/\/maudep.com.vn\/giadung1\/wp-content\/uploads\/2021\/06\/tu-666-lop-cach-nhiet-04-1-300x112.jpg 300w, http:\/\/maudep.com.vn\/giadung1\/wp-content\/uploads\/2021\/06\/tu-666-lop-cach-nhiet-04-1-768x286.jpg 768w, http:\/\/maudep.com.vn\/giadung1\/wp-content\/uploads\/2021\/06\/tu-666-lop-cach-nhiet-04-1-1024x381.jpg 1024w, http:\/\/maudep.com.vn\/giadung1\/wp-content\/uploads\/2021\/06\/tu-666-lop-cach-nhiet-04-1-180x67.jpg 180w, http:\/\/maudep.com.vn\/giadung1\/wp-content\/uploads\/2021\/06\/tu-666-lop-cach-nhiet-04-1-600x223.jpg 600w\" sizes=\"(max-width: 1170px) 100vw, 1170px\" \/><\/p>\n<h3><strong>Th\u00f4ng s\u1ed1 k\u1ef9 thu\u1eadt t\u1ee7 \u0111\u00f4ng Inverter HCFI 666S1\u01102 :<\/strong><\/h3>\n<p>\u2013 M\u00e3 s\u1ea3n ph\u1ea9m: \u00a0\u00a0 \u00a0HCFI 666S1\u01102<br \/>\n\u2013 K\u00edch th\u01b0\u1edbc t\u1ee7:\u00a0\u00a0 \u00a0890 x 1340 x 670 (mm)<\/p>\n<p>-Dung t\u00edch c\u1ea3 t\u1ee7 : 660Lit<br \/>\n\u2013 Dung t\u00edch s\u1eed d\u1ee5ng:\u00a0\u00a0 \u00a0352 l\u00edt<br \/>\n\u2013 C\u00f4ng su\u1ea5t \u0111i\u1ec7n:\u00a0\u00a0 \u00a080 w<br \/>\n\u2013 Kh\u1ed1i l\u01b0\u1ee3ng:\u00a0\u00a0 \u00a053 Kg<br \/>\n\u2013 M\u00f4i ch\u1ea5t:\u00a0\u00a0 \u00a0R600a<br \/>\n\u2013 S\u1ed1 c\u00e1nh:\u00a0\u00a0 \u00a02 c\u00e1nh m\u1edf<br \/>\n\u2013 S\u1ed1 ng\u0103n:\u00a0\u00a0 \u00a01 ng\u0103n \u0111\u00f4ng<br \/>\n\u2013 K\u00ednh c\u01b0\u1eddng l\u1ef1c:\u00a0\u00a0 \u00a0kh\u00f4ng<\/p>\n<p><strong>Li\u00ean h\u1ec7 ngay\u00a0 <span style=\"color: #ff0000;\">0862 606 686\u00a0<\/span>\u0110I\u1ec6N L\u1ea0NH H\u00d2A PH\u00c1T h\u00f4m nay \u0111\u1ec3 k\u1ecbp s\u1edf h\u1eefu s\u1ea3n ph\u1ea9m CH\u1ea4T L\u01af\u1ee2NG v\u1edbi gi\u00e1 c\u00f3 M\u1ed8T KH\u00d4NG HAI v\u00e0 D\u1ecaCH V\u1ee4 kh\u00f4ng ch\u00ea v\u00e0o \u0111\u00e2u \u0111\u01b0\u1ee3c ch\u1ec9 c\u00f3 duy T\u1ea0I \u0110I\u1ec6N L\u1ea0NH H\u00d2A PH\u00c1T!!!!<\/strong><\/p>\n","protected":false},"excerpt":{"rendered":"<p>\u2013 K\u00edch th\u01b0\u1edbc t\u1ee7:\u00a0\u00a0 \u00a0890 x 1340 x 670 (mm)<\/p>\n<p>\u2013 Dung t\u00edch c\u1ea3 t\u1ee7 : 660Lit<br \/>\n\u2013 Dung t\u00edch s\u1eed d\u1ee5ng:\u00a0\u00a0 \u00a0352 l\u00edt<br \/>\n\u2013 C\u00f4ng su\u1ea5t \u0111i\u1ec7n:\u00a0\u00a0 \u00a080 w<br \/>\n\u2013 Kh\u1ed1i l\u01b0\u1ee3ng:\u00a0\u00a0 \u00a053 Kg<br \/>\n\u2013 M\u00f4i ch\u1ea5t:\u00a0\u00a0 \u00a0R600a<br \/>\n\u2013 S\u1ed1 c\u00e1nh:\u00a0\u00a0 \u00a02 c\u00e1nh m\u1edf<br \/>\n\u2013 S\u1ed1 ng\u0103n:\u00a0\u00a0 \u00a01 ng\u0103n \u0111\u00f4ng<br \/>\n\u2013 K\u00ednh c\u01b0\u1eddng l\u1ef1c:\u00a0\u00a0 \u00a0kh\u00f4ng<\/p>\n","protected":false},"featured_media":3385,"comment_status":"open","ping_status":"closed","template":"","meta":[],"_links":{"self":[{"href":"http:\/\/maudep.com.vn\/giadung1\/wp-json\/wp\/v2\/product\/3384"}],"collection":[{"href":"http:\/\/maudep.com.vn\/giadung1\/wp-json\/wp\/v2\/product"}],"about":[{"href":"http:\/\/maudep.com.vn\/giadung1\/wp-json\/wp\/v2\/types\/product"}],"replies":[{"embeddable":true,"href":"http:\/\/maudep.com.vn\/giadung1\/wp-json\/wp\/v2\/comments?post=3384"}],"wp:featuredmedia":[{"embeddable":true,"href":"http:\/\/maudep.com.vn\/giadung1\/wp-json\/wp\/v2\/media\/3385"}],"wp:attachment":[{"href":"http:\/\/maudep.com.vn\/giadung1\/wp-json\/wp\/v2\/media?parent=3384"}],"curies":[{"name":"wp","href":"https:\/\/api.w.org\/{rel}","templated":true}]}}