{"id":3386,"date":"2021-06-03T15:25:29","date_gmt":"2021-06-03T08:25:29","guid":{"rendered":"http:\/\/maudep.com.vn\/giadung1\/?post_type=product&#038;p=3386"},"modified":"2021-06-17T09:05:06","modified_gmt":"2021-06-17T02:05:06","slug":"tu-dong-inverter-2-ngan-2-canh-hcfi-656s2d2","status":"publish","type":"product","link":"http:\/\/maudep.com.vn\/giadung1\/san-pham\/tu-dong-inverter-2-ngan-2-canh-hcfi-656s2d2\/","title":{"rendered":"T\u1ee7 \u0111\u00f4ng Inverter 2 ng\u0103n 2 c\u00e1nh HCFI 656S2\u01102"},"content":{"rendered":"<h3>TH\u00d4NG TIN CHI TI\u1ebeT<\/h3>\n<p><strong>T\u1ee7 \u0111\u00f4ng Inverter 2 ng\u0103n 2 c\u00e1nh HCFI 656S2\u01102<\/strong><br \/>\n\u2013 Dung t\u00edch s\u1eed d\u1ee5ng 656L\/400L<\/p>\n<p>\u2013 Lo\u1ea1i 1 ch\u1ebf \u0111\u1ed9 (\u0110\u00f4ng), 2 c\u00e1nh m\u1edf<\/p>\n<p>\u2013 C\u00f4ng ngh\u1ec7 Inverter \u2013 Ti\u1ebft ki\u1ec7m \u0111i\u1ec7n<\/p>\n<p>S\u1ea3n ph\u1ea9m T\u1ee7 \u0111\u00f4ng H\u00f2a Ph\u00e1t \u0111\u01b0\u1ee3c s\u1ea3n xu\u1ea5t tr\u00ean d\u00e2y chuy\u1ec1n hi\u1ec7n \u0111\u1ea1i, ki\u1ec3u d\u00e1ng \u0111\u1eb9p v\u00e0 ch\u1eafc ch\u1eafn, \u00e1p d\u1ee5ng c\u00f4ng ngh\u1ec7 ti\u00ean ti\u1ebfn nh\u1ea5t trong s\u1ea3n xu\u1ea5t. M\u00e1y n\u00e9n ch\u1ea5t l\u01b0\u1ee3ng cao v\u1eadn h\u00e0nh \u00eam, l\u00e0m l\u1ea1nh nhanh.<\/p>\n<p><strong>T\u1ee7 \u0111\u00f4ng Inverter 2 ng\u0103n 2 c\u00e1nh HCFI 656S2\u01102<\/strong>\u00a0: Gi\u00fap ti\u1ebft ki\u1ec7m \u0111i\u1ec7n nh\u1edd v\u00e0o c\u00f4ng ngh\u1ec7 inverter . C\u00f4ng ngh\u1ec7 n\u00e0y gi\u00fap m\u00e1y n\u00e9n ho\u1ea1t \u0111\u1ed9ng \u00eam \u00e1i, kh\u1ea3 n\u0103ng v\u1eadn h\u00e0nh b\u1ec1n b\u1ec9, duy tr\u00ec nhi\u1ec7t \u0111\u1ed9 \u1ed5n \u0111\u1ecbnh \u0111em \u0111\u1ebfn s\u1ef1 b\u1ea3o qu\u1ea3n th\u1ef1c ph\u1ea9m tuy\u1ec7t v\u1eddi<\/p>\n<p><img loading=\"lazy\" class=\"aligncenter size-full wp-image-3387\" src=\"http:\/\/maudep.com.vn\/giadung1\/wp-content\/uploads\/2021\/06\/2-4-1.jpg\" alt=\"\" width=\"710\" height=\"666\" srcset=\"http:\/\/maudep.com.vn\/giadung1\/wp-content\/uploads\/2021\/06\/2-4-1.jpg 710w, http:\/\/maudep.com.vn\/giadung1\/wp-content\/uploads\/2021\/06\/2-4-1-300x281.jpg 300w, http:\/\/maudep.com.vn\/giadung1\/wp-content\/uploads\/2021\/06\/2-4-1-180x169.jpg 180w, http:\/\/maudep.com.vn\/giadung1\/wp-content\/uploads\/2021\/06\/2-4-1-600x563.jpg 600w\" sizes=\"(max-width: 710px) 100vw, 710px\" \/><\/p>\n<p>2 Ng\u0103n b\u1ea3o qu\u1ea3n t\u00e1ch bi\u1ec7t thu\u1eadn ti\u1ec7n cho vi\u1ec7c l\u01b0u tr\u1eef th\u1ef1c ph\u1ea9m<\/p>\n<p>T\u1ee7 \u0111\u00f4ng Inverter 2 ng\u0103n 2 c\u00e1nh HCFI 656S2\u01102 \u2013 2 ng\u0103n 2 ch\u1ebf \u0111\u1ed9 ( \u0110\u00f4ng\/M\u00e1t) c\u00f3 2 ng\u0103n t\u00e1ch bi\u1ec7t ti\u1ec7n l\u1ee3i, \u0111\u00f3 l\u00e0<\/p>\n<ul>\n<li>Ng\u0103n b\u1ea3o qu\u1ea3n ng\u0103n \u0111\u00f4ng: c\u00f3 nhi\u1ec7t \u0111\u1ed9 l\u1ea1nh s\u00e2u &lt; -18 \u0111\u1ed9 C, \u0111\u00f4ng l\u1ea1nh s\u00e2u v\u00e0 hi\u1ec7u qu\u1ea3, ph\u00f9 h\u1ee3p v\u1edbi nhu c\u1ea7u b\u1ea3o qu\u1ea3n, m\u1ed9t s\u1ed1 th\u1ef1c ph\u1ea9m nh\u01b0 th\u1ecbt, c\u00e1\u2026 trong th\u1eddi gian d\u00e0i ,<\/li>\n<li>Ng\u0103n b\u1ea3o qu\u1ea3n ng\u0103n m\u00e1t: c\u00f3 nhi\u1ec7t \u0111\u1ed9 giao \u0111\u1ed9ng t\u1eeb 0 \u0111\u1ed9c C \u0111\u1ebfn 10 \u0111\u1ed9 C, ph\u00f9 h\u1ee3p v\u1edbi nhu c\u1ea7u b\u1ea3o qu\u1ea3n th\u1ef1c ph\u1ea9m ng\u1eafn ng\u00e0y, ngo\u00e0i ra m\u1eb7t ngo\u00e0i t\u1ee7 c\u00f2n \u0111\u01b0\u1ee3c b\u1ed1 tr\u00ed n\u00fam v\u1eb7n \u0111i\u1ec1u khi\u1ec3n nhi\u1ec7t \u0111\u1ed9 ng\u0103n, b\u1ea3o v\u1ec7 th\u1ef1c ph\u1ea9m d\u00e0i ng\u00e0y ti\u1ec7n l\u1ee3i, gi\u00fap ng\u01b0\u1eddi s\u1eed d\u1ee5ng d\u1ec5 d\u00e0ng \u0111i\u1ec1u ch\u1ec9nh nhi\u1ec7t \u0111\u1ed9 ph\u00f9 h\u1ee3p v\u1edbi nhu c\u1ea7u , \u0111\u1ed3ng th\u1eddi ti\u1ebft ki\u1ec7m \u0111i\u1ec7n n\u0103ng<\/li>\n<li><img loading=\"lazy\" class=\"aligncenter wp-image-3385\" src=\"http:\/\/maudep.com.vn\/giadung1\/wp-content\/uploads\/2021\/06\/cong-nghe-inverter-01-600x563.jpg\" alt=\"\" width=\"707\" height=\"663\" srcset=\"http:\/\/maudep.com.vn\/giadung1\/wp-content\/uploads\/2021\/06\/cong-nghe-inverter-01-600x563.jpg 600w, http:\/\/maudep.com.vn\/giadung1\/wp-content\/uploads\/2021\/06\/cong-nghe-inverter-01-600x563-300x282.jpg 300w, http:\/\/maudep.com.vn\/giadung1\/wp-content\/uploads\/2021\/06\/cong-nghe-inverter-01-600x563-180x169.jpg 180w\" sizes=\"(max-width: 707px) 100vw, 707px\" \/><\/li>\n<\/ul>\n<h3>TH\u00d4NG S\u1ed0 K\u1ef8 THU\u1eacT C\u1ee6A\u00a0T\u1ee6 \u0110\u00d4NG INVERTER 2 NG\u0102N 2 C\u00c1CH HCFI 656S2\u01102<\/h3>\n<p>C\u00f4ng su\u1ea5t 50w<\/p>\n<p>2 ng\u0103n \u00a0\u2013 2 c\u00e1nh m\u1edf \u2013 2 ch\u1ebf \u0111\u1ed9<\/p>\n<p>tr\u1ecdng l\u01b0\u1ee3ng 62 kg<\/p>\n<p>B\u1ea3o h\u00e0nh 30 th\u00e1ng<\/p>\n<p>Ti\u1ebft ki\u1ec7m \u0111i\u1ec7n \u2013 L\u00e0m l\u1ea1nh nhanh<\/p>\n<p>L\u00e0 m\u1ed9t trong nh\u1eefng t\u1ee7 \u0111\u00f4ng ch\u1ea5t l\u01b0\u1ee3ng tr\u00ean th\u1ecb tr\u01b0\u1eddng ,\u00a0<strong>T\u1ee7 \u0111\u00f4ng Inverter 2 ng\u0103n 2 c\u00e1nh HCFI 656S2\u01102<\/strong>\u00a0c\u00f3 kh\u1ea3 n\u0103ng l\u00e0m l\u1ea1nh nhanh b\u1ec1n b\u1ec9 nh\u1edd \u2013 D\u00e0n l\u1ea1nh \u0111\u1ed3ng nguy\u00ean ch\u1ea5t , ch\u1ea5t l\u01b0\u1ee3ng \u0111\u1ed3ng nguy\u00ean ch\u1ea5t gi\u00fap t\u0103ng kh\u1ea3 n\u0103ng truy\u1ec1n nhi\u1ec7t, \u0111\u1ea9y nhanh t\u1ed1c \u0111\u1ed9 l\u00e0m l\u1ea1nh, \u0111\u1ed3ng th\u1eddi ng\u0103n ch\u1eb7n tho\u00e1t nhi\u1ec7t hi\u1ec7u qu\u1ea3, M\u00f4i ch\u1ea5t l\u1ea1nh R600a: \u0111em \u0111\u1ebfn hi\u1ec7u qu\u1ea3 l\u00e0m l\u1ea1nh t\u1ed1i \u01b0u, ti\u1ebft ki\u1ec7m \u0111i\u1ec7n n\u0103ng m\u00e0 n\u00f3 c\u00f2n v\u00f4 c\u00f9ng th\u00e2n thi\u1ec7n v\u1edbi m\u00f4i tr\u01b0\u1eddng<\/p>\n<p>Nhu c\u1ea7u b\u1ea3o qu\u1ea3n th\u1ef1c ph\u1ea9m l\u1ea1nh ng\u00e0y nay r\u1ea5t t\u0103ng r\u1ea5t nhanh, bao g\u1ed3m c\u1ea3 kh\u1ed1i doanh nghi\u1ec7p kinh doanh th\u1ef1c ph\u1ea9m v\u00e0 nh\u1eefng gia \u0111\u00ecnh b\u1eadn r\u1ed9n, so v\u1edbi t\u1ee7 l\u1ea1nh, t\u1ee7 \u0111\u00f4ng l\u00e0 bi\u1ec7n ph\u00e1p b\u1ea3o qu\u1ea3n hi\u1ec7u qu\u1ea3 h\u01a1n nh\u1edd kh\u1ea3 n\u0103ng l\u00e0m l\u1ea1nh nhanh cho ph\u00e9p d\u1ef1 tr\u1eef th\u1ef1c ph\u1ea9m l\u00e2u h\u01a1n. V\u1edbi c\u00f4ng ngh\u1ec7 l\u1ea1nh s\u00e2u, \u0111a chi\u1ec1u\u00a0<strong>T\u1ee7 \u0111\u00f4ng Inverter 2 ng\u0103n 2 c\u00e1nh HCFI 656S2\u01102<\/strong>\u00a0\u0111em t\u1edbi gi\u1ea3i ph\u00e1p \u0111\u00f4ng l\u1ea1nh s\u00e2u &lt;-18 \u0111\u1ed9 C, L\u01b0u gi\u1eef tr\u1ecdn v\u1eb9n d\u01b0\u1ee1ng ch\u1ea5t, \u0111\u1ea3m b\u1ea3o s\u1ee9c kh\u1ecfe cho ng\u01b0\u1eddi s\u1eed d\u1ee5ng<\/p>\n<p><img loading=\"lazy\" class=\"aligncenter wp-image-3383\" src=\"http:\/\/maudep.com.vn\/giadung1\/wp-content\/uploads\/2021\/06\/cong-nghe-inverter-07-1-426x400.jpg\" alt=\"\" width=\"567\" height=\"532\" srcset=\"http:\/\/maudep.com.vn\/giadung1\/wp-content\/uploads\/2021\/06\/cong-nghe-inverter-07-1-426x400.jpg 426w, http:\/\/maudep.com.vn\/giadung1\/wp-content\/uploads\/2021\/06\/cong-nghe-inverter-07-1-426x400-300x282.jpg 300w, http:\/\/maudep.com.vn\/giadung1\/wp-content\/uploads\/2021\/06\/cong-nghe-inverter-07-1-426x400-180x169.jpg 180w\" sizes=\"(max-width: 567px) 100vw, 567px\" \/><\/p>\n<p>K\u00ednh c\u01b0\u1eddng l\u1ef1c ch\u1ec9 c\u00f3 \u1edf t\u1ee7 \u0111\u00f4ng h\u00f2a ph\u00e1t<\/p>\n<p>K\u00ednh c\u01b0\u1eddng l\u1ef1c c\u00f3 trong T\u1ee7 \u0111\u00f4ng Inverter 2 ng\u0103n 2 c\u00e1nh HCFI 656S2\u01102\u00a0c\u00f3 t\u00ednh ch\u1ecbu l\u1ef1c c\u01a1 h\u1ecdc v\u00e0 gi\u1eef nhi\u1ec7t t\u1ed1t, ch\u1ed1ng x\u1ea7y x\u01b0\u1edbc, \u0111\u1ea3m b\u1ea3o t\u00ednh th\u1ea9m m\u1ef9 c\u0169ng nh\u01b0 an to\u00e0n cho ng\u01b0\u1eddi s\u1eed d\u1ee5ng. Vi\u1ec1n k\u00ednh \u0111\u01b0\u1ee3c l\u00e0m b\u1eb1ng thanh n\u1eb9p nh\u1ef1a to gio\u0103ng b\u1ecbt k\u00edn t\u1ee7 l\u00e0m t\u0103ng kh\u1ea3 n\u0103ng gi\u1eef nhi\u1ec7t v\u00e0 h\u1ea1n ch\u1ebf b\u00e1m tuy\u1ebft trong t\u1ee7<\/p>\n<p><img loading=\"lazy\" class=\"aligncenter size-full wp-image-3388\" src=\"http:\/\/maudep.com.vn\/giadung1\/wp-content\/uploads\/2021\/06\/cong-nghe-inverter-02-800x297.jpg\" alt=\"\" width=\"800\" height=\"297\" srcset=\"http:\/\/maudep.com.vn\/giadung1\/wp-content\/uploads\/2021\/06\/cong-nghe-inverter-02-800x297.jpg 800w, http:\/\/maudep.com.vn\/giadung1\/wp-content\/uploads\/2021\/06\/cong-nghe-inverter-02-800x297-300x111.jpg 300w, http:\/\/maudep.com.vn\/giadung1\/wp-content\/uploads\/2021\/06\/cong-nghe-inverter-02-800x297-768x285.jpg 768w, http:\/\/maudep.com.vn\/giadung1\/wp-content\/uploads\/2021\/06\/cong-nghe-inverter-02-800x297-180x67.jpg 180w, http:\/\/maudep.com.vn\/giadung1\/wp-content\/uploads\/2021\/06\/cong-nghe-inverter-02-800x297-600x223.jpg 600w\" sizes=\"(max-width: 800px) 100vw, 800px\" \/><\/p>\n<p>Gi\u1eef nhi\u1ec7t t\u1ed1t<\/p>\n<p>L\u1edbp c\u00e1ch nhi\u1ec7t Polyurethane d\u00e0y 50mm \u0111\u1ebfn 62mm , t\u1ea1o l\u00ean m\u1ed9t b\u01b0\u1edbc \u0111\u1ed9t ph\u00e1 trong c\u00f4ng ngh\u1ec7 b\u1ea3o \u00f4n , gi\u1eef l\u1ea1nh t\u1ed1t, ( nh\u1ea5t l\u00e0 khi m\u1ea5t \u0111i\u1ec7n trong th\u1eddi gian d\u00e0i , b\u00ean trong t\u1ee7 v\u1eabn gi\u1eef \u0111\u01b0\u1ee3c l\u1ea1nh l\u00e2u h\u01a1n c\u00e1c h\u00e3ng kh\u00e1c ) ti\u1ebft ki\u1ec7m \u0111i\u1ec7n n\u0103ng ti\u00eau th\u1ee5<\/p>\n<p><img loading=\"lazy\" class=\"aligncenter size-full wp-image-3389\" src=\"http:\/\/maudep.com.vn\/giadung1\/wp-content\/uploads\/2021\/06\/cong-nghe-inverter-03-800x297.jpg\" alt=\"\" width=\"800\" height=\"297\" srcset=\"http:\/\/maudep.com.vn\/giadung1\/wp-content\/uploads\/2021\/06\/cong-nghe-inverter-03-800x297.jpg 800w, http:\/\/maudep.com.vn\/giadung1\/wp-content\/uploads\/2021\/06\/cong-nghe-inverter-03-800x297-300x111.jpg 300w, http:\/\/maudep.com.vn\/giadung1\/wp-content\/uploads\/2021\/06\/cong-nghe-inverter-03-800x297-768x285.jpg 768w, http:\/\/maudep.com.vn\/giadung1\/wp-content\/uploads\/2021\/06\/cong-nghe-inverter-03-800x297-180x67.jpg 180w, http:\/\/maudep.com.vn\/giadung1\/wp-content\/uploads\/2021\/06\/cong-nghe-inverter-03-800x297-600x223.jpg 600w\" sizes=\"(max-width: 800px) 100vw, 800px\" \/><\/p>\n<p>Thi\u1ebft k\u1ebf ti\u1ec7n l\u1ee3i<\/p>\n<p><strong>T\u1ee7 \u0111\u00f4ng Inverter 2 ng\u0103n 2 c\u00e1nh HCFI 656S2\u01102\u00a0<\/strong>.\u0111\u01b0\u1ee3c k\u1ebft h\u1ee3p c\u00e1c chi ti\u1ebft \u0111em \u0111\u1ebfn s\u1ef1 ti\u1ec7n l\u1ee3i, tho\u1ea3i m\u00e1i nh\u1ea5t cho ng\u01b0\u1eddi s\u1eed d\u1ee5ng, bao g\u1ed3m :<\/p>\n<ul>\n<li>Tay n\u1eafm : gi\u00fap vi\u1ec7c n\u00e2ng nh\u1ea5c c\u00e1nh t\u1ee7 d\u1ec5 d\u00e0ng , h\u1ea1n ch\u1ebf va \u0111\u1eadp trong qu\u00e1 tr\u00ecnh s\u1eed d\u1ee5ng v\u00e0 v\u00e0 v\u1eadn chuy\u1ec3n<\/li>\n<li>Kh\u00f2a an to\u00e0n : Vi\u1ec7c m\u1edf t\u1ee7 th\u01b0\u1eddng xuy\u00ean s\u1ebd l\u00e0m th\u1ea5t tho\u00e1t nhi\u1ec7t, gi\u1ea3m hi\u1ec7u qu\u1ea3 \u0111\u00f4ng l\u1ea1nh c\u1ee7a t\u1ee7, \u0111\u1ed3ng th\u1eddi ti\u00eau t\u1ed1n nhi\u1ec1u \u0111i\u1ec7n n\u0103ng kh\u00f4ng c\u1ea7n thi\u1ebft, Kh\u00f3a an to\u00e0n s\u1ebd gi\u00fap ng\u01b0\u1eddi s\u1eed d\u1ee5ng ki\u1ec3m so\u00e1t t\u1ed1t h\u01a1n trong ho\u1ea1t \u0111\u1ed9ng \u0110\u00f3ng \u2013 M\u1edf t\u1ee7 \u0111\u00f4ng<\/li>\n<li>T\u00edch h\u1ee3p b\u00e1nh xe : s\u1edf h\u1eefu tr\u1ecdng l\u01b0\u1ee3ng l\u1edbn , t\u1ee7 \u0111\u00f4ng g\u00e2y nhi\u1ec1u kh\u00f3 kh\u0103n khi v\u1eadn chuy\u1ec3n , nh\u1edd t\u00edch h\u1ee3p b\u00e1nh xe b\u00ean d\u01b0\u1edbi t\u1ee7, ng\u01b0\u1eddi s\u1eed d\u1ee5ng s\u1ebd d\u1ec5 d\u00e0ng di chuy\u1ec3n t\u1ee7 m\u1ed9t c\u00e1ch thu\u1eadn ti\u1ec7n v\u00e0 an to\u00e0n h\u01a1n . M\u1eb7t trong t\u1ee7 thi\u1ebft k\u1ebf th\u1eb3ng \u0111\u1ee9ng , b\u1ec1 m\u1eb7t ph\u1eb3ng gi\u00fap t\u1ee7 \u0111\u00f4ng gi\u1ea3m b\u00e1m tuy\u1ebft trong qu\u00e1 tr\u00ecnh s\u1eed d\u1ee5ng , d\u1ec5 v\u1ec7 sinh<\/li>\n<\/ul>\n<p>&nbsp;<\/p>\n<p><img loading=\"lazy\" class=\"aligncenter size-full wp-image-3390\" src=\"http:\/\/maudep.com.vn\/giadung1\/wp-content\/uploads\/2021\/06\/tinh-nang-td-09-f1d1e866-ff8e-4ba0-97e9-ee96312cd6a7-800x333.jpg\" alt=\"\" width=\"800\" height=\"333\" srcset=\"http:\/\/maudep.com.vn\/giadung1\/wp-content\/uploads\/2021\/06\/tinh-nang-td-09-f1d1e866-ff8e-4ba0-97e9-ee96312cd6a7-800x333.jpg 800w, http:\/\/maudep.com.vn\/giadung1\/wp-content\/uploads\/2021\/06\/tinh-nang-td-09-f1d1e866-ff8e-4ba0-97e9-ee96312cd6a7-800x333-300x125.jpg 300w, http:\/\/maudep.com.vn\/giadung1\/wp-content\/uploads\/2021\/06\/tinh-nang-td-09-f1d1e866-ff8e-4ba0-97e9-ee96312cd6a7-800x333-768x320.jpg 768w, http:\/\/maudep.com.vn\/giadung1\/wp-content\/uploads\/2021\/06\/tinh-nang-td-09-f1d1e866-ff8e-4ba0-97e9-ee96312cd6a7-800x333-180x75.jpg 180w, http:\/\/maudep.com.vn\/giadung1\/wp-content\/uploads\/2021\/06\/tinh-nang-td-09-f1d1e866-ff8e-4ba0-97e9-ee96312cd6a7-800x333-600x250.jpg 600w\" sizes=\"(max-width: 800px) 100vw, 800px\" \/><\/p>\n","protected":false},"excerpt":{"rendered":"<p>C\u00f4ng su\u1ea5t 50w<\/p>\n<p>2 ng\u0103n \u00a0\u2013 2 c\u00e1nh m\u1edf \u2013 2 ch\u1ebf \u0111\u1ed9<\/p>\n<p>tr\u1ecdng l\u01b0\u1ee3ng 62 kg<\/p>\n<p>B\u1ea3o h\u00e0nh 30 th\u00e1ng<\/p>\n<p>Ti\u1ebft ki\u1ec7m \u0111i\u1ec7n \u2013 L\u00e0m l\u1ea1nh nhanh<\/p>\n","protected":false},"featured_media":3385,"comment_status":"open","ping_status":"closed","template":"","meta":[],"_links":{"self":[{"href":"http:\/\/maudep.com.vn\/giadung1\/wp-json\/wp\/v2\/product\/3386"}],"collection":[{"href":"http:\/\/maudep.com.vn\/giadung1\/wp-json\/wp\/v2\/product"}],"about":[{"href":"http:\/\/maudep.com.vn\/giadung1\/wp-json\/wp\/v2\/types\/product"}],"replies":[{"embeddable":true,"href":"http:\/\/maudep.com.vn\/giadung1\/wp-json\/wp\/v2\/comments?post=3386"}],"wp:featuredmedia":[{"embeddable":true,"href":"http:\/\/maudep.com.vn\/giadung1\/wp-json\/wp\/v2\/media\/3385"}],"wp:attachment":[{"href":"http:\/\/maudep.com.vn\/giadung1\/wp-json\/wp\/v2\/media?parent=3386"}],"curies":[{"name":"wp","href":"https:\/\/api.w.org\/{rel}","templated":true}]}}