{"id":3401,"date":"2021-06-03T16:00:16","date_gmt":"2021-06-03T09:00:16","guid":{"rendered":"http:\/\/maudep.com.vn\/giadung1\/?post_type=product&#038;p=3401"},"modified":"2021-06-04T15:54:40","modified_gmt":"2021-06-04T08:54:40","slug":"tu-dong-hoa-phat-hcf-106s1d","status":"publish","type":"product","link":"http:\/\/maudep.com.vn\/giadung1\/san-pham\/tu-dong-hoa-phat-hcf-106s1d\/","title":{"rendered":"T\u1ee7 \u0111\u00f4ng H\u00f2a Ph\u00e1t hcf 106s1\u0111"},"content":{"rendered":"<h3>TH\u00d4NG TIN CHI TI\u1ebeT:<\/h3>\n<p>Lo\u1ea1i 1 ng\u0103n, 1 ch\u1ebf \u0111\u1ed9 ( \u0110\u00f4ng )<br \/>\nD\u00e0n l\u1ea1nh \u0110\u1ed3ng<br \/>\nC\u00f4ng su\u1ea5t 88 W<br \/>\nK\u00edch th\u01b0\u1edbc ( R x S x C ) 564 x 590 x 870 (mm)<br \/>\nTr\u1ecdng l\u01b0\u1ee3ng 30 Kg<br \/>\nGas R600a<br \/>\nB\u1ea3o h\u00e0nh 30 th\u00e1ng<\/p>\n<p><img loading=\"lazy\" class=\"aligncenter size-full wp-image-3478\" src=\"http:\/\/maudep.com.vn\/giadung1\/wp-content\/uploads\/2021\/06\/1.png\" alt=\"\" width=\"1089\" height=\"512\" srcset=\"http:\/\/maudep.com.vn\/giadung1\/wp-content\/uploads\/2021\/06\/1.png 1089w, http:\/\/maudep.com.vn\/giadung1\/wp-content\/uploads\/2021\/06\/1-300x141.png 300w, http:\/\/maudep.com.vn\/giadung1\/wp-content\/uploads\/2021\/06\/1-768x361.png 768w, http:\/\/maudep.com.vn\/giadung1\/wp-content\/uploads\/2021\/06\/1-1024x481.png 1024w, http:\/\/maudep.com.vn\/giadung1\/wp-content\/uploads\/2021\/06\/1-180x85.png 180w, http:\/\/maudep.com.vn\/giadung1\/wp-content\/uploads\/2021\/06\/1-600x282.png 600w\" sizes=\"(max-width: 1089px) 100vw, 1089px\" \/><\/p>\n<p><img loading=\"lazy\" class=\"aligncenter size-full wp-image-3479\" src=\"http:\/\/maudep.com.vn\/giadung1\/wp-content\/uploads\/2021\/06\/2.png\" alt=\"\" width=\"1082\" height=\"520\" srcset=\"http:\/\/maudep.com.vn\/giadung1\/wp-content\/uploads\/2021\/06\/2.png 1082w, http:\/\/maudep.com.vn\/giadung1\/wp-content\/uploads\/2021\/06\/2-300x144.png 300w, http:\/\/maudep.com.vn\/giadung1\/wp-content\/uploads\/2021\/06\/2-768x369.png 768w, http:\/\/maudep.com.vn\/giadung1\/wp-content\/uploads\/2021\/06\/2-1024x492.png 1024w, http:\/\/maudep.com.vn\/giadung1\/wp-content\/uploads\/2021\/06\/2-180x87.png 180w, http:\/\/maudep.com.vn\/giadung1\/wp-content\/uploads\/2021\/06\/2-600x288.png 600w\" sizes=\"(max-width: 1082px) 100vw, 1082px\" \/><\/p>\n<p><img loading=\"lazy\" class=\"aligncenter size-full wp-image-3480\" src=\"http:\/\/maudep.com.vn\/giadung1\/wp-content\/uploads\/2021\/06\/3.png\" alt=\"\" width=\"1172\" height=\"561\" srcset=\"http:\/\/maudep.com.vn\/giadung1\/wp-content\/uploads\/2021\/06\/3.png 1172w, http:\/\/maudep.com.vn\/giadung1\/wp-content\/uploads\/2021\/06\/3-300x144.png 300w, http:\/\/maudep.com.vn\/giadung1\/wp-content\/uploads\/2021\/06\/3-768x368.png 768w, http:\/\/maudep.com.vn\/giadung1\/wp-content\/uploads\/2021\/06\/3-1024x490.png 1024w, http:\/\/maudep.com.vn\/giadung1\/wp-content\/uploads\/2021\/06\/3-180x86.png 180w, http:\/\/maudep.com.vn\/giadung1\/wp-content\/uploads\/2021\/06\/3-600x287.png 600w\" sizes=\"(max-width: 1172px) 100vw, 1172px\" \/><\/p>\n<div class=\"container\">\n<div class=\"detail-related__title default\">\n<h2>TH\u00d4NG S\u1ed0 K\u1ef8 THU\u1eacT<\/h2>\n<\/div>\n<\/div>\n<div class=\"detail-parameter__box default\">\n<div class=\"container\">\n<div class=\"detail-parameter__list default\">\n<div class=\"item\">\n<div class=\"item-title default\">\n<p>Dung t\u00edch s\u1eed d\u1ee5ng ( L\u00edt ) :\u00a0107<\/p>\n<\/div>\n<\/div>\n<div class=\"item\">\n<div class=\"item-title default\">\n<p>C\u00f4ng su\u1ea5t \u0111i\u1ec7n ( W ) :\u00a088<\/p>\n<\/div>\n<\/div>\n<div class=\"item\">\n<div class=\"item-title default\">\n<p>M\u00f4i ch\u1ea5t l\u1ea1nh :\u00a0R600a<\/p>\n<\/div>\n<\/div>\n<div class=\"item\">\n<div class=\"item-title default\">\n<p>K\u00edch th\u01b0\u1edbc s\u1ea3n ph\u1ea9m ( R\u00d7 S \u00d7 C ) mm :\u00a0564\u00d7590\u00d7870<\/p>\n<\/div>\n<\/div>\n<\/div>\n<\/div>\n<\/div>\n<h3><strong>Li\u00ean h\u1ec7 mua \u0111i\u1ec1u h\u00f2a t\u1ee7 lanh, t\u1ee7 \u0111\u00f4ng H\u00f2a Ph\u00e1t \u2013 Funiki :\u00a0<a href=\"tel:0862606686\"><span class=\"text-hotline\">0862 606 686<\/span><\/a><\/strong><\/h3>\n<p>&nbsp;<\/p>\n<p>&nbsp;<\/p>\n","protected":false},"excerpt":{"rendered":"<div class=\"item\">\n<div class=\"item-title default\">\n<p>Dung t\u00edch s\u1eed d\u1ee5ng ( L\u00edt ) :\u00a0107<\/p>\n<\/div>\n<\/div>\n<div class=\"item\">\n<div class=\"item-title default\">\n<p>C\u00f4ng su\u1ea5t \u0111i\u1ec7n ( W ) :\u00a088<\/p>\n<\/div>\n<\/div>\n<div class=\"item\">\n<div class=\"item-title default\">\n<p>M\u00f4i ch\u1ea5t l\u1ea1nh :\u00a0R600a<\/p>\n<\/div>\n<\/div>\n<div class=\"item\">\n<div class=\"item-title default\">\n<p>K\u00edch th\u01b0\u1edbc s\u1ea3n ph\u1ea9m ( R\u00d7 S \u00d7 C ) mm :\u00a0564\u00d7590\u00d7870<\/p>\n<\/div>\n<\/div>\n","protected":false},"featured_media":3380,"comment_status":"open","ping_status":"closed","template":"","meta":[],"_links":{"self":[{"href":"http:\/\/maudep.com.vn\/giadung1\/wp-json\/wp\/v2\/product\/3401"}],"collection":[{"href":"http:\/\/maudep.com.vn\/giadung1\/wp-json\/wp\/v2\/product"}],"about":[{"href":"http:\/\/maudep.com.vn\/giadung1\/wp-json\/wp\/v2\/types\/product"}],"replies":[{"embeddable":true,"href":"http:\/\/maudep.com.vn\/giadung1\/wp-json\/wp\/v2\/comments?post=3401"}],"wp:featuredmedia":[{"embeddable":true,"href":"http:\/\/maudep.com.vn\/giadung1\/wp-json\/wp\/v2\/media\/3380"}],"wp:attachment":[{"href":"http:\/\/maudep.com.vn\/giadung1\/wp-json\/wp\/v2\/media?parent=3401"}],"curies":[{"name":"wp","href":"https:\/\/api.w.org\/{rel}","templated":true}]}}