{"id":3411,"date":"2021-06-03T16:21:37","date_gmt":"2021-06-03T09:21:37","guid":{"rendered":"http:\/\/maudep.com.vn\/giadung1\/?post_type=product&#038;p=3411"},"modified":"2021-06-28T14:56:51","modified_gmt":"2021-06-28T07:56:51","slug":"tu-dong-hoa-phat-hcf-666s1n2","status":"publish","type":"product","link":"http:\/\/maudep.com.vn\/giadung1\/san-pham\/tu-dong-hoa-phat-hcf-666s1n2\/","title":{"rendered":"T\u1ee7 \u0111\u00f4ng H\u00f2a Ph\u00e1t HCF 666S1N2"},"content":{"rendered":"<h2>TH\u00d4NG TIN CHI TI\u1ebeT:<\/h2>\n<h2><strong>M\u00f4 t\u1ea3 t\u1ee7 \u0111\u00f4ng H\u00f2a Ph\u00e1t HCF 666S1N2, 400l 1 ng\u0103n \u0111\u00f4ng<\/strong><\/h2>\n<ul>\n<li>T\u1ee7 \u0111\u00f4ng H\u00f2a Ph\u00e1t HCF 666S1N2\u00a0l\u00e0 t\u1ee7 \u0111\u00f4ng c\u1ee1 v\u1eeba, dung t\u00edch t\u1ed5ng th\u1ec3: 400 l\u00edt\/ dung t\u00edch s\u1eed d\u1ee5ng 352 l\u00edt, 1 ng\u0103n \u0111\u00f4ng<\/li>\n<li>Ti\u00eau chu\u1ea9n ch\u1ea5t l\u01b0\u1ee3ng\u00a0<strong>ISO 9001:2015.\u00a0<\/strong><\/li>\n<li>Ki\u1ec3u d\u00e1ng hi\u1ec7n \u0111\u1ea1i, ti\u1ebft ki\u1ec7m kh\u00f4ng gian, ph\u00f9 h\u1ee3p v\u1edbi c\u00e1c c\u1eeda h\u00e0ng, si\u00eau th\u1ecb, nh\u00e0 h\u00e0ng<\/li>\n<\/ul>\n<div class=\"tab-panels\">\n<div id=\"tab-description\" class=\"woocommerce-Tabs-panel woocommerce-Tabs-panel--description panel entry-content active\" role=\"tabpanel\">\n<h3><strong>\u0110\u1eb7c \u0111i\u1ec3m t\u1ee7 \u0111\u00f4ng H\u00f2a Ph\u00e1t HCF 666S1N2, 400l 1 ng\u0103n \u0111\u00f4ng d\u00e0n nh\u00f4m:<\/strong><\/h3>\n<h3><strong>\u0110\u1eb7c \u0111i\u1ec3m t\u1ee7 \u0111\u00f4ng H\u00f2a Ph\u00e1t HCF 666S1N2, 400l 1 ng\u0103n \u0111\u00f4ng d\u00e0n nh\u00f4m:<\/strong><\/h3>\n<figure id=\"attachment_3605\" class=\"wp-caption alignright\"><figcaption id=\"caption-attachment-3605\" class=\"wp-caption-text\"><\/figcaption><\/figure>\n<h4><strong>S\u1ea3n xu\u1ea5t tr\u00ean d\u00e2y chuy\u1ec1n Italia, thi\u1ebft k\u1ebf hi\u1ec7n \u0111\u1ea1i sang tr\u1ecdng:<\/strong><\/h4>\n<ul>\n<li>T\u1ee7 \u0111\u00f4ng H\u00f2a Ph\u00e1t 400l HCF 666S1N2 s\u1ea3n xu\u1ea5t tr\u00ean d\u00e2y chuy\u1ec1n hi\u1ec7n \u0111\u1ea1i c\u1ee7a Italia. Ti\u00eau chu\u1ea9n ch\u1ea5t l\u01b0\u1ee3ng\u00a0<strong>ISO 9001:201<\/strong><\/li>\n<li>T\u1ee7 c\u00f3 thi\u1ebft k\u1ebf sang tr\u1ecdng hi\u1ec7n \u0111\u1ea1i, nh\u1ecf g\u1ecdn ti\u1ebft ki\u1ec7m kh\u00f4ng gian. D\u1ec5 d\u00e0ng b\u00e0i tr\u00ed c\u00f9ng thi\u1ebft k\u1ebf t\u1ed5ng th\u1ec3 c\u0103n ph\u00f2ng n\u01a1i \u0111\u1eb7t t\u1ee7.<\/li>\n<\/ul>\n<h4><strong>M\u00e1y n\u00e9n ch\u1ea5t l\u01b0\u1ee3ng cao cho \u0111\u1ed9 l\u1ea1nh s\u00e2u:<\/strong><\/h4>\n<ul>\n<li>T\u1ee7 \u0111\u00f4ng H\u00f2a Ph\u00e1t 400l HCF 666S1N2 s\u1eed d\u1ee5ng m\u00e1y n\u00e9n ch\u1ea5t l\u01b0\u1ee3ng cao, v\u1eadn h\u00e0nh \u00eam b\u1ec1n b\u1ec9 trong th\u1eddi gian d\u00e0i. T\u1ee7 l\u00e0m l\u1ea1nh nhanh xu\u1ed1ng d\u01b0\u1edbi \u00e2m 18oC (-18oC) v\u00e0 ti\u1ebft ki\u1ec7m \u0111i\u1ec7n.<\/li>\n<\/ul>\n<h4><strong>D\u00e0n l\u1ea1nh b\u1eb1ng nh\u00f4m:<\/strong><\/h4>\n<ul>\n<li>T\u1ee7 \u0111\u00f4ng H\u00f2a Ph\u00e1t 400l 666S1N2 c\u00f3 d\u00e0n l\u1ea1nh b\u1eb1ng nh\u00f4m cao c\u1ea5p \u0111\u1ed9 b\u1ec1n cao<\/li>\n<\/ul>\n<h4><strong>L\u1edbp c\u00e1ch nhi\u1ec7t d\u1ea7y:<\/strong><\/h4>\n<ul>\n<li>L\u1edbp c\u00e1ch nhi\u1ec7t Polyurethane c\u1ee7a T\u1ee7 \u0111\u00f4ng H\u00f2a Ph\u00e1t 400l HCF 666S1N2 d\u00e0y 50mm \u0111\u1ebfn 60mmm c\u00e1ch nhi\u1ec7t hi\u1ec7u qu\u1ea3, ch\u1ed1ng th\u1ea5t tho\u00e1t nhi\u1ec7t, gi\u00fap t\u1ee7 v\u1eadn h\u00e0nh an to\u00e0n trong th\u1eddi gian d\u00e0i v\u00e0 ti\u1ebft ki\u1ec7m \u0111i\u1ec7n. S\u1eed d\u1ee5ng ch\u1ea5t tr\u1ee3 n\u1edf th\u1ebf h\u1ec7 m\u1edbi Cylopentane trong l\u1edbp c\u00e1ch nhi\u1ec7t gi\u00fap c\u00e1ch an to\u00e0n cho th\u1ef1c ph\u1ea9m \u0111\u00f4ng l\u1ea1nh trong t\u1ee7.<\/li>\n<\/ul>\n<h4><strong>M\u00f4i ch\u1ea5t l\u1ea1nh (gas) R600a:<\/strong><\/h4>\n<ul>\n<li>T\u1ee7 \u0111\u00f4ng H\u00f2a Ph\u00e1t 400L 666S1N2 s\u1eed d\u1ee5ng m\u00f4i ch\u1ea5t l\u00e0m l\u1ea1nh l\u00e0 Gas R600a gi\u00fap ti\u1ebft ki\u1ec7m t\u1edbi 40% \u0111i\u1ec7n n\u0103ng so v\u1edbi c\u00e1c lo\u1ea1i Gas kh\u00e1c b\u1edfi n\u00f3 y\u00eau c\u1ea7u m\u1ed9t \u00e1p xu\u1ea5t ng\u01b0ng th\u1ea5p. Th\u00eam v\u00e0o \u0111\u00f3 n\u00f3 c\u0169ng b\u1ea3o v\u1ec7 s\u1ee9c kh\u1ecfe ng\u01b0\u1eddi s\u1eed d\u1ee5ng v\u00e0 kh\u00f4ng g\u00e2y \u1ea3nh h\u01b0\u1edfng t\u1edbi m\u00f4i tr\u01b0\u1eddng<\/li>\n<\/ul>\n<h3><strong>Th\u00f4ng s\u1ed1 k\u1ef9 thu\u1eadt t\u1ee7 \u0111\u00f4ng H\u00f2a Ph\u00e1t HCF 666S1N2, 400 l\u00edt 1 ng\u0103n \u0111\u00f4ng d\u00e0n nh\u00f4m:<\/strong><\/h3>\n<ul>\n<li>Model: HCF 666S1N2<\/li>\n<li>Dung t\u00edch t\u1ed5ng th\u1ec3: 400 l\u00edt<\/li>\n<li>Dung t\u00edch s\u1eed d\u1ee5ng: 352 l\u00edt<\/li>\n<li>S\u1ed1 c\u00e1nh: 2 c\u00e1nh m\u1edf<\/li>\n<li>K\u00edch th\u01b0\u1edbc t\u1ee7 (R x S x C): 1304 x 670 x 890 (mm)<\/li>\n<li>D\u00e0n l\u1ea1nh b\u1eb1ng nh\u00f4m<\/li>\n<li>C\u00f4ng su\u1ea5t \u0111i\u1ec7n: 149 w<\/li>\n<li>Kh\u1ed1i l\u01b0\u1ee3ng: 53 Kg<\/li>\n<li>M\u00f4i ch\u1ea5t l\u00e0m l\u1ea1nh: R600a<\/li>\n<li>Ch\u00e2n b\u00e1nh xe ch\u1ecbu l\u1ef1c<\/li>\n<li>S\u1ea3n xu\u1ea5t tr\u00ean d\u00e2y chuy\u1ec1n hi\u1ec7n \u0111\u1ea1i ho\u00e0n to\u00e0n t\u1ef1 \u0111\u1ed9ng c\u00f4ng ngh\u1ec7 Italia.<\/li>\n<li>Ti\u00eau chu\u1ea9n ch\u1ea5t l\u01b0\u1ee3ng\u00a0<strong>ISO 9001:2015<\/strong><\/li>\n<li><strong>B\u1ea3o h\u00e0nh: 30 th\u00e1ng<\/strong><\/li>\n<\/ul>\n<h3>H\u01b0\u1edbng d\u1eabn c\u00e1ch s\u1eed d\u1ee5ng t\u1ee7 \u0111\u00f4ng H\u00f2a Ph\u00e1t 400l HCF 666S1N2 1 ng\u0103n \u0111\u00f4ng theo c\u00e1ch ti\u1ebft ki\u1ec7m \u0111i\u1ec7n nh\u1ea5t:<\/h3>\n<ul>\n<li>V\u1eca tr\u00ed l\u1eafp \u0111\u1eb7t t\u1ee7 \u0111\u00f4ng c\u1ea7n c\u00f3 khe tho\u00e1ng so v\u1edbi t\u01b0\u1eddng v\u00e0 c\u00e1c \u0111\u1ed3 v\u1eadt kh\u00e1c<\/li>\n<li>H\u1ea1n ch\u1ebf m\u1edf c\u1eeda t\u1ee7, kh\u00f4ng m\u1edf qu\u00e1 nhi\u1ec1u l\u1ea7n v\u00e0 th\u1eddi gian m\u1edf trong th\u1eddi gian l\u00e2u.<\/li>\n<li>Kh\u00f4ng \u0111\u1ec3 th\u1ef1c ph\u1ea9m c\u00f2n n\u00f3ng v\u00e0o trong t\u1ee7.<\/li>\n<li>Kh\u00f4ng ch\u1ee9a qu\u00e1 \u0111\u1ea7y th\u1ef1c ph\u1ea9m v\u01b0\u1ee3t m\u1ee9c quy \u0111\u1ecbnh.<\/li>\n<li>Kh\u00f4ng che c\u00e1c kho\u1ea3ng kh\u00f4ng trong t\u1ee7 c\u00e1c gi\u00e1 \u0111\u1ef1ng th\u1ef1c ph\u1ea9m trong t\u1ee7.<\/li>\n<li>Th\u01b0\u1eddng xuy\u00ean v\u1ec7 sinh trong v\u00e0 ngo\u00e0i t\u1ee7<\/li>\n<\/ul>\n<h3><strong>H\u01b0\u1edbng d\u1eabn c\u00e1ch v\u1ec7 sinh t\u1ee7 \u0111\u00f4ng H\u00f2a Ph\u00e1t 400l HCF 666S1N2 1 ng\u0103n \u0111\u00f4ng:<\/strong><\/h3>\n<p>\u0110\u1ec3 \u0111\u1ea3m b\u1ea3o tu\u1ed5i th\u1ecd v\u00e0 hi\u1ec7u su\u1ea5t c\u1ee7a t\u1ee7 \u0111\u00f4ng H\u00f2a Ph\u00e1t 400l HCF 666S1N2, sau m\u1ed9t th\u1eddi gian s\u1eed d\u1ee5ng v\u00e0i th\u00e1ng b\u1ea1n n\u00ean l\u00e0m v\u1ec7 sinh t\u1ee7 theo c\u00e1c b\u01b0\u1edbc nh\u01b0 sau:<\/p>\n<ul>\n<li>T\u1eaft t\u1ee7: V\u1eb7n n\u00fat \u0111i\u1ec3u ch\u1ec9nh Thermostar t\u1eeb v\u1ecb tr\u00ed (ON) ho\u1eb7c (OFF)<\/li>\n<li>Ng\u1eaft ngu\u1ed3n \u0111i\u1ec7n: ng\u1eaft \u0111i\u1ec7n t\u1ee7 b\u1eb1ng c\u00e1ch r\u00fat d\u00e2y ngu\u1ed3n.<\/li>\n<li>\u0110\u01b0a c\u00e1c th\u1ef1c ph\u1ea9m, khay, gi\u00e1 \u0111\u1ee1 ra kh\u1ecfi t\u1ee7 \u0111\u00f4ng.<\/li>\n<li>Ph\u00e1 tuy\u1ebft tr\u00ean gi\u00e0n l\u1ea1nh \u0111\u1ed1i v\u1edbi t\u1ee7 l\u00e0m l\u1ea1nh tr\u1ef1c ti\u1ebfp (m\u1edf c\u1eeda t\u1ee7 \u0111\u1ec3 tuy\u1ebft tan).<\/li>\n<li>V\u1ec7 sinh b\u00ean trong t\u1ee7 \u0111\u00f4ng H\u00f2a Ph\u00e1t 400l HCF 666S1N2:<br \/>\n+ S\u1eed d\u1ee5ng n\u01b0\u1edbc \u1ea5m v\u00e0 kh\u0103n b\u00f4ng kh\u0103n b\u00f4ng m\u1ec1m \u0111\u1ec3 c\u1ecd r\u1eeda d\u00e0n l\u1ea1nh c\u00e1c ng\u0103n, c\u00e1c m\u1eb7t trong c\u1ee7a t\u1ee7 \u0111\u00f4ng, c\u00e1c t\u1ea5m c\u1eeda c\u00f9ng c\u00e1c chi ti\u1ebft b\u1eb1ng ch\u1ea5t d\u1ebbo kh\u00e1c c\u1ee7a t\u1ee7 \u0111\u00f4ng.<br \/>\n+ C\u00f3 th\u1ec3 d\u00f9ng n\u01b0\u1edbc x\u00e0 ph\u00f2ng lo\u00e3ng \u0111\u1ec3 lau ch\u00f9i c\u00e1c v\u1ebft b\u1ea9n kh\u00f3 s\u1ea1ch b\u00ean trong t\u1ee7, tuy nhi\u00ean ph\u1ea3i l\u00e0m s\u1ea1ch to\u00e0n b\u1ed9 x\u00e0 ph\u00f2ng b\u1eb1ng n\u01b0\u1edbc s\u1ea1ch v\u00e0 lau kh\u00f4, tr\u00e1nh t\u00ecnh tr\u1ea1ng \u0111\u1ec3 n\u01b0\u1edbc \u0111\u1ecdng l\u1ea1i \u1edf \u0111\u00e1y t\u1ee7 hay gi\u00e0n l\u1ea1nh.<\/li>\n<li>V\u1ec7 sinh b\u00ean ngo\u00e0i t\u1ee7 \u0111\u00f4ng H\u00f2a Ph\u00e1t 400l HCF 666S1N2:<br \/>\n+ V\u1edbi v\u1ecf m\u1eb7t ngo\u00e0i c\u1ee7a t\u1ee7 \u0111\u00f4ng s\u1eed d\u1ee5ng kh\u0103n s\u1ea1ch v\u00e0 n\u01b0\u1edbc \u1ea5m ch\u00f9i r\u1eeda, sau \u0111\u00f3 lau kh\u00f4<br \/>\n+ L\u01b0u \u00fd v\u1edbi \u00e1c b\u1ed9 ph\u1eadn \u0111\u1ec7m c\u1eeda, do\u0103ng, (kh\u00f4ng d\u00f9ng c\u00e1c bazo ho\u1eb7c b\u1ea5t k\u1ef3 ch\u1ea5t t\u1ea9y r\u1eeda n\u00e0o kh\u00e1c \u0111\u1ec3 c\u1ecd r\u1eeda).<\/li>\n<li>Lau kh\u00f4 t\u1ea5t c\u1ea3 c\u00e1c b\u1ed9 ph\u1eadn m\u1ed9t l\u1ea7n n\u1eefa tr\u01b0\u1edbc khi c\u1eafm \u0111i\u1ec7n v\u00e0 b\u1eadt t\u1ee7 tr\u1edf l\u1ea1i<\/li>\n<li>B\u1eadt m\u00e1y ch\u1edd cho nhi\u1ec7t \u0111\u1ed9 trong t\u1ee7 \u0111\u1ee7 l\u1ea1nh tr\u01b0\u1edbc khi x\u1ebfp c\u00e1c th\u1ef1c ph\u1ea9m v\u00e0o trong t\u1ee7<\/li>\n<\/ul>\n<h3><strong>Li\u00ean h\u1ec7 mua \u0111i\u1ec1u h\u00f2a t\u1ee7 lanh, t\u1ee7 \u0111\u00f4ng H\u00f2a Ph\u00e1t \u2013 Funiki :\u00a0<a href=\"tel:0862606686\"><span class=\"text-hotline\">0862 606 686<\/span><\/a><\/strong><\/h3>\n<\/div>\n<\/div>\n","protected":false},"excerpt":{"rendered":"<ul>\n<li>Model: HCF 666S1N2<\/li>\n<li>Dung t\u00edch t\u1ed5ng th\u1ec3: 400 l\u00edt<\/li>\n<li>Dung t\u00edch s\u1eed d\u1ee5ng: 352 l\u00edt<\/li>\n<li>S\u1ed1 c\u00e1nh: 2 c\u00e1nh m\u1edf<\/li>\n<li>K\u00edch th\u01b0\u1edbc t\u1ee7 (R x S x C): 1304 x 670 x 890 (mm)<\/li>\n<li>D\u00e0n l\u1ea1nh: nh\u00f4m<\/li>\n<li>C\u00f4ng su\u1ea5t \u0111i\u1ec7n: 149 w<\/li>\n<li>Ch\u00e2n b\u00e1nh xe ch\u1ecbu l\u1ef1c<\/li>\n<li><strong>B\u1ea3o h\u00e0nh: 30 th\u00e1ng<\/strong><\/li>\n<\/ul>\n","protected":false},"featured_media":3377,"comment_status":"open","ping_status":"closed","template":"","meta":[],"_links":{"self":[{"href":"http:\/\/maudep.com.vn\/giadung1\/wp-json\/wp\/v2\/product\/3411"}],"collection":[{"href":"http:\/\/maudep.com.vn\/giadung1\/wp-json\/wp\/v2\/product"}],"about":[{"href":"http:\/\/maudep.com.vn\/giadung1\/wp-json\/wp\/v2\/types\/product"}],"replies":[{"embeddable":true,"href":"http:\/\/maudep.com.vn\/giadung1\/wp-json\/wp\/v2\/comments?post=3411"}],"wp:featuredmedia":[{"embeddable":true,"href":"http:\/\/maudep.com.vn\/giadung1\/wp-json\/wp\/v2\/media\/3377"}],"wp:attachment":[{"href":"http:\/\/maudep.com.vn\/giadung1\/wp-json\/wp\/v2\/media?parent=3411"}],"curies":[{"name":"wp","href":"https:\/\/api.w.org\/{rel}","templated":true}]}}