{"id":3413,"date":"2021-06-03T16:31:57","date_gmt":"2021-06-03T09:31:57","guid":{"rendered":"http:\/\/maudep.com.vn\/giadung1\/?post_type=product&#038;p=3413"},"modified":"2021-06-04T16:13:54","modified_gmt":"2021-06-04T09:13:54","slug":"tu-dong-gia-dinh-1-ngan-1-canh-hcf-336s1d1","status":"publish","type":"product","link":"http:\/\/maudep.com.vn\/giadung1\/san-pham\/tu-dong-gia-dinh-1-ngan-1-canh-hcf-336s1d1\/","title":{"rendered":"T\u1ee7 \u0111\u00f4ng gia \u0111\u00ecnh 1 ng\u0103n 1 c\u00e1nh HCF 336S1\u01101"},"content":{"rendered":"<h3><strong>T\u1ee7 \u0111\u00f4ng H\u00f2a Ph\u00e1t HCF 336S1\u01101, t\u1ee7 mini 162 l\u00edt 1 ng\u0103n d\u00e0n \u0111\u1ed3ng<\/strong><\/h3>\n<h3><strong>M\u00f4 t\u1ea3 t\u1ee7 \u0111\u00f4ng H\u00f2a Ph\u00e1t HCF 336S1\u01101, t\u1ee7 mini 162 l\u00edt 1 ng\u0103n d\u00e0n \u0111\u1ed3ng:<\/strong><\/h3>\n<ul>\n<li>T\u1ee7 \u0111\u00f4ng H\u00f2a Ph\u00e1t 162 l\u00edt HCF 336S1\u01101\u00a0l\u00e0 t\u1ee7 \u0111\u00f4ng mini dung t\u00edch s\u1eed d\u1ee5ng 162 l\u00edt, 1 ng\u0103n ch\u1ebf \u0111\u1ed9 \u0111\u00f4ng, c\u1eeda m\u1edf tr\u00ean.<\/li>\n<li>D\u00e0n \u0111\u00f4ng nguy\u00ean ch\u1ea5t l\u00e0m l\u1ea1nh nhanh si\u00eau b\u1ec1n<\/li>\n<li>Ti\u00eau chu\u1ea9n ch\u1ea5t l\u01b0\u1ee3ng\u00a0<strong>ISO 9001:2015<\/strong><\/li>\n<li>Ki\u1ec3u d\u00e1ng hi\u1ec7n \u0111\u1ea1i nh\u1ecf g\u1ecdn ti\u1ebft ki\u1ec7n kh\u00f4ng gian, ph\u00f9 h\u1ee3p v\u1edbi gia \u0111\u00ecnh \u00edt ng\u01b0\u1eddi hay c\u00e1c c\u1eeda h\u00e0ng nh\u1ecf b\u1ea3o qu\u1ea3n th\u1ef1c ph\u1ea9m hay \u0111\u1ed3 \u0111\u00f4ng l\u1ea1nh<\/li>\n<\/ul>\n<div class=\"tab-panels\">\n<div id=\"tab-description\" class=\"woocommerce-Tabs-panel woocommerce-Tabs-panel--description panel entry-content active\" role=\"tabpanel\" aria-labelledby=\"tab-title-description\">\n<p>1 ng\u0103n chuy\u00ean d\u1ee5ng t\u1ed1i \u01b0u b\u1ea3o quan th\u1ef1c ph\u1ea9m d\u00e0i ng\u00e0y<\/p>\n<p>T\u1ee7 \u0111\u00f4ng gia \u0111\u00ecnh H\u00d2A PH\u00c1T HCF 336S1\u01101 \u2013 1 ng\u0103n 1 ch\u1ebf \u0111\u1ed9 (\u0110\u00f4ng) \u0111\u01b0\u1ee3c thi\u1ebft k\u1ebf m\u1ed9t ng\u0103n \u0111\u00f4ng chuy\u00ean d\u1ee5ng, c\u00f3 nhi\u1ec7t \u0111\u1ed9 \u0111\u00f4ng l\u1ea1nh s\u00e2u \u2264 -18\u00b0 C, t\u1ed1i \u01b0u kh\u1ea3 n\u0103ng c\u1ea5p \u0111\u00f4ng. Nh\u1edd \u0111\u00f3, s\u1ea3n ph\u1ea9m \u0111em t\u1edbi gi\u1ea3i ph\u00e1p b\u1ea3o qu\u1ea3n ho\u00e0n h\u1ea3o cho m\u1ed9t s\u1ed1 th\u1ef1c ph\u1ea9m nh\u01b0 th\u1ecbt, c\u00e1,\u2026trong th\u1eddi gian d\u00e0i. Ngo\u00e0i ra, m\u1eb7t ngo\u00e0i t\u1ee7 c\u00f2n \u0111\u01b0\u1ee3c b\u1ed1 tr\u00ed m\u1ed9t n\u00fam v\u1eb7n \u0111i\u1ec1u khi\u1ec3n nhi\u1ec7t \u0111\u1ed9 ti\u1ec7n l\u1ee3i, gi\u00fap ng\u01b0\u1eddi s\u1eed d\u1ee5ng d\u1ec5 d\u00e0ng \u0111i\u1ec1u ch\u1ec9nh nhi\u1ec7t \u0111\u1ed9 ph\u00f9 h\u1ee3p v\u1edbi nhu c\u1ea7u, \u0111\u1ed3ng th\u1eddi ti\u1ebft ki\u1ec7m \u0111i\u1ec7n n\u0103ng.<\/p>\n<p><img loading=\"lazy\" class=\"aligncenter size-full wp-image-3399\" src=\"http:\/\/maudep.com.vn\/giadung1\/wp-content\/uploads\/2021\/06\/2a1-1.jpg11.jpg\" alt=\"\" width=\"710\" height=\"666\" srcset=\"http:\/\/maudep.com.vn\/giadung1\/wp-content\/uploads\/2021\/06\/2a1-1.jpg11.jpg 710w, http:\/\/maudep.com.vn\/giadung1\/wp-content\/uploads\/2021\/06\/2a1-1.jpg11-300x281.jpg 300w, http:\/\/maudep.com.vn\/giadung1\/wp-content\/uploads\/2021\/06\/2a1-1.jpg11-180x169.jpg 180w, http:\/\/maudep.com.vn\/giadung1\/wp-content\/uploads\/2021\/06\/2a1-1.jpg11-600x563.jpg 600w\" sizes=\"(max-width: 710px) 100vw, 710px\" \/><\/p>\n<p>Ti\u1ebft ki\u1ec7m \u0111i\u1ec7n \u2013 L\u00e0m l\u1ea1nh nhanh<\/p>\n<p>L\u00e0 m\u1ed9t trong nh\u1eefng s\u1ea3n ph\u1ea9m t\u1ee7 \u0111\u00f4ng ch\u1ea5t l\u01b0\u1ee3ng tr\u00ean th\u1ecb tr\u01b0\u1eddng, T\u1ee7 \u0111\u00f4ng gia \u0111\u00ecnh H\u00d2A PH\u00c1T HCF 336S1\u01101 c\u00f3 kh\u1ea3 n\u0103ng l\u00e0m l\u1ea1nh nhanh, v\u1eadn h\u00e0nh \u00eam \u00e1i, b\u1ec1n b\u1ec9 nh\u1edd: \u2013 D\u00e0n l\u1ea1nh \u0111\u1ed3ng nguy\u00ean ch\u1ea5t: ch\u1ea5t li\u1ec7u \u0111\u1ed3ng nguy\u00ean ch\u1ea5t gi\u00fap t\u0103ng kh\u1ea3 n\u0103ng truy\u1ec1n nhi\u1ec7t, \u0111\u1ea9y nhanh t\u00f4c \u0111\u1ed9 l\u00e0m l\u1ea1nh, \u0111\u1ed3ng th\u1eddi ng\u0103n ch\u1eb7n th\u1ea5t tho\u00e1t nhi\u1ec7t hi\u1ec7u qu\u1ea3. \u2013 M\u00f4i ch\u1ea5t l\u1ea1nh R600a: \u0111em t\u1edbi hi\u1ec7u qu\u1ea3 l\u00e0m l\u1ea1nh t\u1ed1i \u01b0u, ti\u1ebft ki\u1ec7m \u0111i\u1ec7n n\u0103ng m\u00e0 n\u00f3 c\u00f2n v\u00f4 c\u00f9ng th\u00e2n thi\u1ec7n v\u1edbi m\u00f4i tr\u01b0\u1eddng s\u1ed1ng<\/p>\n<p><img loading=\"lazy\" class=\"aligncenter wp-image-3383\" src=\"http:\/\/maudep.com.vn\/giadung1\/wp-content\/uploads\/2021\/06\/cong-nghe-inverter-07-1-426x400.jpg\" alt=\"\" width=\"499\" height=\"469\" srcset=\"http:\/\/maudep.com.vn\/giadung1\/wp-content\/uploads\/2021\/06\/cong-nghe-inverter-07-1-426x400.jpg 426w, http:\/\/maudep.com.vn\/giadung1\/wp-content\/uploads\/2021\/06\/cong-nghe-inverter-07-1-426x400-300x282.jpg 300w, http:\/\/maudep.com.vn\/giadung1\/wp-content\/uploads\/2021\/06\/cong-nghe-inverter-07-1-426x400-180x169.jpg 180w\" sizes=\"(max-width: 499px) 100vw, 499px\" \/><\/p>\n<p>K\u00ednh c\u01b0\u1eddng l\u1ef1c ch\u1ec9 c\u00f3 \u1edf T\u1ee7 \u0111\u00f4ng H\u00f2a Ph\u00e1t<\/p>\n<p>K\u00ednh c\u01b0\u1eddng l\u1ef1c c\u00f3 trong T\u1ee7 \u0111\u00f4ng gia \u0111\u00ecnh H\u00f2a Ph\u00e1t HCF 336S1\u01101c\u00f3 t\u00ednh ch\u1ecbu l\u1ef1c c\u01a1 h\u1ecdc v\u00e0 gi\u1eef nhi\u1ec7t t\u1ed1t, ch\u1ed1ng tr\u1ea7y x\u01b0\u1edbc, \u0111\u1ea3m b\u1ea3o t\u00ednh th\u1ea9m m\u1ef9 c\u0169ng nh\u01b0 an to\u00e0n cho ng\u01b0\u1eddi s\u1eed d\u1ee5ng. Vi\u1ec1n k\u00ednh \u0111\u01b0\u1ee3c l\u00e0m b\u1eb1ng thanh n\u1eb9p nh\u1ef1a to gi\u00fap gio\u0103ng b\u1ecbt k\u00edn t\u1ee7 l\u00e0m t\u0103ng kh\u1ea3 n\u0103ng gi\u1eef nhi\u1ec7t v\u00e0 h\u1ea1n ch\u1ebf b\u00e1m tuy\u1ebft trong t\u1ee7.<\/p>\n<p><img loading=\"lazy\" class=\"aligncenter size-full wp-image-3388\" src=\"http:\/\/maudep.com.vn\/giadung1\/wp-content\/uploads\/2021\/06\/cong-nghe-inverter-02-800x297.jpg\" alt=\"\" width=\"800\" height=\"297\" srcset=\"http:\/\/maudep.com.vn\/giadung1\/wp-content\/uploads\/2021\/06\/cong-nghe-inverter-02-800x297.jpg 800w, http:\/\/maudep.com.vn\/giadung1\/wp-content\/uploads\/2021\/06\/cong-nghe-inverter-02-800x297-300x111.jpg 300w, http:\/\/maudep.com.vn\/giadung1\/wp-content\/uploads\/2021\/06\/cong-nghe-inverter-02-800x297-768x285.jpg 768w, http:\/\/maudep.com.vn\/giadung1\/wp-content\/uploads\/2021\/06\/cong-nghe-inverter-02-800x297-180x67.jpg 180w, http:\/\/maudep.com.vn\/giadung1\/wp-content\/uploads\/2021\/06\/cong-nghe-inverter-02-800x297-600x223.jpg 600w\" sizes=\"(max-width: 800px) 100vw, 800px\" \/><\/p>\n<p>Gi\u1eef nhi\u1ec7t t\u1ed1t<\/p>\n<p>L\u1edbp c\u00e1ch nhi\u1ec7t Polyurethane d\u00e0y 50mm \u0111\u1ebfn 62mm gi\u00fap t\u1ee7 gi\u1eef nhi\u1ec7t t\u1ed1t. X\u1ed1p c\u00e1ch nhi\u1ec7t s\u1eed d\u1ee5ng h\u1ec7 Cyclopentane th\u00e2n thi\u1ec7n v\u1edbi m\u00f4i tr\u01b0\u1eddng, an to\u00e0n th\u1ef1c ph\u1ea9m, \u0111\u1ea3m b\u1ea3o s\u1ee9c kh\u1ecfe cho ng\u01b0\u1eddi s\u1eed d\u1ee5ng. Thi\u1ebft k\u1ebf l\u1edbp x\u1ed1p c\u00e1ch nhi\u1ec7t d\u00e0y \u0111\u1ebfn 62mm, t\u1ea1o n\u00ean m\u1ed9t b\u01b0\u1edbc\u00a0\u0111\u1ed9t ph\u00e1 trong c\u00f4ng ngh\u1ec7 b\u1ea3o\u00a0\u00f4n, gi\u1eef l\u1ea1nh t\u1ed1t (nh\u1ea5t l\u00e0 khi m\u1ea5t \u0111i\u1ec7n trong th\u1eddi gian d\u00e0i, b\u00ean trong t\u1ee7 v\u1eabn gi\u1eef \u0111\u01b0\u1ee3c l\u1ea1nh l\u00e2u h\u01a1n c\u00e1c h\u00e3ng kh\u00e1c), ti\u1ebft ki\u1ec7m \u0111i\u1ec7n n\u0103ng ti\u00eau th\u1ee5.<\/p>\n<p><img loading=\"lazy\" class=\"aligncenter size-full wp-image-3389\" src=\"http:\/\/maudep.com.vn\/giadung1\/wp-content\/uploads\/2021\/06\/cong-nghe-inverter-03-800x297.jpg\" alt=\"\" width=\"800\" height=\"297\" srcset=\"http:\/\/maudep.com.vn\/giadung1\/wp-content\/uploads\/2021\/06\/cong-nghe-inverter-03-800x297.jpg 800w, http:\/\/maudep.com.vn\/giadung1\/wp-content\/uploads\/2021\/06\/cong-nghe-inverter-03-800x297-300x111.jpg 300w, http:\/\/maudep.com.vn\/giadung1\/wp-content\/uploads\/2021\/06\/cong-nghe-inverter-03-800x297-768x285.jpg 768w, http:\/\/maudep.com.vn\/giadung1\/wp-content\/uploads\/2021\/06\/cong-nghe-inverter-03-800x297-180x67.jpg 180w, http:\/\/maudep.com.vn\/giadung1\/wp-content\/uploads\/2021\/06\/cong-nghe-inverter-03-800x297-600x223.jpg 600w\" sizes=\"(max-width: 800px) 100vw, 800px\" \/><\/p>\n<p>Thi\u1ebft k\u1ebf ti\u1ec7n l\u1ee3i<\/p>\n<p>T\u1ee7 \u0111\u00f4ng gia \u0111\u00ecnh H\u00d2A PH\u00c1T HCF 336S1\u01101 \u0111\u01b0\u1ee3c t\u00edch h\u1ee3p c\u00e1c chi ti\u1ebft \u0111em \u0111\u1ebfn s\u1ef1 ti\u1ec7n l\u1ee3i, tho\u1ea3i m\u00e1i nh\u1ea5t cho ng\u01b0\u1eddi s\u1eed d\u1ee5ng, bao g\u1ed3m: \u2013 Tay n\u1eafm : gi\u00fap vi\u1ec7c n\u00e2ng nh\u1ea5c c\u00e1nh t\u1ee7 d\u1ec5 d\u00e0ng, h\u1ea1n ch\u1ebf va \u0111\u1eadp trong qu\u00e1 tr\u00ecnh s\u1eed d\u1ee5ng v\u00e0 v\u1eadn chuy\u1ec3n. \u2013 Kh\u00f3a an to\u00e0n: vi\u1ec7c m\u1edf t\u1ee7 th\u01b0\u1eddng xuy\u00ean s\u1ebd l\u00e0m th\u1ea5t tho\u00e1t nhi\u1ec7t, gi\u1ea3m hi\u1ec7u qu\u1ea3 \u0111\u00f4ng l\u1ea1nh c\u1ee7a t\u1ee7, \u0111\u1ed3ng th\u1eddi ti\u00eau t\u1ed1n nhi\u1ec1u \u0111i\u1ec7n n\u0103ng kh\u00f4ng c\u1ea7n thi\u1ebft. Kh\u00f3a an to\u00e0n s\u1ebd gi\u00fap ng\u01b0\u1eddi s\u1eed d\u1ee5ng ki\u1ec3m so\u00e1t t\u1ed1t h\u01a1n ho\u1ea1t \u0111\u1ed9ng \u0111\u00f3ng \u2013 m\u1edf t\u1ee7 \u0111\u00f4ng. \u2013 T\u00edch h\u1ee3p b\u00e1nh xe: s\u1edf h\u1eefu tr\u1ecdng l\u01b0\u1ee3ng l\u1edbn, t\u1ee7 \u0111\u00f4ng g\u00e2y nhi\u1ec1u kh\u00f3 kh\u0103n khi v\u1eadn chuy\u1ec3n. Nh\u1edd t\u00edch h\u1ee3p b\u00e1nh xe b\u00ean d\u01b0\u1edbi t\u1ee7, ng\u01b0\u1eddi s\u1eed d\u1ee5ng s\u1ebd d\u1ec5 d\u00e0ng di chuy\u1ec3n t\u1ee7 m\u1ed9t c\u00e1ch thu\u1eadn ti\u1ec7n v\u00e0 an to\u00e0n h\u01a1n. M\u1eb7t trong t\u1ee7 thi\u1ebft k\u1ebf th\u1eb3ng \u0111\u1ee9ng, b\u1ec1 m\u1eb7t ph\u1eb3ng: gi\u00fap t\u1ee7 \u0111\u00f4ng gi\u1ea3m b\u00e1m tuy\u1ebft trong qu\u00e1 tr\u00ecnh s\u1eed d\u1ee5ng, d\u1ec5 d\u00e0ng v\u1ec7 sinh<\/p>\n<p><img loading=\"lazy\" class=\"aligncenter size-full wp-image-3414\" src=\"http:\/\/maudep.com.vn\/giadung1\/wp-content\/uploads\/2021\/06\/tinh-nang-td-08.jpg\" alt=\"\" width=\"1170\" height=\"435\" srcset=\"http:\/\/maudep.com.vn\/giadung1\/wp-content\/uploads\/2021\/06\/tinh-nang-td-08.jpg 1170w, http:\/\/maudep.com.vn\/giadung1\/wp-content\/uploads\/2021\/06\/tinh-nang-td-08-300x112.jpg 300w, http:\/\/maudep.com.vn\/giadung1\/wp-content\/uploads\/2021\/06\/tinh-nang-td-08-768x286.jpg 768w, http:\/\/maudep.com.vn\/giadung1\/wp-content\/uploads\/2021\/06\/tinh-nang-td-08-1024x381.jpg 1024w, http:\/\/maudep.com.vn\/giadung1\/wp-content\/uploads\/2021\/06\/tinh-nang-td-08-180x67.jpg 180w, http:\/\/maudep.com.vn\/giadung1\/wp-content\/uploads\/2021\/06\/tinh-nang-td-08-600x223.jpg 600w\" sizes=\"(max-width: 1170px) 100vw, 1170px\" \/><\/p>\n<h2><strong>Th\u00f4ng s\u1ed1 k\u1ef9 thu\u1eadt t\u1ee7 \u0111\u00f4ng H\u00f2a Ph\u00e1t HCF 336S1\u01101, t\u1ee7 mini 162 l\u00edt 1 ng\u0103n d\u00e0n \u0111\u1ed3ng:<\/strong><\/h2>\n<ul>\n<li>Model: HCF 336S1\u01101<\/li>\n<li>Dung t\u00edch s\u1eed d\u1ee5ng: 162 l\u00edt<\/li>\n<li>Lo\u1ea1i: 1 ng\u0103n, 1 ch\u1ebf \u0111\u1ed9 ( \u0110\u00f4ng )<\/li>\n<li>C\u00e1nh: 1 c\u00e1nh m\u1edf l\u00ean tr\u00ean, c\u00f3 kh\u00f3a<\/li>\n<li>D\u00e0n l\u1ea1nh: \u0111\u1ed3ng nguy\u00ean ch\u1ea5t si\u00eau b\u1ec1n<\/li>\n<li>C\u00f4ng su\u1ea5t: 111 W<\/li>\n<li>K\u00edch th\u01b0\u1edbc ( R x S x C ): 814 x 532 x 866 mm<\/li>\n<li>Tr\u1ecdng l\u01b0\u1ee3ng: 37 Kg<\/li>\n<li>M\u00f4i ch\u1ea5t l\u00e0m l\u1ea1nh (Gas): R600a<\/li>\n<li>Nhi\u1ec7t \u0111\u1ed9 ng\u0103n \u0111\u00f4ng &lt; -18 \u0111\u1ed9.<\/li>\n<li>L\u00e0m l\u1ea1nh t\u1ef1 nhi\u00ean \u0111\u1ed1i l\u01b0u kh\u00f4ng kh\u00ed<\/li>\n<li>L\u00f2ng t\u1ee7 ph\u1eb3ng, c\u00f3 n\u00fat tho\u00e1t n\u01b0\u1edbc \u0111\u1ed9ng, d\u1ec5 d\u00e0ng v\u1ec7 sinh<\/li>\n<li>C\u00f3 b\u00e1nh xe d\u1ec5 d\u00e0ng di chuy\u1ec3n<\/li>\n<li>S\u1ea3n xu\u1ea5t tr\u00ean d\u00e2y truy\u1ec1n hi\u1ec7n \u0111\u1ea1i c\u1ee7a Italy<\/li>\n<li>Ti\u00eau chu\u1ea9n ch\u1ea5t l\u01b0\u1ee3ng\u00a0<strong>ISO 9001:2015<\/strong><\/li>\n<li><strong>B\u1ea3o h\u00e0nh: 30 th\u00e1ng<\/strong><\/li>\n<\/ul>\n<h3><strong>Li\u00ean h\u1ec7 mua \u0111i\u1ec1u h\u00f2a t\u1ee7 lanh, t\u1ee7 \u0111\u00f4ng H\u00f2a Ph\u00e1t \u2013 Funiki :\u00a0<a href=\"tel:0862606686\"><span class=\"text-hotline\">0862 606 686<\/span><\/a><\/strong><\/h3>\n<\/div>\n<\/div>\n","protected":false},"excerpt":{"rendered":"<ul>\n<li>Dung t\u00edch s\u1eed d\u1ee5ng: 162 l\u00edt<\/li>\n<li>Lo\u1ea1i: 1 ng\u0103n, 1 ch\u1ebf \u0111\u1ed9 ( \u0110\u00f4ng )<\/li>\n<li>D\u00e0n l\u1ea1nh: \u0111\u1ed3ng nguy\u00ean ch\u1ea5t si\u00eau b\u1ec1n<\/li>\n<li>C\u00f4ng su\u1ea5t: 111 W<\/li>\n<li>K\u00edch th\u01b0\u1edbc ( R x S x C ): 814 x 532 x 866 mm<\/li>\n<li>Ti\u00eau chu\u1ea9n ch\u1ea5t l\u01b0\u1ee3ng\u00a0<strong>ISO 9001:2015<\/strong><\/li>\n<li><strong>B\u1ea3o h\u00e0nh: 30 th\u00e1ng<\/strong><\/li>\n<\/ul>\n","protected":false},"featured_media":3381,"comment_status":"open","ping_status":"closed","template":"","meta":[],"_links":{"self":[{"href":"http:\/\/maudep.com.vn\/giadung1\/wp-json\/wp\/v2\/product\/3413"}],"collection":[{"href":"http:\/\/maudep.com.vn\/giadung1\/wp-json\/wp\/v2\/product"}],"about":[{"href":"http:\/\/maudep.com.vn\/giadung1\/wp-json\/wp\/v2\/types\/product"}],"replies":[{"embeddable":true,"href":"http:\/\/maudep.com.vn\/giadung1\/wp-json\/wp\/v2\/comments?post=3413"}],"wp:featuredmedia":[{"embeddable":true,"href":"http:\/\/maudep.com.vn\/giadung1\/wp-json\/wp\/v2\/media\/3381"}],"wp:attachment":[{"href":"http:\/\/maudep.com.vn\/giadung1\/wp-json\/wp\/v2\/media?parent=3413"}],"curies":[{"name":"wp","href":"https:\/\/api.w.org\/{rel}","templated":true}]}}