{"id":3428,"date":"2021-06-04T09:21:14","date_gmt":"2021-06-04T02:21:14","guid":{"rendered":"http:\/\/maudep.com.vn\/giadung1\/?post_type=product&#038;p=3428"},"modified":"2021-06-04T16:27:02","modified_gmt":"2021-06-04T09:27:02","slug":"tu-dong-dung-hoa-phat-funiki-hcf-280s-280-lit-6-ngan","status":"publish","type":"product","link":"http:\/\/maudep.com.vn\/giadung1\/san-pham\/tu-dong-dung-hoa-phat-funiki-hcf-280s-280-lit-6-ngan\/","title":{"rendered":"T\u1ee7 \u0111\u00f4ng \u0111\u1ee9ng H\u00f2a Ph\u00e1t Funiki HCF 280S 280 l\u00edt 6 ng\u0103n"},"content":{"rendered":"<h2><strong style=\"font-size: 16px;\">M\u00f4 t\u1ea3 t\u1ee7 \u0111\u00f4ng \u0111\u1ee9ng H\u00f2a Ph\u00e1t Funiki HCF 280S 280 l\u00edt 6 ng\u0103n:<\/strong><\/h2>\n<div class=\"tab-panels\">\n<div id=\"tab-description\" class=\"woocommerce-Tabs-panel woocommerce-Tabs-panel--description panel entry-content active\" role=\"tabpanel\" aria-labelledby=\"tab-title-description\">\n<ul>\n<li>T\u1ee7 \u0111\u00f4ng \u0111\u1ee9ng H\u00f2a Ph\u00e1t Funiki HCF 280S\u00a0l\u00e0 t\u1ee7 \u0111\u00f4ng \u0111\u1ee9ng dung t\u00edch s\u1eed d\u1ee5ng 280 l\u00edt,<\/li>\n<li>Thi\u1ebft k\u1ebf 6 ng\u0103n \u0111\u00f4ng, c\u1eeda m\u1edf ra ph\u00eda tr\u01b0\u1edbc<\/li>\n<li>Ti\u00eau chu\u1ea9n ch\u1ea5t l\u01b0\u1ee3ng\u00a0<strong>ISO 9001:2015<\/strong><\/li>\n<li>Ki\u1ec3u d\u00e1ng hi\u1ec7n \u0111\u1ea1i nh\u1ecf g\u1ecdn ti\u1ebft ki\u1ec7n kh\u00f4ng gian, ph\u00f9 h\u1ee3p v\u1edbi gia \u0111\u00ecnh hay c\u00e1c c\u1eeda h\u00e0ng b\u1ea3o qu\u1ea3n th\u1ef1c ph\u1ea9m hay \u0111\u1ed3 \u0111\u00f4ng l\u1ea1nh<\/li>\n<li><img loading=\"lazy\" class=\"aligncenter size-full wp-image-3430\" src=\"http:\/\/maudep.com.vn\/giadung1\/wp-content\/uploads\/2021\/06\/Kich-thuoc-tu-dong-dung-hoa-phat-hcf-280s-280-lit-6-ngan-768x768-1-400x400.jpg\" alt=\"\" width=\"400\" height=\"400\" srcset=\"http:\/\/maudep.com.vn\/giadung1\/wp-content\/uploads\/2021\/06\/Kich-thuoc-tu-dong-dung-hoa-phat-hcf-280s-280-lit-6-ngan-768x768-1-400x400.jpg 400w, http:\/\/maudep.com.vn\/giadung1\/wp-content\/uploads\/2021\/06\/Kich-thuoc-tu-dong-dung-hoa-phat-hcf-280s-280-lit-6-ngan-768x768-1-400x400-150x150.jpg 150w, http:\/\/maudep.com.vn\/giadung1\/wp-content\/uploads\/2021\/06\/Kich-thuoc-tu-dong-dung-hoa-phat-hcf-280s-280-lit-6-ngan-768x768-1-400x400-300x300.jpg 300w, http:\/\/maudep.com.vn\/giadung1\/wp-content\/uploads\/2021\/06\/Kich-thuoc-tu-dong-dung-hoa-phat-hcf-280s-280-lit-6-ngan-768x768-1-400x400-180x180.jpg 180w\" sizes=\"(max-width: 400px) 100vw, 400px\" \/><\/li>\n<\/ul>\n<h3><strong>\u0110\u1eb7c \u0111i\u1ec3m t\u1ee7 \u0111\u00f4ng \u0111\u1ee9ng H\u00f2a Ph\u00e1t Funiki HCF 280S 280 l\u00edt 6 ng\u0103n:<\/strong><\/h3>\n<figure id=\"attachment_3996\" class=\"wp-caption alignright\" aria-describedby=\"caption-attachment-3996\"><\/figure>\n<h3>S\u1ea3n xu\u1ea5t tr\u00ean d\u00e2y chuy\u1ec1n Italia, thi\u1ebft k\u1ebf hi\u1ec7n \u0111\u1ea1i sang tr\u1ecdng:<\/h3>\n<ul>\n<li>T\u1ee7 \u0111\u00f4ng \u0111\u1ee9ng H\u00f2a Ph\u00e1t Funiki HCF 280S s\u1ea3n xu\u1ea5t tr\u00ean d\u00e2y chuy\u1ec1n hi\u1ec7n \u0111\u1ea1i c\u1ee7a Italia. Ti\u00eau chu\u1ea9n ch\u1ea5t l\u01b0\u1ee3ng\u00a0<strong>ISO 9001:2015<\/strong><\/li>\n<li>C\u00f3 thi\u1ebft k\u1ebf sang tr\u1ecdng hi\u1ec7n \u0111\u1ea1i, t\u00f4ng m\u00e0u tr\u1eafng b\u1ea1c sang tr\u1ecdng v\u00e0 d\u1ec5 d\u00e0ng v\u1ec7 sinh v\u00e0 b\u00e0i tr\u00ed c\u00f9ng thi\u1ebft k\u1ebf t\u1ed5ng th\u1ec3 c\u0103n ph\u00f2ng n\u01a1i \u0111\u1eb7t t\u1ee7.<\/li>\n<\/ul>\n<h3>T\u1ee7 \u0111\u1ee9ng ti\u1ebft ki\u1ec7m kh\u00f4ng gian<\/h3>\n<ul>\n<li>T\u1ee7 \u0111\u00f4ng \u0111\u1ee9ng H\u00f2a Ph\u00e1t HCF 280S thi\u1ebft k\u1ebf c\u1eeda m\u1edf ra ph\u00eda tr\u01b0\u1edbc, ti\u1ebft ki\u1ec7m kh\u00f4ng gian h\u01a1n nhi\u1ec1u so v\u1edbi t\u1eed \u0111\u00f4ng d\u1ea1ng n\u1eb1m.<\/li>\n<\/ul>\n<h3>6 ng\u0103n \u0111\u00f4ng l\u1edbn:<\/h3>\n<ul>\n<li>T\u1ee7 \u0111\u00f4ng \u0111\u1ee9ng HCF 280S v\u1edbi 6 ng\u0103n \u0111\u00f4ng l\u1edbn, gi\u00fap d\u1ec5 d\u00e0ng b\u1ed1 tr\u00ed s\u1eafp x\u1ebfp \u0111\u1ed3. Thu\u1eadn l\u1ee3i cho m\u1ed7i l\u1ea7n c\u1ea7n l\u1ea5y th\u1ef1c ph\u1ea9m trong t\u1ee7<\/li>\n<\/ul>\n<h3>M\u00e1y n\u00e9n ch\u1ea5t l\u01b0\u1ee3ng cao cho \u0111\u1ed9 l\u1ea1nh s\u00e2u:<\/h3>\n<ul>\n<li>T\u1ee7 \u0111\u00f4ng \u0111\u1ee9ng H\u00f2a Ph\u00e1t Funiki HCF 280S s\u1eed d\u1ee5ng m\u00e1y n\u00e9n ch\u1ea5t l\u01b0\u1ee3ng cao, v\u1eadn h\u00e0nh \u00eam b\u1ec1n b\u1ec9 trong th\u1eddi gian d\u00e0i. T\u1ee7 l\u00e0m l\u1ea1nh nhanh xu\u1ed1ng d\u01b0\u1edbi \u00e2m 18oC (-18oC) v\u00e0 ti\u1ebft ki\u1ec7m \u0111i\u1ec7n.<\/li>\n<\/ul>\n<h3>Gi\u00e0n l\u1ea1nh h\u1ee3p kim:<\/h3>\n<ul>\n<li>T\u1ee7 \u0111\u00f4ng \u0111\u1ee9ng H\u00f2a Ph\u00e1t HCF 280S s\u1eed d\u1ee5ng d\u00e0n l\u1ea1nh h\u1ee3p kim, si\u00eau b\u1ec1n ti\u1ebft ki\u1ec7m \u0111i\u1ec7n n\u0103ng nh\u1edd t\u1ed1c \u0111\u1ed9 trao \u0111\u1ed5i nhi\u1ec7t cao.<\/li>\n<\/ul>\n<h3>L\u1edbp c\u00e1ch nhi\u1ec7t d\u1ea7y:<\/h3>\n<ul>\n<li>L\u1edbp c\u00e1ch nhi\u1ec7t Polyurethane c\u1ee7a t\u1ee7 \u0111\u00f4ng \u0111\u1ee9ng H\u00f2a Ph\u00e1t d\u00e0y 50mm \u0111\u1ebfn 60mmm c\u00e1ch nhi\u1ec7t hi\u1ec7u qu\u1ea3, ch\u1ed1ng th\u1ea5t tho\u00e1t nhi\u1ec7t, gi\u00fap t\u1ee7 v\u1eadn h\u00e0nh an to\u00e0n trong th\u1eddi gian d\u00e0i v\u00e0 ti\u1ebft ki\u1ec7m \u0111i\u1ec7n. S\u1eed d\u1ee5ng ch\u1ea5t tr\u1ee3 n\u1edf th\u1ebf h\u1ec7 m\u1edbi Cylopentane trong l\u1edbp c\u00e1ch nhi\u1ec7t gi\u00fap c\u00e1ch an to\u00e0n cho th\u1ef1c ph\u1ea9m \u0111\u00f4ng l\u1ea1nh trong t\u1ee7.<\/li>\n<\/ul>\n<h3>M\u00f4i ch\u1ea5t l\u1ea1nh (gas) R134a:<\/h3>\n<ul>\n<li>T\u1ee7 \u0111\u00f4ng \u0111\u1ee9ng H\u00f2a Ph\u00e1t s\u1eed d\u1ee5ng m\u00f4i ch\u1ea5t l\u00e0m l\u1ea1nh l\u00e0 Gas R134a gi\u00fap ti\u1ebft ki\u1ec7m \u0111i\u1ec7n n\u0103ng v\u00e0 kh\u00f4ng g\u00e2y \u1ea3nh h\u01b0\u1edfng t\u1edbi m\u00f4i tr\u01b0\u1eddng<\/li>\n<\/ul>\n<h3>T\u1ee7 \u0111\u00f4ng \u0111\u1ee9ng H\u00f2a Ph\u00e1t Funiki HCF 280S 280 l\u00edt 6 ng\u0103n c\u00f3 v\u1eadt li\u1ec7u c\u1ea5u t\u1ea1o cao c\u1ea5p:<\/h3>\n<ul>\n<li>Khung t\u1ee7 v\u00e0 c\u1eeda l\u00e0m b\u1eb1ng th\u00e9p cao c\u1ea5p si\u00eau b\u1ec1n<\/li>\n<li>L\u00f2ng trong \u1ee7 \u0111\u00f4ng \u0111\u1ee9ng H\u00f2a Ph\u00e1t \u0111\u01b0\u1ee3c l\u00e0m b\u1eb1ng nh\u01b0a ABS cao c\u1ea5p, t\u0103ng \u0111\u1ed9 b\u1ec1n v\u00e0 kh\u1ea3 n\u0103ng truy\u1ec1n nhi\u1ec7t v\u00e0 gi\u1ea3m m\u1ee9c \u0111\u1ed9 b\u00e1m tuy\u1ebft b\u00ean trong t\u1ee7.<\/li>\n<li>Th\u00e2n v\u00e0 c\u00e1nh t\u1ee7 \u0111\u01b0\u1ee3c l\u00e0m b\u1eb1ng th\u00e9p d\u00e0y, b\u1ec1 m\u1eb7t ph\u1ee7 s\u01a1n t\u0129nh \u0111i\u1ec7n cao c\u1ea5p b\u00f3ng \u0111\u1eb9p v\u00e0 b\u1ec1n, tr\u00e1nh han g\u1ec9 trong su\u1ed1t qu\u00e1 tr\u00ecnh s\u1eed d\u1ee5ng.<\/li>\n<\/ul>\n<h3>Do\u0103ng c\u00e1nh t\u1ee7 d\u1ea1ng g\u00e0i:<\/h3>\n<ul>\n<li>Gio\u0103ng c\u00e1nh t\u1ee7 \u0111\u00f4ng \u0111\u1ee9ng H\u00f2a Ph\u00e1t HCF 280S \u0111\u01b0\u1ee3c thi\u1ebft k\u1ebf d\u1ea1ng g\u00e0i, c\u00f3 th\u1ec3 th\u00e1o ra gi\u00fap v\u1ec7 sinh gio\u0103ng d\u1ec5 d\u00e0ng v\u00e0 n\u00e2ng cao tu\u1ed5i th\u1ecd c\u1ee7a t\u1ee7.<\/li>\n<\/ul>\n<h3>N\u00fat \u0111i\u1ec1u khi\u1ec3n d\u1ec5 d\u00e0ng quan s\u00e1t v\u00e0 v\u1eadn h\u00e0nh<\/h3>\n<ul>\n<li>T\u1ee7 \u0111\u00f4ng \u0111\u1ee9ng HCF 280S b\u1ed1 tr\u00ed n\u00fat \u0111i\u1ec1u ch\u1ec9nh nhi\u1ec7t \u0111\u1ed9 n\u1eb1m ph\u00eda tr\u01b0\u1edbc b\u00ean ngo\u00e0i. Gi\u00fap d\u1ec5 d\u00e0ng quan s\u00e1t v\u00e0 v\u1eadn h\u00e0nh theo mong mu\u1ed1n.<\/li>\n<\/ul>\n<h3>L\u1ed7 tho\u00e1t n\u01b0\u1edbc<\/h3>\n<ul>\n<li>L\u1ed7 tho\u00e1t n\u01b0\u1edbc b\u00ean trong d\u1eabn ra \u1ed1ng th\u1ea3i ph\u00eda sau t\u1ee7 gi\u00fap vi\u1ec7c x\u1ea3 tuy\u1ebft v\u1ec7 sinh lau ch\u00f9i t\u1ee7 d\u1ec5 d\u00e0ng<\/li>\n<\/ul>\n<h3>Ch\u00e2n b\u00e1nh xe ch\u1ecbu l\u1ef1c:<\/h3>\n<ul>\n<li>T\u1ee7 \u0111\u00f4ng \u0111\u1ee9ng H\u00f2a Ph\u00e1t Funiki HCF 280S \u0111\u01b0\u1ee3c thi\u1ebft k\u1ebf v\u1edbi ch\u00e2n b\u00e1nh xe ch\u1ecbu l\u1ef1c gi\u00fap d\u1ec5 d\u00e0ng di chuy\u1ec3n, b\u1ed1 tr\u00ed s\u1eafp x\u1ebfp v\u1ecb tr\u00ed l\u1eafp \u0111\u1eb7t t\u1ee7.<\/li>\n<li>Ch\u00e2n t\u1ee7 c\u00f3 c\u01a1 c\u1ea5u t\u0103ng gi\u1ea3m \u0111\u1ed9 cao gi\u00fap t\u1ee7 c\u00e2n b\u1eb1ng ho\u1ea1t \u0111\u1ed9ng an to\u00e0n b\u1ec1n b\u1ec9.<\/li>\n<\/ul>\n<h3>B\u1ea3o h\u00e0nh d\u00e0i nh\u1ea5t th\u1ecb tr\u01b0\u1eddng<\/h3>\n<ul>\n<li style=\"list-style-type: none;\">\n<ul>\n<li>T\u1ee7 \u0111\u00f4ng \u0111\u1ee9ng H\u00f2a Ph\u00e1t 280S c\u00f3 th\u1eddi h\u1ea1n b\u1ea3o h\u00e0nh l\u00ean \u0111\u1ebfn 30 th\u00e1ng d\u00e0i nh\u1ea5t tr\u00ean th\u1ecb tr\u01b0\u1eddng\u00a0 \u00a0 \u00a0 \u00a0 \u00a0 \u00a0 \u00a0 \u00a0\u00a0<strong>Th\u00f4ng s\u1ed1 k\u1ef9 thu\u1eadt t\u1ee7 \u0111\u00f4ng \u0111\u1ee9ng H\u00f2a Ph\u00e1t Funiki HCF 280S 280 l\u00edt 6 ng\u0103n:<\/strong><\/li>\n<li><strong>Model: HCF 280S<\/strong><\/li>\n<li><strong>Nh\u00e3n hi\u1ec7u: Funiki<\/strong><\/li>\n<li>Dung t\u00edch s\u1eed d\u1ee5ng: 280 l\u00edt<\/li>\n<li>Ki\u1ec3u t\u1ee7: t\u1ee7 \u0111\u00f4ng \u0111\u1ee9ng 1 ch\u1ebf \u0111\u1ed9 (\u0110\u00f4ng)<\/li>\n<li>S\u1ed1 c\u00e1nh: 1 c\u00e1nh m\u1edf ra ph\u00eda tr\u01b0\u1edbc<\/li>\n<li>S\u1ed1 ng\u0103n: 6<\/li>\n<li>D\u00e0n l\u1ea1nh h\u1ee3p kim, si\u00eau b\u1ec1n ti\u1ebft ki\u1ec7m \u0111i\u1ec7n<\/li>\n<li>Ki\u1ec3u l\u00e0m l\u1ea1nh: \u0111\u1ed1i l\u01b0u kh\u00f4ng kh\u00ed t\u1ef1 nhi\u00ean<\/li>\n<li>C\u00f4ng su\u1ea5t: 190 W<\/li>\n<li>K\u00edch th\u01b0\u1edbc (RxSxC): 600 x 620 x 1495 (mm)<\/li>\n<li>Tr\u1ecdng l\u01b0\u1ee3ng: 54.5 Kg<\/li>\n<li>Gas l\u1ea1nh: R134a<\/li>\n<li>Ch\u00e2n b\u00e1nh xe ch\u1ecbu l\u1ef1c d\u1ec5 d\u00e0ng di chuy\u1ec3n<\/li>\n<li>\u0110\u01b0\u1ee3c s\u1ea3n xu\u1ea5t tr\u00ean d\u00e2y truy\u1ec1n hi\u1ec7n \u0111\u1ea1i c\u1ee7a Italy<\/li>\n<li>Ti\u00eau chu\u1ea9n ch\u1ea5t l\u01b0\u1ee3ng\u00a0<strong>ISO 9001:2015<\/strong><\/li>\n<li>\n<ul>\n<li>T\u1eaft t\u1ee7: V\u1eb7n n\u00fat \u0111i\u1ec3u ch\u1ec9nh Thermostar t\u1eeb v\u1ecb tr\u00ed (ON) ho\u1eb7c (OFF)<\/li>\n<li>Ng\u1eaft ngu\u1ed3n \u0111i\u1ec7n: ng\u1eaft \u0111i\u1ec7n t\u1ee7 b\u1eb1ng c\u00e1ch r\u00fat d\u00e2y ngu\u1ed3n.<\/li>\n<li>\u0110\u01b0a c\u00e1c th\u1ef1c ph\u1ea9m, khay, gi\u00e1 \u0111\u1ee1 ra kh\u1ecfi t\u1ee7 \u0111\u00f4ng.<\/li>\n<li>Ph\u00e1 tuy\u1ebft tr\u00ean gi\u00e0n l\u1ea1nh \u0111\u1ed1i v\u1edbi t\u1ee7 l\u00e0m l\u1ea1nh tr\u1ef1c ti\u1ebfp (m\u1edf c\u1eeda t\u1ee7 \u0111\u1ec3 tuy\u1ebft tan).<\/li>\n<li>V\u1ec7 sinh b\u00ean trong t\u1ee7 \u0111\u00f4ng \u0111\u1ee9ng H\u00f2a Ph\u00e1t Funiki HCF 280S:<br \/>\n+ S\u1eed d\u1ee5ng n\u01b0\u1edbc \u1ea5m v\u00e0 kh\u0103n b\u00f4ng kh\u0103n b\u00f4ng m\u1ec1m \u0111\u1ec3 c\u1ecd r\u1eeda d\u00e0n l\u1ea1nh c\u00e1c ng\u0103n, c\u00e1c m\u1eb7t trong c\u1ee7a t\u1ee7 \u0111\u00f4ng, c\u00e1c t\u1ea5m c\u1eeda c\u00f9ng c\u00e1c chi ti\u1ebft b\u1eb1ng ch\u1ea5t d\u1ebbo kh\u00e1c c\u1ee7a t\u1ee7 \u0111\u00f4ng.<br \/>\n+ C\u00f3 th\u1ec3 d\u00f9ng n\u01b0\u1edbc x\u00e0 ph\u00f2ng lo\u00e3ng \u0111\u1ec3 lau ch\u00f9i c\u00e1c v\u1ebft b\u1ea9n kh\u00f3 s\u1ea1ch b\u00ean trong t\u1ee7, tuy nhi\u00ean ph\u1ea3i l\u00e0m s\u1ea1ch to\u00e0n b\u1ed9 x\u00e0 ph\u00f2ng b\u1eb1ng n\u01b0\u1edbc s\u1ea1ch v\u00e0 lau kh\u00f4, tr\u00e1nh t\u00ecnh tr\u1ea1ng \u0111\u1ec3 n\u01b0\u1edbc \u0111\u1ecdng l\u1ea1i \u1edf \u0111\u00e1y t\u1ee7 hay gi\u00e0n l\u1ea1nh.<\/li>\n<li>V\u1ec7 sinh b\u00ean ngo\u00e0i t\u1ee7 \u0111\u00f4ng \u0111\u1ee9ng H\u00f2a Ph\u00e1t Funiki HCF 280S:<br \/>\n+ V\u1edbi v\u1ecf m\u1eb7t ngo\u00e0i c\u1ee7a t\u1ee7 \u0111\u00f4ng s\u1eed d\u1ee5ng kh\u0103n s\u1ea1ch v\u00e0 n\u01b0\u1edbc \u1ea5m ch\u00f9i r\u1eeda, sau \u0111\u00f3 lau kh\u00f4<br \/>\n+ L\u01b0u \u00fd v\u1edbi \u00e1c b\u1ed9 ph\u1eadn \u0111\u1ec7m c\u1eeda, do\u0103ng, (kh\u00f4ng d\u00f9ng c\u00e1c bazo ho\u1eb7c b\u1ea5t k\u1ef3 ch\u1ea5t t\u1ea9y r\u1eeda n\u00e0o kh\u00e1c \u0111\u1ec3 c\u1ecd r\u1eeda).<\/li>\n<li>Lau kh\u00f4 t\u1ea5t c\u1ea3 c\u00e1c b\u1ed9 ph\u1eadn m\u1ed9t l\u1ea7n n\u1eefa tr\u01b0\u1edbc khi c\u1eafm \u0111i\u1ec7n v\u00e0 b\u1eadt t\u1ee7 tr\u1edf l\u1ea1i<\/li>\n<li>B\u1eadt m\u00e1y ch\u1edd cho nhi\u1ec7t \u0111\u1ed9 trong t\u1ee7 \u0111\u1ee7 l\u1ea1nh tr\u01b0\u1edbc khi x\u1ebfp c\u00e1c th\u1ef1c ph\u1ea9m v\u00e0o trong t\u1ee7<strong>B\u1ea3o h\u00e0nh: 30 th\u00e1ng<\/strong><br \/>\n<h3><strong>H\u01b0\u1edbng d\u1eabn s\u1eed d\u1ee5ng t\u1ee7 \u0111\u00f4ng \u0111\u1ee9ng H\u00f2a Ph\u00e1t Funiki HCF 280S 280 l\u00edt theo c\u00e1ch ti\u1ebft ki\u1ec7m \u0111i\u1ec7n nh\u1ea5t:<\/strong><\/h3>\n<ul>\n<li>V\u1eca tr\u00ed l\u1eafp \u0111\u1eb7t t\u1ee7 \u0111\u00f4ng c\u1ea7n c\u00f3 khe tho\u00e1ng so v\u1edbi t\u01b0\u1eddng v\u00e0 c\u00e1c \u0111\u1ed3 v\u1eadt kh\u00e1c<\/li>\n<li>H\u1ea1n ch\u1ebf m\u1edf c\u1eeda t\u1ee7, kh\u00f4ng m\u1edf qu\u00e1 nhi\u1ec1u l\u1ea7n v\u00e0 th\u1eddi gian m\u1edf trong th\u1eddi gian l\u00e2u.<\/li>\n<li>Kh\u00f4ng \u0111\u1ec3 th\u1ef1c ph\u1ea9m c\u00f2n n\u00f3ng v\u00e0o trong t\u1ee7.<\/li>\n<li>Kh\u00f4ng ch\u1ee9a qu\u00e1 \u0111\u1ea7y th\u1ef1c ph\u1ea9m v\u01b0\u1ee3t m\u1ee9c quy \u0111\u1ecbnh.<\/li>\n<li>Kh\u00f4ng che c\u00e1c kho\u1ea3ng kh\u00f4ng trong t\u1ee7 c\u00e1c gi\u00e1 \u0111\u1ef1ng th\u1ef1c ph\u1ea9m trong t\u1ee7.<\/li>\n<li>Th\u01b0\u1eddng xuy\u00ean v\u1ec7 sinh trong v\u00e0 ngo\u00e0i t\u1ee7<\/li>\n<\/ul>\n<h3><strong>H\u01b0\u1edbng d\u1eabn v\u1ec7 sinh t\u1ee7 \u0111\u00f4ng \u0111\u1ee9ng H\u00f2a Ph\u00e1t Funiki HCF 280S 280 l\u00edt 6 ng\u0103n:<\/strong><\/h3>\n<p>\u0110\u1ec3 \u0111\u1ea3m b\u1ea3o tu\u1ed5i th\u1ecd v\u00e0 hi\u1ec7u su\u1ea5t c\u1ee7a t\u1ee7 \u0111\u00f4ng \u0111\u1ee9ng H\u00f2a Ph\u00e1t HCF 280S 280 l\u00edt, sau m\u1ed9t th\u1eddi gian s\u1eed d\u1ee5ng v\u00e0i th\u00e1ng b\u1ea1n n\u00ean l\u00e0m v\u1ec7 sinh t\u1ee7 theo c\u00e1c b\u01b0\u1edbc nh\u01b0 sau:<\/p>\n<h3><strong>Li\u00ean h\u1ec7 mua \u0111i\u1ec1u h\u00f2a t\u1ee7 lanh, t\u1ee7 \u0111\u00f4ng H\u00f2a Ph\u00e1t \u2013 Funiki :\u00a0<a href=\"tel:0862606686\"><span class=\"text-hotline\">0862 606 686<\/span><\/a><\/strong><\/h3>\n<\/li>\n<\/ul>\n<h3><\/h3>\n<\/li>\n<\/ul>\n<\/li>\n<\/ul>\n<\/div>\n<\/div>\n","protected":false},"excerpt":{"rendered":"<ul>\n<li><strong>Model: HCF 280S<\/strong><\/li>\n<li><strong>Nh\u00e3n hi\u1ec7u: Funiki<\/strong><\/li>\n<li>Dung t\u00edch s\u1eed d\u1ee5ng: 280 l\u00edt<\/li>\n<li>Ki\u1ec3u t\u1ee7: t\u1ee7 \u0111\u00f4ng \u0111\u1ee9ng 1 ch\u1ebf \u0111\u1ed9 (\u0110\u00f4ng)<\/li>\n<li>S\u1ed1 c\u00e1nh: 1 c\u00e1nh \/\u00a0S\u1ed1 ng\u0103n: 6<\/li>\n<li>D\u00e0n l\u1ea1nh h\u1ee3p kim, si\u00eau b\u1ec1n ti\u1ebft ki\u1ec7m \u0111i\u1ec7n<\/li>\n<li>C\u00f4ng su\u1ea5t: 190 W<\/li>\n<li>K\u00edch th\u01b0\u1edbc (RxSxC): 600 x 620 x 1495 (mm)<\/li>\n<li>Ti\u00eau chu\u1ea9n ch\u1ea5t l\u01b0\u1ee3ng\u00a0<strong>ISO 9001:2015<\/strong><\/li>\n<li><strong>B\u1ea3o h\u00e0nh: 30 th\u00e1ng<\/strong><\/li>\n<li><strong>MI\u1ec4N PH\u00cd GIAO H\u00c0NG\u00a0<\/strong><\/li>\n<li>T\u1ea5t c\u1ea3 s\u1ea3n ph\u1ea9m \u0111\u1ec1u c\u00f3 h\u00f3a \u0111\u01a1n b\u00e1n h\u00e0ng \u0111i k\u00e8m.<\/li>\n<li>Qu\u00fd kh\u00e1ch n\u00e0o kh\u00f4ng nh\u1eadn \u0111\u01b0\u1ee3c h\u00f3a \u0111\u01a1n vui l\u00f2ng<\/li>\n<li><span style=\"color: #008000; font-size: 20px;\"><strong>Li\u00ean h\u1ec7 0984819956 \u2013 086.21.02.189 \u2013 0868.36.36.92<\/strong><\/span><\/li>\n<\/ul>\n","protected":false},"featured_media":3429,"comment_status":"open","ping_status":"closed","template":"","meta":[],"_links":{"self":[{"href":"http:\/\/maudep.com.vn\/giadung1\/wp-json\/wp\/v2\/product\/3428"}],"collection":[{"href":"http:\/\/maudep.com.vn\/giadung1\/wp-json\/wp\/v2\/product"}],"about":[{"href":"http:\/\/maudep.com.vn\/giadung1\/wp-json\/wp\/v2\/types\/product"}],"replies":[{"embeddable":true,"href":"http:\/\/maudep.com.vn\/giadung1\/wp-json\/wp\/v2\/comments?post=3428"}],"wp:featuredmedia":[{"embeddable":true,"href":"http:\/\/maudep.com.vn\/giadung1\/wp-json\/wp\/v2\/media\/3429"}],"wp:attachment":[{"href":"http:\/\/maudep.com.vn\/giadung1\/wp-json\/wp\/v2\/media?parent=3428"}],"curies":[{"name":"wp","href":"https:\/\/api.w.org\/{rel}","templated":true}]}}