{"id":3433,"date":"2021-06-04T09:32:37","date_gmt":"2021-06-04T02:32:37","guid":{"rendered":"http:\/\/maudep.com.vn\/giadung1\/?post_type=product&#038;p=3433"},"modified":"2021-07-04T17:10:59","modified_gmt":"2021-07-04T10:10:59","slug":"tu-dong-ban-hang-500-lit-1-che-do-dong-1-ngan-dong","status":"publish","type":"product","link":"http:\/\/maudep.com.vn\/giadung1\/san-pham\/tu-dong-ban-hang-500-lit-1-che-do-dong-1-ngan-dong\/","title":{"rendered":"T\u1ee7 \u0111\u00f4ng B\u00e1n H\u00e0ng 500 LIT 1 ch\u1ebf \u0111\u1ed9 \u0111\u00f4ng( 1 ng\u0103n \u0111\u00f4ng)"},"content":{"rendered":"<h3>TH\u00d4NG TIN CHI TI\u1ebeT :<\/h3>\n<div class=\"tab-panels\">\n<div id=\"tab-description\" class=\"woocommerce-Tabs-panel woocommerce-Tabs-panel--description panel entry-content active\" role=\"tabpanel\">\n<p><strong>T\u1ee7 \u0111\u00f4ng b\u00e1n H\u1ea3i s\u1ea3n\u00a0 500 l\u00edt 1 ch\u1ebf \u0111\u1ed9 \u0111\u00f4ng\u00a0<\/strong><\/p>\n<p><strong>T\u1ee7 \u0111\u00f4ng b\u00e1n H\u1ea3i s\u1ea3n\u00a0 500 l\u00edt 1 ch\u1ebf \u0111\u1ed9 \u0111\u00f4ng\u00a0<\/strong><\/p>\n<ul>\n<li>T\u1ee7 \u0111\u00f4ng b\u00e1n H\u1ea3i s\u1ea3n 500 l\u00edt 1 ch\u1ebf \u0111\u1ed9 \u0111\u00f4ng\u00a0 l\u00e0 t\u1ee7 \u0111\u00f4ng c\u1ee1 v\u1eeba, dung t\u00edch 500 l\u00edt 1 ng\u0103n \u0111\u00f4ng 2 c\u00e1nh m\u1edf l\u00ean chuy\u00ean s\u1eed d\u1ee5ng trong nh\u00e0 h\u00e0ng , qu\u00e1n \u0103n, c\u1eeda h\u00e0ng b\u00e1n h\u1ea3i s\u1ea3n, s\u1ee9c ch\u1ee9a th\u1ef1c ph\u1ea9m t\u01b0\u01a1i s\u1ed1ng nh\u01b0 th\u1ecbt c\u00e1 l\u00ean \u0111\u1ebfn 2 t\u1ea1<\/li>\n<li>Ti\u00eau chu\u1ea9n ch\u1ea5t l\u01b0\u1ee3ng ISO 9001:2015.<\/li>\n<li>Ki\u1ec3u d\u00e1ng hi\u1ec7n \u0111\u1ea1i, ti\u1ebft ki\u1ec7m kh\u00f4ng gian, ph\u00f9 h\u1ee3p v\u1edbi c\u00e1c c\u1eeda h\u00e0ng, si\u00eau th\u1ecb, nh\u00e0 h\u00e0ng<\/li>\n<\/ul>\n<\/div>\n<p><img loading=\"lazy\" class=\"aligncenter size-full wp-image-3387\" src=\"http:\/\/maudep.com.vn\/giadung1\/wp-content\/uploads\/2021\/06\/2-4-1.jpg\" alt=\"\" width=\"710\" height=\"666\" srcset=\"http:\/\/maudep.com.vn\/giadung1\/wp-content\/uploads\/2021\/06\/2-4-1.jpg 710w, http:\/\/maudep.com.vn\/giadung1\/wp-content\/uploads\/2021\/06\/2-4-1-300x281.jpg 300w, http:\/\/maudep.com.vn\/giadung1\/wp-content\/uploads\/2021\/06\/2-4-1-180x169.jpg 180w, http:\/\/maudep.com.vn\/giadung1\/wp-content\/uploads\/2021\/06\/2-4-1-600x563.jpg 600w\" sizes=\"(max-width: 710px) 100vw, 710px\" \/><\/p>\n<p><strong>\u0110\u1eb7c \u0111i\u1ec3m T\u1ee7 \u0111\u00f4ng b\u00e1n H\u1ea3i s\u1ea3n\u00a0 500 l\u00edt 1 ch\u1ebf \u0111\u1ed9 \u0111\u00f4ng gi\u00e1 r\u1ebb<\/strong><br \/>\n<strong>S\u1ea3n xu\u1ea5t tr\u00ean d\u00e2y chuy\u1ec1n Italia, thi\u1ebft k\u1ebf hi\u1ec7n \u0111\u1ea1i sang tr\u1ecdng:<\/strong><\/p>\n<ul>\n<li>T\u1ee7 \u0111\u00f4ng b\u00e1n H\u1ea3i s\u1ea3n 500 l\u00edt 1 ch\u1ebf \u0111\u1ed9 \u0111\u00f4ng gi\u00e1 r\u1ebb s\u1ea3n xu\u1ea5t tr\u00ean d\u00e2y chuy\u1ec1n hi\u1ec7n \u0111\u1ea1i c\u1ee7a Italia. Ti\u00eau chu\u1ea9n ch\u1ea5t l\u01b0\u1ee3ng ISO 9001:2015<\/li>\n<li>T\u1ee7 c\u00f3 thi\u1ebft k\u1ebf sang tr\u1ecdng hi\u1ec7n \u0111\u1ea1i, nh\u1ecf g\u1ecdn ti\u1ebft ki\u1ec7m kh\u00f4ng gian. D\u1ec5 d\u00e0ng b\u00e0i tr\u00ed c\u00f9ng thi\u1ebft k\u1ebf t\u1ed5ng th\u1ec3 c\u0103n ph\u00f2ng n\u01a1i \u0111\u1eb7t t\u1ee7.<\/li>\n<\/ul>\n<p><strong>M\u00e1y n\u00e9n ch\u1ea5t l\u01b0\u1ee3ng cao cho \u0111\u1ed9 l\u1ea1nh s\u00e2u:<\/strong><\/p>\n<ul>\n<li>T\u1ee7 \u0111\u00f4ng b\u00e1n H\u1ea3i s\u1ea3n\u00a0 500 l\u00edt 1 ch\u1ebf \u0111\u1ed9 \u0111\u00f4ng gi\u00e1 r\u1ebb s\u1eed d\u1ee5ng m\u00e1y n\u00e9n ch\u1ea5t l\u01b0\u1ee3ng cao, v\u1eadn h\u00e0nh \u00eam b\u1ec1n b\u1ec9 trong th\u1eddi gian d\u00e0i. T\u1ee7 l\u00e0m l\u1ea1nh nhanh xu\u1ed1ng d\u01b0\u1edbi \u00e2m 18oC (-18oC) v\u00e0 ti\u1ebft ki\u1ec7m \u0111i\u1ec7n.<\/li>\n<\/ul>\n<p><img loading=\"lazy\" class=\"aligncenter size-full wp-image-3435\" src=\"http:\/\/maudep.com.vn\/giadung1\/wp-content\/uploads\/2021\/06\/may-nen-tu-dong-hoa-phat-tiet-kiem-dien-4fc798a0-b328-49c1-ba05-3e9b0072de45.jpg\" alt=\"\" width=\"621\" height=\"614\" srcset=\"http:\/\/maudep.com.vn\/giadung1\/wp-content\/uploads\/2021\/06\/may-nen-tu-dong-hoa-phat-tiet-kiem-dien-4fc798a0-b328-49c1-ba05-3e9b0072de45.jpg 621w, http:\/\/maudep.com.vn\/giadung1\/wp-content\/uploads\/2021\/06\/may-nen-tu-dong-hoa-phat-tiet-kiem-dien-4fc798a0-b328-49c1-ba05-3e9b0072de45-300x297.jpg 300w, http:\/\/maudep.com.vn\/giadung1\/wp-content\/uploads\/2021\/06\/may-nen-tu-dong-hoa-phat-tiet-kiem-dien-4fc798a0-b328-49c1-ba05-3e9b0072de45-180x178.jpg 180w, http:\/\/maudep.com.vn\/giadung1\/wp-content\/uploads\/2021\/06\/may-nen-tu-dong-hoa-phat-tiet-kiem-dien-4fc798a0-b328-49c1-ba05-3e9b0072de45-600x593.jpg 600w\" sizes=\"(max-width: 621px) 100vw, 621px\" \/><\/p>\n<p><strong>L\u1edbp c\u00e1ch nhi\u1ec7t d\u1ea7y:<\/strong><\/p>\n<ul>\n<li>L\u1edbp c\u00e1ch nhi\u1ec7t Polyurethane c\u1ee7a T\u1ee7 \u0111\u00f4ng b\u00e1n H\u1ea3i s\u1ea3n 500 l\u00edt 1 ch\u1ebf \u0111\u1ed9 \u0111\u00f4ng gi\u00e1 r\u1ebb d\u00e0y 50mm \u0111\u1ebfn 60mmm c\u00e1ch nhi\u1ec7t hi\u1ec7u qu\u1ea3, ch\u1ed1ng th\u1ea5t tho\u00e1t nhi\u1ec7t, gi\u00fap t\u1ee7 v\u1eadn h\u00e0nh an to\u00e0n trong th\u1eddi gian d\u00e0i v\u00e0 ti\u1ebft ki\u1ec7m \u0111i\u1ec7n. S\u1eed d\u1ee5ng ch\u1ea5t tr\u1ee3 n\u1edf th\u1ebf h\u1ec7 m\u1edbi Cylopentane trong l\u1edbp c\u00e1ch nhi\u1ec7t gi\u00fap c\u00e1ch an to\u00e0n cho th\u1ef1c ph\u1ea9m \u0111\u00f4ng l\u1ea1nh trong t\u1ee7.<\/li>\n<\/ul>\n<p><strong>M\u00f4i ch\u1ea5t l\u1ea1nh (gas) R600a:<\/strong><\/p>\n<ul>\n<li>T\u1ee7 \u0111\u00f4ng b\u00e1n H\u1ea3i s\u1ea3n 500 l\u00edt 1 ch\u1ebf \u0111\u1ed9 \u0111\u00f4ng gi\u00e1 r\u1ebb s\u1eed d\u1ee5ng m\u00f4i ch\u1ea5t l\u00e0m l\u1ea1nh l\u00e0 Gas R600a gi\u00fap ti\u1ebft ki\u1ec7m t\u1edbi 40% \u0111i\u1ec7n n\u0103ng so v\u1edbi c\u00e1c lo\u1ea1i Gas kh\u00e1c b\u1edfi n\u00f3 y\u00eau c\u1ea7u m\u1ed9t \u00e1p xu\u1ea5t ng\u01b0ng th\u1ea5p. Th\u00eam v\u00e0o \u0111\u00f3 n\u00f3 c\u0169ng b\u1ea3o v\u1ec7 s\u1ee9c kh\u1ecfe ng\u01b0\u1eddi s\u1eed d\u1ee5ng v\u00e0 kh\u00f4ng g\u00e2y \u1ea3nh h\u01b0\u1edfng t\u1edbi m\u00f4i tr\u01b0\u1eddng<\/li>\n<\/ul>\n<p><strong>T\u1ee7 \u0111\u00f4ng b\u00e1n H\u1ea3i s\u1ea3n\u00a0 500 l\u00edt 1 ch\u1ebf \u0111\u1ed9 \u0111\u00f4ng gi\u00e1 r\u1ebb 1 ng\u0103n \u0111\u00f4ng, c\u00f3 v\u1eadt li\u1ec7u c\u1ea5u t\u1ea1o cao c\u1ea5p:<\/strong><\/p>\n<ul>\n<li>L\u00f2ng trong t\u1ee7 \u0111\u00f4ng b\u00e1n H\u1ea3i s\u1ea3n\u00a0 500l \u0111\u01b0\u1ee3c l\u00e0m b\u1eb1ng nh\u00f4m nh\u0103n cao c\u1ea5p, t\u0103ng \u0111\u1ed9 b\u1ec1n v\u00e0 kh\u1ea3 n\u0103ng truy\u1ec1n nhi\u1ec7t v\u00e0 gi\u1ea3m m\u1ee9c \u0111\u1ed9 b\u00e1m tuy\u1ebft b\u00ean trong t\u1ee7.<\/li>\n<li>Th\u00e2n v\u00e0 c\u00e1nh t\u1ee7 \u0111\u01b0\u1ee3c l\u00e0m b\u1eb1ng th\u00e9p d\u00e0y, b\u1ec1 m\u1eb7t ph\u1ee7 s\u01a1n t\u0129nh \u0111i\u1ec7n cao c\u1ea5p b\u00f3ng \u0111\u1eb9p v\u00e0 b\u1ec1n, tr\u00e1nh han g\u1ec9 trong su\u1ed1t qu\u00e1 tr\u00ecnh s\u1eed d\u1ee5ng.<\/li>\n<\/ul>\n<p><strong>Do\u0103ng c\u00e1nh t\u1ee7 d\u1ea1ng g\u00e0i:<\/strong><\/p>\n<ul>\n<li>Gio\u0103ng c\u00e1nhT\u1ee7 \u0111\u00f4ng b\u00e1n H\u1ea3i s\u1ea3n\u00a0 500 l\u00edt 1 ch\u1ebf \u0111\u1ed9 \u0111\u00f4ng gi\u00e1 r\u1ebb \u0111\u01b0\u1ee3c thi\u1ebft k\u1ebf d\u1ea1ng g\u00e0i, c\u00f3 th\u1ec3 th\u00e1o ra gi\u00fap v\u1ec7 sinh gio\u0103ng d\u1ec5 d\u00e0ng v\u00e0 n\u00e2ng cao tu\u1ed5i th\u1ecd c\u1ee7a t\u1ee7.<\/li>\n<\/ul>\n<p><strong>Kh\u00f3a an to\u00e0n ch\u1eafc ch\u1eafn:<\/strong><\/p>\n<ul>\n<li>C\u00e1nh T\u1ee7 \u0111\u00f4ng b\u00e1n H\u1ea3i s\u1ea3n\u00a0 500 l\u00edt 1 ch\u1ebf \u0111\u1ed9 \u0111\u00f4ng gi\u00e1 r\u1ebb thi\u1ebft k\u1ebf c\u00f3 kh\u00f3a ch\u1eafc ch\u1eafn. An to\u00e0n cho gia \u0111\u00ecnh c\u00f3 tr\u1ebb nh\u1ecf hay tr\u00e1nh m\u1ea5t \u0111\u1ed3 cho c\u1eeda h\u00e0ng.<\/li>\n<\/ul>\n<p><strong>N\u00fat \u0111i\u1ec1u khi\u1ec3n d\u1ec5 d\u00e0ng quan s\u00e1t v\u00e0 v\u1eadn h\u00e0nh<\/strong><\/p>\n<ul>\n<li>T\u1ee7 \u0111\u00f4ng H\u00f2a Ph\u00e1t b\u00e1n H\u1ea3i s\u1ea3n 500l b\u1ed1 tr\u00ed n\u00fat \u0111i\u1ec1u ch\u1ec9nh nhi\u1ec7t \u0111\u1ed9 v\u00e0 c\u00e1c \u0111\u00e8n b\u00e1o ngu\u1ed3n v\u00e0 ho\u1ea1t \u0111\u1ed9ng (power\/ operqation) n\u1eb1m ph\u00eda ch\u00e2n t\u1ee7 b\u00ean ngo\u00e0i. Gi\u00fap d\u1ec5 d\u00e0ng quan s\u00e1t v\u00e0 v\u1eadn h\u00e0nh theo mong mu\u1ed1n.<\/li>\n<\/ul>\n<p><strong>Gi\u1ecf treo t\u0103ng t\u00ednh linh ho\u1ea1t:<\/strong><\/p>\n<ul>\n<li>T\u1ee7 \u0111\u00f4ng b\u00e1n H\u1ea3i s\u1ea3n 500 l\u00edt 1 ch\u1ebf \u0111\u1ed9 \u0111\u00f4ng gi\u00e1 r\u1ebb thi\u1ebft k\u1ebf gi\u1ecf treo t\u0103ng t\u00ednh linh ho\u1ea1t trong b\u1ed1 tr\u00ed s\u1eafp x\u1ebfp \u0111\u1ed3 b\u00ean trong t\u1ee7..<\/li>\n<\/ul>\n<p><strong>L\u1ed7 tho\u00e1t n\u01b0\u1edbc<\/strong><\/p>\n<p>L\u1ed7 tho\u00e1t n\u01b0\u1edbc b\u00ean trong t\u1ee7 d\u1eabn ra \u1ed1ng th\u1ea3i ph\u00eda sau. gi\u00fap vi\u1ec7c x\u1ea3 tuy\u1ebft v\u1ec7 sinh lau ch\u00f9i t\u1ee7 d\u1ec5 d\u00e0ng<\/p>\n<p><strong>Ch\u00e2n b\u00e1nh xe ch\u1ecbu l\u1ef1c:<\/strong><\/p>\n<ul>\n<li>T\u1ee7 \u0111\u00f4ng b\u00e1n H\u1ea3i s\u1ea3n\u00a0 500 l\u00edt 1 ch\u1ebf \u0111\u1ed9 \u0111\u00f4ng gi\u00e1 r\u1ebb\u0111\u01b0\u1ee3c thi\u1ebft k\u1ebf v\u1edbi 4 ch\u00e2n b\u00e1nh xe ch\u1ecbu l\u1ef1c gi\u00fap d\u1ec5 d\u00e0ng di chuy\u1ec3n, b\u1ed1 tr\u00ed s\u1eafp x\u1ebfp v\u1ecb tr\u00ed l\u1eafp \u0111\u1eb7t t\u1ee7.<\/li>\n<\/ul>\n<p><img loading=\"lazy\" class=\"aligncenter size-full wp-image-3436\" src=\"http:\/\/maudep.com.vn\/giadung1\/wp-content\/uploads\/2021\/06\/chan-tu-co-4-banh-xe-di-chuyen.jpg\" alt=\"\" width=\"593\" height=\"587\" srcset=\"http:\/\/maudep.com.vn\/giadung1\/wp-content\/uploads\/2021\/06\/chan-tu-co-4-banh-xe-di-chuyen.jpg 593w, http:\/\/maudep.com.vn\/giadung1\/wp-content\/uploads\/2021\/06\/chan-tu-co-4-banh-xe-di-chuyen-300x297.jpg 300w, http:\/\/maudep.com.vn\/giadung1\/wp-content\/uploads\/2021\/06\/chan-tu-co-4-banh-xe-di-chuyen-180x178.jpg 180w\" sizes=\"(max-width: 593px) 100vw, 593px\" \/><\/p>\n<p><strong>B\u1ea3o h\u00e0nh d\u00e0i nh\u1ea5t th\u1ecb tr\u01b0\u1eddng<\/strong><\/p>\n<ul>\n<li>T\u1ee7 \u0111\u00f4ng b\u00e1n H\u1ea3i s\u1ea3n\u00a0450 l\u00edt 1 ch\u1ebf \u0111\u1ed9 \u0111\u00f4ng gi\u00e1 r\u1ebb c\u00f3 th\u1eddi h\u1ea1n b\u1ea3o h\u00e0nh l\u00ean \u0111\u1ebfn 30 th\u00e1ng d\u00e0i nh\u1ea5t tr\u00ean th\u1ecb tr\u01b0\u1eddng<\/li>\n<\/ul>\n<p><img loading=\"lazy\" class=\"aligncenter size-full wp-image-3437\" src=\"http:\/\/maudep.com.vn\/giadung1\/wp-content\/uploads\/2021\/06\/tu-dong-hoa-phat-bao-hanh-30-thang.jpg\" alt=\"\" width=\"614\" height=\"607\" srcset=\"http:\/\/maudep.com.vn\/giadung1\/wp-content\/uploads\/2021\/06\/tu-dong-hoa-phat-bao-hanh-30-thang.jpg 614w, http:\/\/maudep.com.vn\/giadung1\/wp-content\/uploads\/2021\/06\/tu-dong-hoa-phat-bao-hanh-30-thang-300x297.jpg 300w, http:\/\/maudep.com.vn\/giadung1\/wp-content\/uploads\/2021\/06\/tu-dong-hoa-phat-bao-hanh-30-thang-180x178.jpg 180w, http:\/\/maudep.com.vn\/giadung1\/wp-content\/uploads\/2021\/06\/tu-dong-hoa-phat-bao-hanh-30-thang-600x593.jpg 600w\" sizes=\"(max-width: 614px) 100vw, 614px\" \/><\/p>\n<h3><strong>Li\u00ean h\u1ec7 mua \u0111i\u1ec1u h\u00f2a t\u1ee7 lanh, t\u1ee7 \u0111\u00f4ng H\u00f2a Ph\u00e1t \u2013 Funiki :\u00a0<a href=\"tel:0862606686\"><span class=\"text-hotline\">0862 606 686<\/span><\/a><\/strong><\/h3>\n<p>&nbsp;<\/p>\n<\/div>\n","protected":false},"excerpt":{"rendered":"<ul>\n<li>S\u1ed1 c\u00e1nh: 2 c\u00e1nh m\u1edf<\/li>\n<li>K\u00edch th\u01b0\u1edbc t\u1ee7 (R x S x C): 1304 x 670 x 890 (mm)<\/li>\n<li>C\u00f4ng su\u1ea5t \u0111i\u1ec7n: 149 w<\/li>\n<li>Ch\u00e2n b\u00e1nh xe ch\u1ecbu l\u1ef1c<\/li>\n<li><strong>B\u1ea3o h\u00e0nh: 30 th\u00e1ng<\/strong><\/li>\n<\/ul>\n","protected":false},"featured_media":3434,"comment_status":"open","ping_status":"closed","template":"","meta":[],"_links":{"self":[{"href":"http:\/\/maudep.com.vn\/giadung1\/wp-json\/wp\/v2\/product\/3433"}],"collection":[{"href":"http:\/\/maudep.com.vn\/giadung1\/wp-json\/wp\/v2\/product"}],"about":[{"href":"http:\/\/maudep.com.vn\/giadung1\/wp-json\/wp\/v2\/types\/product"}],"replies":[{"embeddable":true,"href":"http:\/\/maudep.com.vn\/giadung1\/wp-json\/wp\/v2\/comments?post=3433"}],"wp:featuredmedia":[{"embeddable":true,"href":"http:\/\/maudep.com.vn\/giadung1\/wp-json\/wp\/v2\/media\/3434"}],"wp:attachment":[{"href":"http:\/\/maudep.com.vn\/giadung1\/wp-json\/wp\/v2\/media?parent=3433"}],"curies":[{"name":"wp","href":"https:\/\/api.w.org\/{rel}","templated":true}]}}