{"id":3438,"date":"2021-06-04T09:36:55","date_gmt":"2021-06-04T02:36:55","guid":{"rendered":"http:\/\/maudep.com.vn\/giadung1\/?post_type=product&#038;p=3438"},"modified":"2021-07-22T16:42:35","modified_gmt":"2021-07-22T09:42:35","slug":"tu-dong-500l-2-che-do-tiet-kiem-dien","status":"publish","type":"product","link":"http:\/\/maudep.com.vn\/giadung1\/san-pham\/tu-dong-500l-2-che-do-tiet-kiem-dien\/","title":{"rendered":"T\u1ee7 \u0111\u00f4ng 500L 2 ch\u1ebf \u0111\u1ed9 TI\u1ebeT KI\u1ec6M \u0110I\u1ec6N"},"content":{"rendered":"<h3>TH\u00d4NG TIN CHI TI\u1ebeT<\/h3>\n<div class=\"tab-panels\">\n<div id=\"tab-description\" class=\"woocommerce-Tabs-panel woocommerce-Tabs-panel--description panel entry-content active\" role=\"tabpanel\">\n<p>S\u1ea3n ph\u1ea9m T\u1ee7 \u0111\u00f4ng H\u00f2a Ph\u00e1t \u0111\u01b0\u1ee3c s\u1ea3n xu\u1ea5t tr\u00ean d\u00e2y chuy\u1ec1n hi\u1ec7n \u0111\u1ea1i, ki\u1ec3u d\u00e1ng \u0111\u1eb9p v\u00e0 ch\u1eafc ch\u1eafn, \u00e1p d\u1ee5ng c\u00f4ng ngh\u1ec7 ti\u00ean ti\u1ebfn nh\u1ea5t trong s\u1ea3n xu\u1ea5t. M\u00e1y n\u00e9n ch\u1ea5t l\u01b0\u1ee3ng cao v\u1eadn h\u00e0nh \u00eam, l\u00e0m l\u1ea1nh nhanh.<\/p>\n<p><strong>T\u1ee7 \u0111\u00f4ng 500L 2 ch\u1ebf \u0111\u1ed9\u00a0<\/strong>\u00a0l\u00e0m l\u1ea1nh nhanh, ti\u1ebft ki\u1ec7m \u0111i\u1ec7n. C\u00f4ng ngh\u1ec7 n\u00e0y gi\u00fap m\u00e1y n\u00e9n ho\u1ea1t \u0111\u1ed9ng \u00eam \u00e1i, kh\u1ea3 n\u0103ng v\u1eadn h\u00e0nh b\u1ec1n b\u1ec9, duy tr\u00ec nhi\u1ec7t \u0111\u1ed9 \u1ed5n \u0111\u1ecbnh \u0111em \u0111\u1ebfn s\u1ef1 b\u1ea3o qu\u1ea3n th\u1ef1c ph\u1ea9m tuy\u1ec7t v\u1eddi<\/p>\n<p>2 Ng\u0103n b\u1ea3o qu\u1ea3n t\u00e1ch bi\u1ec7t thu\u1eadn ti\u1ec7n cho vi\u1ec7c l\u01b0u tr\u1eef th\u1ef1c ph\u1ea9m<\/p>\n<p><strong>T\u1ee7 \u0111\u00f4ng 500L 2 ch\u1ebf \u0111\u1ed9<\/strong>\u2013 2 ng\u0103n 2 ch\u1ebf \u0111\u1ed9 ( \u0110\u00f4ng\/M\u00e1t) c\u00f3 2 ng\u0103n t\u00e1ch bi\u1ec7t ti\u1ec7n l\u1ee3i, \u0111\u00f3 l\u00e0<\/p>\n<ul>\n<li>Ng\u0103n b\u1ea3o qu\u1ea3n ng\u0103n \u0111\u00f4ng: c\u00f3 nhi\u1ec7t \u0111\u1ed9 l\u1ea1nh s\u00e2u &lt; -18 \u0111\u1ed9 C, \u0111\u00f4ng l\u1ea1nh s\u00e2u v\u00e0 hi\u1ec7u qu\u1ea3, ph\u00f9 h\u1ee3p v\u1edbi nhu c\u1ea7u b\u1ea3o qu\u1ea3n, m\u1ed9t s\u1ed1 th\u1ef1c ph\u1ea9m nh\u01b0 th\u1ecbt, c\u00e1\u2026 trong th\u1eddi gian d\u00e0i ,<\/li>\n<li>Ng\u0103n b\u1ea3o qu\u1ea3n ng\u0103n m\u00e1t: c\u00f3 nhi\u1ec7t \u0111\u1ed9 giao \u0111\u1ed9ng t\u1eeb 0 \u0111\u1ed9c C \u0111\u1ebfn 10 \u0111\u1ed9 C, ph\u00f9 h\u1ee3p v\u1edbi nhu c\u1ea7u b\u1ea3o qu\u1ea3n th\u1ef1c ph\u1ea9m ng\u1eafn ng\u00e0y, ngo\u00e0i ra m\u1eb7t ngo\u00e0i t\u1ee7 c\u00f2n \u0111\u01b0\u1ee3c b\u1ed1 tr\u00ed n\u00fam v\u1eb7n \u0111i\u1ec1u khi\u1ec3n nhi\u1ec7t \u0111\u1ed9 ng\u0103n, b\u1ea3o v\u1ec7 th\u1ef1c ph\u1ea9m d\u00e0i ng\u00e0y ti\u1ec7n l\u1ee3i, gi\u00fap ng\u01b0\u1eddi s\u1eed d\u1ee5ng d\u1ec5 d\u00e0ng \u0111i\u1ec1u ch\u1ec9nh nhi\u1ec7t \u0111\u1ed9 ph\u00f9 h\u1ee3p v\u1edbi nhu c\u1ea7u , \u0111\u1ed3ng th\u1eddi ti\u1ebft ki\u1ec7m \u0111i\u1ec7n n\u0103ng<\/li>\n<li>K\u00edch th\u01b0\u1edbc k\u00ea t\u1ee7:<\/li>\n<\/ul>\n<div class=\"textwidget\">\n<h3><strong>Li\u00ean h\u1ec7 mua \u0111i\u1ec1u h\u00f2a t\u1ee7 lanh, t\u1ee7 \u0111\u00f4ng H\u00f2a Ph\u00e1t \u2013 Funiki :\u00a0<a href=\"tel:0862606686\"><span class=\"text-hotline\">0862 606 686<\/span><\/a><\/strong><\/h3>\n<\/div>\n<\/div>\n<\/div>\n","protected":false},"excerpt":{"rendered":"<p>\u2013 Dung t\u00edch t\u1ee7 480L<\/p>\n<p>\u2013 C\u00f4ng ngh\u1ec7 \u00a0\u2013 Ti\u1ebft ki\u1ec7m \u0111i\u1ec7n<\/p>\n<p>-C\u00f4ng su\u1ea5t 122w<\/p>\n<p>-2 ng\u0103n \u00a0\u2013 2 c\u00e1nh m\u1edf \u2013 2 ch\u1ebf \u0111\u1ed9<\/p>\n<p>-K\u00edch th\u01b0\u1edbc t\u1ee7 (RxSxC) mm: 1235 x 660 x 915<\/p>\n<p>tr\u1ecdng l\u01b0\u1ee3ng 62 kg<\/p>\n<p>&nbsp;<\/p>\n","protected":false},"featured_media":3377,"comment_status":"open","ping_status":"closed","template":"","meta":[],"_links":{"self":[{"href":"http:\/\/maudep.com.vn\/giadung1\/wp-json\/wp\/v2\/product\/3438"}],"collection":[{"href":"http:\/\/maudep.com.vn\/giadung1\/wp-json\/wp\/v2\/product"}],"about":[{"href":"http:\/\/maudep.com.vn\/giadung1\/wp-json\/wp\/v2\/types\/product"}],"replies":[{"embeddable":true,"href":"http:\/\/maudep.com.vn\/giadung1\/wp-json\/wp\/v2\/comments?post=3438"}],"wp:featuredmedia":[{"embeddable":true,"href":"http:\/\/maudep.com.vn\/giadung1\/wp-json\/wp\/v2\/media\/3377"}],"wp:attachment":[{"href":"http:\/\/maudep.com.vn\/giadung1\/wp-json\/wp\/v2\/media?parent=3438"}],"curies":[{"name":"wp","href":"https:\/\/api.w.org\/{rel}","templated":true}]}}