{"id":3529,"date":"2021-06-07T11:11:17","date_gmt":"2021-06-07T04:11:17","guid":{"rendered":"http:\/\/maudep.com.vn\/giadung1\/?post_type=product&#038;p=3529"},"modified":"2021-06-07T11:11:17","modified_gmt":"2021-06-07T04:11:17","slug":"tu-lanh-funiki-fr-126isu-tu-mini-2-canh-126-lit-khong-dong-tuyet","status":"publish","type":"product","link":"http:\/\/maudep.com.vn\/giadung1\/san-pham\/tu-lanh-funiki-fr-126isu-tu-mini-2-canh-126-lit-khong-dong-tuyet\/","title":{"rendered":"T\u1ee7 l\u1ea1nh Funiki FR-126ISU t\u1ee7 mini 2 c\u00e1nh 126 l\u00edt kh\u00f4ng \u0111\u00f3ng tuy\u1ebft"},"content":{"rendered":"<p><strong>T\u1ee7 l\u1ea1nh Funiki FR-126ISU t\u1ee7 mini 2 c\u00e1nh 126 l\u00edt kh\u00f4ng \u0111\u00f3ng tuy\u1ebft<\/strong><\/p>\n<p>T\u1ee7 l\u1ea1nh Funiki FR-126ISU\u00a0l\u00e0 t\u1ee7 l\u1ea1nh mini 2 c\u00e1nh dung t\u00edch 126 l\u00edt ki\u1ec3u d\u00e1ng \u0111\u1eb9p trang nh\u00e3, c\u00f3 ng\u0103n \u0111\u00e1 ri\u00eang bi\u1ec7t kh\u00f4ng \u0111\u00f3ng tuy\u1ebft v\u1edbi m\u00e1y n\u00e9n v\u1eadn h\u00e0nh \u00eam, ti\u1ebft ki\u1ec7m \u0111i\u1ec7n n\u0103ng.<\/p>\n<p><img loading=\"lazy\" class=\"aligncenter size-full wp-image-3508\" src=\"http:\/\/maudep.com.vn\/giadung1\/wp-content\/uploads\/2021\/06\/Tu-lanh-funiki-Inverter-fri-216isu-web1-1024x654-3.jpg\" alt=\"\" width=\"1024\" height=\"654\" srcset=\"http:\/\/maudep.com.vn\/giadung1\/wp-content\/uploads\/2021\/06\/Tu-lanh-funiki-Inverter-fri-216isu-web1-1024x654-3.jpg 1024w, http:\/\/maudep.com.vn\/giadung1\/wp-content\/uploads\/2021\/06\/Tu-lanh-funiki-Inverter-fri-216isu-web1-1024x654-3-300x192.jpg 300w, http:\/\/maudep.com.vn\/giadung1\/wp-content\/uploads\/2021\/06\/Tu-lanh-funiki-Inverter-fri-216isu-web1-1024x654-3-768x491.jpg 768w, http:\/\/maudep.com.vn\/giadung1\/wp-content\/uploads\/2021\/06\/Tu-lanh-funiki-Inverter-fri-216isu-web1-1024x654-3-180x115.jpg 180w, http:\/\/maudep.com.vn\/giadung1\/wp-content\/uploads\/2021\/06\/Tu-lanh-funiki-Inverter-fri-216isu-web1-1024x654-3-600x383.jpg 600w\" sizes=\"(max-width: 1024px) 100vw, 1024px\" \/><\/p>\n<h3>\u0110\u1eb7c \u0111i\u1ec3m t\u1ee7 l\u1ea1nh Funiki FR-126ISU t\u1ee7 mini 2 c\u00e1nh 126 l\u00edt kh\u00f4ng \u0111\u00f3ng tuy\u1ebft<\/h3>\n<h3>M\u00e1y n\u00e9n \u00eam, ti\u1ebft ki\u1ec7m \u0111i\u1ec7n n\u0103ng:<\/h3>\n<ul>\n<li>M\u00e1y n\u00e9n \u0111\u01b0\u1ee3c s\u1ea3n xu\u1ea5t b\u1edfi c\u00e1c h\u00e3ng danh ti\u1ebfng tr\u00ean th\u1ebf gi\u1edbi gi\u00fap t\u1ee7 l\u1ea1nh Funiki 126 l\u00edt ti\u1ebft ki\u1ec7m \u0111i\u1ec7n n\u0103ng t\u1ed1i \u0111a m\u00e0 v\u1eadn h\u00e0nh \u00eam \u00e1i kh\u00f4ng g\u00e2y ti\u1ebfng \u1ed3n trong su\u1ed1t qu\u00e1 tr\u00ecnh s\u1eed d\u1ee5ng.<\/li>\n<\/ul>\n<h3>Ng\u0103n \u0111\u00f4ng b\u1ea3o qu\u1ea3n th\u1ef1c ph\u1ea9m<\/h3>\n<ul>\n<li>D\u00f9 l\u00e0 m\u1ed9t t\u1ee7 mini nh\u01b0ng t\u1ee7 l\u1ea1nh Funiki FR-126ISU v\u1eabn c\u00f3 thi\u1ebft k\u1ebf 2 ng\u0103n 2 c\u00e1nh, v\u1edbi ng\u0103n \u0111\u00e1 \u0111\u1ed9c l\u1eadp gi\u00fap l\u00e0m \u0111\u00e1 hay b\u1ea3o qu\u1ea3n th\u1ef1c ph\u1ea9m t\u01b0\u01a1i ngon d\u00e0i l\u00e2u m\u00e0 kh\u00f4ng l\u1eabn m\u00f9i ra c\u00e1c lo\u1ea1i th\u1ef1c ph\u1ea9m trong ng\u0103n m\u00e1t.<\/li>\n<\/ul>\n<h3>Kh\u00f4ng \u0111\u00f3ng tuy\u1ebft \u2013 l\u00e0m l\u1ea1nh gi\u00e1n ti\u1ebfp:<\/h3>\n<ul>\n<li>V\u1edbi ki\u1ec3u l\u00e0nh l\u1ea1nh gi\u00e1n ti\u1ebfp gi\u00fap t\u1ee7 l\u1ea1nh Funiki FR-126ISU kh\u00f4ng b\u1ecb \u0111\u00f3ng tuy\u1ebft trong ng\u0103n \u0111\u00f4ng. Gi\u00fap ng\u0103n \u0111\u00f4ng lu\u00f4n s\u1ea1ch s\u1ebd v\u00e0 th\u1ef1c ph\u1ea9m b\u1ea3o qu\u1ea3n \u0111\u1ea3m b\u1ea3o t\u01b0\u01a1i ngon.<\/li>\n<\/ul>\n<p><img loading=\"lazy\" class=\"aligncenter size-full wp-image-3511\" src=\"http:\/\/maudep.com.vn\/giadung1\/wp-content\/uploads\/2021\/06\/Ngan-mat-tu-lanh-inverter-funiki-fri-186isu-web3-512x607.jpg\" alt=\"\" width=\"512\" height=\"607\" srcset=\"http:\/\/maudep.com.vn\/giadung1\/wp-content\/uploads\/2021\/06\/Ngan-mat-tu-lanh-inverter-funiki-fri-186isu-web3-512x607.jpg 512w, http:\/\/maudep.com.vn\/giadung1\/wp-content\/uploads\/2021\/06\/Ngan-mat-tu-lanh-inverter-funiki-fri-186isu-web3-512x607-253x300.jpg 253w, http:\/\/maudep.com.vn\/giadung1\/wp-content\/uploads\/2021\/06\/Ngan-mat-tu-lanh-inverter-funiki-fri-186isu-web3-512x607-152x180.jpg 152w, http:\/\/maudep.com.vn\/giadung1\/wp-content\/uploads\/2021\/06\/Ngan-mat-tu-lanh-inverter-funiki-fri-186isu-web3-512x607-506x600.jpg 506w\" sizes=\"(max-width: 512px) 100vw, 512px\" \/><\/p>\n<h3>C\u00f4ng ngh\u1ec7 kh\u1eed m\u00f9i kh\u00e1ng khu\u1ea9n nano b\u1ea1c:<\/h3>\n<ul>\n<li>T\u1ee7 l\u1ea1nh Funiki FR-126ISU s\u1eed d\u1ee5ng c\u00f4ng ngh\u1ec7 kh\u1eed m\u00f9i kh\u00e1ng khu\u1ea9n b\u1eb1ng nano b\u1ea1c (silver nano) gi\u00fap t\u1ee7 th\u1ef1c ph\u1ea9m lu\u00f4n t\u01b0\u01a1i ngon. V\u1edbi k\u00edch th\u01b0\u1edbc c\u00e1c ph\u1ea7n t\u1eed b\u1ea1c \u1edf m\u1ee9c ch\u1ec9 t\u1eeb 3 \u0111\u1ebfn 5 nano m\u00e9t gi\u00fap t\u1ee7 c\u00f3 kh\u1ea3 n\u0103ng ti\u00eau di\u1ec7t c\u00e1c vi khu\u1ea9n g\u00e2y h\u1ea1i theo nguy\u00ean t\u1eafc bao b\u1ecdc tr\u1ef1c ti\u1ebfp t\u1ebf b\u00e0o c\u1ee7a vi khu\u1ea9n, ph\u00e1 v\u1ee1 c\u1ea5u tr\u00fac t\u1ebf b\u00e0o, v\u00f4 hi\u1ec7u h\u00f3a s\u1ef1 ph\u00e1t tri\u1ec3n c\u1ee7a ch\u00fang.<\/li>\n<\/ul>\n<h3>H\u1ec7 th\u1ed1ng kh\u00ed l\u1ea1nh \u0111a chi\u1ec1u:<\/h3>\n<ul>\n<li>Lu\u00f4ng kh\u00ed l\u1ea1nh trong t\u1ee7 l\u1ea1nh Funiki FR-126ISU \u0111\u01b0\u1ee3c lan t\u1ecfa \u0111\u1ed3ng \u0111\u1ec1u kh\u1eafp c\u00e1c ng\u0103n, duy tr\u00ec \u0111\u1ed9 l\u1ea1nh th\u00edch h\u1ee3p v\u00e0 kh\u1ea3 n\u0103ng gi\u1eef l\u1ea1nh l\u00e2u h\u01a1n.<\/li>\n<\/ul>\n<h3>Khay \u0111\u00e1 th\u00f4ng minh:<\/h3>\n<ul>\n<li>T\u1ee7 l\u1ea1nh Funiki FR-126ISU thi\u1ebft k\u1ebf khay \u0111\u00e1 th\u00f4ng minh. Ch\u1ec9 c\u1ea7n m\u1ed9t \u0111\u1ed9ng t\u00e1c xoay nh\u1eb9 l\u00e0 c\u00f3 th\u1ec3 d\u1ec5 d\u00e0ng l\u1ea5y \u0111\u00e1 ra m\u00e0 kh\u00f4ng c\u1ea7n r\u00fat khay ra kh\u1ecfi t\u1ee7.<\/li>\n<\/ul>\n<h3>Ng\u0103n rau qu\u1ea3 gi\u1eef \u1ea9m cao:<\/h3>\n<ul>\n<li>V\u1edbi ng\u0103n rau qu\u1ea3 gi\u1eef \u1ea9m cao, t\u1ee7 l\u1ea1nh Funiki c\u00f3 th\u1ec3 gi\u1eef cho rau qu\u1ea3 t\u01b0\u01a1i l\u00e2u h\u01a1n, kh\u00f4ng b\u1ecb m\u1ea5t ch\u1ea5t dinh d\u01b0\u1ee1ng gi\u00fap s\u1eed d\u1ee5ng \u0111\u01b0\u1ee3c l\u00e2u d\u00e0i.<\/li>\n<\/ul>\n<h3>Ch\u00e2n \u0111\u1ebf nh\u1ef1a<\/h3>\n<ul>\n<li>Ch\u00e2n \u0111\u1ebf nh\u1ef1a gi\u00fap t\u1ee7 l\u1ea1nh Funiki FR-126ISU v\u1eefng ch\u1eafc v\u00e0 gi\u00fap t\u1ee7 tr\u00e1nh \u0111\u01b0\u1ee3c \u1ea9m \u01b0\u1edbt trong \u0111i\u1ec1u ki\u1ec7n m\u00f4i tr\u01b0\u1eddng th\u1eddi n\u00f3ng \u1ea9m c\u1ee7a Vi\u1ec7t Nam<\/li>\n<\/ul>\n<h3>Kh\u00f4ng ch\u1ee9a CFC<\/h3>\n<ul>\n<li>T\u1ee7 s\u1eed d\u1ee5ng m\u00f4i ch\u1ea5t l\u1ea1nh kh\u00f4ng c\u00f3 CFC, an to\u00e0n v\u1edbi ng\u01b0\u1eddi s\u1eed d\u1ee5ng v\u00e0 b\u1ea3o v\u1ec7 m\u00f4i tr\u01b0\u1eddng.<\/li>\n<\/ul>\n<h3>B\u1ea3o h\u00e0nh 30 th\u00e1ng<\/h3>\n<ul>\n<li>T\u1ee7 l\u1ea1nh Funiki FR-126ISUc\u00f3 th\u1eddi gian b\u1ea3o h\u00e0nh 30 th\u00e1ng, d\u00e0i nh\u1ea5t th\u1ecb tr\u01b0\u1eddng<\/li>\n<\/ul>\n<h3>Th\u00f4ng s\u1ed1 k\u1ef9 thu\u1eadt t\u1ee7 l\u1ea1nh Funiki FR-126ISU t\u1ee7 mini 2 c\u00e1nh 126 l\u00edt kh\u00f4ng \u0111\u00f3ng tuy\u1ebft:<\/h3>\n<ul>\n<li>Model : FR-126ISU<\/li>\n<li>M\u00e0u s\u1eafc: \u0110en<\/li>\n<li>\u0110\u00f3ng tuy\u1ebft: Kh\u00f4ng<\/li>\n<li>S\u1ed1 c\u1eeda t\u1ee7 l\u1ea1nh: 2 c\u1eeda<\/li>\n<li>K\u00edch th\u01b0\u1edbc t\u1ee7 (CxSxR): 1198 x 582 x 490 (mm)<\/li>\n<li>Dung t\u00edch t\u1ed5ng\/ s\u1eed d\u1ee5ng: 126 l\u00edt\/ 120 l\u00edt<\/li>\n<li>Dung t\u00edch ng\u0103n \u0111\u00f4ng\/ ng\u0103n m\u00e1t: 37L\/ 83L<\/li>\n<li>C\u00f4ng su\u1ea5t \u0111i\u1ec7n: 85 w<\/li>\n<li>Gas l\u1ea1nh: R134a<\/li>\n<li>Tr\u1ecdng l\u01b0\u1ee3ng: 31.5 Kg<\/li>\n<li>H\u00e3ng s\u1ea3n xu\u1ea5t: T\u1eadp \u0111o\u00e0n H\u00f2a Ph\u00e1t<\/li>\n<li>N\u01a1i s\u1ea3n xu\u1ea5t: Vi\u1ec7t nam<\/li>\n<li>Kh\u00e1ng khu\u1ea9n, kh\u1eed m\u00f9i: nano b\u1ea1c<\/li>\n<li>T\u00ednh n\u0103ng\/ Ti\u1ec7n \u00edch:<br \/>\n+ H\u1ec7 th\u1ed1ng kh\u00ed l\u1ea1nh \u0111a chi\u1ec1u<br \/>\n+ Khay \u0111\u00e1 th\u00f4ng minh<br \/>\n+ Ng\u0103n b\u1ea3o qu\u1ea3n th\u1ef1c ph\u1ea9m t\u01b0\u01a1i s\u1ed1ng<br \/>\n+ Ng\u0103n \u0111\u1ef1ng rau qu\u1ea3 Gi\u1eef \u1ea9m cao<br \/>\n+ Ng\u0103n \u0111\u1ef1ng b\u01a1 c\u00f3 n\u1eafp \u0111\u1eady<br \/>\n+ Ch\u00e2n \u0111\u1ebf nh\u1ef1a gi\u1eef cho t\u1ee7 l\u1ea1nh tr\u00e1nh b\u1ecb \u1ea9m do m\u00f4i tr\u01b0\u1eddng th\u1eddi ti\u1ebft<\/li>\n<li>Kh\u00f4ng ch\u1ee9a CFC g\u00e2y \u00f4 nhi\u1ec5m m\u00f4i tr\u01b0\u1eddng<\/li>\n<li>V\u1eadn h\u00e0nh \u00eam \u00e1i<\/li>\n<li>B\u1ea3o h\u00e0nh 30 th\u00e1ng<\/li>\n<\/ul>\n<p><img loading=\"lazy\" class=\"aligncenter size-full wp-image-3502\" src=\"http:\/\/maudep.com.vn\/giadung1\/wp-content\/uploads\/2021\/06\/tu-lanh-funiki-inverter-fri-216isu-209-lit-sl.jpg\" alt=\"\" width=\"1200\" height=\"900\" srcset=\"http:\/\/maudep.com.vn\/giadung1\/wp-content\/uploads\/2021\/06\/tu-lanh-funiki-inverter-fri-216isu-209-lit-sl.jpg 1200w, http:\/\/maudep.com.vn\/giadung1\/wp-content\/uploads\/2021\/06\/tu-lanh-funiki-inverter-fri-216isu-209-lit-sl-300x225.jpg 300w, http:\/\/maudep.com.vn\/giadung1\/wp-content\/uploads\/2021\/06\/tu-lanh-funiki-inverter-fri-216isu-209-lit-sl-768x576.jpg 768w, http:\/\/maudep.com.vn\/giadung1\/wp-content\/uploads\/2021\/06\/tu-lanh-funiki-inverter-fri-216isu-209-lit-sl-1024x768.jpg 1024w, http:\/\/maudep.com.vn\/giadung1\/wp-content\/uploads\/2021\/06\/tu-lanh-funiki-inverter-fri-216isu-209-lit-sl-180x135.jpg 180w, http:\/\/maudep.com.vn\/giadung1\/wp-content\/uploads\/2021\/06\/tu-lanh-funiki-inverter-fri-216isu-209-lit-sl-600x450.jpg 600w\" sizes=\"(max-width: 1200px) 100vw, 1200px\" \/><\/p>\n<h3>C\u00e1c l\u01b0u \u00fd khi s\u1eed d\u1ee5ng t\u1ee7 l\u1ea1nh mini 2 c\u00e1nh Funiki FR-126ISU:<\/h3>\n<ul>\n<li>C\u00e1c h\u01b0\u1edbng d\u1eabn c\u00e1ch s\u1eed d\u1ee5ng t\u1ee7 l\u1ea1nh Funiki FR-126ISU gi\u00fap t\u1ee7 ho\u1ea1t \u0111\u1ed9ng t\u1ed1t, tu\u1ed5i th\u1ecd cao v\u00e0 ti\u1ebft ki\u1ec7m \u0111i\u1ec7n n\u0103ng.<\/li>\n<li>V\u1ecb tr\u00ed \u0111\u1eb7t t\u1ee7 c\u1ea7n khe tho\u00e1ng c\u00e1c m\u1eb7t t\u1ee7: n\u01a1i \u0111\u1eb7t t\u1ee7 c\u1ea7n c\u00f3 khe tho\u00e1ng v\u1edbi t\u01b0\u1eddng v\u00e0 c\u00e1c v\u1eadt d\u1ee5ng \u0111\u1eb7t c\u1ea1nh. \u0110i\u1ec1u n\u00e0y gi\u00fap s\u1ef1 trao \u0111\u1ed5i nhi\u1ec7t c\u1ee7a d\u00e0n n\u00f3ng \u0111\u01b0\u1ee3c hi\u1ec7u qu\u1ea3.<\/li>\n<li>Kh\u00f4ng cho th\u1ef1c ph\u1ea9m hay c\u00e1c \u0111\u1ed3 c\u00f2n n\u00f3ng v\u00e0o trong t\u1ee7, c\u00f3 th\u1ec3 l\u00e0m bi\u1ebfn d\u1ea1ng c\u00e1c khay gi\u00e1 \u0111\u1ee1 hay th\u00e0nh t\u1ee7. L\u00e0m h\u01b0 h\u1ea1i b\u00ean trong t\u1ee7 hay gi\u1ea3m tu\u1ed5i th\u1ecd c\u1ee7a t\u1ee7.<\/li>\n<li>Kh\u00f4ng n\u00ean \u0111\u1ec3 qu\u00e1 qu\u00e1 nhi\u1ec1u \u0111\u1ed3 trong t\u1ee7, \u0111\u1ea3m b\u1ea3o l\u01b0u th\u00f4ng kh\u00ed l\u1ea1nh nh\u1eb1m gi\u1eef cho c\u00e1c th\u1ef1c ph\u1ea9m \u0111\u1eb7t trong t\u1ee7 duy tr\u00ec m\u1ee9c \u0111\u1ed9 nhi\u1ec7t \u0111\u1ed9 \u0111\u1ed3ng \u0111\u1ec1u \u1ed5n \u0111\u1ecbnh.<\/li>\n<li>V\u1ec7 sinh t\u1ee7 th\u01b0\u1eddng xuy\u00ean. Th\u00f4ng th\u01b0\u1eddng trong kho\u1ea3ng 3-4 tu\u1ea7n l\u00ean l\u00e0m v\u1ec7 sinh t\u1ee7 l\u1ea7n.<\/li>\n<\/ul>\n<h3>H\u01b0\u1edbng d\u1eabn v\u1ec7 sinh t\u1ee7 l\u1ea1nh mini 2 c\u00e1nh\u00a0Funiki FR-126ISU:<\/h3>\n<ul>\n<li>T\u1eaft ngu\u1ed3n, r\u00fat d\u00e2y c\u1eafm \u0111i\u1ec7n t\u1ee7 l\u1ea1nh tr\u01b0\u1edbc khi v\u1ec7 sinh t\u1ee7. Nh\u1eb1m b\u1ea3o \u0111\u1ea3m an to\u00e0n v\u00e0 c\u0169ng tr\u00e1nh ti\u00eau t\u1ed1n \u0111i\u1ec7n do ph\u1ea3i m\u1edf c\u1eeda t\u1ee7 li\u00ean t\u1ee5c \u0111\u1ec3 d\u1ecdn d\u1eb9p v\u1ec7 sinh.<\/li>\n<li>V\u1ec1 vinh b\u00ean ngo\u00e0i t\u1ee7: lau d\u1ecdn s\u1ea1ch c\u00e1c v\u1ebft b\u1ea9n, c\u00e1c v\u1eadt c\u1ea3n hay m\u1ea1ng nh\u1ec7n c\u00f3 th\u1ec3 b\u00e1m quanh t\u1ee7.<\/li>\n<li>B\u1ecf c\u00e1c \u0111\u1ed3 b\u00ean trong t\u1ee7 ra ngo\u00e0i. Ti\u1ec7n th\u1ec3 h\u00e3y ki\u1ec3m tra v\u00e0 lo\u1ea1i b\u1ecf c\u00e1c th\u1ef1c ph\u1ea9m \u0111\u00e3 h\u1ebft h\u1ea1n s\u1eed d\u1ee5ng.<\/li>\n<li>Th\u00e1o c\u00e1c ng\u0103n t\u1ee7 ra \u0111\u1ec3 v\u1ec7 sinh:\u00a0 v\u1edbi c\u00e1c v\u1ebft b\u1ea9n b\u00e1m l\u1ea1i l\u00e2u ng\u00e0y b\u00e1m ch\u1eb7t tr\u00ean c\u00e1c khay \u0111\u1ef1ng, hay ng\u00e2m trong n\u01b0\u1edbc \u1ea5m ho\u1eb7c s\u1eed d\u1ee5ng b\u00e0n ch\u1ea3i v\u00e0 n\u01b0\u1edbc r\u1eeda b\u00e1t \u0111\u1ec3 r\u1eeda s\u1ea1ch.<\/li>\n<li>D\u00f9ng n\u01b0\u1edbc r\u1eeda k\u00ednh ho\u1eb7c n\u01b0\u1edbc r\u1eeda b\u00e1t pha lo\u00e3ng lau 1 l\u1edbp tr\u00ean b\u1ec1 m\u1eb7t b\u00ean trong t\u1ee7. Sau \u0111\u00f3 d\u00f9ng kh\u0103n kh\u00f4 lau s\u1ea1ch c\u00e1c v\u1ebft b\u1ea3n v\u00e0 to\u00e0n b\u1ed9 b\u00ean trong t\u1ee7. C\u00e1c v\u1ebf b\u1ea9n kh\u00f3 t\u1ea9y b\u00ean trong t\u1ee7 hay t\u1ee7 c\u00f3 m\u00f9i h\u00f4i c\u1ee7a th\u1ee9c \u0103n l\u00e2u ng\u00e0y, c\u00f3 th\u1ec3 d\u00f9ng gi\u1ea5m pha lo\u00e3ng ho\u1eb7c d\u00f9ng qu\u1ea3 chanh c\u1eaft \u0111\u00f4i ch\u00e0 s\u00e1t b\u00ean trong t\u1ee7.<\/li>\n<li>D\u00f9ng kh\u0103n \u1ea9m lau s\u1ea1ch n\u01b0\u1edbc r\u1eeda b\u00e1t hay n\u01b0\u1edbc chanh b\u00ean trong t\u1ee7.<\/li>\n<li>Cu\u1ed1i c\u00f9ng d\u00f9ng kh\u0103n kh\u00f4 s\u1ea1ch ho\u1eb7c gi\u1ea5y \u0103n lau s\u1ea1ch b\u00ean trong t\u1ee7.<\/li>\n<li>L\u1eafp l\u1ea1i c\u00e1c khay v\u00e0 gi\u00e1 \u0111\u1ee1 \u0111\u00e3 \u0111\u01b0\u1ee3c l\u00e2u kh\u00f4. C\u1eafm \u0111i\u1ec7n v\u00e0 b\u1eadt t\u1ee7 tr\u1edf l\u1ea1i. \u0110\u1ec3 t\u1ee7 ho\u1ea1t \u0111\u1ed9ng trong 15-20 ph\u00fat v\u00e0 \u0111\u00e3 l\u1ea1nh, h\u00e3y x\u1ebfp th\u1ef1c ph\u1ea9m tr\u1edf l\u1ea1i t\u1ee7<\/li>\n<\/ul>\n<h3>Li\u00ean h\u1ec7 mua \u0111i\u1ec1u h\u00f2a t\u1ee7 l\u1ea1nh, t\u1ee7 \u0111\u00f4ng H\u00f2a Ph\u00e1t \u2013 Funiki :<span style=\"color: #ff0000;\">\u00a0<a style=\"color: #ff0000;\" href=\"tel:0862606686\"><span class=\"text-hotline\">0862 606 686<\/span><\/a><\/span><\/h3>\n","protected":false},"excerpt":{"rendered":"<ul>\n<li>Model : FR-126ISU<\/li>\n<li>M\u00e0u s\u1eafc: \u0110en<\/li>\n<li>\u0110\u00f3ng tuy\u1ebft: Kh\u00f4ng<\/li>\n<li>S\u1ed1 c\u1eeda t\u1ee7 l\u1ea1nh: 2 c\u1eeda<\/li>\n<li>K\u00edch th\u01b0\u1edbc t\u1ee7 (CxSxR): 1198 x 582 x 490 (mm)<\/li>\n<li>Dung t\u00edch t\u1ed5ng\/ s\u1eed d\u1ee5ng: 126 l\u00edt \/ 120 l\u00edt<\/li>\n<li>Dung t\u00edch ng\u0103n \u0111\u00f4ng\/ ng\u0103n m\u00e1t: 37L\/ 83L<\/li>\n<li>C\u00f4ng su\u1ea5t \u0111i\u1ec7n: 85 w<\/li>\n<li>H\u00e3ng s\u1ea3n xu\u1ea5t: T\u1eadp \u0111o\u00e0n H\u00f2a Ph\u00e1t<\/li>\n<li>N\u01a1i s\u1ea3n xu\u1ea5t: Vi\u1ec7t nam<\/li>\n<li>Kh\u00e1ng khu\u1ea9n, kh\u1eed m\u00f9i: nano b\u1ea1c<\/li>\n<li>B\u1ea3o h\u00e0nh 30 th\u00e1ng<\/li>\n<\/ul>\n","protected":false},"featured_media":3502,"comment_status":"open","ping_status":"closed","template":"","meta":[],"_links":{"self":[{"href":"http:\/\/maudep.com.vn\/giadung1\/wp-json\/wp\/v2\/product\/3529"}],"collection":[{"href":"http:\/\/maudep.com.vn\/giadung1\/wp-json\/wp\/v2\/product"}],"about":[{"href":"http:\/\/maudep.com.vn\/giadung1\/wp-json\/wp\/v2\/types\/product"}],"replies":[{"embeddable":true,"href":"http:\/\/maudep.com.vn\/giadung1\/wp-json\/wp\/v2\/comments?post=3529"}],"wp:featuredmedia":[{"embeddable":true,"href":"http:\/\/maudep.com.vn\/giadung1\/wp-json\/wp\/v2\/media\/3502"}],"wp:attachment":[{"href":"http:\/\/maudep.com.vn\/giadung1\/wp-json\/wp\/v2\/media?parent=3529"}],"curies":[{"name":"wp","href":"https:\/\/api.w.org\/{rel}","templated":true}]}}