{"id":3578,"date":"2021-06-07T13:55:17","date_gmt":"2021-06-07T06:55:17","guid":{"rendered":"http:\/\/maudep.com.vn\/giadung1\/?post_type=product&#038;p=3578"},"modified":"2021-09-03T12:14:29","modified_gmt":"2021-09-03T05:14:29","slug":"tu-lanh-funiki-fr-71cd-tu-mini-71-lit","status":"publish","type":"product","link":"http:\/\/maudep.com.vn\/giadung1\/san-pham\/tu-lanh-funiki-fr-71cd-tu-mini-71-lit\/","title":{"rendered":"T\u1ee7 l\u1ea1nh Funiki FR-71CD t\u1ee7 mini 74 l\u00edt"},"content":{"rendered":"<p>T\u1ee7 l\u1ea1nh Funiki FR-71CD thu\u1ed9c d\u00f2ng t\u1ee7 l\u1ea1nh mini c\u00f3 thi\u1ebft k\u1ebf nh\u1ecf g\u1ecdn, ph\u00f9 h\u1ee3p v\u1edbi nh\u1eefng kh\u00f4ng gian v\u1eeba v\u00e0 nh\u1ecf. V\u1edbi ki\u1ec3u d\u00e1ng nh\u1ecf g\u1ecdn, chi\u1ebfc t\u1ee7 l\u1ea1nh mini c\u00f3 dung t\u00edch 74 l\u00edt n\u00e0y s\u1ebd l\u00e0 s\u1ef1 l\u1ef1a ch\u1ecdn l\u00fd t\u01b0\u1edfng cho nh\u1eefng gia \u0111\u00ecnh nh\u1ecf 2 ng\u01b0\u1eddi, c\u00e1c b\u1ea1n sinh vi\u00ean, c\u00e1c kh\u1ea1ch s\u1ea1n,\u2026vv.<\/p>\n<p><img src=\"https:\/\/sudospaces.com\/hoaphat-com-vn\/2020\/10\/tinh-nang-tu-lanh-mini-18.jpg\" \/><\/p>\n<p>L\u00e0m l\u1ea1nh nhanh ch\u00f3ng<\/p>\n<p>H\u1ec7 th\u1ed1ng l\u00e0m l\u1ea1nh tr\u1ef1c ti\u1ebfp gi\u00fap l\u00e0m l\u1ea1nh nhanh ch\u00f3ng nh\u1edd h\u01a1i l\u1ea1nh th\u1ed5i tr\u1ef1c ti\u1ebfp v\u00e0o th\u1ef1c ph\u1ea9m. Chi\u1ebfc t\u1ee7 l\u1ea1nh mini s\u1eed d\u1ee5ng \u0111i\u1ec7n r\u1ea5t ti\u1ebft ki\u1ec7m, do \u0111\u00f3 b\u1ea1n ho\u00e0n to\u00e0n c\u00f3 th\u1ec3 y\u00ean t\u00e2m s\u1eed d\u1ee5ng, kh\u00f4ng qu\u00e1 lo l\u1eafng v\u1ec1 h\u00f3a \u0111\u01a1n ti\u1ec1n \u0111i\u1ec7n cu\u1ed1i th\u00e1ng.<\/p>\n<p><img src=\"https:\/\/sudospaces.com\/hoaphat-com-vn\/2020\/10\/tinh-nang-tu-lanh-mini-05.jpg\" \/><\/p>\n<p>\u0110i\u1ec1u ch\u1ec9nh nhi\u1ec7t \u0111\u1ed9 d\u1ec5 d\u00e0ng<\/p>\n<p>V\u1edbi n\u00fat v\u1eb7n t\u00f9y ch\u1ec9nh nhi\u1ec7t \u0111\u1ed9, b\u1ea1n c\u00f3 th\u1ec3 d\u1ec5 d\u00e0ng t\u00f9y ch\u1ec9nh m\u1ee9c nhi\u1ec7t ph\u00f9 h\u1ee3p t\u00f9y theo t\u1eebng lo\u1ea1i c\u0169ng nh\u01b0 l\u01b0\u1ee3ng th\u1ef1c ph\u1ea9m c\u1ea7n l\u01b0u tr\u1eef. Nh\u1edd \u0111\u00f3, t\u1ed1i \u01b0u hi\u1ec7u qu\u1ea3 l\u00e0m l\u1ea1nh \u0111\u1ec3 th\u1ef1c ph\u1ea9m \u0111\u01b0\u1ee3c b\u1ea3o qu\u1ea3n trong th\u1eddi gian l\u00e2u h\u01a1n.<\/p>\n<p><img src=\"https:\/\/sudospaces.com\/hoaphat-com-vn\/2020\/10\/tinh-nang-tu-lanh-mini-10.jpg\" \/><\/p>\n<p>Ng\u0103n \u0111\u00e1 c\u00f3 n\u1eafp \u0111\u1eady<\/p>\n<p>Chi\u1ebfc t\u1ee7 l\u1ea1nh Funiki \u0111\u01b0\u1ee3c trang b\u1ecb th\u00eam n\u1eafp \u0111\u1eady, ch\u1ed1ng l\u1eabn m\u00f9i r\u1ea5t t\u1ed1t khi b\u1ea1n tr\u1eef th\u1ef1c ph\u1ea9m t\u01b0\u01a1i s\u1ed1ng.<\/p>\n<p><img src=\"https:\/\/sudospaces.com\/hoaphat-com-vn\/2020\/10\/tinh-nang-tu-lanh-mini-21.jpg\" \/><\/p>\n<h3>Li\u00ean h\u1ec7 mua \u0111i\u1ec1u h\u00f2a t\u1ee7 l\u1ea1nh, t\u1ee7 \u0111\u00f4ng H\u00f2a Ph\u00e1t \u2013 Funiki :\u00a0<span style=\"color: #ff0000\"><a style=\"color: #ff0000\" href=\"tel:0862606686\"><span class=\"text-hotline\">0862 606 686<\/span><\/a><\/span><\/h3>\n<p>&nbsp;<\/p>\n","protected":false},"excerpt":{"rendered":"<ul>\n<li>Model : FR-71CD<\/li>\n<li>M\u00e0u s\u1eafc: Ghi x\u00e1m<\/li>\n<li>\u0110\u00f3ng tuy\u1ebft: c\u00f3<\/li>\n<li>S\u1ed1 c\u1eeda t\u1ee7 l\u1ea1nh: 1 c\u1eeda<\/li>\n<li>K\u00edch th\u01b0\u1edbc t\u1ee7 (CxSxR): 630 x 441 x 472 (mm)<\/li>\n<li>Dung t\u00edch s\u1eed d\u1ee5ng: 74 l\u00edt<\/li>\n<li>C\u00f4ng su\u1ea5t \u0111i\u1ec7n: 75 w<\/li>\n<li>H\u00e3ng s\u1ea3n xu\u1ea5t: T\u1eadp \u0111o\u00e0n H\u00f2a Ph\u00e1t<\/li>\n<li>N\u01a1i s\u1ea3n xu\u1ea5t: Vi\u1ec7t nam<\/li>\n<li>B\u1ea3o h\u00e0nh 30 th\u00e1ng<\/li>\n<li><strong>MI\u1ec4N PH\u00cd GIAO H\u00c0NG N\u1ed8I TH\u00c0NH<\/strong><\/li>\n<li><\/li>\n<\/ul>\n","protected":false},"featured_media":3586,"comment_status":"open","ping_status":"closed","template":"","meta":[],"_links":{"self":[{"href":"http:\/\/maudep.com.vn\/giadung1\/wp-json\/wp\/v2\/product\/3578"}],"collection":[{"href":"http:\/\/maudep.com.vn\/giadung1\/wp-json\/wp\/v2\/product"}],"about":[{"href":"http:\/\/maudep.com.vn\/giadung1\/wp-json\/wp\/v2\/types\/product"}],"replies":[{"embeddable":true,"href":"http:\/\/maudep.com.vn\/giadung1\/wp-json\/wp\/v2\/comments?post=3578"}],"wp:featuredmedia":[{"embeddable":true,"href":"http:\/\/maudep.com.vn\/giadung1\/wp-json\/wp\/v2\/media\/3586"}],"wp:attachment":[{"href":"http:\/\/maudep.com.vn\/giadung1\/wp-json\/wp\/v2\/media?parent=3578"}],"curies":[{"name":"wp","href":"https:\/\/api.w.org\/{rel}","templated":true}]}}