{"id":3664,"date":"2021-06-09T09:57:36","date_gmt":"2021-06-09T02:57:36","guid":{"rendered":"https:\/\/maudep.com.vn\/giadung1\/?post_type=product&#038;p=3664"},"modified":"2021-06-09T09:57:36","modified_gmt":"2021-06-09T02:57:36","slug":"dieu-hoa-funiki-hsc-24mmc-24000-btu-1-chieu","status":"publish","type":"product","link":"http:\/\/maudep.com.vn\/giadung1\/san-pham\/dieu-hoa-funiki-hsc-24mmc-24000-btu-1-chieu\/","title":{"rendered":"\u0110i\u1ec1u H\u00f2a Funiki HSC 24MMC 24000 BTU 1 chi\u1ec1u"},"content":{"rendered":"<p><strong>\u0110i\u1ec1u H\u00f2a Funiki HSC 24MMC 24000 BTU 1 chi\u1ec1u<\/strong><\/p>\n<h2>\u0110\u1eb7c \u0111i\u1ec3m n\u1ed5i b\u1eadt c\u1ee7a \u0111i\u1ec1u H\u00f2a Funiki HSC 24MMC 24000 BTU 1 chi\u1ec1u<\/h2>\n<h3>Thi\u1ebft k\u1ebf hi\u1ec7n \u0111\u1ea1i<\/h3>\n<p>\u0110i\u1ec1u h\u00f2a Funiki HSC 24MMC\u00a024000 BTU 1 chi\u1ec1u\u00a0 s\u1edf h\u1eefu ki\u1ec3u d\u00e1ng hi\u1ec7n \u0111\u1ea1i, l\u00e0m sang tr\u1ecdng kh\u00f4ng gian nh\u00e0 b\u1ea1n ho\u1eb7c v\u0103n ph\u00f2ng l\u00e0m vi\u1ec7c. V\u1edbi \u01b0u \u0111i\u1ec3m d\u00e0n l\u1ea1nh m\u00e0u tr\u1eafng d\u1ec5 h\u00e0i h\u00f2a l\u1eafp \u0111\u1eb7t v\u1edbi m\u1ecdi kh\u00f4ng gian n\u1ed9i th\u1ea5t.<\/p>\n<p><img loading=\"lazy\" class=\"aligncenter size-full wp-image-3665\" src=\"https:\/\/maudep.com.vn\/giadung1\/wp-content\/uploads\/2021\/06\/dieu-hoa-funiki-hsc-24mmc-24000-btu-1-chieu-web3.jpg-2400-NGHIN.jpg\" alt=\"\" width=\"1000\" height=\"1000\" srcset=\"http:\/\/maudep.com.vn\/giadung1\/wp-content\/uploads\/2021\/06\/dieu-hoa-funiki-hsc-24mmc-24000-btu-1-chieu-web3.jpg-2400-NGHIN.jpg 1000w, http:\/\/maudep.com.vn\/giadung1\/wp-content\/uploads\/2021\/06\/dieu-hoa-funiki-hsc-24mmc-24000-btu-1-chieu-web3.jpg-2400-NGHIN-300x300.jpg 300w, http:\/\/maudep.com.vn\/giadung1\/wp-content\/uploads\/2021\/06\/dieu-hoa-funiki-hsc-24mmc-24000-btu-1-chieu-web3.jpg-2400-NGHIN-150x150.jpg 150w, http:\/\/maudep.com.vn\/giadung1\/wp-content\/uploads\/2021\/06\/dieu-hoa-funiki-hsc-24mmc-24000-btu-1-chieu-web3.jpg-2400-NGHIN-768x768.jpg 768w, http:\/\/maudep.com.vn\/giadung1\/wp-content\/uploads\/2021\/06\/dieu-hoa-funiki-hsc-24mmc-24000-btu-1-chieu-web3.jpg-2400-NGHIN-180x180.jpg 180w, http:\/\/maudep.com.vn\/giadung1\/wp-content\/uploads\/2021\/06\/dieu-hoa-funiki-hsc-24mmc-24000-btu-1-chieu-web3.jpg-2400-NGHIN-600x600.jpg 600w\" sizes=\"(max-width: 1000px) 100vw, 1000px\" \/><\/p>\n<h3>\u0110\u1ed9 b\u1ec1n cao, tin c\u1eady v\u00e0 v\u1eadn h\u00e0nh \u00eam \u00e1i<\/h3>\n<p>\u0110i\u1ec1u H\u00f2a Funiki\u00a0HSC 24MMC ho\u1ea1t \u0111\u1ed9ng \u00eam \u00e1i d\u1ec5 ch\u1ecbu mang l\u1ea1i c\u1ea3m gi\u00e1c th\u01b0 gi\u00e3n, kh\u00f4ng gian y\u00ean t\u0129nh cho b\u1ea1n \u0111\u1eb7c bi\u1ec7t v\u1edbi gia \u0111\u00ecnh c\u00f3 ng\u01b0\u1eddi gi\u00e0, tr\u1ebb nh\u1ecf.<\/p>\n<p>Thi\u1ebft k\u1ebf th\u00e2n thi\u1ec7n:\u00a0Nh\u1edd thi\u1ebft k\u1ebf cho ph\u00e9p l\u1eafp \u0111\u1eb7t hai\u00a0ph\u00eda, b\u1ea1n c\u00f3 th\u1ec3 l\u1eafp \u0111\u1eb7t \u1ed1ng d\u1eabn v\u00e0\u00a0\u1ed1ng tho\u00e1t n\u01b0\u1edbc ng\u01b0ng \u1edf c\u1ea3 2 c\u1ea1nh\u00a0tr\u00e1i ho\u1eb7c ph\u1ea3i c\u1ee7a d\u00e0n l\u1ea1nh<\/p>\n<p>V\u1ecf c\u1ee5c l\u1ea1nh trong nh\u00e0 b\u1eb1ng b\u1eb1ng nh\u01b0a ABS li\u1ec1n kh\u1ed1i h\u1ea1n ch\u1ebf ti\u1ebfng \u1ed3n, \u0111\u1ea1t ch\u1ee9ng ch\u1ec9 RoHS c\u1ee7a Li\u00ean minh Ch\u00e2u \u00c2u v\u1ec1 vi\u1ec7c h\u1ea1n ch\u1ebf ch\u1ea5t \u0111\u1ed9c h\u1ea1i trong thi\u1ebft b\u1ecb \u0111i\u1ec7n, \u0111i\u1ec7n t\u1eed.<\/p>\n<p>D\u00e0n trao \u0111\u1ed5i nhi\u1ec7t c\u1ee7a \u0111i\u1ec1u H\u00f2a Funiki HSC 24MMC \u0111\u01b0\u1ee3c m\u1ea1 l\u1edbp ch\u1ed1ng r\u1ec9 s\u00e9t \u0111\u1eb7c bi\u1ec7t.<\/p>\n<p>Thi\u1ebft b\u1ecb v\u01b0\u1ee3t qua c\u00e1c th\u1eed nghi\u1ec7m EMC (T\u01b0\u01a1ng th\u00edch \u0111i\u1ec7n t\u1eeb tr\u01b0\u1eddng) v\u00e0 th\u1eed nghi\u1ec7m v\u1ec1 Hi\u1ec7u su\u1ea5t s\u1eed d\u1ee5ng n\u0103ng l\u01b0\u1ee3ng<\/p>\n<p><img loading=\"lazy\" class=\"aligncenter size-full wp-image-3627\" src=\"https:\/\/maudep.com.vn\/giadung1\/wp-content\/uploads\/2021\/06\/lop-ma-chong-gi-cua-dieu-hoa-funiki-1-1024x374.jpg\" alt=\"\" width=\"1021\" height=\"352\" srcset=\"http:\/\/maudep.com.vn\/giadung1\/wp-content\/uploads\/2021\/06\/lop-ma-chong-gi-cua-dieu-hoa-funiki-1-1024x374.jpg 1021w, http:\/\/maudep.com.vn\/giadung1\/wp-content\/uploads\/2021\/06\/lop-ma-chong-gi-cua-dieu-hoa-funiki-1-1024x374-300x103.jpg 300w, http:\/\/maudep.com.vn\/giadung1\/wp-content\/uploads\/2021\/06\/lop-ma-chong-gi-cua-dieu-hoa-funiki-1-1024x374-768x265.jpg 768w, http:\/\/maudep.com.vn\/giadung1\/wp-content\/uploads\/2021\/06\/lop-ma-chong-gi-cua-dieu-hoa-funiki-1-1024x374-180x62.jpg 180w, http:\/\/maudep.com.vn\/giadung1\/wp-content\/uploads\/2021\/06\/lop-ma-chong-gi-cua-dieu-hoa-funiki-1-1024x374-600x207.jpg 600w\" sizes=\"(max-width: 1021px) 100vw, 1021px\" \/><\/p>\n<p>&nbsp;<\/p>\n<p>&nbsp;<\/p>\n<h3>T\u1ea5m l\u1ecdc kh\u00f4ng kh\u00ed Catechin<\/h3>\n<p>Trang b\u1ecb t\u1ea5m l\u1ecdc Catechin gi\u00fap \u0111i\u1ec1u h\u00f2a Funiki HSC 24MMC ng\u0103n l\u1ea1i nh\u1eefng h\u1ea1t b\u1ee5i li ti, m\u00f9i h\u00f4i kh\u00f3 ch\u1ecbu c\u1ee7a m\u1ed3 h\u00f4i, kh\u00f3i thu\u1ed1c l\u00e1, c\u00e1c ch\u1ea5t g\u00e2y \u00f4 nhi\u1ec5m cho kh\u00f4ng kh\u00ed th\u1eadt s\u1ea1ch v\u00e0 ng\u0103n ch\u1eb7n c\u00e1c vi khu\u1ea9n c\u00f3 t\u00ednh ch\u1ea5t l\u00e2y lan v\u00e0 g\u00e2y \u0111\u1ed9c h\u1ea1i cho kh\u00f4ng kh\u00ed trong ph\u00f2ng.<img loading=\"lazy\" class=\"aligncenter size-full wp-image-3605\" src=\"https:\/\/maudep.com.vn\/giadung1\/wp-content\/uploads\/2021\/06\/tam-loc-dieu-hoa-funiki-1024x536.jpg\" alt=\"\" width=\"1024\" height=\"536\" srcset=\"http:\/\/maudep.com.vn\/giadung1\/wp-content\/uploads\/2021\/06\/tam-loc-dieu-hoa-funiki-1024x536.jpg 1024w, http:\/\/maudep.com.vn\/giadung1\/wp-content\/uploads\/2021\/06\/tam-loc-dieu-hoa-funiki-1024x536-300x157.jpg 300w, http:\/\/maudep.com.vn\/giadung1\/wp-content\/uploads\/2021\/06\/tam-loc-dieu-hoa-funiki-1024x536-768x402.jpg 768w, http:\/\/maudep.com.vn\/giadung1\/wp-content\/uploads\/2021\/06\/tam-loc-dieu-hoa-funiki-1024x536-180x94.jpg 180w, http:\/\/maudep.com.vn\/giadung1\/wp-content\/uploads\/2021\/06\/tam-loc-dieu-hoa-funiki-1024x536-600x314.jpg 600w\" sizes=\"(max-width: 1024px) 100vw, 1024px\" \/><\/p>\n<h3>C\u00f4ng su\u1ea5t 24.000 BTU<\/h3>\n<p>\u0110i\u1ec1u H\u00f2a Funiki HSC 24MMC s\u1ebd gi\u00fap b\u1ea1n x\u00f3a tan c\u00e1i n\u00f3ng m\u00f9a h\u00e8 v\u1edbi c\u00f4ng su\u1ea5t l\u00ean t\u1edbi 24.000BTU, l\u00e0m m\u00e1t kh\u00f4ng kh\u00ed nhanh ch\u00f3ng c\u00f9ng v\u1edbi ch\u1ebf \u0111\u1ed9 t\u1ef1 \u0111\u1ed9ng \u0111\u1ea3o gi\u00f3. Ph\u00f9 h\u1ee3p v\u1edbi c\u0103n ph\u00f2ng di\u1ec7n t\u00edch kho\u1ea3ng 40m2.<\/p>\n<h3>H\u01b0\u1edbng gi\u00f3 v\u1edbi g\u00f3c r\u1ed9ng<\/h3>\n<p>C\u00e1nh \u0111\u1ea3o gi\u00f3 c\u1ee7a \u0111i\u1ec1u h\u00f2a Funiki HSC 24MMC \u0111\u01b0\u1ee3c thi\u1ebft k\u1ebf v\u1edbi g\u00f3c m\u1edf l\u1edbn. Gi\u00fap t\u0103ng l\u01b0u l\u01b0\u1ee3ng kh\u00ed l\u1ea1nh th\u1ed5i ra nhi\u1ec1u h\u01a1n, l\u00e0m gia t\u0103ng kh\u1ea3 n\u0103ng l\u00e0m l\u1ea1nh \u0111\u00e1ng k\u1ec3. Ch\u1ebf \u0111\u1ed9 qu\u1ea1t gi\u00f3, h\u01b0\u1edbng gi\u00f3 v\u1edbi g\u00f3c r\u1ed9ng s\u1ebd l\u00e0m m\u00e1t nhanh h\u01a1n, t\u0103ng ti\u1ebfp x\u00fac c\u1ee7a lu\u1ed3ng gi\u00f3 m\u1eaft t\u1edbi m\u1ee3i ng\u00f3c ngacsg trong c\u0103n ph\u00f2ng. Gi\u00fap ti\u1ebft ki\u1ec7m \u0111i\u1ec7n n\u0103ng h\u01a1n v\u00e0 \u0111em l\u1ea1i c\u1ea3m gi\u00e1 ti\u1ec7n nghi tho\u1ea3i m\u00e1i cho ng\u01b0\u1eddi s\u1eed d\u1ee5ng.<\/p>\n<p><img loading=\"lazy\" class=\"aligncenter size-full wp-image-3666\" src=\"https:\/\/maudep.com.vn\/giadung1\/wp-content\/uploads\/2021\/06\/dieu-hoa-funiki-hsc24mmc-huong-gio-rong-1-1024x683-1.jpg\" alt=\"\" width=\"1024\" height=\"683\" srcset=\"http:\/\/maudep.com.vn\/giadung1\/wp-content\/uploads\/2021\/06\/dieu-hoa-funiki-hsc24mmc-huong-gio-rong-1-1024x683-1.jpg 1024w, http:\/\/maudep.com.vn\/giadung1\/wp-content\/uploads\/2021\/06\/dieu-hoa-funiki-hsc24mmc-huong-gio-rong-1-1024x683-1-300x200.jpg 300w, http:\/\/maudep.com.vn\/giadung1\/wp-content\/uploads\/2021\/06\/dieu-hoa-funiki-hsc24mmc-huong-gio-rong-1-1024x683-1-768x512.jpg 768w, http:\/\/maudep.com.vn\/giadung1\/wp-content\/uploads\/2021\/06\/dieu-hoa-funiki-hsc24mmc-huong-gio-rong-1-1024x683-1-180x120.jpg 180w, http:\/\/maudep.com.vn\/giadung1\/wp-content\/uploads\/2021\/06\/dieu-hoa-funiki-hsc24mmc-huong-gio-rong-1-1024x683-1-600x400.jpg 600w\" sizes=\"(max-width: 1024px) 100vw, 1024px\" \/><\/p>\n<h3>Tinh ch\u1ea5t Nano b\u1ea1c<\/h3>\n<p>V\u1edbi l\u01b0\u1edbi l\u1ecdc Nano b\u1ea1c gi\u00fap \u0110i\u1ec1u h\u00f2a Funiki HSC 24MMC ng\u0103n ng\u1eeba b\u1ee5i b\u1ea9n \u1ea3nh h\u01b0\u1edfng \u0111\u1ebfn s\u1ee9c kh\u1ecfe gia \u0111\u00ecnh b\u1ea1n.<img loading=\"lazy\" class=\"aligncenter size-full wp-image-3667\" src=\"https:\/\/maudep.com.vn\/giadung1\/wp-content\/uploads\/2021\/06\/Luoi-loc-nano-bac-dieu-hoa-funiki-web5-1024x525-1.jpg\" alt=\"\" width=\"1024\" height=\"525\" srcset=\"http:\/\/maudep.com.vn\/giadung1\/wp-content\/uploads\/2021\/06\/Luoi-loc-nano-bac-dieu-hoa-funiki-web5-1024x525-1.jpg 1024w, http:\/\/maudep.com.vn\/giadung1\/wp-content\/uploads\/2021\/06\/Luoi-loc-nano-bac-dieu-hoa-funiki-web5-1024x525-1-300x154.jpg 300w, http:\/\/maudep.com.vn\/giadung1\/wp-content\/uploads\/2021\/06\/Luoi-loc-nano-bac-dieu-hoa-funiki-web5-1024x525-1-768x394.jpg 768w, http:\/\/maudep.com.vn\/giadung1\/wp-content\/uploads\/2021\/06\/Luoi-loc-nano-bac-dieu-hoa-funiki-web5-1024x525-1-180x92.jpg 180w, http:\/\/maudep.com.vn\/giadung1\/wp-content\/uploads\/2021\/06\/Luoi-loc-nano-bac-dieu-hoa-funiki-web5-1024x525-1-600x308.jpg 600w\" sizes=\"(max-width: 1024px) 100vw, 1024px\" \/><\/p>\n<h3>Ch\u1ee9c n\u0103ng Sleep<\/h3>\n<p>Cho b\u1ea1n m\u1ed9t gi\u1ea5c ng\u1ee7 s\u00e2u nh\u1edd ch\u1ebf \u0111\u1ed9 t\u1ef1 \u0111i\u1ec1u ch\u1ec9nh nhi\u1ec7t \u0111\u1ed9. Kho\u1ea3ng 2 ti\u1ebfng sau khi nh\u1ea5n n\u00fat Sleep tr\u00ean \u0111i\u1ec1u khi\u1ec3n, \u0110i\u1ec1u h\u00f2a Funiki HSC 24MMC s\u1ebd t\u1ef1 \u0111i\u1ec1u ch\u1ec9nh v\u1ec1 nhi\u1ec7t \u0111\u1ed9 c\u1ee7a ph\u00f2ng t\u0103ng l\u00ean 1 \u0111\u1ed9 C cho ph\u00f9 h\u1ee3p v\u1edbi \u0111i\u1ec1u ki\u1ec7n kh\u00ed h\u1eadu th\u01b0\u1eddng xu\u1ed1ng th\u1ea5p khi v\u1ec1 \u0111\u00eam. B\u1ea1n s\u1ebd kh\u00f4ng lo nhi\u1ec7t \u0111\u1ed9 ph\u00f2ng qu\u00e1 l\u1ea1nh hay qu\u00e1 n\u00f3ng khi \u0111ang ng\u1ee7 say, \u0111\u1ea3m b\u1ea3o s\u1ee9c kh\u1ecfe v\u00e0 tho\u1ea3i m\u00e1i.<\/p>\n<p><img loading=\"lazy\" class=\"aligncenter size-full wp-image-3606\" src=\"https:\/\/maudep.com.vn\/giadung1\/wp-content\/uploads\/2021\/06\/Chuc-nang-sleep-cua-dieu-hoa-funiki-web6-1024x525.jpg\" alt=\"\" width=\"1024\" height=\"525\" srcset=\"http:\/\/maudep.com.vn\/giadung1\/wp-content\/uploads\/2021\/06\/Chuc-nang-sleep-cua-dieu-hoa-funiki-web6-1024x525.jpg 1024w, http:\/\/maudep.com.vn\/giadung1\/wp-content\/uploads\/2021\/06\/Chuc-nang-sleep-cua-dieu-hoa-funiki-web6-1024x525-300x154.jpg 300w, http:\/\/maudep.com.vn\/giadung1\/wp-content\/uploads\/2021\/06\/Chuc-nang-sleep-cua-dieu-hoa-funiki-web6-1024x525-768x394.jpg 768w, http:\/\/maudep.com.vn\/giadung1\/wp-content\/uploads\/2021\/06\/Chuc-nang-sleep-cua-dieu-hoa-funiki-web6-1024x525-180x92.jpg 180w, http:\/\/maudep.com.vn\/giadung1\/wp-content\/uploads\/2021\/06\/Chuc-nang-sleep-cua-dieu-hoa-funiki-web6-1024x525-600x308.jpg 600w\" sizes=\"(max-width: 1024px) 100vw, 1024px\" \/><\/p>\n<h3>T\u00ednh n\u0103ng Powerful<\/h3>\n<p>T\u00ednh n\u0103ng Powerful cho ph\u00e9p \u0111i\u1ec1u h\u00f2a Funiki HSC 24MMC \u0111\u1ea1t \u0111\u1ebfn nhi\u1ec7t \u0111\u1ed9 c\u00e0i \u0111\u1eb7t \u1edf kho\u1ea3ng th\u1eddi gian ng\u1eafn nh\u1ea5t b\u1eb1ng c\u00e1ch t\u0103ng t\u1ed1c \u0111\u1ed9 ho\u1ea1t \u0111\u1ed9ng c\u1ee7a m\u00e1y n\u00e9n. M\u1ed9t kh\u00f4ng gian m\u00e1t m\u1ebb, tho\u1ea3i m\u00e1i s\u1ebd \u0111\u01b0\u1ee3c t\u1ea1o ra ch\u1ec9 v\u1edbi m\u1ed9t thao t\u00e1c nh\u1eb9 b\u1ea5m n\u00fat Powerful tr\u00ean \u0111i\u1ec1u khi\u1ec3n t\u1eeb xa.<\/p>\n<h2>Th\u00f4ng s\u1ed1 k\u1ef9 thu\u1eadt \u0111i\u1ec1u H\u00f2a Funiki HSC 24MMC 24000 BTU 1 chi\u1ec1u<\/h2>\n<ul>\n<li>Model: HSC 24MMC<\/li>\n<li>Th\u01b0\u01a1ng hi\u1ec7u: Funiki<\/li>\n<li>Xu\u1ea5t x\u1ee9: Malaysia<\/li>\n<li>Ki\u1ec3u m\u00e1y: \u0110i\u1ec1u h\u00f2a 1 chi\u1ec1u<\/li>\n<li>C\u00f4ng su\u1ea5t: 24.000 BTU<\/li>\n<li>Ph\u1ea1m vi hi\u1ec7u qu\u1ea3: ~ 40m2<\/li>\n<li>Kh\u00e1ng khu\u1ea9n kh\u1eed m\u00f9i: C\u00f3<\/li>\n<li>Ch\u1ebf \u0111\u1ed9 h\u1eb9n gi\u1edd: C\u00f3<\/li>\n<li>Ch\u1ebf \u0111\u1ed9 l\u00e0m l\u1ea1nh nhanh: C\u00f3<\/li>\n<li>Lo\u1ea1i Gas l\u1ea1nh: R32<\/li>\n<\/ul>\n<h3>T\u00ednh n\u0103ng v\u00e0 ti\u1ec7n \u00edch:<\/h3>\n<ul>\n<li>Thi\u1ebft k\u1ebf nh\u1ecf g\u1ecdn, tinh t\u1ebf, sang tr\u1ecdng<\/li>\n<li>L\u01b0\u1edbi l\u1ecdc tinh ch\u1ea5t Nano B\u1ea1c<\/li>\n<li>D\u00e0n trao \u0111\u1ed5i nhi\u1ec7t m\u1ea1 l\u1edbp ch\u1ed1ng r\u1ec9 s\u00e9t \u0111\u1eb7c bi\u1ec7t<\/li>\n<li>\u0110i\u1ec1u khi\u1ec3n t\u1eeb xa trang nh\u00e3, d\u1ec5 s\u1eed d\u1ee5ng<\/li>\n<li>T\u00ednh n\u0103ng Powerful gi\u00fap l\u00e0m l\u1ea1nh nhanh ch\u00f3ng<\/li>\n<li>Ch\u1ee9c n\u0103ng Sleep \u0111\u1ea3m b\u1ea3o s\u1ee9c kh\u1ebbo cho ng\u01b0\u1eddi d\u00f9ng<\/li>\n<li>V\u1ecf m\u00e1y thi\u1ebft k\u1ebf kh\u1ed1i li\u1ec1n gi\u00fap gi\u1ea3m ti\u1ebfng \u1ed3n<\/li>\n<li>Ti\u1ebft ki\u1ec7m n\u0103ng l\u01b0\u1ee3ng , th\u00e2n thi\u1ec7n m\u00f4i tr\u01b0\u1eddng<\/li>\n<\/ul>\n<h3>K\u00edch th\u01b0\u1edbc v\u00e0 tr\u1ecdng l\u01b0\u1ee3ng:<\/h3>\n<ul>\n<li>K\u00edch th\u01b0\u1edbc c\u1ee5c l\u1ea1nh: 336*2265*1080mm<\/li>\n<li>K\u00edch th\u01b0\u1edbc c\u1ee5c n\u00f3ng: 336*702*845mm<\/li>\n<li>Tr\u1ecdng l\u01b0\u1ee3ng c\u1ee5c l\u1ea1nh: 14.5 kg<\/li>\n<li>Tr\u1ecdng l\u01b0\u1ee3ng c\u1ee5c n\u00f3ng: 47.2 kg<\/li>\n<li>\u0110\u01b0\u1eddng \u1ed1ng gas l\u1ea1nh:<br \/>\n+ \u1ed0ng \u0111\u1ea9y: \u00d8 9.52 mm<br \/>\n+ \u1ed0ng h\u1ed3i: \u00d8 15.9 mm<\/li>\n<\/ul>\n<h3>Ch\u1ebf \u0111\u1ed9 b\u1ea3o h\u00e0nh:<\/h3>\n<ul>\n<li>30 th\u00e1ng<\/li>\n<\/ul>\n<p><img loading=\"lazy\" class=\"aligncenter size-full wp-image-3644\" src=\"https:\/\/maudep.com.vn\/giadung1\/wp-content\/uploads\/2021\/06\/Tem-nang-luong-dieu-hoa-Funiki-Sc-18MMC2-1024x600.jpg\" alt=\"\" width=\"1024\" height=\"600\" srcset=\"http:\/\/maudep.com.vn\/giadung1\/wp-content\/uploads\/2021\/06\/Tem-nang-luong-dieu-hoa-Funiki-Sc-18MMC2-1024x600.jpg 1024w, http:\/\/maudep.com.vn\/giadung1\/wp-content\/uploads\/2021\/06\/Tem-nang-luong-dieu-hoa-Funiki-Sc-18MMC2-1024x600-300x176.jpg 300w, http:\/\/maudep.com.vn\/giadung1\/wp-content\/uploads\/2021\/06\/Tem-nang-luong-dieu-hoa-Funiki-Sc-18MMC2-1024x600-768x450.jpg 768w, http:\/\/maudep.com.vn\/giadung1\/wp-content\/uploads\/2021\/06\/Tem-nang-luong-dieu-hoa-Funiki-Sc-18MMC2-1024x600-180x105.jpg 180w, http:\/\/maudep.com.vn\/giadung1\/wp-content\/uploads\/2021\/06\/Tem-nang-luong-dieu-hoa-Funiki-Sc-18MMC2-1024x600-600x352.jpg 600w\" sizes=\"(max-width: 1024px) 100vw, 1024px\" \/><\/p>\n<h3>L\u01b0u \u00fd khi s\u1eed d\u1ee5ng \u0111i\u1ec1u h\u00f2a Funiki\u00a0HSC 24MMC 24000 BTU 1 chi\u1ec1u<\/h3>\n<ul>\n<li>L\u1eafp \u0111\u1eb7t c\u1ee5c n\u00f3ng t\u1ea1i v\u1ecb tr\u00ed th\u00f4ng tho\u00e1ng, c\u1ed1 g\u1eafng tr\u00e1nh \u00e1nh n\u1eafng tr\u1ef1c ti\u1ebfp<\/li>\n<li>Kh\u00f4ng n\u00ean \u0111\u1ec3 \u0111i\u1ec1u h\u00f2a \u1edf m\u1ee9c nhi\u1ec7t \u0111\u1ed9 qu\u00e1 th\u1ea5p nh\u1ea5t l\u00e0 khi ng\u1ee7. Khi ng\u1ee7 n\u00ean \u0111\u1ec3 \u0111i\u1ec1u h\u00f2a \u1edf ch\u1ebf \u0111\u1ed9 Sleep, gi\u00fap m\u00e1y s\u1ebd t\u1ef1 \u0111\u1ed9ng l\u00e0m t\u0103ng nhi\u1ec7t \u0111\u1ed9 ph\u00f2ng l\u00ean 1oC \u2013 3oC khi v\u1ec1 s\u00e1ng, gi\u00fap c\u01a1 th\u1ec3 d\u1ec5 ch\u1ecbu h\u01a1n trong khi ng\u1ee7 v\u00e0 c\u0169ng ti\u1ebft ki\u1ec7m \u0111i\u1ec7n.<\/li>\n<li>Th\u01b0\u1eddng xuy\u00ean v\u1ec7 sinh c\u00e1c t\u1ea5m l\u1ecdc v\u00e0 lau ch\u00f9i b\u1ee5i b\u1ea9n ch\u1eb7n m\u1eb7t h\u00fat gi\u00f3 c\u1ee5c l\u1ea1nh.<\/li>\n<li>\u0110\u1ecbnh k\u1ef3 v\u1ec7 sinh b\u1ea3o d\u01b0\u1ee1ng c\u1ee5c n\u00f3ng, d\u00e0n t\u1ea3n nhi\u1ec7t, d\u00e0n l\u1ea1nh (kho\u1ea3ng 1 n\u0103m\/ l\u1ea7n) gi\u00fap duy tr\u00ec hi\u1ec7u xu\u1ea5t v\u00e0 tu\u1ed5i th\u1ecd thi\u1ebft b\u1ecb.<\/li>\n<\/ul>\n<p><img loading=\"lazy\" class=\"aligncenter size-full wp-image-3668\" src=\"https:\/\/maudep.com.vn\/giadung1\/wp-content\/uploads\/2021\/06\/Dieu-khien-dieu-hoa-funiki-hsc-24mmc-24000-btu-1-chieu-1-1.jpg\" alt=\"\" width=\"1000\" height=\"1000\" srcset=\"http:\/\/maudep.com.vn\/giadung1\/wp-content\/uploads\/2021\/06\/Dieu-khien-dieu-hoa-funiki-hsc-24mmc-24000-btu-1-chieu-1-1.jpg 1000w, http:\/\/maudep.com.vn\/giadung1\/wp-content\/uploads\/2021\/06\/Dieu-khien-dieu-hoa-funiki-hsc-24mmc-24000-btu-1-chieu-1-1-300x300.jpg 300w, http:\/\/maudep.com.vn\/giadung1\/wp-content\/uploads\/2021\/06\/Dieu-khien-dieu-hoa-funiki-hsc-24mmc-24000-btu-1-chieu-1-1-150x150.jpg 150w, http:\/\/maudep.com.vn\/giadung1\/wp-content\/uploads\/2021\/06\/Dieu-khien-dieu-hoa-funiki-hsc-24mmc-24000-btu-1-chieu-1-1-768x768.jpg 768w, http:\/\/maudep.com.vn\/giadung1\/wp-content\/uploads\/2021\/06\/Dieu-khien-dieu-hoa-funiki-hsc-24mmc-24000-btu-1-chieu-1-1-180x180.jpg 180w, http:\/\/maudep.com.vn\/giadung1\/wp-content\/uploads\/2021\/06\/Dieu-khien-dieu-hoa-funiki-hsc-24mmc-24000-btu-1-chieu-1-1-600x600.jpg 600w\" sizes=\"(max-width: 1000px) 100vw, 1000px\" \/><\/p>\n","protected":false},"excerpt":{"rendered":"<ul>\n<li>Model: HSC 24MMC<\/li>\n<li>Th\u01b0\u01a1ng hi\u1ec7u: Funiki<\/li>\n<li>Xu\u1ea5t x\u1ee9: Malaysia<\/li>\n<li>Ki\u1ec3u m\u00e1y: \u0110i\u1ec1u h\u00f2a 1 chi\u1ec1u<\/li>\n<li>C\u00f4ng su\u1ea5t: 24.000 BTU<\/li>\n<li>B\u1ea3o h\u00e0nh: 30 th\u00e1ng<\/li>\n<\/ul>\n","protected":false},"featured_media":3634,"comment_status":"open","ping_status":"closed","template":"","meta":[],"_links":{"self":[{"href":"http:\/\/maudep.com.vn\/giadung1\/wp-json\/wp\/v2\/product\/3664"}],"collection":[{"href":"http:\/\/maudep.com.vn\/giadung1\/wp-json\/wp\/v2\/product"}],"about":[{"href":"http:\/\/maudep.com.vn\/giadung1\/wp-json\/wp\/v2\/types\/product"}],"replies":[{"embeddable":true,"href":"http:\/\/maudep.com.vn\/giadung1\/wp-json\/wp\/v2\/comments?post=3664"}],"wp:featuredmedia":[{"embeddable":true,"href":"http:\/\/maudep.com.vn\/giadung1\/wp-json\/wp\/v2\/media\/3634"}],"wp:attachment":[{"href":"http:\/\/maudep.com.vn\/giadung1\/wp-json\/wp\/v2\/media?parent=3664"}],"curies":[{"name":"wp","href":"https:\/\/api.w.org\/{rel}","templated":true}]}}