{"id":3702,"date":"2021-06-16T13:04:26","date_gmt":"2021-06-16T06:04:26","guid":{"rendered":"https:\/\/maudep.com.vn\/giadung1\/?post_type=product&#038;p=3702"},"modified":"2021-08-31T22:33:54","modified_gmt":"2021-08-31T15:33:54","slug":"tu-mat-hoa-phat-hsc-600f1r1","status":"publish","type":"product","link":"http:\/\/maudep.com.vn\/giadung1\/san-pham\/tu-mat-hoa-phat-hsc-600f1r1\/","title":{"rendered":"T\u1ee7 m\u00e1t H\u00f2a Ph\u00e1t HSC 600F1R1"},"content":{"rendered":"<h2><strong>\u0110\u1eb7c \u0111i\u1ec3m t\u1ee7 m\u00e1t H\u00f2a Ph\u00e1t HSC 600F1R1\u00a0 1 c\u00e1nh:<\/strong><\/h2>\n<h3>Thi\u1ebft k\u1ebf hi\u1ec7n \u0111\u1ea1i,\u00a0sang tr\u1ecdng ti\u1ebft ki\u1ec7m kh\u00f4ng gian:<\/h3>\n<ul>\n<li>T\u1ee7 m\u00e1t H\u00f2a Ph\u00e1t HSC 600F1R1 c\u00f3 thi\u1ebft k\u1ebf sang tr\u1ecdng hi\u1ec7n \u0111\u1ea1i, nh\u1ecf g\u1ecdn ti\u1ebft ki\u1ec7m kh\u00f4ng gian. Ph\u00f9 h\u1ee3p v\u1edbi m\u1ecdi kh\u00f4ng gian, d\u1ec5 d\u00e0ng b\u00e0i tr\u00ed c\u00f9ng thi\u1ebft k\u1ebf t\u1ed5ng th\u1ec3 c\u0103n ph\u00f2ng n\u01a1i \u0111\u1eb7t t\u1ee7.<\/li>\n<\/ul>\n<h3>C\u1eeda k\u00ednh 2 l\u1edbp h\u00fat ch\u00e2n kh\u00f4ng<\/h3>\n<ul>\n<li>C\u1eeda k\u00ednh 2 l\u1edbp h\u00fat ch\u00e2n kh\u00f4ng ch\u1eafc ch\u1eafn, c\u00e1ch nhi\u1ec7t hi\u1ec7u qu\u1ea3 gi\u00fap t\u1ee7 m\u00e1t H\u00f2a Ph\u00e1t HSC 600F1R1 gi\u1eef l\u1ea1nh t\u1ed1t h\u01a1n v\u00e0 ti\u1ebft ki\u1ec7m \u0111i\u1ec7n n\u0103ng.<\/li>\n<\/ul>\n<h3>H\u1ec7 th\u1ed1ng s\u01b0\u1edfi k\u00ednh, s\u01b0\u1edfi gi\u0103ng:<\/h3>\n<ul>\n<li>T\u1ee7 m\u00e1t H\u00f2a Ph\u00e1t HSC 600F1R1 c\u00f3 h\u1ec7 th\u1ed1ng s\u01b0\u1edfi k\u00ednh, s\u01b0\u1edfi gio\u0103ng c\u00e1ch nhi\u1ec7t t\u1ed1t. T\u0103ng kh\u1ea3 n\u0103ng gi\u1eef nhi\u1ec7t, h\u1ea1n ch\u1ebf \u0111\u1ecdng s\u01b0\u01a1ng tr\u00ean c\u00e1nh. Gi\u00fap m\u1eb7t k\u00ednh lu\u00f4n kh\u00f4 r\u00e1o s\u00e1ng r\u00f5, nh\u00ecn r\u00f5 c\u00e1c s\u1ea3n ph\u1ea9m b\u00ean trong<\/li>\n<\/ul>\n<h3>M\u00e1y n\u00e9n hi\u1ec7u xu\u1ea5t cao c\u00f4ng ngh\u1ec7 l\u00e0m l\u1ea1nh nhanh:<\/h3>\n<ul>\n<li>T\u1ee7 m\u00e1t H\u00f2a Ph\u00e1t HSC 600F1R1 s\u1eed d\u1ee5ng m\u00e1y n\u00e9n hi\u1ec7u xu\u1ea5t cao l\u00e0m l\u1ea1nh nhanh v\u00e0 s\u00e2u, v\u1eadn h\u00e0nh \u00eam \u00e1i ti\u1ebft ki\u1ec7m \u0111i\u1ec7n n\u0103ng t\u1ed1i \u0111a. Gi\u00fap t\u1ee7 ho\u1ea1t \u0111\u1ed9ng b\u1ec1n b\u1ec9 trong th\u1eddi gian d\u00e0i, \u0111\u1ed9 an to\u00e0n cao.<\/li>\n<\/ul>\n<h3>Q\u1ee5\u1ea1t tu\u1ea7n ho\u00e0n kh\u00f4ng kh\u00ed b\u00ean trong:<\/h3>\n<ul>\n<li>T\u1ee7 m\u00e1t H\u00f2a Ph\u00e1t Funiki HSC 600F1R1 s\u1eed d\u1ee5ng h\u1ec7 th\u1ed1ng qu\u1ea1t tu\u1ea7n ho\u00e0n kh\u00f4ng kh\u00ed b\u00ean trong gi\u00fap h\u01a1i l\u1ea1nh l\u1ea1nh lan t\u1ecfa m\u1ecdi n\u01a1i trong t\u1ee7. Duy tr\u00ec \u0111\u1ed9 l\u1ea1nh \u0111\u1ed3ng \u0111\u1ec1u b\u00ean trong gi\u00fap b\u1ea3o qu\u1ea3n th\u1ef1c ph\u1ea9m \u0111\u1ed3 u\u1ed1ng t\u1ed1t nh\u1ea5t.<\/li>\n<\/ul>\n<h3>L\u00f2ng t\u1ee7 b\u1eb1ng nh\u1ef1a ABS cao c\u1ea5p:<\/h3>\n<ul>\n<li>Thi\u1ebft k\u1ebf l\u00f2ng t\u1ee7 b\u1eb1ng nh\u1ef1a ABS cao c\u1ea5p \u0111\u1ed9 b\u1ec1n cao gi\u00fap t\u1ee7 m\u00e1t H\u00f2a Ph\u00e1t HSC 600F1R1 ho\u1ea1t \u0111\u1ed9ng b\u1ec1n b\u1ec9, d\u1ec5 d\u00e0ng v\u1ec7 sinh lau ch\u00f9i<\/li>\n<\/ul>\n<h3>Gi\u00e1 \u0111\u1ee1 (3 chi\u1ebfc) b\u00ean trong t\u1ee7 ch\u1eafc ch\u1eafn di chuy\u1ec3n thu\u1eadn ti\u1ec7n:<\/h3>\n<ul>\n<li>T\u1ee7 m\u00e1t HSC 600F1R1 cung c\u1ea5p bao g\u1ed3m 3 gi\u00e1 \u0111\u1ee1 c\u00f3 th\u1ec3 thay \u0111\u1ed5i v\u1ecb tr\u00ed gi\u00fap t\u1eadn d\u1ee5ng t\u1ed1i \u0111a kh\u00f4ng gian s\u1eed d\u1ee5ng, linh ho\u1ea1t trong s\u1eafp x\u1ebfp ph\u00e2n lo\u1ea1i \u0111\u1ed3 hay tr\u01b0ng b\u00e0y s\u1ea3n ph\u1ea9m trong t\u1ee7. Gi\u00e1 \u0111\u1ee1 d\u1ec5 d\u00e0ng th\u00e1o l\u1eafp \u0111\u1ec3 v\u1ec7 sinh t\u1ee7.<\/li>\n<\/ul>\n<h3>N\u00fat \u0111i\u1ec1u ch\u1ec9nh thu\u1eadn ti\u1ec7n cho quan s\u00e1t v\u00e0 thao t\u00e1c:<\/h3>\n<ul>\n<li>T\u1ee7 m\u00e1t HSC 600F1R1 thi\u1ebft k\u1ebf n\u00fat \u0111i\u1ec1u ch\u1ec9nh v\u00e0 ngu\u1ed3n m\u1eb7t ngo\u00e0i t\u1ee7 gi\u00fap d\u1ec5 d\u00e0ng quan s\u00e1t v\u00e0 v\u1eadn h\u00e0nh.<\/li>\n<\/ul>\n<h3>H\u1ec7 th\u00f4ng \u0111\u00e8n LED si\u00eau ti\u1ebft ki\u1ec7m \u0111i\u1ec7n:<\/h3>\n<ul>\n<li>T\u1ee7 m\u00e1t H\u00f2a Ph\u00e1t HSC 600F1R1 s\u1eed d\u1ee5ng h\u1ec7 th\u1ed1ng \u0111\u00e8n pano v\u00e0 \u0111\u00e8n chi\u1ebfu s\u00e1ng s\u1eed d\u1ee5ng \u0111\u00e8n LED si\u00eau ti\u1ebft ki\u1ec7m \u0111i\u1ec7n n\u0103ng.<\/li>\n<\/ul>\n<h3>Ch\u00e2n b\u00e1nh xe ch\u1ecbu l\u1ef1c:<\/h3>\n<ul>\n<li>T\u1ee7 m\u00e1t H\u00f2a Ph\u00e1t HSC 600F1R1 \u0111\u01b0\u1ee3c thi\u1ebft k\u1ebf v\u1edbi 4 ch\u00e2n b\u00e1nh xe ch\u1ecbu l\u1ef1c, gi\u00fap d\u1ec5 d\u00e0ng di chuy\u1ec3n, b\u1ed1 tr\u00ed s\u1eafp x\u1ebfp v\u1ecb tr\u00ed l\u1eafp \u0111\u1eb7t t\u1ee7.<\/li>\n<\/ul>\n<h3>Gas l\u1ea1nh R134a ti\u1ebft ki\u1ec7m \u0111i\u1ec7n n\u0103ng v\u00e0 th\u00e2n thi\u1ec7n m\u00f4i tr\u01b0\u1eddng<\/h3>\n<ul>\n<li>T\u1ee7 m\u00e1t HSC 600F1R1 s\u1eed d\u1ee5ng gas l\u1ea1nh R134a cho m\u00e1y v\u1eadn h\u00e0nh \u00eam ti\u1ebft ki\u1ec7m \u0111i\u1ec7n, an to\u00e0n cho ng\u01b0\u1eddi s\u1eed d\u1ee5ng v\u00e0 kh\u00f4ng g\u00e2y h\u1ea1i cho m\u00f4i tr\u01b0\u1eddng.<\/li>\n<\/ul>\n<h3>B\u1ea3o h\u00e0nh d\u00e0i nh\u1ea5t th\u1ecb tr\u01b0\u1eddng<\/h3>\n<ul>\n<li>T\u1ee7 m\u00e1t H\u00f2a ph\u00e1t HSC 600F1R1 c\u00f3 th\u1eddi gian b\u1ea3o h\u00e0nh d\u00e0i nh\u1ea5t th\u1ecb tr\u01b0\u1eddng, l\u00ean t\u1edbi 30 th\u00e1ng tr\u00ean to\u00e0n qu\u1ed1c.<img loading=\"lazy\" class=\"aligncenter size-medium wp-image-2156\" src=\"http:\/\/dienlanhhoaphat24h.com\/wp-content\/uploads\/2021\/04\/tu-mat-hoa-phat-hsc-550f1r1-web2-663x400.jpg\" alt=\"\" width=\"663\" height=\"400\" \/><\/li>\n<\/ul>\n<h2><strong>Th\u00f4ng s\u1ed1 k\u1ef9 thu\u1eadt t\u1ee7 m\u00e1t H\u00f2a Ph\u00e1t HSC 600F1R1 1 c\u00e1nh:<\/strong><\/h2>\n<ul>\n<li>Model: HSC 600F1R1<\/li>\n<li>Dung t\u00edch c\u1ea3 t\u1ee7: 400L<\/li>\n<li>Dung t\u00edch s\u1eed d\u1ee5ng: 250L<\/li>\n<li>K\u00edch th\u01b0\u1edbc ( RxSxC ): 570 x 595 x 1888 (mm)<\/li>\n<li>Nhi\u1ec7t \u0111\u1ed9: 0oC ~ 10oC<\/li>\n<li>S\u1ed1 c\u00e1nh: 1<\/li>\n<li>S\u1ed1 ng\u0103n: 4<\/li>\n<li>C\u00f4ng su\u1ea5t: 150 W<\/li>\n<li>Ngu\u1ed3n \u0111i\u1ec7n: 220V \/ 50Hz<\/li>\n<li>Tr\u1ecdng l\u01b0\u1ee3ng: 77.5 Kg<\/li>\n<li><strong>B\u1ea3o h\u00e0nh: 30 th\u00e1ng tr\u00ean to\u00e0n qu\u1ed1c<\/strong><\/li>\n<\/ul>\n","protected":false},"excerpt":{"rendered":"<p>\u0110\u1eb7c \u0111i\u1ec3m t\u1ee7 m\u00e1t H\u00f2a Ph\u00e1t HSC 600F1R1\u00a0 1 c\u00e1nh: Thi\u1ebft k\u1ebf hi\u1ec7n \u0111\u1ea1i,\u00a0sang tr\u1ecdng ti\u1ebft ki\u1ec7m kh\u00f4ng gian: T\u1ee7 &hellip; <a class=\"link-more\" href=\"http:\/\/maudep.com.vn\/giadung1\/san-pham\/tu-mat-hoa-phat-hsc-600f1r1\/\" class=\"more-link\">\u0110\u1ecdc th\u00eam &raquo;<span class=\"screen-reader-text\"> &#8220;T\u1ee7 m\u00e1t H\u00f2a Ph\u00e1t HSC 600F1R1&#8221;<\/span><\/a><\/p>\n","protected":false},"featured_media":3557,"comment_status":"open","ping_status":"closed","template":"","meta":[],"_links":{"self":[{"href":"http:\/\/maudep.com.vn\/giadung1\/wp-json\/wp\/v2\/product\/3702"}],"collection":[{"href":"http:\/\/maudep.com.vn\/giadung1\/wp-json\/wp\/v2\/product"}],"about":[{"href":"http:\/\/maudep.com.vn\/giadung1\/wp-json\/wp\/v2\/types\/product"}],"replies":[{"embeddable":true,"href":"http:\/\/maudep.com.vn\/giadung1\/wp-json\/wp\/v2\/comments?post=3702"}],"wp:featuredmedia":[{"embeddable":true,"href":"http:\/\/maudep.com.vn\/giadung1\/wp-json\/wp\/v2\/media\/3557"}],"wp:attachment":[{"href":"http:\/\/maudep.com.vn\/giadung1\/wp-json\/wp\/v2\/media?parent=3702"}],"curies":[{"name":"wp","href":"https:\/\/api.w.org\/{rel}","templated":true}]}}