{"id":3757,"date":"2021-07-09T20:11:19","date_gmt":"2021-07-09T13:11:19","guid":{"rendered":"https:\/\/maudep.com.vn\/giadung1\/?post_type=product&#038;p=3757"},"modified":"2021-07-09T20:12:52","modified_gmt":"2021-07-09T13:12:52","slug":"tu-dong-hoa-phat-656","status":"publish","type":"product","link":"http:\/\/maudep.com.vn\/giadung1\/san-pham\/tu-dong-hoa-phat-656\/","title":{"rendered":"T\u1ee7 \u0111\u00f4ng h\u00f2a ph\u00e1t 656"},"content":{"rendered":"<p>T\u1ee7 \u0111\u00f4ng h\u00f2a ph\u00e1t 656<\/p>\n<p>\u0110\u01b0\u1ee3c s\u1ea3n xu\u1ea5t tr\u00ean d\u00e2y truy\u1ec1n hi\u1ec7n \u0111\u1ea1i<br \/>\n2 ch\u1ebf \u0111\u1ed9 ( \u0110\u00f4ng\/M\u00e1t), 2 c\u00e1nh m\u1edf, c\u00f3 kh\u00f3a<br \/>\nC\u00f3 k\u00ednh c\u01b0\u1eddng l\u1ef1c<br \/>\nL\u00e0m l\u1ea1nh t\u1ef1 nhi\u00ean \u0111\u1ed1i l\u01b0u kh\u00f4ng kh\u00ed<br \/>\nL\u00f2ng t\u1ee7 ph\u1eb3ng , d\u1ec5 d\u00e0ng v\u1ec7 sinh<br \/>\nC\u00f3 b\u00e1nh xe d\u1ec5 d\u00e0ng di chuy\u1ec3n<br \/>\nKh\u00f4ng CFC th\u00e2n thi\u1ec7n v\u1edbi m\u00f4i tr\u01b0\u1eddng<br \/>\nS\u1eed d\u1ee5ng Gas R600a<br \/>\nNhi\u1ec7t \u0111\u1ed9 ng\u0103n \u0111\u00f4ng &lt; -18 \u0111\u1ed9.<\/p>\n<p>&nbsp;<\/p>\n<p>&nbsp;<\/p>\n<p><img loading=\"lazy\" class=\"aligncenter wp-image-3485 size-full\" src=\"https:\/\/maudep.com.vn\/giadung1\/wp-content\/uploads\/2021\/06\/4.jpg\" alt=\"\" width=\"600\" height=\"563\" srcset=\"http:\/\/maudep.com.vn\/giadung1\/wp-content\/uploads\/2021\/06\/4.jpg 600w, http:\/\/maudep.com.vn\/giadung1\/wp-content\/uploads\/2021\/06\/4-300x282.jpg 300w, http:\/\/maudep.com.vn\/giadung1\/wp-content\/uploads\/2021\/06\/4-180x169.jpg 180w\" sizes=\"(max-width: 600px) 100vw, 600px\" \/><\/p>\n<p>Lo\u1ea1i\u00a0\u00a0 \u00a02 ng\u0103n. 2 ch\u1ebf \u0111\u1ed9<br \/>\nC\u00f4ng su\u1ea5t\u00a0\u00a0 \u00a0122 W<br \/>\nK\u00edch th\u01b0\u1edbc ( R x S x C )\u00a0\u00a0 \u00a01235 x 660 x 915 (mm)<br \/>\nTr\u1ecdng l\u01b0\u1ee3ng\u00a0\u00a0 \u00a056 Kg<br \/>\nGas\u00a0\u00a0 \u00a0R600a<br \/>\nB\u1ea3o h\u00e0nh\u00a0\u00a0 \u00a030 th\u00e1ng<\/p>\n<h4><strong>NH\u00c0 PH\u00c2N PH\u1ed0I \u0110I\u1ec6N T\u1eec \u2013 \u0110I\u1ec6N L\u1ea0NH H\u00d2A PH\u00c1T<\/strong><\/h4>\n","protected":false},"excerpt":{"rendered":"<p>T\u1ee7 \u0111\u00f4ng h\u00f2a ph\u00e1t 656 \u0110\u01b0\u1ee3c s\u1ea3n xu\u1ea5t tr\u00ean d\u00e2y truy\u1ec1n hi\u1ec7n \u0111\u1ea1i 2 ch\u1ebf \u0111\u1ed9 ( \u0110\u00f4ng\/M\u00e1t), 2 c\u00e1nh &hellip; <a class=\"link-more\" href=\"http:\/\/maudep.com.vn\/giadung1\/san-pham\/tu-dong-hoa-phat-656\/\" class=\"more-link\">\u0110\u1ecdc th\u00eam &raquo;<span class=\"screen-reader-text\"> &#8220;T\u1ee7 \u0111\u00f4ng h\u00f2a ph\u00e1t 656&#8221;<\/span><\/a><\/p>\n","protected":false},"featured_media":3485,"comment_status":"open","ping_status":"closed","template":"","meta":[],"_links":{"self":[{"href":"http:\/\/maudep.com.vn\/giadung1\/wp-json\/wp\/v2\/product\/3757"}],"collection":[{"href":"http:\/\/maudep.com.vn\/giadung1\/wp-json\/wp\/v2\/product"}],"about":[{"href":"http:\/\/maudep.com.vn\/giadung1\/wp-json\/wp\/v2\/types\/product"}],"replies":[{"embeddable":true,"href":"http:\/\/maudep.com.vn\/giadung1\/wp-json\/wp\/v2\/comments?post=3757"}],"wp:featuredmedia":[{"embeddable":true,"href":"http:\/\/maudep.com.vn\/giadung1\/wp-json\/wp\/v2\/media\/3485"}],"wp:attachment":[{"href":"http:\/\/maudep.com.vn\/giadung1\/wp-json\/wp\/v2\/media?parent=3757"}],"curies":[{"name":"wp","href":"https:\/\/api.w.org\/{rel}","templated":true}]}}