{"id":3765,"date":"2021-07-18T12:36:43","date_gmt":"2021-07-18T05:36:43","guid":{"rendered":"https:\/\/maudep.com.vn\/giadung1\/?post_type=product&#038;p=3765"},"modified":"2021-09-04T18:57:42","modified_gmt":"2021-09-04T11:57:42","slug":"tu-dong-gia-dinh-1-che-do-dong-110-lit-tiet-kiem-dien-2","status":"publish","type":"product","link":"http:\/\/maudep.com.vn\/giadung1\/san-pham\/tu-dong-gia-dinh-1-che-do-dong-110-lit-tiet-kiem-dien-2\/","title":{"rendered":"T\u1ee7 \u0111\u00f4ng gia \u0111\u00ecnh 1 ch\u1ebf \u0111\u1ed9 ( \u0110\u00f4ng) 110\u00a0l\u00edt \u2013 TI\u1ebeT KI\u1ec6M \u0110I\u1ec6N"},"content":{"rendered":"<p><strong>T\u1ee7 \u0111\u00f4ng gia \u0111\u00ecnh 1 ch\u1ebf \u0111\u1ed9 ( \u0110\u00f4ng) 110\u00a0l\u00edt \u2013 TI\u1ebeT KI\u1ec6M \u0110I\u1ec6N<\/strong>\u00a0\u0111\u01b0\u1ee3c thi\u1ebft k\u1ebf m\u1ed9t ng\u0103n \u0111\u00f4ng chuy\u00ean d\u1ee5ng, c\u00f3 nhi\u1ec7t \u0111\u1ed9 \u0111\u00f4ng l\u1ea1nh s\u00e2u \u2264 -18\u00b0 C, t\u1ed1i \u01b0u kh\u1ea3 n\u0103ng c\u1ea5p \u0111\u00f4ng. Nh\u1edd \u0111\u00f3, s\u1ea3n ph\u1ea9m \u0111em t\u1edbi gi\u1ea3i ph\u00e1p b\u1ea3o qu\u1ea3n ho\u00e0n h\u1ea3o cho m\u1ed9t s\u1ed1 th\u1ef1c ph\u1ea9m nh\u01b0 th\u1ecbt, c\u00e1,\u2026trong th\u1eddi gian d\u00e0i. Ngo\u00e0i ra, m\u1eb7t ngo\u00e0i t\u1ee7 c\u00f2n \u0111\u01b0\u1ee3c b\u1ed1 tr\u00ed m\u1ed9t n\u00fam v\u1eb7n \u0111i\u1ec1u khi\u1ec3n nhi\u1ec7t \u0111\u1ed9 ti\u1ec7n l\u1ee3i, gi\u00fap ng\u01b0\u1eddi s\u1eed d\u1ee5ng d\u1ec5 d\u00e0ng \u0111i\u1ec1u ch\u1ec9nh nhi\u1ec7t \u0111\u1ed9 ph\u00f9 h\u1ee3p v\u1edbi nhu c\u1ea7u, \u0111\u1ed3ng th\u1eddi ti\u1ebft ki\u1ec7m \u0111i\u1ec7n n\u0103ng.<\/p>\n<p><img src=\"https:\/\/sudospaces.com\/hoaphat-com-vn\/2020\/10\/cong-nghe-dan-lanh-dong-07.jpg\" \/><\/p>\n<p>Ti\u1ebft ki\u1ec7m \u0111i\u1ec7n \u2013 L\u00e0m l\u1ea1nh nhanh<\/p>\n<p>L\u00e0 m\u1ed9t trong nh\u1eefng s\u1ea3n ph\u1ea9m t\u1ee7 \u0111\u00f4ng ch\u1ea5t l\u01b0\u1ee3ng tr\u00ean th\u1ecb tr\u01b0\u1eddng,\u00a0<strong>T\u1ee7 \u0111\u00f4ng gia \u0111\u00ecnh 1 ch\u1ebf \u0111\u1ed9 ( \u0110\u00f4ng) 110 l\u00edt \u2013 TI\u1ebeT KI\u1ec6M \u0110I\u1ec6N<\/strong>\u00a0c\u00f3 kh\u1ea3 n\u0103ng l\u00e0m l\u1ea1nh nhanh, v\u1eadn h\u00e0nh \u00eam \u00e1i, b\u1ec1n b\u1ec9 , \u0111\u1ea9y nhanh t\u00f4c \u0111\u1ed9 l\u00e0m l\u1ea1nh, \u0111\u1ed3ng th\u1eddi ng\u0103n ch\u1eb7n th\u1ea5t tho\u00e1t nhi\u1ec7t hi\u1ec7u qu\u1ea3. \u2013 M\u00f4i ch\u1ea5t l\u1ea1nh R600a: \u0111em t\u1edbi hi\u1ec7u qu\u1ea3 l\u00e0m l\u1ea1nh t\u1ed1i \u01b0u, ti\u1ebft ki\u1ec7m \u0111i\u1ec7n n\u0103ng m\u00e0 n\u00f3 c\u00f2n v\u00f4 c\u00f9ng th\u00e2n thi\u1ec7n v\u1edbi m\u00f4i tr\u01b0\u1eddng s\u1ed1ng.<\/p>\n<p><img src=\"https:\/\/sudospaces.com\/hoaphat-com-vn\/2020\/10\/cong-nghe-dan-lanh-dong-11.jpg\" \/><\/p>\n<p>B\u1ea3o qu\u1ea3n th\u1ef1c ph\u1ea9m an to\u00e0n<\/p>\n<p>Nhu c\u1ea7u b\u1ea3o qu\u1ea3n th\u1ef1c ph\u1ea9m l\u1ea1nh ng\u00e0y nay t\u0103ng r\u1ea5t nhanh. So v\u1edbi t\u1ee7 l\u1ea1nh, t\u1ee7 \u0111\u00f4ng l\u00e0 bi\u1ec7n ph\u00e1p b\u1ea3o qu\u1ea3n hi\u1ec7u qu\u1ea3 h\u01a1n nh\u1edd kh\u1ea3 n\u0103ng l\u00e0m l\u1ea1nh nhanh cho ph\u00e9p d\u1ef1 tr\u1eef th\u1ef1c ph\u1ea9m l\u00e2u h\u01a1n. V\u1edbi c\u00f4ng ngh\u1ec7 l\u1ea1nh s\u00e2u, \u0111a chi\u1ec1u,\u00a0<strong>T\u1ee7 \u0111\u00f4ng gia \u0111\u00ecnh 1 ch\u1ebf \u0111\u1ed9 ( \u0110\u00f4ng) 110 l\u00edt \u2013 TI\u1ebeT KI\u1ec6M \u0110I\u1ec6N\u00a0<\/strong>\u00a0\u0111em t\u1edbi gi\u1ea3i ph\u00e1p \u0111\u00f4ng l\u1ea1nh s\u00e2u t\u1edbi \u2264 -18\u00b0 C, l\u01b0u gi\u1eef tr\u1ecdn v\u1eb9n d\u01b0\u1ee1ng ch\u1ea5t, \u0111\u1ea3m b\u1ea3o an to\u00e0n s\u1ee9c kh\u1ecfe cho ng\u01b0\u1eddi s\u1eed d\u1ee5ng.<\/p>\n<p><img src=\"https:\/\/sudospaces.com\/hoaphat-com-vn\/2020\/10\/cong-nghe-dan-lanh-dong-04.jpg\" \/><\/p>\n<p>Gi\u1eef nhi\u1ec7t t\u1ed1t<\/p>\n<p>L\u1edbp c\u00e1ch nhi\u1ec7t Polyurethane d\u00e0y 50mm \u0111\u1ebfn 62mm gi\u00fap t\u1ee7 gi\u1eef nhi\u1ec7t t\u1ed1t. X\u1ed1p c\u00e1ch nhi\u1ec7t s\u1eed d\u1ee5ng h\u1ec7 Cyclopentane th\u00e2n thi\u1ec7n v\u1edbi m\u00f4i tr\u01b0\u1eddng, an to\u00e0n th\u1ef1c ph\u1ea9m, \u0111\u1ea3m b\u1ea3o s\u1ee9c kh\u1ecfe cho ng\u01b0\u1eddi s\u1eed d\u1ee5ng. Thi\u1ebft k\u1ebf l\u1edbp x\u1ed1p c\u00e1ch nhi\u1ec7t d\u00e0y \u0111\u1ebfn 62mm, t\u1ea1o n\u00ean m\u1ed9t b\u01b0\u1edbc\u00a0\u0111\u1ed9t ph\u00e1 trong c\u00f4ng ngh\u1ec7 b\u1ea3o\u00a0\u00f4n, gi\u1eef l\u1ea1nh t\u1ed1t (nh\u1ea5t l\u00e0 khi m\u1ea5t \u0111i\u1ec7n trong th\u1eddi gian d\u00e0i, b\u00ean trong t\u1ee7 v\u1eabn gi\u1eef \u0111\u01b0\u1ee3c l\u1ea1nh l\u00e2u h\u01a1n c\u00e1c h\u00e3ng kh\u00e1c), ti\u1ebft ki\u1ec7m \u0111i\u1ec7n n\u0103ng ti\u00eau th\u1ee5.<\/p>\n<p><img src=\"https:\/\/sudospaces.com\/hoaphat-com-vn\/2020\/10\/tu-106-lop-cach-nhiet-06.jpg\" \/><\/p>\n<p>Thi\u1ebft k\u1ebf ti\u1ec7n l\u1ee3i<\/p>\n<p><strong>T\u1ee7 \u0111\u00f4ng gia \u0111\u00ecnh 1 ch\u1ebf \u0111\u1ed9 ( \u0110\u00f4ng) 110 l\u00edt \u2013 TI\u1ebeT KI\u1ec6M \u0110I\u1ec6N<\/strong>\u00a0\u0111\u01b0\u1ee3c t\u00edch h\u1ee3p c\u00e1c chi ti\u1ebft \u0111em \u0111\u1ebfn s\u1ef1 ti\u1ec7n l\u1ee3i, tho\u1ea3i m\u00e1i nh\u1ea5t cho ng\u01b0\u1eddi s\u1eed d\u1ee5ng, bao g\u1ed3m: \u2013 Tay n\u1eafm : gi\u00fap vi\u1ec7c n\u00e2ng nh\u1ea5c c\u00e1nh t\u1ee7 d\u1ec5 d\u00e0ng, h\u1ea1n ch\u1ebf va \u0111\u1eadp trong qu\u00e1 tr\u00ecnh s\u1eed d\u1ee5ng v\u00e0 v\u1eadn chuy\u1ec3n. \u2013 Kh\u00f3a an to\u00e0n: vi\u1ec7c m\u1edf t\u1ee7 th\u01b0\u1eddng xuy\u00ean s\u1ebd l\u00e0m th\u1ea5t tho\u00e1t nhi\u1ec7t, gi\u1ea3m hi\u1ec7u qu\u1ea3 \u0111\u00f4ng l\u1ea1nh c\u1ee7a t\u1ee7, \u0111\u1ed3ng th\u1eddi ti\u00eau t\u1ed1n nhi\u1ec1u \u0111i\u1ec7n n\u0103ng kh\u00f4ng c\u1ea7n thi\u1ebft. Kh\u00f3a an to\u00e0n s\u1ebd gi\u00fap ng\u01b0\u1eddi s\u1eed d\u1ee5ng ki\u1ec3m so\u00e1t t\u1ed1t h\u01a1n ho\u1ea1t \u0111\u1ed9ng \u0111\u00f3ng \u2013 m\u1edf t\u1ee7 \u0111\u00f4ng. \u2013 T\u00edch h\u1ee3p b\u00e1nh xe: s\u1edf h\u1eefu tr\u1ecdng l\u01b0\u1ee3ng l\u1edbn, t\u1ee7 \u0111\u00f4ng g\u00e2y nhi\u1ec1u kh\u00f3 kh\u0103n khi v\u1eadn chuy\u1ec3n. Nh\u1edd t\u00edch h\u1ee3p b\u00e1nh xe b\u00ean d\u01b0\u1edbi t\u1ee7, ng\u01b0\u1eddi s\u1eed d\u1ee5ng s\u1ebd d\u1ec5 d\u00e0ng di chuy\u1ec3n t\u1ee7 m\u1ed9t c\u00e1ch thu\u1eadn ti\u1ec7n v\u00e0 an to\u00e0n h\u01a1n. M\u1eb7t trong t\u1ee7 thi\u1ebft k\u1ebf th\u1eb3ng \u0111\u1ee9ng, b\u1ec1 m\u1eb7t ph\u1eb3ng: gi\u00fap t\u1ee7 \u0111\u00f4ng gi\u1ea3m b\u00e1m tuy\u1ebft trong qu\u00e1 tr\u00ecnh s\u1eed d\u1ee5ng, d\u1ec5 d\u00e0ng v\u1ec7 sinh.<\/p>\n<p><img src=\"https:\/\/sudospaces.com\/hoaphat-com-vn\/2020\/10\/tinh-nang-td-09-1.jpg\" \/><\/p>\n","protected":false},"excerpt":{"rendered":"<p>T\u1ee7 \u0111\u00f4ng gia \u0111\u00ecnh 1 ch\u1ebf \u0111\u1ed9 ( \u0110\u00f4ng) 110\u00a0l\u00edt \u2013 TI\u1ebeT KI\u1ec6M \u0110I\u1ec6N\u00a0\u0111\u01b0\u1ee3c thi\u1ebft k\u1ebf m\u1ed9t ng\u0103n \u0111\u00f4ng chuy\u00ean &hellip; <a class=\"link-more\" href=\"http:\/\/maudep.com.vn\/giadung1\/san-pham\/tu-dong-gia-dinh-1-che-do-dong-110-lit-tiet-kiem-dien-2\/\" class=\"more-link\">\u0110\u1ecdc th\u00eam &raquo;<span class=\"screen-reader-text\"> &#8220;T\u1ee7 \u0111\u00f4ng gia \u0111\u00ecnh 1 ch\u1ebf \u0111\u1ed9 ( \u0110\u00f4ng) 110\u00a0l\u00edt \u2013 TI\u1ebeT KI\u1ec6M \u0110I\u1ec6N&#8221;<\/span><\/a><\/p>\n","protected":false},"featured_media":3417,"comment_status":"open","ping_status":"closed","template":"","meta":[],"_links":{"self":[{"href":"http:\/\/maudep.com.vn\/giadung1\/wp-json\/wp\/v2\/product\/3765"}],"collection":[{"href":"http:\/\/maudep.com.vn\/giadung1\/wp-json\/wp\/v2\/product"}],"about":[{"href":"http:\/\/maudep.com.vn\/giadung1\/wp-json\/wp\/v2\/types\/product"}],"replies":[{"embeddable":true,"href":"http:\/\/maudep.com.vn\/giadung1\/wp-json\/wp\/v2\/comments?post=3765"}],"wp:featuredmedia":[{"embeddable":true,"href":"http:\/\/maudep.com.vn\/giadung1\/wp-json\/wp\/v2\/media\/3417"}],"wp:attachment":[{"href":"http:\/\/maudep.com.vn\/giadung1\/wp-json\/wp\/v2\/media?parent=3765"}],"curies":[{"name":"wp","href":"https:\/\/api.w.org\/{rel}","templated":true}]}}