{"id":3822,"date":"2021-08-31T22:26:58","date_gmt":"2021-08-31T15:26:58","guid":{"rendered":"https:\/\/maudep.com.vn\/giadung1\/?post_type=product&#038;p=3822"},"modified":"2021-09-01T17:02:20","modified_gmt":"2021-09-01T10:02:20","slug":"tu-dong-dung-1-che-do-dong-110-lit-4-ngan-tiet-kiem-dien","status":"publish","type":"product","link":"http:\/\/maudep.com.vn\/giadung1\/san-pham\/tu-dong-dung-1-che-do-dong-110-lit-4-ngan-tiet-kiem-dien\/","title":{"rendered":"T\u1ee7 \u0111\u00f4ng \u0111\u1ee9ng 1 ch\u1ebf \u0111\u1ed9 ( \u0110\u00f4ng) 110 l\u00edt \u2013 4 ng\u0103n \u2013 Ti\u1ebft Ki\u1ec7m \u0110i\u1ec7n"},"content":{"rendered":"<p><strong>T\u1ee7 \u0111\u00f4ng \u0111\u1ee9ng 1 ch\u1ebf \u0111\u1ed9 ( \u0110\u00f4ng) 110\u00a0l\u00edt \u2013 4 t\u1ea7ng \u2013 d\u00f9ng Gia \u0111\u00ecnh<\/strong>\u00a0\u0111\u01b0\u1ee3c trang b\u1ecb m\u00e1y n\u00e9n hi\u1ec7u su\u1ea5t cao, ch\u1ebf \u0111\u1ed9 l\u00e0m l\u1ea1nh tr\u1ef1c ti\u1ebfp s\u1ebd gi\u00fap cho t\u1ee7 ho\u1ea1t \u0111\u1ed9ng hi\u1ec7u qu\u1ea3 h\u01a1n r\u1ea5t nhi\u1ec1u, th\u1eddi gian l\u00e0m l\u1ea1nh nhanh, \u0111\u1ed9 l\u1ea1nh s\u00e2u, n\u00ean c\u00f3 th\u1eddi gian b\u1ea3o qu\u1ea3n th\u1ef1c ph\u1ea9m t\u1ed1t h\u01a1n, kh\u1ea3 n\u0103ng kh\u00e1ng khu\u1ea9n, ch\u1ed1ng n\u1ea5m m\u1ed1c hi\u1ec7u qu\u1ea3 h\u01a1n. M\u00f4i ch\u1ea5t l\u1ea1nh R134a \u0111em t\u1edbi hi\u1ec7u qu\u1ea3 l\u00e0m l\u1ea1nh t\u1ed1i \u01b0u, ti\u1ebft ki\u1ec7m \u0111i\u1ec7n n\u0103ng. N\u00fat \u0111i\u1ec1u ch\u1ec9nh nhi\u1ec7t \u0111\u1ed9 b\u00ean ngo\u00e0i r\u1ea5t ti\u1ec7n dung gi\u00fap vi\u1ec7c \u0111i\u1ec1u ch\u1ec9nh nhi\u1ec7t \u0111\u1ed9 ph\u00f9 h\u1ee3p \u0111\u01b0\u1ee3c thu\u1eadn ti\u1ec7n, d\u1ec5 d\u00e0ng.<\/p>\n<p><img src=\"https:\/\/sudospaces.com\/hoaphat-com-vn\/2020\/12\/tu-dung-hoa-phat-01.jpg\" \/><\/p>\n<p>Nhi\u1ec1u ng\u0103n \u0111\u1ef1ng ti\u1ec7n d\u1ee5ng<\/p>\n<p>T\u1ee7 c\u00f3 thi\u1ebft k\u1ebf ch\u1eafc ch\u1eafn, l\u1edbp c\u00e1ch nhi\u1ec7t gi\u00fap t\u1ee7 gi\u1eef nhi\u1ec7t t\u1ed1t, an to\u00e0n th\u1ef1c ph\u1ea9m, \u0111\u1ea3m b\u1ea3o s\u1ee9c kh\u1ecfe cho ng\u01b0\u1eddi s\u1eed d\u1ee5ng. C\u00e1nh c\u1eeda t\u1ee7 b\u1eb1ng th\u00e9p d\u00e0y v\u1edbi gio\u0103ng cao su, kh\u00e9p k\u00edn, gi\u1eef h\u01a1i l\u1ea1nh trong t\u1ee7, h\u1ea1n ch\u1ebf t\u1ed1i \u0111a t\u00ecnh tr\u1ea1ng tho\u00e1t nhi\u1ec7t ra ngo\u00e0i, \u1ea3nh h\u01b0\u1edfng t\u1edbi hi\u1ec7u su\u1ea5t, l\u00e3ng ph\u00ed \u0111i\u1ec7n n\u0103ng. V\u1edbi thi\u1ebft k\u1ebf 4 ng\u0103n ti\u1ec7n l\u1ee3i, ri\u00eang bi\u1ec7t, linh ho\u1ea1t gi\u00fap ng\u01b0\u1eddi d\u00f9ng d\u1ec5 d\u00e0ng ph\u00e2n lo\u1ea1i th\u1ef1c ph\u1ea9m l\u01b0u tr\u1eef. Ng\u0103n \u0111\u1ef1ng \u0111\u01b0\u1ee3c l\u00e0m b\u1eb1ng nh\u1ef1a cao c\u1ea5p, ch\u1ecbu l\u1ef1c, si\u00eau b\u1ec1n, an to\u00e0n v\u1ec7 sinh th\u1ef1c ph\u1ea9m.T\u1ee7 \u0111\u00e1p \u1ee9ng nhi\u1ec1u nhu c\u1ea7u kh\u00e1c nhau: d\u00f9ng cho gia \u0111\u00ecnh, h\u1ed9 kinh doanh, nh\u00e0 h\u00e0ng,\u2026vv.<\/p>\n<p><img src=\"https:\/\/sudospaces.com\/hoaphat-com-vn\/2020\/12\/tu-dung-hoa-phat-02.jpg\" \/><\/p>\n<p>B\u1ea3o qu\u1ea3n th\u1ef1c ph\u1ea9m an to\u00e0n<\/p>\n<p>So v\u1edbi t\u1ee7 l\u1ea1nh, t\u1ee7 \u0111\u00f4ng l\u00e0 bi\u1ec7n ph\u00e1p b\u1ea3o qu\u1ea3n hi\u1ec7u qu\u1ea3 h\u01a1n nh\u1edd kh\u1ea3 n\u0103ng l\u00e0m l\u1ea1nh nhanh cho ph\u00e9p d\u1ef1 tr\u1eef th\u1ef1c ph\u1ea9m l\u00e2u h\u01a1n.V\u1edbi kh\u1ea3 n\u0103ng l\u00e0m l\u1ea1nh nhanh v\u00e0 s\u00e2u, \u0111a chi\u1ec1u,\u00a0<strong>T\u1ee7 \u0111\u00f4ng \u0111\u1ee9ng 1 ch\u1ebf \u0111\u1ed9 ( \u0110\u00f4ng) 110\u00a0l\u00edt \u2013 4 t\u1ea7ng \u2013 d\u00f9ng Gia \u0111\u00ecnh<\/strong>\u00a0c\u00f3 l\u1edbp c\u00e1ch nhi\u1ec7t d\u00e0y \u0111em t\u1edbi gi\u1ea3i ph\u00e1p \u0111\u00f4ng l\u1ea1nh s\u00e2u t\u1edbi \u2264 -18\u00b0 C, l\u01b0u gi\u1eef tr\u1ecdn v\u1eb9n d\u01b0\u1ee1ng ch\u1ea5t, \u0111\u1ea3m b\u1ea3o an to\u00e0n s\u1ee9c kh\u1ecfe cho ng\u01b0\u1eddi s\u1eed d\u1ee5ng. \u0110\u1eb7c bi\u1ec7t \u0111\u00e2y l\u00e0 s\u1ea3n ph\u1ea9m \u0111\u01b0\u1ee3c c\u00e1c b\u00e0 m\u1eb9 \u0111ang nu\u00f4i con nh\u1ecf quan t\u00e2m v\u00e0 s\u1eed d\u1ee5ng cho vi\u1ec7c tr\u1eef s\u1eefa m\u1eb9 trong th\u1eddi gian d\u00e0i. T\u1ee7 \u0111\u00f4ng \u0111\u1ee9ng H\u00f2a Ph\u00e1t gi\u1ea3i ph\u00e1p ho\u00e0n h\u1ea3o cho vi\u1ec7c tr\u1eef s\u1eefa m\u1eb9 an to\u00e0n \u2013 an t\u00e2m dinh d\u01b0\u1ee1ng cho con.<\/p>\n<p><img src=\"https:\/\/sudospaces.com\/hoaphat-com-vn\/2020\/12\/tu-dung-hoa-phat-03.jpg\" \/><\/p>\n<p>1 ch\u1ebf \u0111\u1ed9 (\u0110\u00f4ng) chuy\u00ean d\u1ee5ng t\u1ed1i \u01b0u b\u1ea3o quan th\u1ef1c ph\u1ea9m d\u00e0i ng\u00e0y<\/p>\n<p>Nhu c\u1ea7u b\u1ea3o qu\u1ea3n th\u1ef1c ph\u1ea9m l\u1ea1nh ng\u00e0y nay t\u0103ng r\u1ea5t nhanh, \u0111\u1eb7c bi\u1ec7t l\u00e0 nh\u1eefng gia \u0111\u00ecnh b\u1eadn r\u1ed9n.\u00a0<strong>T\u1ee7 \u0111\u00f4ng \u0111\u1ee9ng 1 ch\u1ebf \u0111\u1ed9 ( \u0110\u00f4ng) 110 l\u00edt \u2013 4 t\u1ea7ng \u2013 d\u00f9ng Gia \u0111\u00ecnh<\/strong>\u00a0\u0111\u01b0\u1ee3c thi\u1ebft k\u1ebf c\u00f3 nhi\u1ec7t \u0111\u1ed9 \u0111\u00f4ng l\u1ea1nh s\u00e2u \u2264 -18\u00b0 C, t\u1ed1i \u01b0u kh\u1ea3 n\u0103ng c\u1ea5p \u0111\u00f4ng. Nh\u1edd \u0111\u00f3, s\u1ea3n ph\u1ea9m \u0111em t\u1edbi gi\u1ea3i ph\u00e1p b\u1ea3o qu\u1ea3n ho\u00e0n h\u1ea3o cho m\u1ed9t s\u1ed1 th\u1ef1c ph\u1ea9m nh\u01b0 th\u1ecbt, c\u00e1,\u2026vv trong th\u1eddi gian d\u00e0i. Ngo\u00e0i ra, n\u00fat \u0111i\u1ec1u ch\u1ec9nh nhi\u1ec7t \u0111\u1ed9 n\u1eb1m b\u00ean ngo\u00e0i d\u1ec5 d\u00e0ng \u0111i\u1ec1u ch\u1ec9nh, gi\u00fap ng\u01b0\u1eddi s\u1eed d\u1ee5ng d\u1ec5 d\u00e0ng \u0111i\u1ec1u ch\u1ec9nh nhi\u1ec7t \u0111\u1ed9 ph\u00f9 h\u1ee3p v\u1edbi nhu c\u1ea7u, \u0111\u1ed3ng th\u1eddi ti\u1ebft ki\u1ec7m \u0111i\u1ec7n n\u0103ng.<\/p>\n<p><img src=\"https:\/\/sudospaces.com\/hoaphat-com-vn\/2020\/12\/tu-dung-hoa-phat-01.jpg\" \/><\/p>\n","protected":false},"excerpt":{"rendered":"<p>T\u1ee7 \u0111\u00f4ng \u0111\u1ee9ng 1 ch\u1ebf \u0111\u1ed9 ( \u0110\u00f4ng) 110\u00a0l\u00edt \u2013 4 t\u1ea7ng \u2013 d\u00f9ng Gia \u0111\u00ecnh\u00a0\u0111\u01b0\u1ee3c trang b\u1ecb m\u00e1y n\u00e9n &hellip; <a class=\"link-more\" href=\"http:\/\/maudep.com.vn\/giadung1\/san-pham\/tu-dong-dung-1-che-do-dong-110-lit-4-ngan-tiet-kiem-dien\/\" class=\"more-link\">\u0110\u1ecdc th\u00eam &raquo;<span class=\"screen-reader-text\"> &#8220;T\u1ee7 \u0111\u00f4ng \u0111\u1ee9ng 1 ch\u1ebf \u0111\u1ed9 ( \u0110\u00f4ng) 110 l\u00edt \u2013 4 ng\u0103n \u2013 Ti\u1ebft Ki\u1ec7m \u0110i\u1ec7n&#8221;<\/span><\/a><\/p>\n","protected":false},"featured_media":3823,"comment_status":"open","ping_status":"closed","template":"","meta":[],"_links":{"self":[{"href":"http:\/\/maudep.com.vn\/giadung1\/wp-json\/wp\/v2\/product\/3822"}],"collection":[{"href":"http:\/\/maudep.com.vn\/giadung1\/wp-json\/wp\/v2\/product"}],"about":[{"href":"http:\/\/maudep.com.vn\/giadung1\/wp-json\/wp\/v2\/types\/product"}],"replies":[{"embeddable":true,"href":"http:\/\/maudep.com.vn\/giadung1\/wp-json\/wp\/v2\/comments?post=3822"}],"wp:featuredmedia":[{"embeddable":true,"href":"http:\/\/maudep.com.vn\/giadung1\/wp-json\/wp\/v2\/media\/3823"}],"wp:attachment":[{"href":"http:\/\/maudep.com.vn\/giadung1\/wp-json\/wp\/v2\/media?parent=3822"}],"curies":[{"name":"wp","href":"https:\/\/api.w.org\/{rel}","templated":true}]}}