{"id":1954,"date":"2020-09-16T08:03:01","date_gmt":"2020-09-16T08:03:01","guid":{"rendered":"http:\/\/hoangvietmaudep.com.vn\/thucpham\/?page_id=1954"},"modified":"2021-01-13T08:30:46","modified_gmt":"2021-01-13T01:30:46","slug":"he-thong-phan-phoi","status":"publish","type":"page","link":"http:\/\/maudep.com.vn\/thucpham\/?page_id=1954","title":{"rendered":"H\u1ec7 th\u1ed1ng ph\u00e2n ph\u1ed1i"},"content":{"rendered":"<p>Th\u1ecbt \u0111\u01b0\u1ee3c \u00e1p d\u1ee5ng \u0111\u00f3ng g\u00f3i v\u1edbi C\u00f4ng ngh\u1ec7 \u00dac \u01b0\u1edbp l\u1ea1nh ch\u00e2n kh\u00f4ng. C\u00f4ng ngh\u1ec7 n\u00e0y gi\u00fap gi\u1eef nguy\u00ean ch\u1ea5t l\u01b0\u1ee3ng v\u00e0 m\u00e0u \u0111\u1ecf h\u1ed3ng c\u1ee7a th\u1ecbt t\u01b0\u01a1i trong su\u1ed1t th\u1eddi h\u1ea1n s\u1eed d\u1ee5ng, h\u1ea1n ch\u1ebf vi sinh ph\u00e1t tri\u1ec3n nh\u1edd cung c\u1ea5p Oxy t\u1ef1 nhi\u00ean v\u00e0o b\u00ean trong h\u1ed9p th\u1ecbt. To\u00e0n b\u1ed9 qu\u00e1 tr\u00ecnh ch\u1ebf bi\u1ebfn, \u0111\u00f3ng g\u00f3i, v\u1eadn chuy\u1ec3n v\u00e0 ph\u00e2n ph\u1ed1i \u0111\u1ec1u \u0111\u1ea3m b\u1ea3o nhi\u1ec7t \u0111\u1ed9 th\u1ecbt t\u1eeb 0 \u0111\u1ebfn 4 \u0111\u1ed9 C gi\u00fap th\u1ecbt ti\u1ebfp t\u1ee5c \u201cth\u1edf\u201d trong m\u00f4i tr\u01b0\u1eddng m\u00e1t l\u00e0nh, t\u01b0\u01a1i ngon su\u1ed1t 9 ng\u00e0y.<\/p>\n","protected":false},"excerpt":{"rendered":"<p>Th\u1ecbt \u0111\u01b0\u1ee3c \u00e1p d\u1ee5ng \u0111\u00f3ng g\u00f3i v\u1edbi C\u00f4ng ngh\u1ec7 \u00dac \u01b0\u1edbp l\u1ea1nh ch\u00e2n kh\u00f4ng. C\u00f4ng ngh\u1ec7 n\u00e0y gi\u00fap gi\u1eef nguy\u00ean ch\u1ea5t l\u01b0\u1ee3ng v\u00e0 m\u00e0u \u0111\u1ecf h\u1ed3ng c\u1ee7a th\u1ecbt t\u01b0\u01a1i trong su\u1ed1t th\u1eddi h\u1ea1n s\u1eed d\u1ee5ng, h\u1ea1n ch\u1ebf vi sinh ph\u00e1t tri\u1ec3n nh\u1edd cung c\u1ea5p Oxy t\u1ef1 nhi\u00ean v\u00e0o b\u00ean trong h\u1ed9p th\u1ecbt. To\u00e0n b\u1ed9 qu\u00e1 [&#8230;]\n","protected":false},"author":5,"featured_media":0,"parent":0,"menu_order":9,"comment_status":"closed","ping_status":"closed","template":"","meta":[],"yoast_head":"<!-- This site is optimized with the Yoast SEO plugin v14.7 - https:\/\/yoast.com\/wordpress\/plugins\/seo\/ -->\n<title>H\u1ec7 th\u1ed1ng ph\u00e2n ph\u1ed1i - Th\u1ef1c Ph\u1ea9m RT 1<\/title>\n<meta name=\"robots\" content=\"index, follow\" \/>\n<meta name=\"googlebot\" content=\"index, follow, max-snippet:-1, max-image-preview:large, max-video-preview:-1\" \/>\n<meta name=\"bingbot\" content=\"index, follow, max-snippet:-1, max-image-preview:large, max-video-preview:-1\" \/>\n<link rel=\"canonical\" href=\"http:\/\/maudep.com.vn\/thucpham\/?page_id=1954\" \/>\n<meta property=\"og:locale\" content=\"vi_VN\" \/>\n<meta property=\"og:type\" content=\"article\" \/>\n<meta property=\"og:title\" content=\"H\u1ec7 th\u1ed1ng ph\u00e2n ph\u1ed1i - Th\u1ef1c Ph\u1ea9m RT 1\" \/>\n<meta property=\"og:description\" content=\"Th\u1ecbt \u0111\u01b0\u1ee3c \u00e1p d\u1ee5ng \u0111\u00f3ng g\u00f3i v\u1edbi C\u00f4ng ngh\u1ec7 \u00dac \u01b0\u1edbp l\u1ea1nh ch\u00e2n kh\u00f4ng. C\u00f4ng ngh\u1ec7 n\u00e0y gi\u00fap gi\u1eef nguy\u00ean ch\u1ea5t l\u01b0\u1ee3ng v\u00e0 m\u00e0u \u0111\u1ecf h\u1ed3ng c\u1ee7a th\u1ecbt t\u01b0\u01a1i trong su\u1ed1t th\u1eddi h\u1ea1n s\u1eed d\u1ee5ng, h\u1ea1n ch\u1ebf vi sinh ph\u00e1t tri\u1ec3n nh\u1edd cung c\u1ea5p Oxy t\u1ef1 nhi\u00ean v\u00e0o b\u00ean trong h\u1ed9p th\u1ecbt. To\u00e0n b\u1ed9 qu\u00e1 [...]\" \/>\n<meta property=\"og:url\" content=\"http:\/\/maudep.com.vn\/thucpham\/?page_id=1954\" \/>\n<meta property=\"og:site_name\" content=\"Th\u1ef1c Ph\u1ea9m RT 1\" \/>\n<meta property=\"article:publisher\" content=\"https:\/\/www.facebook.com\/hoangvietmaudep.com.vn\/thucpham\" \/>\n<meta property=\"article:modified_time\" content=\"2021-01-13T01:30:46+00:00\" \/>\n<meta name=\"twitter:card\" content=\"summary_large_image\" \/>\n<script type=\"application\/ld+json\" class=\"yoast-schema-graph\">{\"@context\":\"https:\/\/schema.org\",\"@graph\":[{\"@type\":\"WebSite\",\"@id\":\"http:\/\/maudep.com.vn\/thucpham\/#website\",\"url\":\"http:\/\/maudep.com.vn\/thucpham\/\",\"name\":\"Th\\u1ef1c Ph\\u1ea9m RT 1\",\"description\":\"\",\"potentialAction\":[{\"@type\":\"SearchAction\",\"target\":\"http:\/\/maudep.com.vn\/thucpham\/?s={search_term_string}\",\"query-input\":\"required name=search_term_string\"}],\"inLanguage\":\"vi\"},{\"@type\":\"WebPage\",\"@id\":\"http:\/\/maudep.com.vn\/thucpham\/?page_id=1954#webpage\",\"url\":\"http:\/\/maudep.com.vn\/thucpham\/?page_id=1954\",\"name\":\"H\\u1ec7 th\\u1ed1ng ph\\u00e2n ph\\u1ed1i - Th\\u1ef1c Ph\\u1ea9m RT 1\",\"isPartOf\":{\"@id\":\"http:\/\/maudep.com.vn\/thucpham\/#website\"},\"datePublished\":\"2020-09-16T08:03:01+00:00\",\"dateModified\":\"2021-01-13T01:30:46+00:00\",\"breadcrumb\":{\"@id\":\"http:\/\/maudep.com.vn\/thucpham\/?page_id=1954#breadcrumb\"},\"inLanguage\":\"vi\",\"potentialAction\":[{\"@type\":\"ReadAction\",\"target\":[\"http:\/\/maudep.com.vn\/thucpham\/?page_id=1954\"]}]},{\"@type\":\"BreadcrumbList\",\"@id\":\"http:\/\/maudep.com.vn\/thucpham\/?page_id=1954#breadcrumb\",\"itemListElement\":[{\"@type\":\"ListItem\",\"position\":1,\"item\":{\"@type\":\"WebPage\",\"@id\":\"http:\/\/maudep.com.vn\/thucpham\/\",\"url\":\"http:\/\/maudep.com.vn\/thucpham\/\",\"name\":\"Trang ch\\u1ee7\"}},{\"@type\":\"ListItem\",\"position\":2,\"item\":{\"@type\":\"WebPage\",\"@id\":\"http:\/\/maudep.com.vn\/thucpham\/?page_id=1954\",\"url\":\"http:\/\/maudep.com.vn\/thucpham\/?page_id=1954\",\"name\":\"H\\u1ec7 th\\u1ed1ng ph\\u00e2n ph\\u1ed1i\"}}]}]}<\/script>\n<!-- \/ Yoast SEO plugin. -->","_links":{"self":[{"href":"http:\/\/maudep.com.vn\/thucpham\/index.php?rest_route=\/wp\/v2\/pages\/1954"}],"collection":[{"href":"http:\/\/maudep.com.vn\/thucpham\/index.php?rest_route=\/wp\/v2\/pages"}],"about":[{"href":"http:\/\/maudep.com.vn\/thucpham\/index.php?rest_route=\/wp\/v2\/types\/page"}],"author":[{"embeddable":true,"href":"http:\/\/maudep.com.vn\/thucpham\/index.php?rest_route=\/wp\/v2\/users\/5"}],"replies":[{"embeddable":true,"href":"http:\/\/maudep.com.vn\/thucpham\/index.php?rest_route=%2Fwp%2Fv2%2Fcomments&post=1954"}],"version-history":[{"count":3,"href":"http:\/\/maudep.com.vn\/thucpham\/index.php?rest_route=\/wp\/v2\/pages\/1954\/revisions"}],"predecessor-version":[{"id":2701,"href":"http:\/\/maudep.com.vn\/thucpham\/index.php?rest_route=\/wp\/v2\/pages\/1954\/revisions\/2701"}],"wp:attachment":[{"href":"http:\/\/maudep.com.vn\/thucpham\/index.php?rest_route=%2Fwp%2Fv2%2Fmedia&parent=1954"}],"curies":[{"name":"wp","href":"https:\/\/api.w.org\/{rel}","templated":true}]}}