{"id":2352,"date":"2020-12-22T03:10:47","date_gmt":"2020-12-21T20:10:47","guid":{"rendered":"https:\/\/maudep.com.vn\/thucpham\/?page_id=2352"},"modified":"2021-04-26T20:54:09","modified_gmt":"2021-04-26T13:54:09","slug":"chinh-sach-ban-hang-2","status":"publish","type":"page","link":"http:\/\/maudep.com.vn\/thucpham\/?page_id=2352","title":{"rendered":"Ch\u00ednh s\u00e1ch b\u00e1n h\u00e0ng"},"content":{"rendered":"<h2 style=\"text-align: justify;\">Ch\u00ednh s\u00e1ch b\u00e1n h\u00e0ng<\/h2>\n<p style=\"text-align: justify;\">Th\u1ef1c Ph\u1ea9m S\u1ea1ch 5Gfoods.vn lu\u00f4n x\u00e1c \u0111\u1ecbnh: \u201cS\u1ef1 h\u00e0i l\u00f2ng c\u1ee7a kh\u00e1ch h\u00e0ng quy\u1ebft \u0111\u1ecbnh s\u1ef1 th\u00e0nh c\u00f4ng c\u1ee7a ch\u00fang t\u00f4i\u201d. V\u00ec v\u1eady m\u1ecdi chi\u1ebfn l\u01b0\u1ee3c, s\u1ea3m ph\u1ea9m, d\u1ecbch v\u1ee5 c\u1ee7a ch\u00fang t\u00f4i \u0111\u1ec1u d\u1ef1a tr\u00ean vi\u1ec7c mang l\u1ea1i l\u1ee3i \u00edch t\u1ed1i \u0111a cho kh\u00e1ch h\u00e0ng.<\/p>\n<p style=\"text-align: justify;\"><strong>Th\u1ef1c Ph\u1ea9m S\u1ea1ch 5Gfoods.vn xin cam k\u1ebft ch\u00ednh s\u00e1ch b\u00e1n h\u00e0ng v\u00e0 ch\u00ednh s\u00e1ch ch\u1ea5t l\u01b0\u1ee3ng v\u1edbi s\u1ea3n ph\u1ea9m \u0111\u01b0\u1ee3c cung c\u1ea5p nh\u01b0 sau<\/strong>:<\/p>\n<ul style=\"text-align: justify;\">\n<li>T\u1ea5t c\u1ea3 h\u00e0ng ho\u00e1 \u0111\u1ec1u c\u00f3 ngu\u1ed3n g\u1ed1c xu\u1ea5t x\u1ee9 r\u00f5 r\u00e0ng, minh b\u1ea1ch, ch\u00ednh h\u00e3ng t\u1eeb c\u00e1c nh\u00e0 s\u1ea3n xu\u1ea5t v\u00e0 c\u00e1c nh\u00e0 nh\u1eadp kh\u1ea9u.<\/li>\n<li>Tuy\u1ec7t \u0111\u1ed1i kh\u00f4ng b\u00e1n h\u00e0ng gi\u1ea3, h\u00e0ng nh\u00e1i th\u01b0\u01a1ng hi\u1ec7u, h\u00e0ng k\u00e9m ch\u1ea5t l\u01b0\u1ee3ng.<\/li>\n<li>S\u1ea3n ph\u1ea9m b\u00e1n ra lu\u00f4n c\u00f3 gi\u00e1 t\u1ed1t h\u01a1n gi\u00e1 th\u1ecb tr\u01b0\u1eddng.<\/li>\n<li>Ho\u00e0n ti\u1ec1n 100% gi\u00e1 tr\u1ecb h\u00e0ng ho\u00e1 b\u00e1n ra n\u1ebfu h\u00e0ng ho\u00e1 b\u00e1n ra kh\u00f4ng \u0111\u00fang cam k\u1ebft, sai ngu\u1ed3n g\u1ed1c.<\/li>\n<li>H\u00e0ng ho\u00e1 b\u00e1n ra \u0111\u01b0\u1ee3c b\u1ea3o h\u00e0nh theo ti\u00eau chu\u1ea9n c\u1ee7a nh\u00e0 s\u1ea3n xu\u1ea5t.<\/li>\n<li>Th\u00e1i \u0111\u1ed9 ph\u1ee5c v\u1ee5: Trung th\u1ef1c v\u1edbi kh\u00e1ch h\u00e0ng, ch\u1eef T\u00edn lu\u00f4n \u0111\u1eb7t l\u00ean h\u00e0ng \u0111\u1ea7u. Ch\u00fang t\u00f4i ph\u1ee5c v\u1ee5 b\u1eb1ng c\u1ea3 tr\u00e1i tim v\u00e0 s\u1ef1 tr\u00e2n tr\u1ecdng cao nh\u1ea5t.<\/li>\n<li>Kh\u00f4ng ti\u1ebft l\u1ed9 ho\u1eb7c s\u1eed d\u1ee5ng th\u00f4ng tin c\u00e1 nh\u00e2n c\u1ee7a kh\u00e1ch h\u00e0ng sai m\u1ee5c \u0111\u00edch. Tu\u00e2n th\u1ee7 ph\u00e1p lu\u1eadt Vi\u1ec7t\u00a0Nam\u00a0v\u1ec1 b\u00e1n h\u00e0ng v\u00e0 b\u1ea3o v\u1ec7 quy\u1ec1n l\u1ee3i ng\u01b0\u1eddi ti\u00eau d\u00f9ng.<\/li>\n<li>Kh\u00e1ch h\u00e0ng s\u1ebd th\u01b0\u1eddng xuy\u00ean \u0111\u01b0\u1ee3c h\u01b0\u1edfng l\u1ee3i \u00edch t\u1eeb c\u00e1c ch\u01b0\u01a1ng tr\u00ecnh gi\u1ea3m gi\u00e1, khuy\u1ebfn m\u1ea1i c\u1ee7a c\u00f4ng ty c\u0169ng nh\u01b0 c\u00e1c ch\u01b0\u01a1ng tr\u00ecnh gi\u1ea3m gi\u00e1, khuy\u1ebfn m\u1ea1i c\u1ee7a c\u00e1c nh\u00e0 cung c\u1ea5p.\u00a0Cam\u00a0k\u1ebft trao c\u00e1c gi\u1ea3i th\u01b0\u1edfng, khuy\u1ebfn m\u1ea1i theo \u0111\u00fang ch\u01b0\u01a1ng tr\u00ecnh \u0111\u01b0a ra.<\/li>\n<\/ul>\n<p style=\"text-align: justify;\">Th\u1ef1c Ph\u1ea9m S\u1ea1ch 5Gfoods, qu\u00fd kh\u00e1ch vui l\u00f2ng li\u00ean h\u1ec7 v\u1edbi ch\u00fang t\u00f4i theo th\u00f4ng tin:<\/p>\n<p style=\"text-align: justify;\">Hotline: 0976 386 999<\/p>\n<p style=\"text-align: justify;\">Tr\u1ee5 s\u1edf: Ph\u00fa Ngh\u0129a \u2013 Ch\u01b0\u01a1ng M\u1ef9 \u2013 H\u00e0 N\u1ed9i.<\/p>\n","protected":false},"excerpt":{"rendered":"<p>Ch\u00ednh s\u00e1ch b\u00e1n h\u00e0ng Th\u1ef1c Ph\u1ea9m S\u1ea1ch 5Gfoods.vn lu\u00f4n x\u00e1c \u0111\u1ecbnh: \u201cS\u1ef1 h\u00e0i l\u00f2ng c\u1ee7a kh\u00e1ch h\u00e0ng quy\u1ebft \u0111\u1ecbnh s\u1ef1 th\u00e0nh c\u00f4ng c\u1ee7a ch\u00fang t\u00f4i\u201d. V\u00ec v\u1eady m\u1ecdi chi\u1ebfn l\u01b0\u1ee3c, s\u1ea3m ph\u1ea9m, d\u1ecbch v\u1ee5 c\u1ee7a ch\u00fang t\u00f4i \u0111\u1ec1u d\u1ef1a tr\u00ean vi\u1ec7c mang l\u1ea1i l\u1ee3i \u00edch t\u1ed1i \u0111a cho kh\u00e1ch h\u00e0ng. Th\u1ef1c Ph\u1ea9m S\u1ea1ch 5Gfoods.vn xin [&#8230;]\n","protected":false},"author":5,"featured_media":0,"parent":0,"menu_order":8,"comment_status":"closed","ping_status":"closed","template":"","meta":[],"yoast_head":"<!-- This site is optimized with the Yoast SEO plugin v14.7 - https:\/\/yoast.com\/wordpress\/plugins\/seo\/ -->\n<title>Ch\u00ednh s\u00e1ch b\u00e1n h\u00e0ng - Th\u1ef1c Ph\u1ea9m RT 1<\/title>\n<meta name=\"description\" content=\"ch\u00ednh s\u00e1ch b\u00e1n h\u00e0ng c\u1ee7a 5Gfoods.vn l\u1ea5y s\u1ef1 h\u00e0i l\u00f2ng c\u1ee7a kh\u00e1ch h\u00e0ng \u0111\u1eb7t l\u00ean h\u00e0ng \u0111\u1ea7u. \u0111em \u0111\u1ebfn cho kh\u00e1ch h\u00e0ng s\u1ea3n ph\u1ea9m t\u1ed1t nh\u1ea5t\" \/>\n<meta name=\"robots\" content=\"index, follow\" \/>\n<meta name=\"googlebot\" content=\"index, follow, max-snippet:-1, max-image-preview:large, max-video-preview:-1\" \/>\n<meta name=\"bingbot\" content=\"index, follow, max-snippet:-1, max-image-preview:large, max-video-preview:-1\" \/>\n<link rel=\"canonical\" href=\"http:\/\/maudep.com.vn\/thucpham\/?page_id=2352\" \/>\n<meta property=\"og:locale\" content=\"vi_VN\" \/>\n<meta property=\"og:type\" content=\"article\" \/>\n<meta property=\"og:title\" content=\"Ch\u00ednh s\u00e1ch b\u00e1n h\u00e0ng - Th\u1ef1c Ph\u1ea9m RT 1\" \/>\n<meta property=\"og:description\" content=\"ch\u00ednh s\u00e1ch b\u00e1n h\u00e0ng c\u1ee7a 5Gfoods.vn l\u1ea5y s\u1ef1 h\u00e0i l\u00f2ng c\u1ee7a kh\u00e1ch h\u00e0ng \u0111\u1eb7t l\u00ean h\u00e0ng \u0111\u1ea7u. \u0111em \u0111\u1ebfn cho kh\u00e1ch h\u00e0ng s\u1ea3n ph\u1ea9m t\u1ed1t nh\u1ea5t\" \/>\n<meta property=\"og:url\" content=\"http:\/\/maudep.com.vn\/thucpham\/?page_id=2352\" \/>\n<meta property=\"og:site_name\" content=\"Th\u1ef1c Ph\u1ea9m RT 1\" \/>\n<meta property=\"article:publisher\" content=\"https:\/\/www.facebook.com\/hoangvietmaudep.com.vn\/thucpham\" \/>\n<meta property=\"article:modified_time\" content=\"2021-04-26T13:54:09+00:00\" \/>\n<meta name=\"twitter:card\" content=\"summary_large_image\" \/>\n<script type=\"application\/ld+json\" class=\"yoast-schema-graph\">{\"@context\":\"https:\/\/schema.org\",\"@graph\":[{\"@type\":\"WebSite\",\"@id\":\"http:\/\/maudep.com.vn\/thucpham\/#website\",\"url\":\"http:\/\/maudep.com.vn\/thucpham\/\",\"name\":\"Th\\u1ef1c Ph\\u1ea9m RT 1\",\"description\":\"\",\"potentialAction\":[{\"@type\":\"SearchAction\",\"target\":\"http:\/\/maudep.com.vn\/thucpham\/?s={search_term_string}\",\"query-input\":\"required name=search_term_string\"}],\"inLanguage\":\"vi\"},{\"@type\":\"WebPage\",\"@id\":\"http:\/\/maudep.com.vn\/thucpham\/?page_id=2352#webpage\",\"url\":\"http:\/\/maudep.com.vn\/thucpham\/?page_id=2352\",\"name\":\"Ch\\u00ednh s\\u00e1ch b\\u00e1n h\\u00e0ng - Th\\u1ef1c Ph\\u1ea9m RT 1\",\"isPartOf\":{\"@id\":\"http:\/\/maudep.com.vn\/thucpham\/#website\"},\"datePublished\":\"2020-12-21T20:10:47+00:00\",\"dateModified\":\"2021-04-26T13:54:09+00:00\",\"description\":\"ch\\u00ednh s\\u00e1ch b\\u00e1n h\\u00e0ng c\\u1ee7a 5Gfoods.vn l\\u1ea5y s\\u1ef1 h\\u00e0i l\\u00f2ng c\\u1ee7a kh\\u00e1ch h\\u00e0ng \\u0111\\u1eb7t l\\u00ean h\\u00e0ng \\u0111\\u1ea7u. \\u0111em \\u0111\\u1ebfn cho kh\\u00e1ch h\\u00e0ng s\\u1ea3n ph\\u1ea9m t\\u1ed1t nh\\u1ea5t\",\"breadcrumb\":{\"@id\":\"http:\/\/maudep.com.vn\/thucpham\/?page_id=2352#breadcrumb\"},\"inLanguage\":\"vi\",\"potentialAction\":[{\"@type\":\"ReadAction\",\"target\":[\"http:\/\/maudep.com.vn\/thucpham\/?page_id=2352\"]}]},{\"@type\":\"BreadcrumbList\",\"@id\":\"http:\/\/maudep.com.vn\/thucpham\/?page_id=2352#breadcrumb\",\"itemListElement\":[{\"@type\":\"ListItem\",\"position\":1,\"item\":{\"@type\":\"WebPage\",\"@id\":\"http:\/\/maudep.com.vn\/thucpham\/\",\"url\":\"http:\/\/maudep.com.vn\/thucpham\/\",\"name\":\"Trang ch\\u1ee7\"}},{\"@type\":\"ListItem\",\"position\":2,\"item\":{\"@type\":\"WebPage\",\"@id\":\"http:\/\/maudep.com.vn\/thucpham\/?page_id=2352\",\"url\":\"http:\/\/maudep.com.vn\/thucpham\/?page_id=2352\",\"name\":\"Ch\\u00ednh s\\u00e1ch b\\u00e1n h\\u00e0ng\"}}]}]}<\/script>\n<!-- \/ Yoast SEO plugin. -->","_links":{"self":[{"href":"http:\/\/maudep.com.vn\/thucpham\/index.php?rest_route=\/wp\/v2\/pages\/2352"}],"collection":[{"href":"http:\/\/maudep.com.vn\/thucpham\/index.php?rest_route=\/wp\/v2\/pages"}],"about":[{"href":"http:\/\/maudep.com.vn\/thucpham\/index.php?rest_route=\/wp\/v2\/types\/page"}],"author":[{"embeddable":true,"href":"http:\/\/maudep.com.vn\/thucpham\/index.php?rest_route=\/wp\/v2\/users\/5"}],"replies":[{"embeddable":true,"href":"http:\/\/maudep.com.vn\/thucpham\/index.php?rest_route=%2Fwp%2Fv2%2Fcomments&post=2352"}],"version-history":[{"count":6,"href":"http:\/\/maudep.com.vn\/thucpham\/index.php?rest_route=\/wp\/v2\/pages\/2352\/revisions"}],"predecessor-version":[{"id":2912,"href":"http:\/\/maudep.com.vn\/thucpham\/index.php?rest_route=\/wp\/v2\/pages\/2352\/revisions\/2912"}],"wp:attachment":[{"href":"http:\/\/maudep.com.vn\/thucpham\/index.php?rest_route=%2Fwp%2Fv2%2Fmedia&parent=2352"}],"curies":[{"name":"wp","href":"https:\/\/api.w.org\/{rel}","templated":true}]}}