{"id":2357,"date":"2020-12-22T03:23:29","date_gmt":"2020-12-21T20:23:29","guid":{"rendered":"https:\/\/maudep.com.vn\/thucpham\/?page_id=2357"},"modified":"2021-04-26T20:59:19","modified_gmt":"2021-04-26T13:59:19","slug":"chinh-sach-doi-tra","status":"publish","type":"page","link":"http:\/\/maudep.com.vn\/thucpham\/?page_id=2357","title":{"rendered":"Ch\u00ednh s\u00e1ch b\u1ea3o h\u00e0nh &#8211; \u0111\u1ed5i tr\u1ea3"},"content":{"rendered":"<h3><strong>Ch\u00ednh s\u00e1ch b\u1ea3o h\u00e0nh \/ \u0111\u1ed5i tr\u1ea3 h\u00e0ng<\/strong><\/h3>\n<h4><strong>Chi\u0301nh sa\u0301ch ba\u0309o ha\u0300nh<\/strong><\/h4>\n<p>Kha\u0301ch ha\u0300ng co\u0301 th\u00ea\u0309 tr\u01b0\u0323c ti\u00ea\u0301p li\u00ean h\u00ea\u0323 ba\u0309o ha\u0300nh va\u0300 khi\u00ea\u0301u na\u0323i v\u00ea\u0300 di\u0323ch vu\u0323 ta\u0323i ca\u0301c \u0111i\u0323a chi\u0309 sau cu\u0309a hoangvietmaudep.com.vn\/thucpham.<\/p>\n<p><strong>C\u00d4NG TY C<\/strong><strong>\u1ed4<\/strong><strong> PH<\/strong><strong>\u1ea6<\/strong><strong>N S<\/strong><strong>\u1ea2<\/strong><strong>N XU<\/strong><strong>\u1ea4<\/strong><strong>T TH<\/strong><strong>\u1ef0<\/strong><strong>C PH<\/strong><strong>\u1ea8<\/strong><strong>M 5G<\/strong><\/p>\n<p>\u0110\u1ecba ch\u1ec9 : L\u00f4 \u0111\u1ea5t CN2 khu c\u00f4ng nghi\u1ec7p Ph\u00fa Ngh\u0129a, X\u00e3 Ph\u00fa ngh\u0129a, Huy\u1ec7n Ch\u01b0\u01a1ng M\u1ef9, Th\u00e0nh Ph\u1ed1 h\u00e0 N\u1ed9i<\/p>\n<p>Email: cskh@hoangvietmaudep.com.vn\/thucpham<\/p>\n<p>\u0110i\u00ea\u0323n thoa\u0323i: 0976 386 999<\/p>\n<p>Th\u01a1\u0300i gian phu\u0323c vu\u0323: t\u01b0\u0300 8:30 \u0111\u00ea\u0301n 17:30 ca\u0301c nga\u0300y t\u01b0\u0300 th\u01b0\u0301 Hai \u0111\u00ea\u0301n th\u01b0\u0301 Ba\u0309y, kh\u00f4ng ti\u0301nh Chu\u0309 Nh\u00e2\u0323t va\u0300 ca\u0301c nga\u0300y l\u00ea\u0303 T\u00ea\u0301t.<\/p>\n<p>Quy\u0301 kha\u0301ch co\u0301 th\u00ea\u0309 th\u01b0\u0323c hi\u00ea\u0323n ba\u0309o ha\u0300nh khi s\u01b0\u0309 du\u0323ng di\u0323ch vu\u0323 cu\u0309a hoangvietmaudep.com.vn\/thucpham.<\/p>\n<p>Quy tri\u0300nh ba\u0309o ha\u0300nh: Khi c\u00e2\u0300n ba\u0309o ha\u0300nh, h\u00f4\u0303 tr\u01a1\u0323 di\u0323ch vu\u0323, kha\u0301ch ha\u0300ng se\u0303 li\u00ean h\u00ea\u0323 v\u01a1\u0301i ca\u0301c trung t\u00e2m ba\u0309o ha\u0300nh, h\u00f4\u0303 tr\u01a1\u0323 cu\u0309a chu\u0301ng t\u00f4i. Ca\u0301c nh\u00e2n vi\u00ean ch\u0103m so\u0301c kha\u0301ch ha\u0300ng cu\u0309a chu\u0301ng t\u00f4i se\u0303 t\u01b0 v\u00e2\u0301n h\u00f4\u0303 tr\u01a1\u0323 kha\u0301ch ha\u0300ng v\u00ea\u0300 quy tri\u0300nh ba\u0309o ha\u0300nh, h\u00f4\u0303 tr\u01a1\u0323 di\u0323ch vu\u0323. Khi nh\u00e2\u0323n \u0111\u01b0\u01a1\u0323c th\u00f4ng tin ba\u0309o ha\u0300nh cu\u0309a di\u0323ch vu\u0323 ma\u0300 kha\u0301ch ha\u0300ng y\u00eau c\u00e2\u0300u, b\u00f4\u0323 ph\u00e2\u0323n ky\u0303 thu\u00e2\u0323t cu\u0309a hoangvietmaudep.com.vn\/thucpham se\u0303 h\u00f4\u0303 tr\u01a1\u0323 kh\u0103\u0301c phu\u0323c s\u01b0\u0323 c\u00f4\u0301 cho kha\u0301ch ha\u0300ng trong vo\u0300ng 24h qua \u0111i\u00ea\u0323n thoa\u0323i, email ho\u0103\u0323c h\u00f4\u0303 tr\u01a1\u0323 tr\u01b0\u0323c ti\u00ea\u0301p qua teamviewer.<\/p>\n<p>Ch\u00fang t\u00f4i s\u1ebd th\u1ef1c hi\u1ec7n c\u00e1c b\u01b0\u1edbc ti\u1ebfp theo \u0111\u1ec3 ki\u1ec3m\u00a0tra ch\u1ea5t l\u01b0\u1ee3ng di\u0323ch vu\u0323 va\u0300 ti\u00ea\u0301n ha\u0300nh ba\u0309o ha\u0300nh ho\u0103\u0323c hoa\u0300n ti\u00ea\u0300n theo y\u00eau c\u00e2\u0300u cu\u0309a quy\u0301 kha\u0301ch.<\/p>\n<p>Ch\u00fang t\u00f4i s\u1ebd ho\u00e0n tr\u1ea3 ti\u1ec1n cho kh\u00e1ch h\u00e0ng theo h\u00ecnh th\u1ee9c kh\u00e1ch h\u00e0ng thanh to\u00e1n.<\/p>\n<ul>\n<li>N\u1ebfu kh\u00e1ch h\u00e0ng thanh to\u00e1n qua chuy\u1ec3n kho\u1ea3n, ch\u00fang t\u00f4i ho\u00e0n tr\u1ea3 ti\u1ec1n theo t\u00e0i kho\u1ea3n \u0111\u00e3 thanh to\u00e1n \u0111\u00fang b\u1eb1ng s\u1ed1 ti\u1ec1n m\u00e0 kh\u00e1ch h\u00e0ng mua di\u0323ch vu\u0323 \u0111o\u0301;<\/li>\n<li>N\u1ebfu kh\u00e1ch h\u00e0ng thanh to\u00e1n t\u1ea1i c\u00f4ng ty \u0111\u1ec1 ngh\u1ecb kh\u00e1ch h\u00e0ng \u0111\u1ebfn c\u00f4ng ty \u0111\u1ec3 nh\u1eadn l\u1ea1i ti\u1ec1n (Nh\u00e2n vi\u00ean h\u00f4\u0303 tr\u01a1\u0323 se\u0303 li\u00ean h\u00ea\u0323 v\u01a1\u0301i kha\u0301ch ha\u0300ng \u0111\u00ea\u0309 \u0111\u0103\u0323t li\u0323ch he\u0323n).<\/li>\n<\/ul>\n<p><strong>Ca\u0301c tr\u01b0\u01a1\u0300ng h\u01a1\u0323p ba\u0309o ha\u0300nh &#8211; \u0111\u00f4\u0309i tra\u0309<\/strong><\/p>\n<p>T\u00e2\u0301t ca\u0309 ca\u0301c di\u0323ch vu\u0323 \u0111\u01b0\u01a1\u0323c mua t\u01b0\u0300 hoangvietmaudep.com.vn\/thucpham se\u0303 \u0111\u01b0\u01a1\u0323c ba\u0309o ha\u0300nh, h\u00f4\u0303 tr\u01a1\u0323 tu\u0300y theo loa\u0323i hi\u0300nh di\u0323ch vu\u0323 s\u01b0\u0309 du\u0323ng ma\u0300 th\u01a1\u0300i gian ba\u0309o ha\u0300nh co\u0301 th\u01a1\u0300i ha\u0323n da\u0300i ng\u0103\u0301n kha\u0301c nhau.<\/p>\n<p>\u0110\u00f4\u0301i v\u01a1\u0301i sa\u0309n ph\u00e2\u0309m\/ di\u0323ch vu\u0323 c\u00e2\u0300n ba\u0309o ha\u0300nh\/ h\u00f4\u0303 tr\u01a1\u0323, kha\u0301ch ha\u0300ng se\u0303 tr\u01b0\u0323c ti\u00ea\u0301p li\u00ean h\u00ea\u0323 v\u01a1\u0301i chu\u0301ng t\u00f4i \u0111\u00ea\u0309 nh\u00e2\u0323n \u0111\u01b0\u01a1\u0323c h\u00f4\u0303 tr\u01a1\u0323 t\u00f4\u0301t nh\u00e2\u0301t.<\/p>\n<p>Chu\u0301ng t\u00f4i chi\u0309 kh\u00f4ng ch\u00e2\u0301p nh\u00e2\u0323n ba\u0309o ha\u0300nh, h\u00f4\u0303 tr\u01a1\u0323 trong ca\u0301c tr\u01b0\u01a1\u0300ng h\u01a1\u0323p nh\u01b0: Thi\u00ean tai, \u0111i\u0323ch ho\u0323a g\u00e2y ca\u0301ch tr\u01a1\u0309 ho\u0103\u0323c pha\u0301 hu\u0309y ho\u0103\u0323c t\u0103\u0301c nghe\u0303n ho\u0103\u0323c d\u01b0\u0300ng k\u00ea\u0301t n\u00f4\u0301i \u0111\u00ea\u0301n trung t\u00e2m d\u01b0\u0303 li\u00ea\u0323u cu\u0309a kha\u0301ch ha\u0300ng, s\u01b0\u0323 c\u00f4\u0301 m\u00e2\u0301t \u0111i\u00ea\u0323n tr\u00ean di\u00ea\u0323n r\u00f4\u0323ng, s\u01b0\u0323 c\u00f4\u0301 \u0111\u01b0\u0301t ca\u0301p vi\u00ea\u0303n th\u00f4ng g\u00e2y t\u0103\u0301c nghe\u0303n ho\u0103\u0323c ng\u01b0\u0300ng k\u00ea\u0301t n\u00f4\u0301i vi\u00ea\u0303n th\u00f4ng, Internet \u0111\u00ea\u0301n trung t\u00e2m d\u01b0\u0303 li\u00ea\u0323u cu\u0309a kha\u0301ch ha\u0300ng.<\/p>\n<p><strong>Bi\u00ea\u0323n pha\u0301p, C\u01a1 ch\u00ea\u0301 va\u0300 Quy tri\u0300nh Gia\u0309i quy\u00ea\u0301t tranh ch\u00e2\u0301p, khi\u00ea\u0301u na\u0323i<\/strong><\/p>\n<p>Th\u00e0nh vi\u00ean \u0111\u1ed3ng \u00fd v\u00e0 tu\u00e2n th\u1ee7 r\u1eb1ng, khi Th\u00e0nh vi\u00ean \u0111\u01b0\u1ee3c ongroup.vn cung c\u1ea5p t\u00e0i kho\u1ea3n \u0111\u1ec3 s\u1eed d\u1ee5ng m\u1ed9t ph\u1ea7n ho\u1eb7c to\u00e0n b\u1ed9 s\u1ea3n ph\u1ea9m hoangvietmaudep.com.vn\/thucpham , th\u00ec b\u1ea5t k\u1ef3 tranh ch\u1ea5p ph\u00e1t sinh trong qu\u00e1 tr\u00ecnh s\u1eed d\u1ee5ng c\u1ee7a Th\u00e0nh vi\u00ean s\u1ebd \u0111\u01b0\u1ee3c gi\u1ea3i quy\u1ebft theo ph\u00e1p lu\u1eadt hi\u1ec7n h\u00e0nh c\u1ee7a n\u01b0\u1edbc C\u1ed9ng H\u00f2a X\u00e3 H\u1ed9i Ch\u1ee7 Ngh\u0129a Vi\u1ec7t Nam.<\/p>\n<p>B\u1ea5t k\u1ef3 khi\u1ebfu n\u1ea1i n\u00e0o ph\u00e1t sinh trong qu\u00e1 tr\u00ecnh thanh to\u00e1n v\u00e0 s\u1eed d\u1ee5ng hoangvietmaudep.com.vn\/thucpham ph\u1ea3i \u0111\u01b0\u1ee3c g\u1eedi \u0111\u1ebfn b\u1ed9 ph\u1eadn h\u1ed7 tr\u1ee3 hoangvietmaudep.com.vn\/thucpham ngay sau khi x\u1ea3y ra s\u1ef1 ki\u1ec7n ph\u00e1t sinh khi\u1ebfu n\u1ea1i. hoangvietmaudep.com.vn\/thucpham s\u1ebd l\u00e0 n\u01a1i trung gian gi\u1ea3i quy\u1ebft tranh ch\u1ea5p gi\u1eefa Th\u00e0nh vi\u00ean v\u1edbi nhau. hoangvietmaudep.com.vn\/thucpham s\u1ebd c\u0103n c\u1ee9 t\u1eebng tr\u01b0\u1eddng h\u1ee3p c\u1ee5 th\u1ec3 \u0111\u1ec3 c\u00f3 ph\u01b0\u01a1ng \u00e1n gi\u1ea3i quy\u1ebft cho ph\u00f9 h\u1ee3p. Khi th\u1ef1c hi\u1ec7n quy\u1ec1n khi\u1ebfu n\u1ea1i, ng\u01b0\u1eddi khi\u1ebfu n\u1ea1i c\u00f3 ngh\u0129a v\u1ee5 cung c\u1ea5p c\u00e1c gi\u1ea5y t\u1edd, b\u1eb1ng ch\u1ee9ng, c\u0103n c\u1ee9 c\u00f3 li\u00ean quan \u0111\u1ebfn vi\u1ec7c khi\u1ebfu n\u1ea1i v\u00e0 ph\u1ea3i ch\u1ecbu tr\u00e1ch nhi\u1ec7m v\u1ec1 n\u1ed9i dung khi\u1ebfu n\u1ea1i, gi\u1ea5y t\u1edd, b\u1eb1ng ch\u1ee9ng, c\u0103n c\u1ee9 do m\u00ecnh cung c\u1ea5p theo quy \u0111\u1ecbnh Ph\u00e1p lu\u1eadt.<\/p>\n<p>Quy tr\u00ecnh gi\u1ea3i quy\u1ebft khi\u1ebfu n\u1ea1i \u0111\u01b0\u1ee3c \u0111\u0103ng t\u1ea3i tr\u00ean website s\u1ea3n ph\u1ea9m hoangvietmaudep.com.vn\/thucpham.ch\u1ec9 h\u1ed7 tr\u1ee3, gi\u1ea3i quy\u1ebft khi\u1ebfu n\u1ea1i, t\u1ed1 c\u00e1o c\u1ee7a b\u1ea1n trong tr\u01b0\u1eddng h\u1ee3p b\u1ea1n \u0111\u00e3 ghi \u0111\u1ea7y \u0111\u1ee7, trung th\u1ef1c v\u00e0 ch\u00ednh x\u00e1c th\u00f4ng tin khi \u0111\u0103ng k\u00ed t\u00e0i kho\u1ea3n.<\/p>\n<p>\u0110\u1ed1i v\u1edbi tranh ch\u1ea5p gi\u1eefa Th\u00e0nh vi\u00ean hoangvietmaudep.com.vn\/thucpham v\u1edbi nhau ho\u1eb7c gi\u1eefa Th\u00e0nh vi\u00ean v\u1edbi hoangvietmaudep.com.vn\/thucpham , chu\u0301ng t\u00f4i s\u1ebd c\u0103n c\u1ee9 log h\u1ec7 th\u1ed1ng \u0111\u1ec3 gi\u1ea3i quy\u1ebft. Theo \u0111\u00f3, hoangvietmaudep.com.vn\/thucpham s\u1ebd b\u1ea3o v\u1ec7 quy\u1ec1n l\u1ee3i t\u1ed1i \u0111a c\u00f3 th\u1ec3 cho Ng\u01b0\u1eddi S\u1eed D\u1ee5ng \u0111\u0103ng k\u00ed \u0111\u1ea7y \u0111\u1ee7 th\u00f4ng tin theo quy \u0111\u1ecbnh.<\/p>\n<p>Th\u00e0nh vi\u00ean \u0111\u1ed3ng \u00fd b\u1ea3o v\u1ec7, b\u1ed3i ho\u00e0n v\u00e0 lo\u1ea1i tr\u1eeb hoangvietmaudep.com.vn\/thucpham kh\u1ecfi nh\u1eefng ngh\u0129a v\u1ee5 ph\u00e1p l\u00fd, t\u1ed1 t\u1ee5ng, t\u1ed5n th\u1ea5t, chi ph\u00ed bao g\u1ed3m nh\u01b0ng kh\u00f4ng gi\u1edbi h\u1ea1n \u00e1n ph\u00ed, chi ph\u00ed lu\u1eadt s\u01b0, chuy\u00ean gia t\u01b0 v\u1ea5n c\u00f3 li\u00ean quan \u0111\u1ebfn vi\u1ec7c gi\u1ea3i quy\u1ebft ho\u1eb7c ph\u00e1t sinh t\u1eeb s\u1ef1 vi ph\u1ea1m c\u1ee7a Th\u00e0nh vi\u00ean trong qu\u00e1 tr\u00ecnh s\u1eed d\u1ee5ng di\u0323ch vu\u0323.<\/p>\n<p>\u0110\u1ecba ch\u1ec9 ti\u1ebfp nh\u1eadn h\u1ed7 tr\u1ee3:<\/p>\n<p><strong>C\u00d4NG TY C<\/strong><strong>\u1ed4<\/strong><strong> PH<\/strong><strong>\u1ea6<\/strong><strong>N S<\/strong><strong>\u1ea2<\/strong><strong>N XU<\/strong><strong>\u1ea4<\/strong><strong>T TH<\/strong><strong>\u1ef0<\/strong><strong>C PH<\/strong><strong>\u1ea8<\/strong><strong>M 5G<\/strong><\/p>\n<p>\u0110\u1ecba ch\u1ec9 : L\u00f4 \u0111\u1ea5t CN2 khu c\u00f4ng nghi\u1ec7p Ph\u00fa Ngh\u0129a, X\u00e3 Ph\u00fa ngh\u0129a, Huy\u1ec7n Ch\u01b0\u01a1ng M\u1ef9, Th\u00e0nh Ph\u1ed1 h\u00e0 N\u1ed9i<\/p>\n<p>Email: cskh@hoangvietmaudep.com.vn\/thucpham<\/p>\n<p>\u0110i\u00ea\u0323n thoa\u0323i: 0976 386 999<\/p>\n<p><strong>Quy tr\u00ecnh gi\u1ea3i quy\u1ebft tranh ch\u1ea5p v\u00e0 khi\u1ebfu n\u1ea1i<\/strong><\/p>\n<ul>\n<li>B\u01b0\u1edbc 1: Ti\u1ebfp nh\u1eadn: Nh\u1eadn y\u00eau c\u1ea7u gi\u1ea3i quy\u1ebft khi\u1ebfu n\u1ea1i c\u1ee7a th\u00e0nh vi\u00ean (g\u1ecdi l\u00e0 \u201cng\u01b0\u1eddi khi\u1ebfu n\u1ea1i\u201d), ki\u1ec3m tra th\u00f4ng tin khi\u1ebfu n\u1ea1i \u0111\u1ec3 th\u1ef1c hi\u1ec7n ti\u1ebfp nh\u1eadn hay t\u1eeb ch\u1ed1i.<\/li>\n<li>B\u01b0\u1edbc 2: X\u1eed l\u00fd khi\u1ebfu n\u1ea1i: Thu th\u1eadp th\u00f4ng tin, h\u00ecnh \u1ea3nh ch\u1ee9ng c\u1ee9 t\u1eeb c\u00e1c b\u00ean li\u1ec7n quan.<\/li>\n<li>B\u01b0\u1edbc 3: Ho\u00e0n t\u1ea5t khi\u1ebfu n\u1ea1i: X\u00e1c nh\u1eadn k\u1ebft qu\u1ea3, \u0111\u01b0a ra c\u00e1c h\u00ecnh th\u1ee9c x\u1eed l\u00fd \u0111\u1ed1i v\u1edbi t\u1eebng vi ph\u1ea1m v\u00e0 ti\u1ebfn h\u00e0nh \u0111\u00f3ng khi\u1ebfu n\u1ea1i.<\/li>\n<\/ul>\n","protected":false},"excerpt":{"rendered":"<p>Ch\u00ednh s\u00e1ch b\u1ea3o h\u00e0nh \/ \u0111\u1ed5i tr\u1ea3 h\u00e0ng Chi\u0301nh sa\u0301ch ba\u0309o ha\u0300nh Kha\u0301ch ha\u0300ng co\u0301 th\u00ea\u0309 tr\u01b0\u0323c ti\u00ea\u0301p li\u00ean h\u00ea\u0323 ba\u0309o ha\u0300nh va\u0300 khi\u00ea\u0301u na\u0323i v\u00ea\u0300 di\u0323ch vu\u0323 ta\u0323i ca\u0301c \u0111i\u0323a chi\u0309 sau cu\u0309a hoangvietmaudep.com.vn\/thucpham. C\u00d4NG TY C\u1ed4 PH\u1ea6N S\u1ea2N XU\u1ea4T TH\u1ef0C PH\u1ea8M 5G \u0110\u1ecba ch\u1ec9 : L\u00f4 \u0111\u1ea5t CN2 khu c\u00f4ng nghi\u1ec7p Ph\u00fa Ngh\u0129a, [&#8230;]\n","protected":false},"author":5,"featured_media":0,"parent":0,"menu_order":7,"comment_status":"closed","ping_status":"closed","template":"","meta":[],"yoast_head":"<!-- This site is optimized with the Yoast SEO plugin v14.7 - https:\/\/yoast.com\/wordpress\/plugins\/seo\/ -->\n<title>Ch\u00ednh s\u00e1ch b\u1ea3o h\u00e0nh - \u0111\u1ed5i tr\u1ea3 - Th\u1ef1c Ph\u1ea9m RT 1<\/title>\n<meta name=\"description\" content=\"ch\u00ednh s\u00e1ch \u0111\u1ed5i v\u00e0 tr\u1ea3 h\u00e0ng t\u1ea1i 5Gfoods.vn\" \/>\n<meta name=\"robots\" content=\"index, follow\" \/>\n<meta name=\"googlebot\" content=\"index, follow, max-snippet:-1, max-image-preview:large, max-video-preview:-1\" \/>\n<meta name=\"bingbot\" content=\"index, follow, max-snippet:-1, max-image-preview:large, max-video-preview:-1\" \/>\n<link rel=\"canonical\" href=\"http:\/\/maudep.com.vn\/thucpham\/?page_id=2357\" \/>\n<meta property=\"og:locale\" content=\"vi_VN\" \/>\n<meta property=\"og:type\" content=\"article\" \/>\n<meta property=\"og:title\" content=\"Ch\u00ednh s\u00e1ch b\u1ea3o h\u00e0nh - \u0111\u1ed5i tr\u1ea3 - Th\u1ef1c Ph\u1ea9m RT 1\" \/>\n<meta property=\"og:description\" content=\"ch\u00ednh s\u00e1ch \u0111\u1ed5i v\u00e0 tr\u1ea3 h\u00e0ng t\u1ea1i 5Gfoods.vn\" \/>\n<meta property=\"og:url\" content=\"http:\/\/maudep.com.vn\/thucpham\/?page_id=2357\" \/>\n<meta property=\"og:site_name\" content=\"Th\u1ef1c Ph\u1ea9m RT 1\" \/>\n<meta property=\"article:publisher\" content=\"https:\/\/www.facebook.com\/hoangvietmaudep.com.vn\/thucpham\" \/>\n<meta property=\"article:modified_time\" content=\"2021-04-26T13:59:19+00:00\" \/>\n<meta name=\"twitter:card\" content=\"summary_large_image\" \/>\n<script type=\"application\/ld+json\" class=\"yoast-schema-graph\">{\"@context\":\"https:\/\/schema.org\",\"@graph\":[{\"@type\":\"WebSite\",\"@id\":\"http:\/\/maudep.com.vn\/thucpham\/#website\",\"url\":\"http:\/\/maudep.com.vn\/thucpham\/\",\"name\":\"Th\\u1ef1c Ph\\u1ea9m RT 1\",\"description\":\"\",\"potentialAction\":[{\"@type\":\"SearchAction\",\"target\":\"http:\/\/maudep.com.vn\/thucpham\/?s={search_term_string}\",\"query-input\":\"required name=search_term_string\"}],\"inLanguage\":\"vi\"},{\"@type\":\"WebPage\",\"@id\":\"http:\/\/maudep.com.vn\/thucpham\/?page_id=2357#webpage\",\"url\":\"http:\/\/maudep.com.vn\/thucpham\/?page_id=2357\",\"name\":\"Ch\\u00ednh s\\u00e1ch b\\u1ea3o h\\u00e0nh - \\u0111\\u1ed5i tr\\u1ea3 - Th\\u1ef1c Ph\\u1ea9m RT 1\",\"isPartOf\":{\"@id\":\"http:\/\/maudep.com.vn\/thucpham\/#website\"},\"datePublished\":\"2020-12-21T20:23:29+00:00\",\"dateModified\":\"2021-04-26T13:59:19+00:00\",\"description\":\"ch\\u00ednh s\\u00e1ch \\u0111\\u1ed5i v\\u00e0 tr\\u1ea3 h\\u00e0ng t\\u1ea1i 5Gfoods.vn\",\"breadcrumb\":{\"@id\":\"http:\/\/maudep.com.vn\/thucpham\/?page_id=2357#breadcrumb\"},\"inLanguage\":\"vi\",\"potentialAction\":[{\"@type\":\"ReadAction\",\"target\":[\"http:\/\/maudep.com.vn\/thucpham\/?page_id=2357\"]}]},{\"@type\":\"BreadcrumbList\",\"@id\":\"http:\/\/maudep.com.vn\/thucpham\/?page_id=2357#breadcrumb\",\"itemListElement\":[{\"@type\":\"ListItem\",\"position\":1,\"item\":{\"@type\":\"WebPage\",\"@id\":\"http:\/\/maudep.com.vn\/thucpham\/\",\"url\":\"http:\/\/maudep.com.vn\/thucpham\/\",\"name\":\"Trang ch\\u1ee7\"}},{\"@type\":\"ListItem\",\"position\":2,\"item\":{\"@type\":\"WebPage\",\"@id\":\"http:\/\/maudep.com.vn\/thucpham\/?page_id=2357\",\"url\":\"http:\/\/maudep.com.vn\/thucpham\/?page_id=2357\",\"name\":\"Ch\\u00ednh s\\u00e1ch b\\u1ea3o h\\u00e0nh &#8211; \\u0111\\u1ed5i tr\\u1ea3\"}}]}]}<\/script>\n<!-- \/ Yoast SEO plugin. -->","_links":{"self":[{"href":"http:\/\/maudep.com.vn\/thucpham\/index.php?rest_route=\/wp\/v2\/pages\/2357"}],"collection":[{"href":"http:\/\/maudep.com.vn\/thucpham\/index.php?rest_route=\/wp\/v2\/pages"}],"about":[{"href":"http:\/\/maudep.com.vn\/thucpham\/index.php?rest_route=\/wp\/v2\/types\/page"}],"author":[{"embeddable":true,"href":"http:\/\/maudep.com.vn\/thucpham\/index.php?rest_route=\/wp\/v2\/users\/5"}],"replies":[{"embeddable":true,"href":"http:\/\/maudep.com.vn\/thucpham\/index.php?rest_route=%2Fwp%2Fv2%2Fcomments&post=2357"}],"version-history":[{"count":8,"href":"http:\/\/maudep.com.vn\/thucpham\/index.php?rest_route=\/wp\/v2\/pages\/2357\/revisions"}],"predecessor-version":[{"id":2913,"href":"http:\/\/maudep.com.vn\/thucpham\/index.php?rest_route=\/wp\/v2\/pages\/2357\/revisions\/2913"}],"wp:attachment":[{"href":"http:\/\/maudep.com.vn\/thucpham\/index.php?rest_route=%2Fwp%2Fv2%2Fmedia&parent=2357"}],"curies":[{"name":"wp","href":"https:\/\/api.w.org\/{rel}","templated":true}]}}