{"id":2365,"date":"2020-12-22T07:30:38","date_gmt":"2020-12-22T07:30:38","guid":{"rendered":"https:\/\/maudep.com.vn\/thucpham\/?page_id=2365"},"modified":"2021-04-26T20:53:27","modified_gmt":"2021-04-26T13:53:27","slug":"cach-mua-hang-tren-website-5gfoods-vn","status":"publish","type":"page","link":"http:\/\/maudep.com.vn\/thucpham\/?page_id=2365","title":{"rendered":"H\u01b0\u1edbng d\u1eabn mua h\u00e0ng"},"content":{"rendered":"<h2 style=\"text-align: justify;\">C\u00c1CH MUA H\u00c0NG TR\u00caN WEBSITE 5GFOODS.VN<\/h2>\n<p style=\"text-align: justify;\">Kh\u00f4ng c\u1ea7n tr\u1ef1c ti\u1ebfp \u0111\u1ebfn si\u00eau th\u1ecb mua h\u00e0ng, b\u1ea1n c\u00f3 th\u1ec3 l\u1ef1a ch\u1ecdn c\u00e1ch mua h\u00e0ng online b\u1eb1ng c\u00e1ch ch\u1ecdn m\u1ed9t trong nh\u1eefng c\u00e1ch mua h\u00e0ng sau:<\/p>\n<p style=\"text-align: justify;\"><strong>C\u00e1ch 1:<\/strong>\u00a0G\u1ecdi \u0111i\u1ec7n tho\u1ea1i \u0111\u1ebfn HOTLINE <strong>(0976 386 999)<\/strong>\u00a0\u00a0t\u1eeb 8H00 &#8211; 19H30 (c\u1ea3 CN &amp; ng\u00e0y l\u1ec5) \u0111\u1ec3 \u0111\u1eb7t h\u00e0ng, nh\u00e2n vi\u00ean ch\u00fang t\u00f4i lu\u00f4n s\u1eb5n ph\u1ee5c v\u1ee5, t\u01b0 v\u1ea5n v\u00e0 h\u1ed7 tr\u1ee3 qu\u00fd kh\u00e1ch mua \u0111\u01b0\u1ee3c s\u1ea3n ph\u1ea9m \u01b0ng \u00fd.<\/p>\n<p style=\"text-align: justify;\"><strong>C\u00e1ch 2:<\/strong>\u00a0\u0110\u1eb7t mua h\u00e0ng online tr\u00ean website 5GFOODS.VN<\/p>\n<p style=\"text-align: justify;\"><strong>B\u01b0\u1edbc 1: T\u00ecm s\u1ea3n ph\u1ea9m c\u1ea7n mua<\/strong><\/p>\n<p style=\"text-align: justify;\">B\u1ea1n c\u00f3 th\u1ec3 truy c\u1eadp website hoangvietmaudep.com.vn\/thucpham \u0111\u1ec3 t\u00ecm v\u00e0 ch\u1ecdn s\u1ea3n ph\u1ea9m mu\u1ed1n mua b\u1eb1ng nhi\u1ec1u c\u00e1ch:<\/p>\n<p style=\"text-align: justify;\">+ Trang web lu\u00f4n c\u00f3 s\u1eb5n nh\u1eefng g\u1ee3i \u00fd s\u1ea3n ph\u1ea9m hot nh\u1ea5t, c\u00f3 ch\u01b0\u01a1ng tr\u00ecnh khuy\u1ebfn m\u00e3i h\u1ea5p d\u1eabn, b\u1ea1n c\u0169ng c\u00f3 th\u1ec3 ch\u1ecdn xem ngay m\u00e0 kh\u00f4ng c\u1ea7n t\u00ecm ki\u1ebfm:<\/p>\n<p style=\"text-align: justify;\"><img loading=\"lazy\" class=\"size-medium wp-image-2366 aligncenter\" src=\"https:\/\/maudep.com.vn\/thucpham\/wp-content\/uploads\/2020\/12\/5g-sp-624x400.png\" alt=\"tim-kiem-thit-bo\" width=\"624\" height=\"400\" srcset=\"http:\/\/maudep.com.vn\/thucpham\/wp-content\/uploads\/2020\/12\/5g-sp-624x400.png 624w, http:\/\/maudep.com.vn\/thucpham\/wp-content\/uploads\/2020\/12\/5g-sp-1248x800.png 1248w, http:\/\/maudep.com.vn\/thucpham\/wp-content\/uploads\/2020\/12\/5g-sp-768x492.png 768w, http:\/\/maudep.com.vn\/thucpham\/wp-content\/uploads\/2020\/12\/5g-sp-600x385.png 600w, http:\/\/maudep.com.vn\/thucpham\/wp-content\/uploads\/2020\/12\/5g-sp.png 1268w\" sizes=\"(max-width: 624px) 100vw, 624px\" \/><\/p>\n<p style=\"text-align: justify;\">+ S\u1eed d\u1ee5ng menu s\u1ea3n ph\u1ea9m \u201c TH\u1ecaT B\u00d2 \u201cc\u1ee7a website: ch\u1ecdn lo\u1ea1i s\u1ea3n ph\u1ea9m TH\u1ecaT B\u00d2 b\u1ea1n mu\u1ed1n mua.<\/p>\n<p style=\"text-align: justify;\"><img loading=\"lazy\" class=\"size-medium wp-image-2367 aligncenter\" src=\"https:\/\/maudep.com.vn\/thucpham\/wp-content\/uploads\/2020\/12\/thit-bo-800x246.png\" alt=\"tim-kiem\" width=\"800\" height=\"246\" srcset=\"http:\/\/maudep.com.vn\/thucpham\/wp-content\/uploads\/2020\/12\/thit-bo-800x246.png 800w, http:\/\/maudep.com.vn\/thucpham\/wp-content\/uploads\/2020\/12\/thit-bo-1400x431.png 1400w, http:\/\/maudep.com.vn\/thucpham\/wp-content\/uploads\/2020\/12\/thit-bo-768x236.png 768w, http:\/\/maudep.com.vn\/thucpham\/wp-content\/uploads\/2020\/12\/thit-bo-1536x473.png 1536w, http:\/\/maudep.com.vn\/thucpham\/wp-content\/uploads\/2020\/12\/thit-bo-600x185.png 600w, http:\/\/maudep.com.vn\/thucpham\/wp-content\/uploads\/2020\/12\/thit-bo.png 1667w\" sizes=\"(max-width: 800px) 100vw, 800px\" \/><\/p>\n<p style=\"text-align: justify;\"><strong>B\u01b0\u1edbc 2: \u0110\u1eb7t mua s\u1ea3n ph\u1ea9m<\/strong><\/p>\n<p style=\"text-align: justify;\">Sau khi ch\u1ecdn \u0111\u01b0\u1ee3c s\u1ea3n ph\u1ea9m mu\u1ed1n mua, b\u1ea1n ti\u1ebfn h\u00e0nh \u0111\u1eb7t h\u00e0ng b\u1eb1ng c\u00e1ch:<\/p>\n<p style=\"text-align: justify;\">+ Ch\u1ecdn s\u1ed1 l\u01b0\u1ee3ng b\u1ea1n mu\u1ed1n mua r\u1ed3i sau \u0111\u00f3 ch\u1ecdn v\u00e0o n\u00fat \u201c Th\u00eam V\u00e0o Gi\u1ecf H\u00e0ng \u201d<\/p>\n<p style=\"text-align: justify;\"><img loading=\"lazy\" class=\"size-medium wp-image-2368 aligncenter\" src=\"https:\/\/maudep.com.vn\/thucpham\/wp-content\/uploads\/2020\/12\/them-gio-hang-800x363.png\" alt=\"them-vao-gio-hang\" width=\"800\" height=\"363\" srcset=\"http:\/\/maudep.com.vn\/thucpham\/wp-content\/uploads\/2020\/12\/them-gio-hang-800x363.png 800w, http:\/\/maudep.com.vn\/thucpham\/wp-content\/uploads\/2020\/12\/them-gio-hang-768x349.png 768w, http:\/\/maudep.com.vn\/thucpham\/wp-content\/uploads\/2020\/12\/them-gio-hang-600x273.png 600w, http:\/\/maudep.com.vn\/thucpham\/wp-content\/uploads\/2020\/12\/them-gio-hang.png 1006w\" sizes=\"(max-width: 800px) 100vw, 800px\" \/><\/p>\n<p style=\"text-align: justify;\">+ ch\u1ecdn v\u00e0o \u201c Ti\u1ebfp T\u1ee5c Xem S\u1ea3n Ph\u1ea9m \u201c \u0111\u1ec3 ch\u1ecdn th\u00eam c\u00e1c s\u1ea3n ph\u1ea9m kh\u00e1c b\u1ea1n mu\u1ed1n mua c\u00f9ng, n\u1ebfu nh\u01b0 \u0111\u00e3 ho\u00e0n t\u1ea5t ch\u1ecdn s\u1ea3n ph\u1ea9m ta ch\u1ecdn \u201c Ti\u1ebfn H\u00e0nh \u0110\u1eb7t H\u00e0ng \u201c<\/p>\n<p style=\"text-align: justify;\"><img loading=\"lazy\" class=\"size-medium wp-image-2369 aligncenter\" src=\"https:\/\/maudep.com.vn\/thucpham\/wp-content\/uploads\/2020\/12\/dat-hang-800x223.png\" alt=\"dat-hang\" width=\"800\" height=\"223\" srcset=\"http:\/\/maudep.com.vn\/thucpham\/wp-content\/uploads\/2020\/12\/dat-hang-800x223.png 800w, http:\/\/maudep.com.vn\/thucpham\/wp-content\/uploads\/2020\/12\/dat-hang-768x214.png 768w, http:\/\/maudep.com.vn\/thucpham\/wp-content\/uploads\/2020\/12\/dat-hang-600x167.png 600w, http:\/\/maudep.com.vn\/thucpham\/wp-content\/uploads\/2020\/12\/dat-hang.png 1201w\" sizes=\"(max-width: 800px) 100vw, 800px\" \/><\/p>\n<p style=\"text-align: justify;\">+ t\u1ea1i \u0111\u00e2y qu\u00fd kh\u00e1ch vui l\u00f2ng \u0111i\u1ec1n \u0111\u1ea7y \u0111\u1ee7 th\u00f4ng tin \u2013 ch\u00ednh x\u00e1c \u0111\u1ec3 nh\u00e2n vi\u00ean 5Gfoods li\u00ean h\u1ec7 v\u00e0 ti\u1ebfn h\u00e0nh tri\u1ec3n khai \u0111\u01a1n h\u00e0ng nhanh nh\u1ea5t \u0111\u1ec3 \u0111\u01b0a s\u1ea3n ph\u1ea9m t\u1edbi qu\u00fd kh\u00e1ch<\/p>\n<p style=\"text-align: justify;\"><img loading=\"lazy\" class=\"size-medium wp-image-2370 aligncenter\" src=\"https:\/\/maudep.com.vn\/thucpham\/wp-content\/uploads\/2020\/12\/dat-hang-ngay-606x400.png\" alt=\"mua-hang-5gfoods\" width=\"606\" height=\"400\" srcset=\"http:\/\/maudep.com.vn\/thucpham\/wp-content\/uploads\/2020\/12\/dat-hang-ngay-606x400.png 606w, http:\/\/maudep.com.vn\/thucpham\/wp-content\/uploads\/2020\/12\/dat-hang-ngay-768x507.png 768w, http:\/\/maudep.com.vn\/thucpham\/wp-content\/uploads\/2020\/12\/dat-hang-ngay-600x396.png 600w, http:\/\/maudep.com.vn\/thucpham\/wp-content\/uploads\/2020\/12\/dat-hang-ngay.png 1194w\" sizes=\"(max-width: 606px) 100vw, 606px\" \/><\/p>\n<p style=\"text-align: justify;\">+ Sau khi \u0111\u1eb7t h\u00e0ng th\u00e0nh c\u00f4ng, nh\u00e2n vi\u00ean 5Gfoods s\u1ebd li\u00ean h\u1ec7 qu\u00fd kh\u00e1ch \u0111\u1ec3 x\u00e1c nh\u1eadn v\u00e0 ho\u00e0n t\u1ea5t th\u1ee7 t\u1ee5c.<\/p>\n<p style=\"text-align: justify;\">Ngo\u00e0i c\u00e1c c\u00e1ch tr\u00ean, \u0111\u1ec3 mua h\u00e0ng t\u1ea1i 5Gfoods.vn qu\u00fd kh\u00e1ch c\u00f2n c\u00f3 th\u1ec3 \u0111\u1ec3 l\u1ea1i b\u00ecnh lu\u1eadn t\u1ea1i b\u1ea5t k\u00ec \u0111\u00e2u tr\u00ean website (c\u00f3 th\u00f4ng tin t\u00ean, s\u1ed1 \u0111i\u1ec7n tho\u1ea1i&#8230;), ho\u1eb7c tr\u1ef1c ti\u1ebfp chat v\u1edbi nh\u00e2n vi\u00ean t\u1ea1i Fanpage <strong><a href=\"https:\/\/www.facebook.com\/hoangvietmaudep.com.vn\/thucpham\">5Gfoods.vn<\/a><\/strong><\/p>\n<p style=\"text-align: justify;\"><strong>+L\u01b0u \u00fd:<\/strong><\/p>\n<ol style=\"text-align: justify;\">\n<li>Ch\u00fang t\u00f4i ch\u1ec9 ch\u1ea5p nh\u1eadn nh\u1eefng \u0111\u01a1n \u0111\u1eb7t h\u00e0ng khi cung c\u1ea5p \u0111\u1ee7 th\u00f4ng tin ch\u00ednh x\u00e1c v\u1ec1 \u0111\u1ecba ch\u1ec9, s\u1ed1 \u0111i\u1ec7n tho\u1ea1i. Sau khi b\u1ea1n \u0111\u1eb7t h\u00e0ng, ch\u00fang t\u00f4i s\u1ebd li\u00ean l\u1ea1c l\u1ea1i \u0111\u1ec3 ki\u1ec3m tra th\u00f4ng tin v\u00e0 th\u1ecfa thu\u1eadn th\u00eam nh\u1eefng \u0111i\u1ec1u c\u00f3 li\u00ean quan.2. M\u1ed9t s\u1ed1 tr\u01b0\u1eddng h\u1ee3p nh\u1ea1y c\u1ea3m: th\u1eddi gian giao h\u00e0ng v\u00e0o bu\u1ed5i t\u1ed1i \u0111\u1ecba ch\u1ec9 giao h\u00e0ng trong ng\u00f5 ho\u1eb7c c\u00f3 th\u1ec3 d\u1eabn \u0111\u1ebfn nguy hi\u1ec3m. Ch\u00fang t\u00f4i s\u1ebd ch\u1ee7 \u0111\u1ed9ng li\u00ean l\u1ea1c v\u1edbi qu\u00fd kh\u00e1ch \u0111\u1ec3 th\u1ed1ng nh\u1ea5t l\u1ea1i th\u1eddi gian giao h\u00e0ng c\u1ee5 th\u1ec3.<\/li>\n<\/ol>\n<blockquote>\n<p style=\"text-align: justify;\"><strong>M\u1ecdi Chi Ti\u1ebft Th\u1eafc M\u1eafc Vui L\u00f2ng Li\u00ean H\u1ec7:<\/strong><\/p>\n<p style=\"text-align: justify;\"><em><strong>https:\/\/www.facebook.com\/hoangvietmaudep.com.vn\/thucpham<\/strong><\/em><\/p>\n<p style=\"text-align: justify;\"><em><strong>Hotline: 0976 386 999<\/strong><\/em><\/p>\n<\/blockquote>\n","protected":false},"excerpt":{"rendered":"<p>C\u00c1CH MUA H\u00c0NG TR\u00caN WEBSITE 5GFOODS.VN Kh\u00f4ng c\u1ea7n tr\u1ef1c ti\u1ebfp \u0111\u1ebfn si\u00eau th\u1ecb mua h\u00e0ng, b\u1ea1n c\u00f3 th\u1ec3 l\u1ef1a ch\u1ecdn c\u00e1ch mua h\u00e0ng online b\u1eb1ng c\u00e1ch ch\u1ecdn m\u1ed9t trong nh\u1eefng c\u00e1ch mua h\u00e0ng sau: C\u00e1ch 1:\u00a0G\u1ecdi \u0111i\u1ec7n tho\u1ea1i \u0111\u1ebfn HOTLINE (0976 386 999)\u00a0\u00a0t\u1eeb 8H00 &#8211; 19H30 (c\u1ea3 CN &amp; ng\u00e0y l\u1ec5) \u0111\u1ec3 \u0111\u1eb7t h\u00e0ng, nh\u00e2n [&#8230;]\n","protected":false},"author":5,"featured_media":0,"parent":0,"menu_order":6,"comment_status":"closed","ping_status":"closed","template":"","meta":[],"yoast_head":"<!-- This site is optimized with the Yoast SEO plugin v14.7 - https:\/\/yoast.com\/wordpress\/plugins\/seo\/ -->\n<title>H\u01b0\u1edbng d\u1eabn mua h\u00e0ng - Th\u1ef1c Ph\u1ea9m RT 1<\/title>\n<meta name=\"description\" content=\"H\u01b0\u1edbng d\u1eabn mua h\u00e0ng online - th\u1ef1c ph\u1ea9m s\u1ea1ch - th\u1ecbt b\u00f2 t\u1ea1i 5Gfoods.vn\" \/>\n<meta name=\"robots\" content=\"index, follow\" \/>\n<meta name=\"googlebot\" content=\"index, follow, max-snippet:-1, max-image-preview:large, max-video-preview:-1\" \/>\n<meta name=\"bingbot\" content=\"index, follow, max-snippet:-1, max-image-preview:large, max-video-preview:-1\" \/>\n<link rel=\"canonical\" href=\"http:\/\/maudep.com.vn\/thucpham\/?page_id=2365\" \/>\n<meta property=\"og:locale\" content=\"vi_VN\" \/>\n<meta property=\"og:type\" content=\"article\" \/>\n<meta property=\"og:title\" content=\"H\u01b0\u1edbng d\u1eabn mua h\u00e0ng - Th\u1ef1c Ph\u1ea9m RT 1\" \/>\n<meta property=\"og:description\" content=\"H\u01b0\u1edbng d\u1eabn mua h\u00e0ng online - th\u1ef1c ph\u1ea9m s\u1ea1ch - th\u1ecbt b\u00f2 t\u1ea1i 5Gfoods.vn\" \/>\n<meta property=\"og:url\" content=\"http:\/\/maudep.com.vn\/thucpham\/?page_id=2365\" \/>\n<meta property=\"og:site_name\" content=\"Th\u1ef1c Ph\u1ea9m RT 1\" \/>\n<meta property=\"article:publisher\" content=\"https:\/\/www.facebook.com\/hoangvietmaudep.com.vn\/thucpham\" \/>\n<meta property=\"article:modified_time\" content=\"2021-04-26T13:53:27+00:00\" \/>\n<meta property=\"og:image\" content=\"https:\/\/maudep.com.vn\/thucpham\/wp-content\/uploads\/2020\/12\/5g-sp-624x400.png\" \/>\n<meta name=\"twitter:card\" content=\"summary_large_image\" \/>\n<script type=\"application\/ld+json\" class=\"yoast-schema-graph\">{\"@context\":\"https:\/\/schema.org\",\"@graph\":[{\"@type\":\"WebSite\",\"@id\":\"http:\/\/maudep.com.vn\/thucpham\/#website\",\"url\":\"http:\/\/maudep.com.vn\/thucpham\/\",\"name\":\"Th\\u1ef1c Ph\\u1ea9m RT 1\",\"description\":\"\",\"potentialAction\":[{\"@type\":\"SearchAction\",\"target\":\"http:\/\/maudep.com.vn\/thucpham\/?s={search_term_string}\",\"query-input\":\"required name=search_term_string\"}],\"inLanguage\":\"vi\"},{\"@type\":\"ImageObject\",\"@id\":\"http:\/\/maudep.com.vn\/thucpham\/?page_id=2365#primaryimage\",\"inLanguage\":\"vi\",\"url\":\"https:\/\/maudep.com.vn\/thucpham\/wp-content\/uploads\/2020\/12\/5g-sp-624x400.png\"},{\"@type\":\"WebPage\",\"@id\":\"http:\/\/maudep.com.vn\/thucpham\/?page_id=2365#webpage\",\"url\":\"http:\/\/maudep.com.vn\/thucpham\/?page_id=2365\",\"name\":\"H\\u01b0\\u1edbng d\\u1eabn mua h\\u00e0ng - Th\\u1ef1c Ph\\u1ea9m RT 1\",\"isPartOf\":{\"@id\":\"http:\/\/maudep.com.vn\/thucpham\/#website\"},\"primaryImageOfPage\":{\"@id\":\"http:\/\/maudep.com.vn\/thucpham\/?page_id=2365#primaryimage\"},\"datePublished\":\"2020-12-22T07:30:38+00:00\",\"dateModified\":\"2021-04-26T13:53:27+00:00\",\"description\":\"H\\u01b0\\u1edbng d\\u1eabn mua h\\u00e0ng online - th\\u1ef1c ph\\u1ea9m s\\u1ea1ch - th\\u1ecbt b\\u00f2 t\\u1ea1i 5Gfoods.vn\",\"breadcrumb\":{\"@id\":\"http:\/\/maudep.com.vn\/thucpham\/?page_id=2365#breadcrumb\"},\"inLanguage\":\"vi\",\"potentialAction\":[{\"@type\":\"ReadAction\",\"target\":[\"http:\/\/maudep.com.vn\/thucpham\/?page_id=2365\"]}]},{\"@type\":\"BreadcrumbList\",\"@id\":\"http:\/\/maudep.com.vn\/thucpham\/?page_id=2365#breadcrumb\",\"itemListElement\":[{\"@type\":\"ListItem\",\"position\":1,\"item\":{\"@type\":\"WebPage\",\"@id\":\"http:\/\/maudep.com.vn\/thucpham\/\",\"url\":\"http:\/\/maudep.com.vn\/thucpham\/\",\"name\":\"Trang ch\\u1ee7\"}},{\"@type\":\"ListItem\",\"position\":2,\"item\":{\"@type\":\"WebPage\",\"@id\":\"http:\/\/maudep.com.vn\/thucpham\/?page_id=2365\",\"url\":\"http:\/\/maudep.com.vn\/thucpham\/?page_id=2365\",\"name\":\"H\\u01b0\\u1edbng d\\u1eabn mua h\\u00e0ng\"}}]}]}<\/script>\n<!-- \/ Yoast SEO plugin. -->","_links":{"self":[{"href":"http:\/\/maudep.com.vn\/thucpham\/index.php?rest_route=\/wp\/v2\/pages\/2365"}],"collection":[{"href":"http:\/\/maudep.com.vn\/thucpham\/index.php?rest_route=\/wp\/v2\/pages"}],"about":[{"href":"http:\/\/maudep.com.vn\/thucpham\/index.php?rest_route=\/wp\/v2\/types\/page"}],"author":[{"embeddable":true,"href":"http:\/\/maudep.com.vn\/thucpham\/index.php?rest_route=\/wp\/v2\/users\/5"}],"replies":[{"embeddable":true,"href":"http:\/\/maudep.com.vn\/thucpham\/index.php?rest_route=%2Fwp%2Fv2%2Fcomments&post=2365"}],"version-history":[{"count":8,"href":"http:\/\/maudep.com.vn\/thucpham\/index.php?rest_route=\/wp\/v2\/pages\/2365\/revisions"}],"predecessor-version":[{"id":2910,"href":"http:\/\/maudep.com.vn\/thucpham\/index.php?rest_route=\/wp\/v2\/pages\/2365\/revisions\/2910"}],"wp:attachment":[{"href":"http:\/\/maudep.com.vn\/thucpham\/index.php?rest_route=%2Fwp%2Fv2%2Fmedia&parent=2365"}],"curies":[{"name":"wp","href":"https:\/\/api.w.org\/{rel}","templated":true}]}}