{"id":2377,"date":"2020-12-22T07:43:22","date_gmt":"2020-12-22T07:43:22","guid":{"rendered":"https:\/\/maudep.com.vn\/thucpham\/?page_id=2377"},"modified":"2021-04-26T20:38:52","modified_gmt":"2021-04-26T13:38:52","slug":"chinh-sach-van-chuyen-5gfoods-vn","status":"publish","type":"page","link":"http:\/\/maudep.com.vn\/thucpham\/?page_id=2377","title":{"rendered":"Ch\u00ednh s\u00e1ch giao h\u00e0ng"},"content":{"rendered":"<p>hoangvietmaudep.com.vn\/thucpham lu\u00f4n h\u01b0\u1edbng \u0111\u1ebfn vi\u1ec7c cung c\u1ea5p d\u1ecbch v\u1ee5 v\u1eadn chuy\u1ec3n t\u1ed1t nh\u1ea5t v\u1edbi m\u1ee9c ph\u00ed c\u1ea1nh tranh cho t\u1ea5t c\u1ea3 c\u00e1c \u0111\u01a1n h\u00e0ng m\u00e0 qu\u00fd kh\u00e1ch \u0111\u1eb7t v\u1edbi ch\u00fang t\u00f4i. Ch\u00fang t\u00f4i h\u1ed7 tr\u1ee3 giao h\u00e0ng tr\u00ean to\u00e0n qu\u1ed1c v\u1edbi ch\u00ednh s\u00e1ch giao h\u00e0ng c\u1ee5 th\u1ec3 nh\u01b0 sau:<\/p>\n<p><strong>1. Ph\u00ed giao h\u00e0ng t\u1ea1i c\u1eeda h\u00e0ng (\u0110\u1ea1i l\u00fd):<\/strong><\/p>\n<p>hoangvietmaudep.com.vn\/thucpham \u00e1p d\u1ee5ng m\u1ee9c ph\u00ed giao h\u00e0ng theo chi ph\u00ed \u0111\u00e3 \u0111\u01b0\u1ee3c k\u00fd v\u1edbi b\u00ean \u0111\u1ed1i t\u00e1c ch\u1ecbu tr\u00e1ch nhi\u1ec7m v\u1eadn chuy\u1ec3n, giao nh\u1eadn cho t\u1ea5t c\u1ea3 c\u00e1c \u0111\u01a1n h\u00e0ng \u0111\u01b0\u1ee3c \u0111\u1eb7t th\u00e0nh c\u00f4ng.<\/p>\n<p>\u0110\u1ed1i v\u1edbi kh\u00e1ch h\u00e0ng \u1edf c\u00e1c T\u1ec9nh, Th\u00e0nh ph\u1ed1 c\u00f3 c\u1eeda h\u00e0ng c\u1ee7a c\u00f4ng ty, ch\u00fang t\u00f4i s\u1ebd ti\u1ebfn h\u00e0nh g\u1eedi giao h\u00e0ng t\u1eadn n\u01a1i cho Kh\u00e1ch h\u00e0ng.<\/p>\n<p><strong>2. Th\u1eddi gian giao h\u00e0ng:<\/strong><\/p>\n<p>hoangvietmaudep.com.vn\/thucpham s\u1ebd y\u00eau c\u1ea7u b\u00ean v\u1eadn chuy\u1ec3n h\u00e0ng giao h\u00e0ng cho kh\u00e1ch h\u00e0ng trong th\u1eddi gian th\u1ecfa thu\u1eadn khi qu\u00fd kh\u00e1ch th\u1ef1c hi\u1ec7n \u0111\u1ea7y \u0111\u1ee7 c\u00e1c th\u1ee7 t\u1ee5c \u0111\u1eb7t h\u00e0ng. Th\u1eddi gian v\u1eadn chuy\u1ec3n h\u00e0ng th\u01b0\u1eddng m\u1ea5t \u00edt nh\u1ea5t 3 &#8211; 5 ng\u00e0y l\u00e0m vi\u1ec7c (kh\u00f4ng t\u00ednh th\u1ee9 b\u1ea3y, ch\u1ee7 nh\u1eadt hay c\u00e1c ng\u00e0y l\u1ec5 t\u1ebft).<\/p>\n<p>Trong tr\u01b0\u1eddng h\u1ee3p qu\u00fd kh\u00e1ch ch\u1ecdn h\u00ecnh th\u1ee9c thanh toa\u0300n b\u0103\u0300ng th\u1ebb t\u00edn d\u1ee5ng, th\u1eddi gian x\u1eed l\u00fd \u0111\u01a1n h\u00e0ng s\u1ebd \u0111\u01b0\u1ee3c t\u00ednh t\u1eeb khi hoangvietmaudep.com.vn\/thucpham nh\u1eadn \u0111\u01b0\u1ee3c thanh to\u00e1n ho\u00e0n t\u1ea5t c\u1ee7a qu\u00fd kh\u00e1ch. Xin l\u01b0u \u00fd r\u1eb1ng hoangvietmaudep.com.vn\/thucpham b\u1ea3o l\u01b0u quy\u1ec1n thay \u0111\u1ed5i th\u1eddi gian giao h\u00e0ng m\u00e0 kh\u00f4ng c\u1ea7n b\u00e1o tr\u01b0\u1edbc trong tr\u01b0\u1eddng h\u1ee3p ch\u1ecbu \u1ea3nh h\u01b0\u1edfng c\u1ee7a thi\u00ean tai ho\u1eb7c c\u00e1c s\u1ef1 ki\u1ec7n \u0111\u1eb7c bi\u1ec7t kh\u00e1c.<\/p>\n<p>\u0110\u01a1n h\u00e0ng c\u1ee7a qu\u00fd kh\u00e1ch s\u1ebd \u0111\u01b0\u1ee3c giao t\u1ed1i \u0111a trong 2 l\u1ea7n (tr\u01b0\u1eddng h\u1ee3p l\u1ea7n \u0111\u1ea7u giao h\u00e0ng kh\u00f4ng th\u00e0nh c\u00f4ng, s\u1ebd c\u00f3 nh\u00e2n vi\u00ean li\u00ean h\u1ec7 \u0111\u1ec3 s\u1eafp x\u1ebfp l\u1ecbch giao h\u00e0ng l\u1ea7n 2 v\u1edbi qu\u00fd kh\u00e1ch. Ch\u00fang t\u00f4i s\u1ebd c\u1ed1 g\u1eafng li\u00ean h\u1ec7 l\u1ea1i trong 2 ng\u00e0y l\u00e0m vi\u1ec7c ti\u1ebfp theo (qua tin nh\u1eafn ho\u1eb7c g\u1ecdi tr\u1ef1c ti\u1ebfp), trong tr\u01b0\u1eddng h\u1ee3p v\u1eabn kh\u00f4ng th\u1ec3 li\u00ean l\u1ea1c l\u1ea1i \u0111\u01b0\u1ee3c ho\u1eb7c kh\u00f4ng nh\u1eadn \u0111\u01b0\u1ee3c b\u1ea5t k\u00ec ph\u1ea3n h\u1ed3i n\u00e0o t\u1eeb ph\u00eda qu\u00fd kh\u00e1ch, \u0111\u01a1n h\u00e0ng s\u1ebd kh\u00f4ng c\u00f2n hi\u1ec7u l\u1ef1c.<\/p>\n<p>\u0110\u1ec3 ki\u1ec3m tra th\u00f4ng tin ho\u1eb7c t\u00ecnh tr\u1ea1ng \u0111\u01a1n h\u00e0ng c\u1ee7a qu\u00fd kh\u00e1ch, xin vui lo\u0300ng li\u00ean h\u1ec7 v\u1edbi b\u1ed9 ph\u1eadn Ch\u0103m s\u00f3c kh\u00e1ch h\u00e0ng.<\/p>\n<p>Khi h\u00e0ng \u0111\u01b0\u1ee3c chuy\u1ec3n giao \u0111\u1ebfn qu\u00fd kh\u00e1ch, xin vui l\u00f2ng ho\u00e0n t\u1ea5t vi\u1ec7c thanh to\u00e1n v\u00e0 k\u00fd x\u00e1c nh\u1eadn v\u1edbi nh\u00e2n vi\u00ean giao h\u00e0ng tr\u01b0\u1edbc, sau \u0111\u00f3 qu\u00fd kh\u00e1ch vui l\u00f2ng ki\u1ec3m tra n\u1ebfu s\u1ea3n ph\u1ea9m c\u00f3 b\u1ea5t k\u1ef3 l\u1ed7i hay khi\u1ebfm khuy\u1ebft n\u00e0o. Xin qu\u00fd kh\u00e1ch vui l\u00f2ng gi\u1eef l\u1ea1i bi\u00ean l\u1ea1i v\u1eadn chuy\u1ec3n \u0111\u1ec3 ki\u1ec3m tra.<\/p>\n","protected":false},"excerpt":{"rendered":"<p>hoangvietmaudep.com.vn\/thucpham lu\u00f4n h\u01b0\u1edbng \u0111\u1ebfn vi\u1ec7c cung c\u1ea5p d\u1ecbch v\u1ee5 v\u1eadn chuy\u1ec3n t\u1ed1t nh\u1ea5t v\u1edbi m\u1ee9c ph\u00ed c\u1ea1nh tranh cho t\u1ea5t c\u1ea3 c\u00e1c \u0111\u01a1n h\u00e0ng m\u00e0 qu\u00fd kh\u00e1ch \u0111\u1eb7t v\u1edbi ch\u00fang t\u00f4i. Ch\u00fang t\u00f4i h\u1ed7 tr\u1ee3 giao h\u00e0ng tr\u00ean to\u00e0n qu\u1ed1c v\u1edbi ch\u00ednh s\u00e1ch giao h\u00e0ng c\u1ee5 th\u1ec3 nh\u01b0 sau: 1. Ph\u00ed giao h\u00e0ng t\u1ea1i c\u1eeda [&#8230;]\n","protected":false},"author":5,"featured_media":0,"parent":0,"menu_order":5,"comment_status":"closed","ping_status":"closed","template":"","meta":[],"yoast_head":"<!-- This site is optimized with the Yoast SEO plugin v14.7 - https:\/\/yoast.com\/wordpress\/plugins\/seo\/ -->\n<title>Ch\u00ednh s\u00e1ch giao h\u00e0ng - Th\u1ef1c Ph\u1ea9m RT 1<\/title>\n<meta name=\"description\" content=\"Ch\u00ednh s\u00e1ch giao h\u00e0ng c\u1ee7a c\u1eeda h\u00e0ng th\u1ef1c ph\u1ea9m s\u1ea1ch - th\u1ecbt b\u00f2 t\u01b0\u01a1i 5Gfoods\" \/>\n<meta name=\"robots\" content=\"index, follow\" \/>\n<meta name=\"googlebot\" content=\"index, follow, max-snippet:-1, max-image-preview:large, max-video-preview:-1\" \/>\n<meta name=\"bingbot\" content=\"index, follow, max-snippet:-1, max-image-preview:large, max-video-preview:-1\" \/>\n<link rel=\"canonical\" href=\"http:\/\/maudep.com.vn\/thucpham\/?page_id=2377\" \/>\n<meta property=\"og:locale\" content=\"vi_VN\" \/>\n<meta property=\"og:type\" content=\"article\" \/>\n<meta property=\"og:title\" content=\"Ch\u00ednh s\u00e1ch giao h\u00e0ng - Th\u1ef1c Ph\u1ea9m RT 1\" \/>\n<meta property=\"og:description\" content=\"Ch\u00ednh s\u00e1ch giao h\u00e0ng c\u1ee7a c\u1eeda h\u00e0ng th\u1ef1c ph\u1ea9m s\u1ea1ch - th\u1ecbt b\u00f2 t\u01b0\u01a1i 5Gfoods\" \/>\n<meta property=\"og:url\" content=\"http:\/\/maudep.com.vn\/thucpham\/?page_id=2377\" \/>\n<meta property=\"og:site_name\" content=\"Th\u1ef1c Ph\u1ea9m RT 1\" \/>\n<meta property=\"article:publisher\" content=\"https:\/\/www.facebook.com\/hoangvietmaudep.com.vn\/thucpham\" \/>\n<meta property=\"article:modified_time\" content=\"2021-04-26T13:38:52+00:00\" \/>\n<meta name=\"twitter:card\" content=\"summary_large_image\" \/>\n<script type=\"application\/ld+json\" class=\"yoast-schema-graph\">{\"@context\":\"https:\/\/schema.org\",\"@graph\":[{\"@type\":\"WebSite\",\"@id\":\"http:\/\/maudep.com.vn\/thucpham\/#website\",\"url\":\"http:\/\/maudep.com.vn\/thucpham\/\",\"name\":\"Th\\u1ef1c Ph\\u1ea9m RT 1\",\"description\":\"\",\"potentialAction\":[{\"@type\":\"SearchAction\",\"target\":\"http:\/\/maudep.com.vn\/thucpham\/?s={search_term_string}\",\"query-input\":\"required name=search_term_string\"}],\"inLanguage\":\"vi\"},{\"@type\":\"WebPage\",\"@id\":\"http:\/\/maudep.com.vn\/thucpham\/?page_id=2377#webpage\",\"url\":\"http:\/\/maudep.com.vn\/thucpham\/?page_id=2377\",\"name\":\"Ch\\u00ednh s\\u00e1ch giao h\\u00e0ng - Th\\u1ef1c Ph\\u1ea9m RT 1\",\"isPartOf\":{\"@id\":\"http:\/\/maudep.com.vn\/thucpham\/#website\"},\"datePublished\":\"2020-12-22T07:43:22+00:00\",\"dateModified\":\"2021-04-26T13:38:52+00:00\",\"description\":\"Ch\\u00ednh s\\u00e1ch giao h\\u00e0ng c\\u1ee7a c\\u1eeda h\\u00e0ng th\\u1ef1c ph\\u1ea9m s\\u1ea1ch - th\\u1ecbt b\\u00f2 t\\u01b0\\u01a1i 5Gfoods\",\"breadcrumb\":{\"@id\":\"http:\/\/maudep.com.vn\/thucpham\/?page_id=2377#breadcrumb\"},\"inLanguage\":\"vi\",\"potentialAction\":[{\"@type\":\"ReadAction\",\"target\":[\"http:\/\/maudep.com.vn\/thucpham\/?page_id=2377\"]}]},{\"@type\":\"BreadcrumbList\",\"@id\":\"http:\/\/maudep.com.vn\/thucpham\/?page_id=2377#breadcrumb\",\"itemListElement\":[{\"@type\":\"ListItem\",\"position\":1,\"item\":{\"@type\":\"WebPage\",\"@id\":\"http:\/\/maudep.com.vn\/thucpham\/\",\"url\":\"http:\/\/maudep.com.vn\/thucpham\/\",\"name\":\"Trang ch\\u1ee7\"}},{\"@type\":\"ListItem\",\"position\":2,\"item\":{\"@type\":\"WebPage\",\"@id\":\"http:\/\/maudep.com.vn\/thucpham\/?page_id=2377\",\"url\":\"http:\/\/maudep.com.vn\/thucpham\/?page_id=2377\",\"name\":\"Ch\\u00ednh s\\u00e1ch giao h\\u00e0ng\"}}]}]}<\/script>\n<!-- \/ Yoast SEO plugin. -->","_links":{"self":[{"href":"http:\/\/maudep.com.vn\/thucpham\/index.php?rest_route=\/wp\/v2\/pages\/2377"}],"collection":[{"href":"http:\/\/maudep.com.vn\/thucpham\/index.php?rest_route=\/wp\/v2\/pages"}],"about":[{"href":"http:\/\/maudep.com.vn\/thucpham\/index.php?rest_route=\/wp\/v2\/types\/page"}],"author":[{"embeddable":true,"href":"http:\/\/maudep.com.vn\/thucpham\/index.php?rest_route=\/wp\/v2\/users\/5"}],"replies":[{"embeddable":true,"href":"http:\/\/maudep.com.vn\/thucpham\/index.php?rest_route=%2Fwp%2Fv2%2Fcomments&post=2377"}],"version-history":[{"count":6,"href":"http:\/\/maudep.com.vn\/thucpham\/index.php?rest_route=\/wp\/v2\/pages\/2377\/revisions"}],"predecessor-version":[{"id":2898,"href":"http:\/\/maudep.com.vn\/thucpham\/index.php?rest_route=\/wp\/v2\/pages\/2377\/revisions\/2898"}],"wp:attachment":[{"href":"http:\/\/maudep.com.vn\/thucpham\/index.php?rest_route=%2Fwp%2Fv2%2Fmedia&parent=2377"}],"curies":[{"name":"wp","href":"https:\/\/api.w.org\/{rel}","templated":true}]}}