{"id":508,"date":"2019-03-06T08:02:34","date_gmt":"2019-03-06T08:02:34","guid":{"rendered":"http:\/\/hoangvietmaudep.com.vn\/thucpham\/?page_id=508"},"modified":"2020-12-23T01:51:32","modified_gmt":"2020-12-23T01:51:32","slug":"gioi-thieu","status":"publish","type":"page","link":"http:\/\/maudep.com.vn\/thucpham\/?page_id=508","title":{"rendered":"Gi\u1edbi thi\u1ec7u"},"content":{"rendered":"<h2><span style=\"font-size: 20.16px;\">GI\u1edaI THI\u1ec6U 5G Foods<\/span><\/h2>\n<div class=\"wpb_text_column wpb_content_element text-larger\">\n<div class=\"wpb_wrapper\">\n<section class=\"row \">\n<div class=\"spb_content_element col-sm-12 spb_text_column\">\n<div class=\"spb-asset-content\">\n<p style=\"text-align: justify;\">Th\u1ecbt b\u00f2 th\u01b0\u01a1ng hi\u1ec7u 5G Foods l\u00e0 s\u1ea3n ph\u1ea9m c\u1ee7a C\u00f4ng ty c\u1ed5 ph\u1ea7n s\u1ea3n xu\u1ea5t th\u1ef1c ph\u1ea9m 5G. Ch\u00fang t\u00f4i \u0111\u00e3 ho\u1ea1t \u0111\u1ed9ng trong ng\u00e0nh c\u00f4ng nghi\u1ec7p ch\u0103n nu\u00f4i nhi\u1ec1u n\u0103m. Ch\u00fang t\u00f4i tin r\u1eb1ng ch\u1ea5t l\u01b0\u1ee3ng th\u1ecbt tuy\u1ec7t v\u1eddi l\u00e0 k\u1ebft qu\u1ea3 c\u1ee7a ch\u1ebf \u0111\u1ed9 dinh d\u01b0\u1ee1ng th\u00edch h\u1ee3p c\u1ee7a b\u00f2 th\u1ecbt c\u00f9ng ph\u01b0\u01a1ng th\u1ee9c x\u1eed l\u00fd mi\u1ebfng th\u1ecbt sau khi gi\u1ebft m\u1ed5, t\u1eeb ch\u0103n nu\u00f4i s\u1ea3n xu\u1ea5t b\u1ec1n v\u1eefng, sau \u0111\u00f3 x\u1eed l\u00fd t\u1eebng quy tr\u00ecnh m\u1ed9t c\u00e1ch nghi\u00eam t\u00fac \u0111\u1ec3 \u0111\u1ea3m b\u1ea3o ng\u01b0\u1eddi ti\u00eau d\u00f9ng c\u1ee7a ch\u00fang t\u00f4i s\u1ebd c\u00f3 \u0111\u01b0\u1ee3c th\u1ecbt b\u00f2 ch\u1ea5t l\u01b0\u1ee3ng an to\u00e0n v\u00e0 v\u01b0\u1ee3t tr\u1ed9i.<\/p>\n<p style=\"text-align: justify;\">B\u00f2 \u0111\u01b0\u1ee3c nh\u1eadp kh\u1ea9u t\u1eeb \u00dac, kh\u1ecfe m\u1ea1nh v\u00e0 s\u1ee9c kh\u1ecfe t\u1ed1t \u0111\u1ec3 \u0111i l\u1ea1i. Ch\u00fang \u0111\u01b0\u1ee3c cung c\u1ea5p th\u1ee9c \u0103n, n\u01b0\u1edbc s\u1ea1ch, kh\u00f4ng gian v\u00e0 kh\u00f4ng kh\u00ed trong l\u00e0nh l\u01b0u th\u00f4ng qua h\u1ec7 th\u1ed1ng th\u00f4ng gi\u00f3 c\u1ee7a t\u00e0u. Sau \u0111\u00f3 b\u00f2 \u0111\u01b0\u1ee3c v\u1eadn chuy\u1ec3n v\u1ec1 B\u00e1 Th\u01b0\u1edbc, Thanh H\u00f3a v\u00e0 \u0111\u01b0\u1ee3c ch\u0103m s\u00f3c trong m\u1ed9t m\u00f4i tr\u01b0\u1eddng s\u1ea1ch s\u1ebd v\u00e0 kh\u00f4ng c\u0103ng th\u1eb3ng. To\u00e0n b\u1ed9 trang tr\u1ea1i, nh\u00e0 m\u00e1y \u0111\u1ec1u \u0111\u1ea1t ti\u00eau chu\u1ea9n qu\u1ed1c t\u1ebf nh\u01b0 Global GAP, ISO 22000-2018&#8230;<\/p>\n<p style=\"text-align: justify;\">Ch\u00fang t\u00f4i coi tr\u1ecdng s\u1ef1 tin t\u01b0\u1edfng c\u1ee7a kh\u00e1ch h\u00e0ng v\u00e0 mu\u1ed1n tr\u1edf th\u00e0nh m\u1ed9t \u0111\u1ed1i t\u00e1c tham v\u1ecdng c\u00f9ng nhau ph\u00e1t tri\u1ec3n \u0111\u1ec3 t\u1ea1o ra t\u00e1c \u0111\u1ed9ng t\u1ed1t h\u01a1n trong cu\u1ed9c s\u1ed1ng c\u1ee7a m\u1ecdi ng\u01b0\u1eddi<\/p>\n<\/div>\n<\/div>\n<\/section>\n<section class=\"row \">\n<div class=\"blank_spacer col-sm-12 \"><\/div>\n<\/section>\n<section class=\"row \">\n<div class=\"spb_content_element col-sm-12 spb_text_column\">\n<div class=\"spb-asset-content\">\n<h3>T\u1ea6M NH\u00ccN C\u1ee6A CH\u00daNG T\u00d4I<\/h3>\n<p style=\"text-align: justify;\">T\u1ea7m nh\u00ecn c\u1ee7a ch\u00fang t\u00f4i l\u00e0 tr\u1edf th\u00e0nh c\u00f4ng ty h\u00e0ng \u0111\u1ea7u v\u1ec1 ch\u0103n nu\u00f4i, gi\u1ebft m\u1ed5, pha l\u00f3c t\u1ed5ng h\u1ee3p, cung c\u1ea5p c\u00e1c s\u1ea3n ph\u1ea9m ch\u1ea5t l\u01b0\u1ee3ng cao v\u00e0 t\u0103ng tr\u01b0\u1edfng b\u1ec1n v\u1eefng nh\u1eb1m n\u00e2ng cao s\u1ee9c kh\u1ecfe c\u1ee7a kh\u00e1ch h\u00e0ng. Ch\u00fang t\u00f4i tin t\u01b0\u1edfng v\u00e0o kinh nghi\u1ec7m v\u00e0 chuy\u00ean m\u00f4n c\u1ee7a m\u00ecnh. Ch\u00fang t\u00f4i \u0111am m\u00ea v\u1edbi ch\u1ea5t l\u01b0\u1ee3ng xu\u1ea5t s\u1eafc trong m\u1ecdi th\u1ee9 ch\u00fang t\u00f4i l\u00e0m b\u1edfi v\u00ec ch\u00fang t\u00f4i bi\u1ebft nh\u1eefng g\u00ec t\u1ed1t nh\u1ea5t.<\/p>\n<p style=\"text-align: justify;\"><strong><span style=\"font-size: 20.16px; color: #333333;\">NHI\u1ec6M V\u1ee4 C\u1ee6A CH\u00daNG T\u00d4I<\/span><\/strong><\/p>\n<\/div>\n<\/div>\n<\/section>\n<section class=\"row \">\n<div class=\"spb_content_element col-sm-12 spb_text_column\">\n<div class=\"spb-asset-content\">\n<p>S\u1ee9 m\u1ec7nh g\u1eafn k\u1ebft gia \u0111\u00ecnh th\u00f4ng qua b\u1eefa \u0103n ngon.<\/p>\n<\/div>\n<\/div>\n<\/section>\n<p>&nbsp;<\/p>\n<\/div>\n<\/div>\n","protected":false},"excerpt":{"rendered":"<p>GI\u1edaI THI\u1ec6U 5G Foods Th\u1ecbt b\u00f2 th\u01b0\u01a1ng hi\u1ec7u 5G Foods l\u00e0 s\u1ea3n ph\u1ea9m c\u1ee7a C\u00f4ng ty c\u1ed5 ph\u1ea7n s\u1ea3n xu\u1ea5t th\u1ef1c ph\u1ea9m 5G. Ch\u00fang t\u00f4i \u0111\u00e3 ho\u1ea1t \u0111\u1ed9ng trong ng\u00e0nh c\u00f4ng nghi\u1ec7p ch\u0103n nu\u00f4i nhi\u1ec1u n\u0103m. Ch\u00fang t\u00f4i tin r\u1eb1ng ch\u1ea5t l\u01b0\u1ee3ng th\u1ecbt tuy\u1ec7t v\u1eddi l\u00e0 k\u1ebft qu\u1ea3 c\u1ee7a ch\u1ebf \u0111\u1ed9 dinh d\u01b0\u1ee1ng th\u00edch h\u1ee3p [&#8230;]\n","protected":false},"author":1,"featured_media":0,"parent":0,"menu_order":16,"comment_status":"closed","ping_status":"closed","template":"","meta":[],"yoast_head":"<!-- This site is optimized with the Yoast SEO plugin v14.7 - https:\/\/yoast.com\/wordpress\/plugins\/seo\/ -->\n<title>Gi\u1edbi thi\u1ec7u - Th\u1ef1c Ph\u1ea9m RT 1<\/title>\n<meta name=\"robots\" content=\"index, follow\" \/>\n<meta name=\"googlebot\" content=\"index, follow, max-snippet:-1, max-image-preview:large, max-video-preview:-1\" \/>\n<meta name=\"bingbot\" content=\"index, follow, max-snippet:-1, max-image-preview:large, max-video-preview:-1\" \/>\n<link rel=\"canonical\" href=\"http:\/\/maudep.com.vn\/thucpham\/?page_id=508\" \/>\n<meta property=\"og:locale\" content=\"vi_VN\" \/>\n<meta property=\"og:type\" content=\"article\" \/>\n<meta property=\"og:title\" content=\"Gi\u1edbi thi\u1ec7u - Th\u1ef1c Ph\u1ea9m RT 1\" \/>\n<meta property=\"og:description\" content=\"GI\u1edaI THI\u1ec6U 5G Foods Th\u1ecbt b\u00f2 th\u01b0\u01a1ng hi\u1ec7u 5G Foods l\u00e0 s\u1ea3n ph\u1ea9m c\u1ee7a C\u00f4ng ty c\u1ed5 ph\u1ea7n s\u1ea3n xu\u1ea5t th\u1ef1c ph\u1ea9m 5G. Ch\u00fang t\u00f4i \u0111\u00e3 ho\u1ea1t \u0111\u1ed9ng trong ng\u00e0nh c\u00f4ng nghi\u1ec7p ch\u0103n nu\u00f4i nhi\u1ec1u n\u0103m. Ch\u00fang t\u00f4i tin r\u1eb1ng ch\u1ea5t l\u01b0\u1ee3ng th\u1ecbt tuy\u1ec7t v\u1eddi l\u00e0 k\u1ebft qu\u1ea3 c\u1ee7a ch\u1ebf \u0111\u1ed9 dinh d\u01b0\u1ee1ng th\u00edch h\u1ee3p [...]\" \/>\n<meta property=\"og:url\" content=\"http:\/\/maudep.com.vn\/thucpham\/?page_id=508\" \/>\n<meta property=\"og:site_name\" content=\"Th\u1ef1c Ph\u1ea9m RT 1\" \/>\n<meta property=\"article:publisher\" content=\"https:\/\/www.facebook.com\/hoangvietmaudep.com.vn\/thucpham\" \/>\n<meta property=\"article:modified_time\" content=\"2020-12-23T01:51:32+00:00\" \/>\n<meta name=\"twitter:card\" content=\"summary_large_image\" \/>\n<script type=\"application\/ld+json\" class=\"yoast-schema-graph\">{\"@context\":\"https:\/\/schema.org\",\"@graph\":[{\"@type\":\"WebSite\",\"@id\":\"http:\/\/maudep.com.vn\/thucpham\/#website\",\"url\":\"http:\/\/maudep.com.vn\/thucpham\/\",\"name\":\"Th\\u1ef1c Ph\\u1ea9m RT 1\",\"description\":\"\",\"potentialAction\":[{\"@type\":\"SearchAction\",\"target\":\"http:\/\/maudep.com.vn\/thucpham\/?s={search_term_string}\",\"query-input\":\"required name=search_term_string\"}],\"inLanguage\":\"vi\"},{\"@type\":\"WebPage\",\"@id\":\"http:\/\/maudep.com.vn\/thucpham\/?page_id=508#webpage\",\"url\":\"http:\/\/maudep.com.vn\/thucpham\/?page_id=508\",\"name\":\"Gi\\u1edbi thi\\u1ec7u - Th\\u1ef1c Ph\\u1ea9m RT 1\",\"isPartOf\":{\"@id\":\"http:\/\/maudep.com.vn\/thucpham\/#website\"},\"datePublished\":\"2019-03-06T08:02:34+00:00\",\"dateModified\":\"2020-12-23T01:51:32+00:00\",\"breadcrumb\":{\"@id\":\"http:\/\/maudep.com.vn\/thucpham\/?page_id=508#breadcrumb\"},\"inLanguage\":\"vi\",\"potentialAction\":[{\"@type\":\"ReadAction\",\"target\":[\"http:\/\/maudep.com.vn\/thucpham\/?page_id=508\"]}]},{\"@type\":\"BreadcrumbList\",\"@id\":\"http:\/\/maudep.com.vn\/thucpham\/?page_id=508#breadcrumb\",\"itemListElement\":[{\"@type\":\"ListItem\",\"position\":1,\"item\":{\"@type\":\"WebPage\",\"@id\":\"http:\/\/maudep.com.vn\/thucpham\/\",\"url\":\"http:\/\/maudep.com.vn\/thucpham\/\",\"name\":\"Trang ch\\u1ee7\"}},{\"@type\":\"ListItem\",\"position\":2,\"item\":{\"@type\":\"WebPage\",\"@id\":\"http:\/\/maudep.com.vn\/thucpham\/?page_id=508\",\"url\":\"http:\/\/maudep.com.vn\/thucpham\/?page_id=508\",\"name\":\"Gi\\u1edbi thi\\u1ec7u\"}}]}]}<\/script>\n<!-- \/ Yoast SEO plugin. -->","_links":{"self":[{"href":"http:\/\/maudep.com.vn\/thucpham\/index.php?rest_route=\/wp\/v2\/pages\/508"}],"collection":[{"href":"http:\/\/maudep.com.vn\/thucpham\/index.php?rest_route=\/wp\/v2\/pages"}],"about":[{"href":"http:\/\/maudep.com.vn\/thucpham\/index.php?rest_route=\/wp\/v2\/types\/page"}],"author":[{"embeddable":true,"href":"http:\/\/maudep.com.vn\/thucpham\/index.php?rest_route=\/wp\/v2\/users\/1"}],"replies":[{"embeddable":true,"href":"http:\/\/maudep.com.vn\/thucpham\/index.php?rest_route=%2Fwp%2Fv2%2Fcomments&post=508"}],"version-history":[{"count":15,"href":"http:\/\/maudep.com.vn\/thucpham\/index.php?rest_route=\/wp\/v2\/pages\/508\/revisions"}],"predecessor-version":[{"id":2381,"href":"http:\/\/maudep.com.vn\/thucpham\/index.php?rest_route=\/wp\/v2\/pages\/508\/revisions\/2381"}],"wp:attachment":[{"href":"http:\/\/maudep.com.vn\/thucpham\/index.php?rest_route=%2Fwp%2Fv2%2Fmedia&parent=508"}],"curies":[{"name":"wp","href":"https:\/\/api.w.org\/{rel}","templated":true}]}}