{"id":1735,"date":"2020-08-30T04:37:37","date_gmt":"2020-08-29T21:37:37","guid":{"rendered":"http:\/\/hoangvietmaudep.com.vn\/thucpham\/?post_type=product&#038;p=1735"},"modified":"2021-01-15T11:54:34","modified_gmt":"2021-01-15T04:54:34","slug":"gau-bo","status":"publish","type":"product","link":"http:\/\/maudep.com.vn\/thucpham\/?product=gau-bo","title":{"rendered":"G\u1ea7u b\u00f2"},"content":{"rendered":"<p style=\"text-align: justify;\">Th\u1ecbt g\u1ea7u b\u00f2 (Brisket beef), l\u00e0 ph\u00e2\u0300n th\u1ecbt b\u00f2 t\u1eeb ng\u1ef1c \u0111\u00ea\u0301n c\u00f4\u0309 d\u01b0\u1edbi c\u00f3 nhi\u00ea\u0300u ph\u00e2\u0300n m\u1ee1 nh\u01b0ng n\u1ea1c h\u01a1n ph\u00e2\u0300n th\u1ecbt ba ch\u1ec9 \u1edf ph\u00e2\u0300n b\u1ee5ng d\u01b0\u1edbi. Th\u1ecbt g\u1ea7u b\u00f2 c\u00f3 xen m\u1ee1 nh\u01b0ng \u0103n gi\u00f2n v\u00e0 th\u01a1m ng\u1eady nh\u1ea5t m\u00e0 kh\u00f4ng h\u1ec1 ng\u1ea5y, \u0111\u1eb7c bi\u1ec7t khi nh\u00fang l\u1ea9u, n\u01b0\u1edbng ho\u1eb7c l\u00e0m ph\u1edf g\u1ea7u b\u00f2 r\u1ea5t tuy\u1ec7t h\u1ea3o. B\u00ean c\u1ea1nh vi\u1ec7c n\u1ea5u Ph\u1edf g\u1ea7u b\u00f2 th\u00edch h\u1ee3p v\u1edbi vi\u1ec7c b\u1ea1n ch\u1ebf bi\u1ebfn th\u00e0nh m\u00f3n x\u00e0o, n\u1ea5u l\u1ea9u nh\u00fang, c\u00e1c m\u00f3n kho, s\u1ed1t, c\u00e1c m\u00f3n n\u01b0\u1edbng.<\/p>\n<p><strong>L\u01b0u \u00fd:<\/strong><\/p>\n<p>Ch\u1ec9 s\u1eed d\u1ee5ng s\u1ea3n ph\u1ea9m khi bao b\u00ec c\u00f2n nguy\u00ean v\u1eb9n.<br \/>\nKh\u00f4ng s\u1eed d\u1ee5ng s\u1ea3n ph\u1ea9m n\u1ebfu \u0111\u00e3 c\u00f3 m\u00f9i l\u1ea1.<\/p>\n<p style=\"text-align: justify;\">\n","protected":false},"excerpt":{"rendered":"<p><strong>Nh\u00e3n hi\u1ec7u:<\/strong> Ho\u00e0ng Vi\u1ec7t 5G foods<\/p>\n<p><strong>Xu\u1ea5t x\u1ee9:<\/strong> \u00dac<\/p>\n<p><strong>\u0110\u00f3ng g\u00f3i:<\/strong> h\u00fat ch\u00e2n kh\u00f4ng<\/p>\n<p><strong>B\u1ea3o qu\u1ea3n:<\/strong> ng\u0103n m\u00e1t<\/p>\n<p>Th\u1ecbt b\u00f2 t\u01b0\u01a1i Ho\u00e0ng Vi\u1ec7t 5G foods \u0111\u1ea3m b\u1ea3o t\u01b0\u01a1i ngon an to\u00e0n v\u1ec7 sinh th\u1ef1c ph\u1ea9m &#8211; \u0111\u1ea1t chu\u1ea9n iso 22000:2018<\/p>\n","protected":false},"featured_media":2694,"comment_status":"open","ping_status":"closed","template":"","meta":[],"yoast_head":"<!-- This site is optimized with the Yoast SEO plugin v14.7 - https:\/\/yoast.com\/wordpress\/plugins\/seo\/ -->\n<title>G\u1ea7u b\u00f2 - Th\u1ef1c Ph\u1ea9m RT 1<\/title>\n<meta name=\"robots\" content=\"index, follow\" \/>\n<meta name=\"googlebot\" content=\"index, follow, max-snippet:-1, max-image-preview:large, max-video-preview:-1\" \/>\n<meta name=\"bingbot\" content=\"index, follow, max-snippet:-1, max-image-preview:large, max-video-preview:-1\" \/>\n<link rel=\"canonical\" href=\"http:\/\/maudep.com.vn\/thucpham\/?product=gau-bo\" \/>\n<meta property=\"og:locale\" content=\"vi_VN\" \/>\n<meta property=\"og:type\" content=\"article\" \/>\n<meta property=\"og:title\" content=\"G\u1ea7u b\u00f2 - Th\u1ef1c Ph\u1ea9m RT 1\" \/>\n<meta property=\"og:description\" content=\"Nh\u00e3n hi\u1ec7u: Ho\u00e0ng Vi\u1ec7t 5G foods  Xu\u1ea5t x\u1ee9: \u00dac  \u0110\u00f3ng g\u00f3i: h\u00fat ch\u00e2n kh\u00f4ng  B\u1ea3o qu\u1ea3n: ng\u0103n m\u00e1t  Th\u1ecbt b\u00f2 t\u01b0\u01a1i Ho\u00e0ng Vi\u1ec7t 5G foods \u0111\u1ea3m b\u1ea3o t\u01b0\u01a1i ngon an to\u00e0n v\u1ec7 sinh th\u1ef1c ph\u1ea9m - \u0111\u1ea1t chu\u1ea9n iso 22000:2018\" \/>\n<meta property=\"og:url\" content=\"http:\/\/maudep.com.vn\/thucpham\/?product=gau-bo\" \/>\n<meta property=\"og:site_name\" content=\"Th\u1ef1c Ph\u1ea9m RT 1\" \/>\n<meta property=\"article:publisher\" content=\"https:\/\/www.facebook.com\/hoangvietmaudep.com.vn\/thucpham\" \/>\n<meta property=\"article:modified_time\" content=\"2021-01-15T04:54:34+00:00\" \/>\n<meta property=\"og:image\" content=\"http:\/\/maudep.com.vn\/thucpham\/wp-content\/uploads\/2020\/08\/gau-bo.jpg\" \/>\n\t<meta property=\"og:image:width\" content=\"926\" \/>\n\t<meta property=\"og:image:height\" content=\"380\" \/>\n<meta name=\"twitter:card\" content=\"summary_large_image\" \/>\n<script type=\"application\/ld+json\" class=\"yoast-schema-graph\">{\"@context\":\"https:\/\/schema.org\",\"@graph\":[{\"@type\":\"WebSite\",\"@id\":\"http:\/\/maudep.com.vn\/thucpham\/#website\",\"url\":\"http:\/\/maudep.com.vn\/thucpham\/\",\"name\":\"Th\\u1ef1c Ph\\u1ea9m RT 1\",\"description\":\"\",\"potentialAction\":[{\"@type\":\"SearchAction\",\"target\":\"http:\/\/maudep.com.vn\/thucpham\/?s={search_term_string}\",\"query-input\":\"required name=search_term_string\"}],\"inLanguage\":\"vi\"},{\"@type\":\"ImageObject\",\"@id\":\"http:\/\/maudep.com.vn\/thucpham\/?product=gau-bo#primaryimage\",\"inLanguage\":\"vi\",\"url\":\"http:\/\/maudep.com.vn\/thucpham\/wp-content\/uploads\/2020\/08\/gau-bo.jpg\",\"width\":926,\"height\":380,\"caption\":\"gau-bo\"},{\"@type\":\"WebPage\",\"@id\":\"http:\/\/maudep.com.vn\/thucpham\/?product=gau-bo#webpage\",\"url\":\"http:\/\/maudep.com.vn\/thucpham\/?product=gau-bo\",\"name\":\"G\\u1ea7u b\\u00f2 - Th\\u1ef1c Ph\\u1ea9m RT 1\",\"isPartOf\":{\"@id\":\"http:\/\/maudep.com.vn\/thucpham\/#website\"},\"primaryImageOfPage\":{\"@id\":\"http:\/\/maudep.com.vn\/thucpham\/?product=gau-bo#primaryimage\"},\"datePublished\":\"2020-08-29T21:37:37+00:00\",\"dateModified\":\"2021-01-15T04:54:34+00:00\",\"breadcrumb\":{\"@id\":\"http:\/\/maudep.com.vn\/thucpham\/?product=gau-bo#breadcrumb\"},\"inLanguage\":\"vi\",\"potentialAction\":[{\"@type\":\"ReadAction\",\"target\":[\"http:\/\/maudep.com.vn\/thucpham\/?product=gau-bo\"]}]},{\"@type\":\"BreadcrumbList\",\"@id\":\"http:\/\/maudep.com.vn\/thucpham\/?product=gau-bo#breadcrumb\",\"itemListElement\":[{\"@type\":\"ListItem\",\"position\":1,\"item\":{\"@type\":\"WebPage\",\"@id\":\"http:\/\/maudep.com.vn\/thucpham\/\",\"url\":\"http:\/\/maudep.com.vn\/thucpham\/\",\"name\":\"Trang ch\\u1ee7\"}},{\"@type\":\"ListItem\",\"position\":2,\"item\":{\"@type\":\"WebPage\",\"@id\":\"http:\/\/maudep.com.vn\/thucpham\/?page_id=63\",\"url\":\"http:\/\/maudep.com.vn\/thucpham\/?page_id=63\",\"name\":\"Shop\"}},{\"@type\":\"ListItem\",\"position\":3,\"item\":{\"@type\":\"WebPage\",\"@id\":\"http:\/\/maudep.com.vn\/thucpham\/?product=gau-bo\",\"url\":\"http:\/\/maudep.com.vn\/thucpham\/?product=gau-bo\",\"name\":\"G\\u1ea7u b\\u00f2\"}}]}]}<\/script>\n<!-- \/ Yoast SEO plugin. -->","_links":{"self":[{"href":"http:\/\/maudep.com.vn\/thucpham\/index.php?rest_route=\/wp\/v2\/product\/1735"}],"collection":[{"href":"http:\/\/maudep.com.vn\/thucpham\/index.php?rest_route=\/wp\/v2\/product"}],"about":[{"href":"http:\/\/maudep.com.vn\/thucpham\/index.php?rest_route=\/wp\/v2\/types\/product"}],"replies":[{"embeddable":true,"href":"http:\/\/maudep.com.vn\/thucpham\/index.php?rest_route=%2Fwp%2Fv2%2Fcomments&post=1735"}],"wp:featuredmedia":[{"embeddable":true,"href":"http:\/\/maudep.com.vn\/thucpham\/index.php?rest_route=\/wp\/v2\/media\/2694"}],"wp:attachment":[{"href":"http:\/\/maudep.com.vn\/thucpham\/index.php?rest_route=%2Fwp%2Fv2%2Fmedia&parent=1735"}],"curies":[{"name":"wp","href":"https:\/\/api.w.org\/{rel}","templated":true}]}}