{"id":2127,"date":"2020-09-24T02:07:36","date_gmt":"2020-09-23T19:07:36","guid":{"rendered":"https:\/\/maudep.com.vn\/thucpham\/?post_type=product&#038;p=2127"},"modified":"2021-01-26T13:18:04","modified_gmt":"2021-01-26T06:18:04","slug":"bap-co-xuong","status":"publish","type":"product","link":"http:\/\/maudep.com.vn\/thucpham\/?product=bap-co-xuong","title":{"rendered":"B\u1eafp c\u00f3 x\u01b0\u01a1ng"},"content":{"rendered":"<p style=\"text-align: justify;\">B\u1eafp c\u00f3 x\u01b0\u01a1ng (Beef Shank) hay c\u00f2n g\u1ecdi l\u00e0 th\u1ecbt ch\u00e2n gi\u00f2 hay th\u1ecbt b\u1eafp b\u00f2: ph\u1ea7n n\u00e0y c\u1ee7a b\u00f2 c\u00f3 nhi\u1ec1u m\u00f4 n\u1ed1i. Ng\u01b0\u1eddi Vi\u1ec7t c\u00f2n chia th\u1ecbt b\u1eafp c\u1ee7a ch\u00e2n tr\u01b0\u1edbc v\u00e0 ch\u00e2n sau. B\u1eafp r\u00f9a l\u00e0 ph\u1ea7n b\u1eafp nh\u1ecf x\u00edu, n\u1eb1m gi\u1eefa l\u00f5i c\u00e1i b\u1eafp \u0111\u00f9i to \u1edf ch\u00e2n sau con b\u00f2. C\u00f2n b\u1eafp hoa l\u00e0 c\u00e1i b\u1eafp nh\u1ecf n\u1eb1m \u1edf ch\u00e2n tr\u01b0\u1edbc c\u1ee7a con b\u00f2.<\/p>\n<p style=\"text-align: justify;\">Th\u01b0\u1eddng d\u00f9ng l\u00e0m c\u00e1c m\u00f3n \u0103n \u00dd h\u1ea3o h\u1ea1ng nh\u01b0 m\u00f3n osso buco (\u0111\u01b0\u1ee3c ch\u1ebf bi\u1ebfn b\u1eb1ng c\u00e1ch ninh nh\u1eefng kh\u00fac th\u1ecbt ph\u00eda ngay tr\u00ean m\u00f3ng v\u1edbi c\u00e1c nguy\u00ean li\u1ec7u nh\u01b0 c\u00e0 chua, v\u1ecf cam, c\u1ea7n t\u00e2y, h\u1ea1t ti\u00eau\u2026) \u0103n k\u00e8m c\u00f9ng v\u1edbi khoai t\u00e2y nghi\u1ec1n.<\/p>\n<p><strong>L\u01b0u \u00fd:<\/strong><\/p>\n<p>Ch\u1ec9 s\u1ef1 d\u1ee5ng s\u1ea3n ph\u1ea9m khi bao b\u00ec c\u00f2n nguy\u00ean v\u1eb9n.<br \/>\nKh\u00f4ng s\u1eed d\u1ee5ng s\u1ea3n ph\u1ea9m n\u1ebfu \u0111\u00e3 c\u00f3 m\u00f9i l\u1ea1.<\/p>\n<p>&nbsp;<\/p>\n<p>&nbsp;<\/p>\n<p>&nbsp;<\/p>\n","protected":false},"excerpt":{"rendered":"<p><strong>Nh\u00e3n hi\u1ec7u:<\/strong> Ho\u00e0ng Vi\u1ec7t 5G foods<\/p>\n<p><strong>Xu\u1ea5t x\u1ee9:<\/strong> \u00dac<\/p>\n<p><strong>\u0110\u00f3ng g\u00f3i:<\/strong> h\u00fat ch\u00e2n kh\u00f4ng<\/p>\n<p><strong>B\u1ea3o qu\u1ea3n:<\/strong> ng\u0103n m\u00e1t<\/p>\n<p>Th\u1ecbt b\u00f2 t\u01b0\u01a1i Ho\u00e0ng Vi\u1ec7t 5G foods \u0111\u1ea3m b\u1ea3o t\u01b0\u01a1i ngon an to\u00e0n v\u1ec7 sinh th\u1ef1c ph\u1ea9m &#8211; \u0111\u1ea1t chu\u1ea9n iso 22000:2018<\/p>\n","protected":false},"featured_media":2129,"comment_status":"open","ping_status":"closed","template":"","meta":[],"yoast_head":"<!-- This site is optimized with the Yoast SEO plugin v14.7 - https:\/\/yoast.com\/wordpress\/plugins\/seo\/ -->\n<title>B\u1eafp c\u00f3 x\u01b0\u01a1ng - Th\u1ef1c Ph\u1ea9m RT 1<\/title>\n<meta name=\"robots\" content=\"index, follow\" \/>\n<meta name=\"googlebot\" content=\"index, follow, max-snippet:-1, max-image-preview:large, max-video-preview:-1\" \/>\n<meta name=\"bingbot\" content=\"index, follow, max-snippet:-1, max-image-preview:large, max-video-preview:-1\" \/>\n<link rel=\"canonical\" href=\"http:\/\/maudep.com.vn\/thucpham\/?product=bap-co-xuong\" \/>\n<meta property=\"og:locale\" content=\"vi_VN\" \/>\n<meta property=\"og:type\" content=\"article\" \/>\n<meta property=\"og:title\" content=\"B\u1eafp c\u00f3 x\u01b0\u01a1ng - Th\u1ef1c Ph\u1ea9m RT 1\" \/>\n<meta property=\"og:description\" content=\"Nh\u00e3n hi\u1ec7u: Ho\u00e0ng Vi\u1ec7t 5G foods  Xu\u1ea5t x\u1ee9: \u00dac  \u0110\u00f3ng g\u00f3i: h\u00fat ch\u00e2n kh\u00f4ng  B\u1ea3o qu\u1ea3n: ng\u0103n m\u00e1t  Th\u1ecbt b\u00f2 t\u01b0\u01a1i Ho\u00e0ng Vi\u1ec7t 5G foods \u0111\u1ea3m b\u1ea3o t\u01b0\u01a1i ngon an to\u00e0n v\u1ec7 sinh th\u1ef1c ph\u1ea9m - \u0111\u1ea1t chu\u1ea9n iso 22000:2018\" \/>\n<meta property=\"og:url\" content=\"http:\/\/maudep.com.vn\/thucpham\/?product=bap-co-xuong\" \/>\n<meta property=\"og:site_name\" content=\"Th\u1ef1c Ph\u1ea9m RT 1\" \/>\n<meta property=\"article:publisher\" content=\"https:\/\/www.facebook.com\/hoangvietmaudep.com.vn\/thucpham\" \/>\n<meta property=\"article:modified_time\" content=\"2021-01-26T06:18:04+00:00\" \/>\n<meta property=\"og:image\" content=\"http:\/\/maudep.com.vn\/thucpham\/wp-content\/uploads\/2020\/09\/DSC00375-600x400-1.png\" \/>\n\t<meta property=\"og:image:width\" content=\"600\" \/>\n\t<meta property=\"og:image:height\" content=\"400\" \/>\n<meta name=\"twitter:card\" content=\"summary_large_image\" \/>\n<script type=\"application\/ld+json\" class=\"yoast-schema-graph\">{\"@context\":\"https:\/\/schema.org\",\"@graph\":[{\"@type\":\"WebSite\",\"@id\":\"http:\/\/maudep.com.vn\/thucpham\/#website\",\"url\":\"http:\/\/maudep.com.vn\/thucpham\/\",\"name\":\"Th\\u1ef1c Ph\\u1ea9m RT 1\",\"description\":\"\",\"potentialAction\":[{\"@type\":\"SearchAction\",\"target\":\"http:\/\/maudep.com.vn\/thucpham\/?s={search_term_string}\",\"query-input\":\"required name=search_term_string\"}],\"inLanguage\":\"vi\"},{\"@type\":\"ImageObject\",\"@id\":\"http:\/\/maudep.com.vn\/thucpham\/?product=bap-co-xuong#primaryimage\",\"inLanguage\":\"vi\",\"url\":\"http:\/\/maudep.com.vn\/thucpham\/wp-content\/uploads\/2020\/09\/DSC00375-600x400-1.png\",\"width\":600,\"height\":400},{\"@type\":\"WebPage\",\"@id\":\"http:\/\/maudep.com.vn\/thucpham\/?product=bap-co-xuong#webpage\",\"url\":\"http:\/\/maudep.com.vn\/thucpham\/?product=bap-co-xuong\",\"name\":\"B\\u1eafp c\\u00f3 x\\u01b0\\u01a1ng - Th\\u1ef1c Ph\\u1ea9m RT 1\",\"isPartOf\":{\"@id\":\"http:\/\/maudep.com.vn\/thucpham\/#website\"},\"primaryImageOfPage\":{\"@id\":\"http:\/\/maudep.com.vn\/thucpham\/?product=bap-co-xuong#primaryimage\"},\"datePublished\":\"2020-09-23T19:07:36+00:00\",\"dateModified\":\"2021-01-26T06:18:04+00:00\",\"breadcrumb\":{\"@id\":\"http:\/\/maudep.com.vn\/thucpham\/?product=bap-co-xuong#breadcrumb\"},\"inLanguage\":\"vi\",\"potentialAction\":[{\"@type\":\"ReadAction\",\"target\":[\"http:\/\/maudep.com.vn\/thucpham\/?product=bap-co-xuong\"]}]},{\"@type\":\"BreadcrumbList\",\"@id\":\"http:\/\/maudep.com.vn\/thucpham\/?product=bap-co-xuong#breadcrumb\",\"itemListElement\":[{\"@type\":\"ListItem\",\"position\":1,\"item\":{\"@type\":\"WebPage\",\"@id\":\"http:\/\/maudep.com.vn\/thucpham\/\",\"url\":\"http:\/\/maudep.com.vn\/thucpham\/\",\"name\":\"Trang ch\\u1ee7\"}},{\"@type\":\"ListItem\",\"position\":2,\"item\":{\"@type\":\"WebPage\",\"@id\":\"http:\/\/maudep.com.vn\/thucpham\/?page_id=63\",\"url\":\"http:\/\/maudep.com.vn\/thucpham\/?page_id=63\",\"name\":\"Shop\"}},{\"@type\":\"ListItem\",\"position\":3,\"item\":{\"@type\":\"WebPage\",\"@id\":\"http:\/\/maudep.com.vn\/thucpham\/?product=bap-co-xuong\",\"url\":\"http:\/\/maudep.com.vn\/thucpham\/?product=bap-co-xuong\",\"name\":\"B\\u1eafp c\\u00f3 x\\u01b0\\u01a1ng\"}}]}]}<\/script>\n<!-- \/ Yoast SEO plugin. -->","_links":{"self":[{"href":"http:\/\/maudep.com.vn\/thucpham\/index.php?rest_route=\/wp\/v2\/product\/2127"}],"collection":[{"href":"http:\/\/maudep.com.vn\/thucpham\/index.php?rest_route=\/wp\/v2\/product"}],"about":[{"href":"http:\/\/maudep.com.vn\/thucpham\/index.php?rest_route=\/wp\/v2\/types\/product"}],"replies":[{"embeddable":true,"href":"http:\/\/maudep.com.vn\/thucpham\/index.php?rest_route=%2Fwp%2Fv2%2Fcomments&post=2127"}],"wp:featuredmedia":[{"embeddable":true,"href":"http:\/\/maudep.com.vn\/thucpham\/index.php?rest_route=\/wp\/v2\/media\/2129"}],"wp:attachment":[{"href":"http:\/\/maudep.com.vn\/thucpham\/index.php?rest_route=%2Fwp%2Fv2%2Fmedia&parent=2127"}],"curies":[{"name":"wp","href":"https:\/\/api.w.org\/{rel}","templated":true}]}}