{"id":2143,"date":"2020-09-24T02:16:09","date_gmt":"2020-09-23T19:16:09","guid":{"rendered":"https:\/\/maudep.com.vn\/thucpham\/?post_type=product&#038;p=2143"},"modified":"2021-01-13T09:59:25","modified_gmt":"2021-01-13T02:59:25","slug":"than-xuong-chu-t","status":"publish","type":"product","link":"http:\/\/maudep.com.vn\/thucpham\/?product=than-xuong-chu-t","title":{"rendered":"S\u01b0\u1eddn T-bone"},"content":{"rendered":"<p style=\"text-align: justify;\">Th\u1ecbt s\u01b0\u1eddn b\u00f2 ch\u1eef T (T-BONE) Shortloin\u00a0hay c\u00f2n \u0111\u01b0\u1ee3c g\u1ecdi l\u00e0 th\u1ecbt th\u0103n b\u00f2 ch\u1eef T l\u00e0 m\u1ed9t trong nh\u1eefng ph\u1ea7n th\u1ecbt ngon nh\u1ea5t c\u1ee7a con b\u00f2. Th\u1ecbt s\u01b0\u1eddn b\u00f2 ch\u1eef T l\u00e0 ph\u1ea7n th\u1ecbt n\u1eb1m ngay gi\u1eefa 2 c\u00e2y th\u0103n n\u1ed9i v\u00e0 th\u0103n ngo\u1ea1i c\u1ee7a con b\u00f2, n\u00f3 ch\u00ednh l\u00e0 ph\u1ea7n x\u01b0\u01a1ng h\u00ecnh ch\u1eef T n\u1eb1m gi\u1eefa mi\u1ebfng th\u1ecbt.<\/p>\n<p style=\"text-align: justify;\">\u0110\u1ec3 c\u00f3 \u0111\u01b0\u1ee3c T-BONE \u0111\u1ed3ng ngh\u0129a v\u1edbi vi\u1ec7c s\u1ebd kh\u00f4ng c\u00f3 c\u00e1c ph\u1ea7n th\u1ecbt STRIPLOIN v\u00e0 TENDERLOIN c\u1ee7a con b\u00f2 khi gi\u1ebft m\u1ed5. B\u1edfi v\u00ec T-BONE l\u00e0 ph\u1ea7n c\u1eaft ngh\u1ec7 thu\u1eadt gi\u1eef l\u1ea1i 1 ph\u1ea7n x\u01b0\u01a1ng s\u1ed1ng v\u00e0 x\u01b0\u01a1ng s\u01b0\u1eddn t\u1ea1o th\u00e0nh h\u00ecnh ch\u1eef T sao cho hai b\u00ean c\u00f3 2 ph\u1ea7n th\u1ecbt, ph\u1ea7n nh\u1ecf h\u01a1n l\u00e0 ph\u1ea7n TENDERLOIN v\u00e0 ph\u1ea7n l\u1edbn h\u01a1n c\u00f2n l\u1ea1i l\u00e0 STRIPLOIN. \u0110\u00e2y c\u0169ng l\u00e0 ph\u1ea7n t\u1eadp trung \u00edt c\u01a1 v\u1eadn \u0111\u1ed9ng c\u1ee7a con b\u00f2, ch\u00ednh v\u00ec v\u1eady, ph\u1ea7n c\u1eaft T-BONE mang \u0111\u1eb7c \u0111i\u1ec3m c\u1ee7a c\u1ea3 hai ph\u1ea7n th\u1ecbt n\u00e0y, v\u1eeba th\u01a1m, v\u1eeba b\u00e9o ng\u1eady m\u00f9i b\u01a1, l\u1ea1i ng\u1ecdt th\u1ecbt v\u00e0 m\u1ec1m.<\/p>\n<p style=\"text-align: justify;\">Th\u1ecbt s\u01b0\u1eddn ch\u1eef T b\u00f2 \u00dac \u0111\u01b0\u1ee3c b\u00e1n v\u1edbi m\u1ee9c gi\u00e1 kh\u00e1 cao. L\u00fd do kh\u00f4ng ch\u1ec9 b\u1edfi ph\u1ea7n th\u1ecbt n\u00e0y ngon m\u00e0 c\u00f2n b\u1edfi s\u01b0\u1eddn ch\u1eef T b\u00f2 \u00dac c\u00f3 s\u1ed1 l\u01b0\u1ee3ng r\u1ea5t \u00edt trong m\u1ed7i con b\u00f2. C\u0169ng v\u00ec l\u1ebd n\u00e0y m\u00e0 s\u01b0\u1eddn ch\u1eef T b\u00f2 \u00dac lu\u00f4n \u0111\u01b0\u1ee3c c\u00e1c nh\u00e0 h\u00e0ng sang tr\u1ecdng ch\u1ebf bi\u1ebfn th\u00e0nh c\u00e1c m\u00f3n \u0103n h\u1ea3o h\u1ea1ng cao c\u1ea5p.<\/p>\n<p><strong>L\u01b0u \u00fd:<\/strong><\/p>\n<p>Ch\u1ec9 s\u1ef1 d\u1ee5ng s\u1ea3n ph\u1ea9m khi bao b\u00ec c\u00f2n nguy\u00ean v\u1eb9n.<br \/>\nKh\u00f4ng s\u1eed d\u1ee5ng s\u1ea3n ph\u1ea9m n\u1ebfu \u0111\u00e3 c\u00f3 m\u00f9i l\u1ea1.<\/p>\n","protected":false},"excerpt":{"rendered":"<p><strong>Nh\u00e3n hi\u1ec7u:<\/strong> Ho\u00e0ng Vi\u1ec7t 5G foods<\/p>\n<p><strong>Xu\u1ea5t x\u1ee9:<\/strong> \u00dac<\/p>\n<p><strong>\u0110\u00f3ng g\u00f3i:<\/strong> h\u00fat ch\u00e2n kh\u00f4ng<\/p>\n<p><strong>B\u1ea3o qu\u1ea3n:<\/strong> ng\u0103n m\u00e1t<\/p>\n<p>Th\u1ecbt b\u00f2 t\u01b0\u01a1i Ho\u00e0ng Vi\u1ec7t 5G foods \u0111\u1ea3m b\u1ea3o t\u01b0\u01a1i ngon an to\u00e0n v\u1ec7 sinh th\u1ef1c ph\u1ea9m &#8211; \u0111\u1ea1t chu\u1ea9n iso 22000:2018<\/p>\n","protected":false},"featured_media":2207,"comment_status":"open","ping_status":"closed","template":"","meta":[],"yoast_head":"<!-- This site is optimized with the Yoast SEO plugin v14.7 - https:\/\/yoast.com\/wordpress\/plugins\/seo\/ -->\n<title>S\u01b0\u1eddn T-bone - Th\u1ef1c Ph\u1ea9m RT 1<\/title>\n<meta name=\"description\" content=\"Th\u1ecbt s\u01b0\u1eddn b\u00f2 ch\u1eef T (T-BONE) Shortloin\u00a0hay c\u00f2n \u0111\u01b0\u1ee3c g\u1ecdi l\u00e0 th\u1ecbt th\u0103n b\u00f2 ch\u1eef T l\u00e0 m\u1ed9t trong nh\u1eefng ph\u1ea7n th\u1ecbt ngon nh\u1ea5t c\u1ee7a con b\u00f2. Th\u1ecbt s\u01b0\u1eddn b\u00f2 ch\u1eef T l\u00e0 ph\u1ea7n th\u1ecbt n\u1eb1m ngay gi\u1eefa 2 c\u00e2y th\u0103n n\u1ed9i v\u00e0 th\u0103n ngo\u1ea1i c\u1ee7a con b\u00f2, n\u00f3 ch\u00ednh l\u00e0 ph\u1ea7n x\u01b0\u01a1ng h\u00ecnh ch\u1eef T n\u1eb1m gi\u1eefa mi\u1ebfng th\u1ecbt.\u0110\u1ec3 c\u00f3 \u0111\u01b0\u1ee3c T-BONE \u0111\u1ed3ng ngh\u0129a v\u1edbi vi\u1ec7c s\u1ebd kh\u00f4ng c\u00f3 c\u00e1c ph\u1ea7n th\u1ecbt STRIPLOIN v\u00e0 TENDERLOIN c\u1ee7a con b\u00f2 khi gi\u1ebft m\u1ed5. B\u1edfi v\u00ec T-BONE l\u00e0 ph\u1ea7n c\u1eaft ngh\u1ec7 thu\u1eadt gi\u1eef l\u1ea1i 1 ph\u1ea7n x\u01b0\u01a1ng s\u1ed1ng v\u00e0 x\u01b0\u01a1ng s\u01b0\u1eddn t\u1ea1o th\u00e0nh h\u00ecnh ch\u1eef T sao cho hai b\u00ean c\u00f3 2 ph\u1ea7n th\u1ecbt, ph\u1ea7n nh\u1ecf h\u01a1n l\u00e0 ph\u1ea7n TENDERLOIN v\u00e0 ph\u1ea7n l\u1edbn h\u01a1n c\u00f2n l\u1ea1i l\u00e0 STRIPLOIN. \u0110\u00e2y c\u0169ng l\u00e0 ph\u1ea7n t\u1eadp trung \u00edt c\u01a1 v\u1eadn \u0111\u1ed9ng c\u1ee7a con b\u00f2, ch\u00ednh v\u00ec v\u1eady, ph\u1ea7n c\u1eaft T-BONE mang \u0111\u1eb7c \u0111i\u1ec3m c\u1ee7a c\u1ea3 hai ph\u1ea7n th\u1ecbt n\u00e0y, v\u1eeba th\u01a1m, v\u1eeba b\u00e9o ng\u1eady m\u00f9i b\u01a1, l\u1ea1i ng\u1ecdt th\u1ecbt v\u00e0 m\u1ec1m.\" \/>\n<meta name=\"robots\" content=\"index, follow\" \/>\n<meta name=\"googlebot\" content=\"index, follow, max-snippet:-1, max-image-preview:large, max-video-preview:-1\" \/>\n<meta name=\"bingbot\" content=\"index, follow, max-snippet:-1, max-image-preview:large, max-video-preview:-1\" \/>\n<link rel=\"canonical\" href=\"http:\/\/maudep.com.vn\/thucpham\/?product=than-xuong-chu-t\" \/>\n<meta property=\"og:locale\" content=\"vi_VN\" \/>\n<meta property=\"og:type\" content=\"article\" \/>\n<meta property=\"og:title\" content=\"S\u01b0\u1eddn T-bone - Th\u1ef1c Ph\u1ea9m RT 1\" \/>\n<meta property=\"og:description\" content=\"Th\u1ecbt s\u01b0\u1eddn b\u00f2 ch\u1eef T (T-BONE) Shortloin\u00a0hay c\u00f2n \u0111\u01b0\u1ee3c g\u1ecdi l\u00e0 th\u1ecbt th\u0103n b\u00f2 ch\u1eef T l\u00e0 m\u1ed9t trong nh\u1eefng ph\u1ea7n th\u1ecbt ngon nh\u1ea5t c\u1ee7a con b\u00f2. Th\u1ecbt s\u01b0\u1eddn b\u00f2 ch\u1eef T l\u00e0 ph\u1ea7n th\u1ecbt n\u1eb1m ngay gi\u1eefa 2 c\u00e2y th\u0103n n\u1ed9i v\u00e0 th\u0103n ngo\u1ea1i c\u1ee7a con b\u00f2, n\u00f3 ch\u00ednh l\u00e0 ph\u1ea7n x\u01b0\u01a1ng h\u00ecnh ch\u1eef T n\u1eb1m gi\u1eefa mi\u1ebfng th\u1ecbt.\u0110\u1ec3 c\u00f3 \u0111\u01b0\u1ee3c T-BONE \u0111\u1ed3ng ngh\u0129a v\u1edbi vi\u1ec7c s\u1ebd kh\u00f4ng c\u00f3 c\u00e1c ph\u1ea7n th\u1ecbt STRIPLOIN v\u00e0 TENDERLOIN c\u1ee7a con b\u00f2 khi gi\u1ebft m\u1ed5. B\u1edfi v\u00ec T-BONE l\u00e0 ph\u1ea7n c\u1eaft ngh\u1ec7 thu\u1eadt gi\u1eef l\u1ea1i 1 ph\u1ea7n x\u01b0\u01a1ng s\u1ed1ng v\u00e0 x\u01b0\u01a1ng s\u01b0\u1eddn t\u1ea1o th\u00e0nh h\u00ecnh ch\u1eef T sao cho hai b\u00ean c\u00f3 2 ph\u1ea7n th\u1ecbt, ph\u1ea7n nh\u1ecf h\u01a1n l\u00e0 ph\u1ea7n TENDERLOIN v\u00e0 ph\u1ea7n l\u1edbn h\u01a1n c\u00f2n l\u1ea1i l\u00e0 STRIPLOIN. \u0110\u00e2y c\u0169ng l\u00e0 ph\u1ea7n t\u1eadp trung \u00edt c\u01a1 v\u1eadn \u0111\u1ed9ng c\u1ee7a con b\u00f2, ch\u00ednh v\u00ec v\u1eady, ph\u1ea7n c\u1eaft T-BONE mang \u0111\u1eb7c \u0111i\u1ec3m c\u1ee7a c\u1ea3 hai ph\u1ea7n th\u1ecbt n\u00e0y, v\u1eeba th\u01a1m, v\u1eeba b\u00e9o ng\u1eady m\u00f9i b\u01a1, l\u1ea1i ng\u1ecdt th\u1ecbt v\u00e0 m\u1ec1m.\" \/>\n<meta property=\"og:url\" content=\"http:\/\/maudep.com.vn\/thucpham\/?product=than-xuong-chu-t\" \/>\n<meta property=\"og:site_name\" content=\"Th\u1ef1c Ph\u1ea9m RT 1\" \/>\n<meta property=\"article:publisher\" content=\"https:\/\/www.facebook.com\/hoangvietmaudep.com.vn\/thucpham\" \/>\n<meta property=\"article:modified_time\" content=\"2021-01-13T02:59:25+00:00\" \/>\n<meta property=\"og:image\" content=\"http:\/\/maudep.com.vn\/thucpham\/wp-content\/uploads\/2020\/09\/1570183510-1860961782-th-t-s-n-bo-ch-t-canada-shortloin-1kg.jpg\" \/>\n\t<meta property=\"og:image:width\" content=\"542\" \/>\n\t<meta property=\"og:image:height\" content=\"430\" \/>\n<meta name=\"twitter:card\" content=\"summary_large_image\" \/>\n<script type=\"application\/ld+json\" class=\"yoast-schema-graph\">{\"@context\":\"https:\/\/schema.org\",\"@graph\":[{\"@type\":\"WebSite\",\"@id\":\"http:\/\/maudep.com.vn\/thucpham\/#website\",\"url\":\"http:\/\/maudep.com.vn\/thucpham\/\",\"name\":\"Th\\u1ef1c Ph\\u1ea9m RT 1\",\"description\":\"\",\"potentialAction\":[{\"@type\":\"SearchAction\",\"target\":\"http:\/\/maudep.com.vn\/thucpham\/?s={search_term_string}\",\"query-input\":\"required name=search_term_string\"}],\"inLanguage\":\"vi\"},{\"@type\":\"ImageObject\",\"@id\":\"http:\/\/maudep.com.vn\/thucpham\/?product=than-xuong-chu-t#primaryimage\",\"inLanguage\":\"vi\",\"url\":\"http:\/\/maudep.com.vn\/thucpham\/wp-content\/uploads\/2020\/09\/1570183510-1860961782-th-t-s-n-bo-ch-t-canada-shortloin-1kg.jpg\",\"width\":542,\"height\":430},{\"@type\":\"WebPage\",\"@id\":\"http:\/\/maudep.com.vn\/thucpham\/?product=than-xuong-chu-t#webpage\",\"url\":\"http:\/\/maudep.com.vn\/thucpham\/?product=than-xuong-chu-t\",\"name\":\"S\\u01b0\\u1eddn T-bone - Th\\u1ef1c Ph\\u1ea9m RT 1\",\"isPartOf\":{\"@id\":\"http:\/\/maudep.com.vn\/thucpham\/#website\"},\"primaryImageOfPage\":{\"@id\":\"http:\/\/maudep.com.vn\/thucpham\/?product=than-xuong-chu-t#primaryimage\"},\"datePublished\":\"2020-09-23T19:16:09+00:00\",\"dateModified\":\"2021-01-13T02:59:25+00:00\",\"description\":\"Th\\u1ecbt s\\u01b0\\u1eddn b\\u00f2 ch\\u1eef T (T-BONE) Shortloin\\u00a0hay c\\u00f2n \\u0111\\u01b0\\u1ee3c g\\u1ecdi l\\u00e0 th\\u1ecbt th\\u0103n b\\u00f2 ch\\u1eef T l\\u00e0 m\\u1ed9t trong nh\\u1eefng ph\\u1ea7n th\\u1ecbt ngon nh\\u1ea5t c\\u1ee7a con b\\u00f2. Th\\u1ecbt s\\u01b0\\u1eddn b\\u00f2 ch\\u1eef T l\\u00e0 ph\\u1ea7n th\\u1ecbt n\\u1eb1m ngay gi\\u1eefa 2 c\\u00e2y th\\u0103n n\\u1ed9i v\\u00e0 th\\u0103n ngo\\u1ea1i c\\u1ee7a con b\\u00f2, n\\u00f3 ch\\u00ednh l\\u00e0 ph\\u1ea7n x\\u01b0\\u01a1ng h\\u00ecnh ch\\u1eef T n\\u1eb1m gi\\u1eefa mi\\u1ebfng th\\u1ecbt.\\u0110\\u1ec3 c\\u00f3 \\u0111\\u01b0\\u1ee3c T-BONE \\u0111\\u1ed3ng ngh\\u0129a v\\u1edbi vi\\u1ec7c s\\u1ebd kh\\u00f4ng c\\u00f3 c\\u00e1c ph\\u1ea7n th\\u1ecbt STRIPLOIN v\\u00e0 TENDERLOIN c\\u1ee7a con b\\u00f2 khi gi\\u1ebft m\\u1ed5. B\\u1edfi v\\u00ec T-BONE l\\u00e0 ph\\u1ea7n c\\u1eaft ngh\\u1ec7 thu\\u1eadt gi\\u1eef l\\u1ea1i 1 ph\\u1ea7n x\\u01b0\\u01a1ng s\\u1ed1ng v\\u00e0 x\\u01b0\\u01a1ng s\\u01b0\\u1eddn t\\u1ea1o th\\u00e0nh h\\u00ecnh ch\\u1eef T sao cho hai b\\u00ean c\\u00f3 2 ph\\u1ea7n th\\u1ecbt, ph\\u1ea7n nh\\u1ecf h\\u01a1n l\\u00e0 ph\\u1ea7n TENDERLOIN v\\u00e0 ph\\u1ea7n l\\u1edbn h\\u01a1n c\\u00f2n l\\u1ea1i l\\u00e0 STRIPLOIN. \\u0110\\u00e2y c\\u0169ng l\\u00e0 ph\\u1ea7n t\\u1eadp trung \\u00edt c\\u01a1 v\\u1eadn \\u0111\\u1ed9ng c\\u1ee7a con b\\u00f2, ch\\u00ednh v\\u00ec v\\u1eady, ph\\u1ea7n c\\u1eaft T-BONE mang \\u0111\\u1eb7c \\u0111i\\u1ec3m c\\u1ee7a c\\u1ea3 hai ph\\u1ea7n th\\u1ecbt n\\u00e0y, v\\u1eeba th\\u01a1m, v\\u1eeba b\\u00e9o ng\\u1eady m\\u00f9i b\\u01a1, l\\u1ea1i ng\\u1ecdt th\\u1ecbt v\\u00e0 m\\u1ec1m.\",\"breadcrumb\":{\"@id\":\"http:\/\/maudep.com.vn\/thucpham\/?product=than-xuong-chu-t#breadcrumb\"},\"inLanguage\":\"vi\",\"potentialAction\":[{\"@type\":\"ReadAction\",\"target\":[\"http:\/\/maudep.com.vn\/thucpham\/?product=than-xuong-chu-t\"]}]},{\"@type\":\"BreadcrumbList\",\"@id\":\"http:\/\/maudep.com.vn\/thucpham\/?product=than-xuong-chu-t#breadcrumb\",\"itemListElement\":[{\"@type\":\"ListItem\",\"position\":1,\"item\":{\"@type\":\"WebPage\",\"@id\":\"http:\/\/maudep.com.vn\/thucpham\/\",\"url\":\"http:\/\/maudep.com.vn\/thucpham\/\",\"name\":\"Trang ch\\u1ee7\"}},{\"@type\":\"ListItem\",\"position\":2,\"item\":{\"@type\":\"WebPage\",\"@id\":\"http:\/\/maudep.com.vn\/thucpham\/?page_id=63\",\"url\":\"http:\/\/maudep.com.vn\/thucpham\/?page_id=63\",\"name\":\"Shop\"}},{\"@type\":\"ListItem\",\"position\":3,\"item\":{\"@type\":\"WebPage\",\"@id\":\"http:\/\/maudep.com.vn\/thucpham\/?product=than-xuong-chu-t\",\"url\":\"http:\/\/maudep.com.vn\/thucpham\/?product=than-xuong-chu-t\",\"name\":\"S\\u01b0\\u1eddn T-bone\"}}]}]}<\/script>\n<!-- \/ Yoast SEO plugin. -->","_links":{"self":[{"href":"http:\/\/maudep.com.vn\/thucpham\/index.php?rest_route=\/wp\/v2\/product\/2143"}],"collection":[{"href":"http:\/\/maudep.com.vn\/thucpham\/index.php?rest_route=\/wp\/v2\/product"}],"about":[{"href":"http:\/\/maudep.com.vn\/thucpham\/index.php?rest_route=\/wp\/v2\/types\/product"}],"replies":[{"embeddable":true,"href":"http:\/\/maudep.com.vn\/thucpham\/index.php?rest_route=%2Fwp%2Fv2%2Fcomments&post=2143"}],"wp:featuredmedia":[{"embeddable":true,"href":"http:\/\/maudep.com.vn\/thucpham\/index.php?rest_route=\/wp\/v2\/media\/2207"}],"wp:attachment":[{"href":"http:\/\/maudep.com.vn\/thucpham\/index.php?rest_route=%2Fwp%2Fv2%2Fmedia&parent=2143"}],"curies":[{"name":"wp","href":"https:\/\/api.w.org\/{rel}","templated":true}]}}