{"id":2149,"date":"2020-09-24T02:18:29","date_gmt":"2020-09-23T19:18:29","guid":{"rendered":"https:\/\/maudep.com.vn\/thucpham\/?post_type=product&#038;p=2149"},"modified":"2021-01-15T16:34:12","modified_gmt":"2021-01-15T09:34:12","slug":"diem-than","status":"publish","type":"product","link":"http:\/\/maudep.com.vn\/thucpham\/?product=diem-than","title":{"rendered":"Di\u1ec1m th\u0103n"},"content":{"rendered":"<div dir=\"auto\" style=\"text-align: justify;\">Di\u1ec1m th\u0103n (Beef Outside Skirt), m\u1ed9t s\u1ed1 n\u01a1i c\u00f2n g\u1ecdi l\u00e0 Di\u1ec1m, d\u1ea3i, y\u1ebfm, l\u00e0 ph\u1ea7n thit \u0111\u01b0\u1ee3c pha l\u1ecdc t\u1eeb ph\u1ea7n th\u1ecbt b\u1ee5ng c\u1ee7a con B\u00f2, th\u1ecbt di\u1ec1m th\u0103n c\u00f3 \u0111\u1eb7c tr\u01b0ng m\u1ec1m, gi\u00f2n v\u00e0 r\u1ea5t ng\u1ecdt (gi\u00f2n h\u01a1n ph\u1ea7n th\u1ecbt g\u1ea7u), th\u1ecbt di\u1ec1m c\u00f3 \u0111\u1eb7c tr\u01b0ng x\u1ebfp ng\u00f3i ch\u00e9o, c\u00e1c m\u00f4 th\u1ecbt n\u1ea1c li\u00ean k\u1ebft theo d\u1ea1ng b\u00f3, x\u1ebfp ch\u1ed3ng gi\u1eefa c\u00e1c l\u1edbp m\u1ee1 b\u1ee5ng th\u01a1m ng\u1eady b\u00e9o.<\/div>\n<div dir=\"auto\" style=\"text-align: justify;\">\u0110\u00e2y c\u00f3 th\u1ec3 n\u00f3i l\u00e0 ph\u1ea7n th\u1ecbt ngon nh\u1ea5t ph\u1ea7n b\u1ee5ng h\u01a1n g\u1ea7u, n\u1ea1m &#8211; v\u1edbi ng\u01b0\u1eddi ph\u01b0\u01a1ng T\u00e2y, m\u00f3n Di\u1ec1m th\u0103n cu\u1ed9n rau c\u1ee7 n\u01b0\u1edbng, b\u1ecf l\u00f2, steak \u00e1p ch\u1ea3o lu\u00f4n l\u00e0 m\u00f3n \u0103n v\u00f4 c\u00f9ng h\u1ea5p d\u1eabn. C\u00f2n v\u1edbi ng\u01b0\u1eddi Ch\u00e2u \u00c1, m\u00f3n di\u1ec1m th\u0103n th\u00e1i l\u00e1t n\u01b0\u1edbng, l\u1ea9u l\u00e0 nh\u1eefng m\u00f3n \u0103n \u0111\u01b0\u1ee3c nhi\u1ec1u ng\u01b0\u1eddi th\u01b0\u1edfng th\u1ee9c.<\/div>\n<div dir=\"auto\">Di\u1ec1m th\u0103n l\u00e0 m\u1ed9t s\u1ea3n ph\u1ea9m th\u00edch h\u1ee3p v\u1edbi m\u00f3n n\u01b0\u1edbng, l\u1ea9u, x\u00e0o, b\u00edt t\u1ebft. Tuy nhi\u00ean, s\u1ea3n ph\u1ea9m \u0111\u01b0\u1ee3c c\u00e1c nh\u00e0 h\u00e0ng, kh\u00e1ch s\u1ea1n v\u00e0 th\u1ef1c kh\u00e1ch \u01b0a chu\u1ed9ng h\u01a1n c\u1ea3 l\u00e0 m\u00f3n n\u01b0\u1edbng.<\/div>\n<div dir=\"auto\"><\/div>\n<div dir=\"auto\">\n<p><strong>L\u01b0u \u00fd:<\/strong><\/p>\n<p>Ch\u1ec9 s\u1eed d\u1ee5ng s\u1ea3n ph\u1ea9m khi bao b\u00ec c\u00f2n nguy\u00ean v\u1eb9n.<br \/>\nKh\u00f4ng s\u1eed d\u1ee5ng s\u1ea3n ph\u1ea9m n\u1ebfu \u0111\u00e3 c\u00f3 m\u00f9i l\u1ea1.<\/p>\n<\/div>\n","protected":false},"excerpt":{"rendered":"<p><strong>Nh\u00e3n hi\u1ec7u:<\/strong> Ho\u00e0ng Vi\u1ec7t 5G foods<\/p>\n<p><strong>Xu\u1ea5t x\u1ee9:<\/strong> \u00dac<\/p>\n<p><strong>\u0110\u00f3ng g\u00f3i:<\/strong> h\u00fat ch\u00e2n kh\u00f4ng<\/p>\n<p><strong>B\u1ea3o qu\u1ea3n:<\/strong> ng\u0103n m\u00e1t<\/p>\n<p>Th\u1ecbt b\u00f2 t\u01b0\u01a1i Ho\u00e0ng Vi\u1ec7t 5G foods \u0111\u1ea3m b\u1ea3o t\u01b0\u01a1i ngon an to\u00e0n v\u1ec7 sinh th\u1ef1c ph\u1ea9m &#8211; \u0111\u1ea1t chu\u1ea9n iso 22000:2018<\/p>\n","protected":false},"featured_media":2693,"comment_status":"open","ping_status":"closed","template":"","meta":[],"yoast_head":"<!-- This site is optimized with the Yoast SEO plugin v14.7 - https:\/\/yoast.com\/wordpress\/plugins\/seo\/ -->\n<title>Di\u1ec1m th\u0103n - Th\u1ef1c Ph\u1ea9m RT 1<\/title>\n<meta name=\"robots\" content=\"index, follow\" \/>\n<meta name=\"googlebot\" content=\"index, follow, max-snippet:-1, max-image-preview:large, max-video-preview:-1\" \/>\n<meta name=\"bingbot\" content=\"index, follow, max-snippet:-1, max-image-preview:large, max-video-preview:-1\" \/>\n<link rel=\"canonical\" href=\"http:\/\/maudep.com.vn\/thucpham\/?product=diem-than\" \/>\n<meta property=\"og:locale\" content=\"vi_VN\" \/>\n<meta property=\"og:type\" content=\"article\" \/>\n<meta property=\"og:title\" content=\"Di\u1ec1m th\u0103n - Th\u1ef1c Ph\u1ea9m RT 1\" \/>\n<meta property=\"og:description\" content=\"Nh\u00e3n hi\u1ec7u: Ho\u00e0ng Vi\u1ec7t 5G foods  Xu\u1ea5t x\u1ee9: \u00dac  \u0110\u00f3ng g\u00f3i: h\u00fat ch\u00e2n kh\u00f4ng  B\u1ea3o qu\u1ea3n: ng\u0103n m\u00e1t  Th\u1ecbt b\u00f2 t\u01b0\u01a1i Ho\u00e0ng Vi\u1ec7t 5G foods \u0111\u1ea3m b\u1ea3o t\u01b0\u01a1i ngon an to\u00e0n v\u1ec7 sinh th\u1ef1c ph\u1ea9m - \u0111\u1ea1t chu\u1ea9n iso 22000:2018\" \/>\n<meta property=\"og:url\" content=\"http:\/\/maudep.com.vn\/thucpham\/?product=diem-than\" \/>\n<meta property=\"og:site_name\" content=\"Th\u1ef1c Ph\u1ea9m RT 1\" \/>\n<meta property=\"article:publisher\" content=\"https:\/\/www.facebook.com\/hoangvietmaudep.com.vn\/thucpham\" \/>\n<meta property=\"article:modified_time\" content=\"2021-01-15T09:34:12+00:00\" \/>\n<meta property=\"og:image\" content=\"http:\/\/maudep.com.vn\/thucpham\/wp-content\/uploads\/2020\/09\/tai-xuong.jpg\" \/>\n\t<meta property=\"og:image:width\" content=\"262\" \/>\n\t<meta property=\"og:image:height\" content=\"193\" \/>\n<meta name=\"twitter:card\" content=\"summary_large_image\" \/>\n<script type=\"application\/ld+json\" class=\"yoast-schema-graph\">{\"@context\":\"https:\/\/schema.org\",\"@graph\":[{\"@type\":\"WebSite\",\"@id\":\"http:\/\/maudep.com.vn\/thucpham\/#website\",\"url\":\"http:\/\/maudep.com.vn\/thucpham\/\",\"name\":\"Th\\u1ef1c Ph\\u1ea9m RT 1\",\"description\":\"\",\"potentialAction\":[{\"@type\":\"SearchAction\",\"target\":\"http:\/\/maudep.com.vn\/thucpham\/?s={search_term_string}\",\"query-input\":\"required name=search_term_string\"}],\"inLanguage\":\"vi\"},{\"@type\":\"ImageObject\",\"@id\":\"http:\/\/maudep.com.vn\/thucpham\/?product=diem-than#primaryimage\",\"inLanguage\":\"vi\",\"url\":\"http:\/\/maudep.com.vn\/thucpham\/wp-content\/uploads\/2020\/09\/tai-xuong.jpg\",\"width\":262,\"height\":193,\"caption\":\"diem-than\"},{\"@type\":\"WebPage\",\"@id\":\"http:\/\/maudep.com.vn\/thucpham\/?product=diem-than#webpage\",\"url\":\"http:\/\/maudep.com.vn\/thucpham\/?product=diem-than\",\"name\":\"Di\\u1ec1m th\\u0103n - Th\\u1ef1c Ph\\u1ea9m RT 1\",\"isPartOf\":{\"@id\":\"http:\/\/maudep.com.vn\/thucpham\/#website\"},\"primaryImageOfPage\":{\"@id\":\"http:\/\/maudep.com.vn\/thucpham\/?product=diem-than#primaryimage\"},\"datePublished\":\"2020-09-23T19:18:29+00:00\",\"dateModified\":\"2021-01-15T09:34:12+00:00\",\"breadcrumb\":{\"@id\":\"http:\/\/maudep.com.vn\/thucpham\/?product=diem-than#breadcrumb\"},\"inLanguage\":\"vi\",\"potentialAction\":[{\"@type\":\"ReadAction\",\"target\":[\"http:\/\/maudep.com.vn\/thucpham\/?product=diem-than\"]}]},{\"@type\":\"BreadcrumbList\",\"@id\":\"http:\/\/maudep.com.vn\/thucpham\/?product=diem-than#breadcrumb\",\"itemListElement\":[{\"@type\":\"ListItem\",\"position\":1,\"item\":{\"@type\":\"WebPage\",\"@id\":\"http:\/\/maudep.com.vn\/thucpham\/\",\"url\":\"http:\/\/maudep.com.vn\/thucpham\/\",\"name\":\"Trang ch\\u1ee7\"}},{\"@type\":\"ListItem\",\"position\":2,\"item\":{\"@type\":\"WebPage\",\"@id\":\"http:\/\/maudep.com.vn\/thucpham\/?page_id=63\",\"url\":\"http:\/\/maudep.com.vn\/thucpham\/?page_id=63\",\"name\":\"Shop\"}},{\"@type\":\"ListItem\",\"position\":3,\"item\":{\"@type\":\"WebPage\",\"@id\":\"http:\/\/maudep.com.vn\/thucpham\/?product=diem-than\",\"url\":\"http:\/\/maudep.com.vn\/thucpham\/?product=diem-than\",\"name\":\"Di\\u1ec1m th\\u0103n\"}}]}]}<\/script>\n<!-- \/ Yoast SEO plugin. -->","_links":{"self":[{"href":"http:\/\/maudep.com.vn\/thucpham\/index.php?rest_route=\/wp\/v2\/product\/2149"}],"collection":[{"href":"http:\/\/maudep.com.vn\/thucpham\/index.php?rest_route=\/wp\/v2\/product"}],"about":[{"href":"http:\/\/maudep.com.vn\/thucpham\/index.php?rest_route=\/wp\/v2\/types\/product"}],"replies":[{"embeddable":true,"href":"http:\/\/maudep.com.vn\/thucpham\/index.php?rest_route=%2Fwp%2Fv2%2Fcomments&post=2149"}],"wp:featuredmedia":[{"embeddable":true,"href":"http:\/\/maudep.com.vn\/thucpham\/index.php?rest_route=\/wp\/v2\/media\/2693"}],"wp:attachment":[{"href":"http:\/\/maudep.com.vn\/thucpham\/index.php?rest_route=%2Fwp%2Fv2%2Fmedia&parent=2149"}],"curies":[{"name":"wp","href":"https:\/\/api.w.org\/{rel}","templated":true}]}}