{"id":2156,"date":"2020-09-24T02:21:49","date_gmt":"2020-09-23T19:21:49","guid":{"rendered":"https:\/\/maudep.com.vn\/thucpham\/?post_type=product&#038;p=2156"},"modified":"2021-01-13T09:26:45","modified_gmt":"2021-01-13T02:26:45","slug":"than-noi","status":"publish","type":"product","link":"http:\/\/maudep.com.vn\/thucpham\/?product=than-noi","title":{"rendered":"Th\u0103n n\u1ed9i (Tenderloin)"},"content":{"rendered":"<p style=\"text-align: justify;\">Th\u0103n n\u1ed9i (th\u0103n chu\u1ed9t)\u00a0trong ti\u1ebfng Anh g\u1ecdi l\u00e0\u00a0Tenderloin \u2013 ph\u1ea7n th\u0103n m\u1ec1m v\u00e0 ngon nh\u1ea5t c\u1ee7a con b\u00f2, l\u00e0 ph\u1ea7n th\u0103n n\u1eb1m \u1edf ph\u00eda g\u1ea7n cu\u1ed1i so v\u1edbi ph\u00eda d\u1ebb s\u01b0\u1eddn cu\u1ed1i c\u1ee7a ch\u00fa b\u00f2 (short loin). Th\u1ecbt th\u0103n n\u1ed9i c\u00f3 \u00edt m\u1ee1 nh\u01b0ng l\u1ea1i c\u00f3 \u0111\u1ed9 m\u1ec1m nh\u01b0 b\u01a1, th\u01a1m ng\u1eady \u0111\u1eadm \u0111\u00e0 m\u00e0 c\u00e1c ph\u1ea7n th\u1ecbt kh\u00e1c kh\u00f4ng th\u1ec3 s\u00e1nh \u0111\u01b0\u1ee3c.<\/p>\n<p style=\"text-align: justify;\">S\u1edf d\u0129 th\u0103n n\u1ed9i b\u00f2 \u0111\u1eaft v\u00ec m\u1ed9t ch\u00fa b\u00f2 ch\u1ec9 cho m\u1ed9t c\u00e2y n\u1ed9i duy nh\u1ea5t kho\u1ea3ng 2-2,5 kg. Th\u1ecbt th\u0103n n\u1ed9i\u00a0c\u00f3 tr\u1ecdng l\u01b0\u1ee3ng kh\u00f4ng nhi\u1ec1u, ph\u1ea7n th\u1ecbt n\u00e0y ph\u00f9 h\u1ee3p nh\u1ea5t cho m\u00f3n Steak, \u00e1p ch\u1ea3o hay b\u1ecf l\u00f2 b\u1edfi \u0111\u1eb7c \u0111i\u1ec3m m\u1ec1m, ng\u1ecdt.<\/p>\n<h2 style=\"text-align: justify;\"><span style=\"font-size: 75%;\"><strong>Th\u01b0\u1edfng th\u1ee9c th\u0103n n\u1ed9i b\u00f2<\/strong><\/span><\/h2>\n<p style=\"text-align: justify;\">Kh\u00f4ng gi\u1ed1ng c\u00e1c ph\u1ea7n th\u0103n kh\u00e1c, khi th\u01b0\u1edfng th\u1ee9c\u00a0th\u0103n n\u1ed9i b\u00f2\u00a0kh\u00f4ng c\u1ea7n cho qu\u00e1 nhi\u1ec1u gia v\u1ecb, h\u00e3y gi\u1eef nguy\u00ean h\u01b0\u01a1ng v\u1ecb ban \u0111\u1ea7u c\u1ee7a mi\u1ebfng th\u1ecbt th\u0103n n\u1ed9i, ch\u1ec9 c\u1ea7n cho m\u1ed9t ch\u00fat mu\u1ed1i v\u00e0 ti\u00eau c\u0169ng \u0111\u1ee7 \u0111\u1ec3 b\u1ea1n c\u00f3 m\u00f3n Steak v\u00f4 c\u00f9ng h\u1ea5p d\u1eabn. N\u1ebfu cho qu\u00e1 nhi\u1ec1u gia v\u1ecb, v\u1ecb ngon c\u1ee7a mi\u1ebfng th\u1ecbt b\u00f2 c\u00f3 th\u1ec3 b\u1ecb l\u1ea5n \u00e1t b\u1edfi nh\u1eefng gia v\u1ecb kh\u00e1c.<\/p>\n<p style=\"text-align: justify;\">Ph\u1ea7n Steak Tenderloin \u0111\u01b0\u1ee3c m\u00f4 t\u1ea3 l\u00e0 \u201cm\u1ec1m m\u01b0\u1ee3t nh\u01b0 b\u01a1\u201d v\u00e0 mang l\u1ea1i tr\u1ea3i nghi\u1ec7m v\u00f4 c\u00f9ng \u0111\u1ed9c \u0111\u00e1o khi th\u01b0\u1edfng th\u1ee9c. Mi\u1ebfng th\u0103n n\u1ed9i m\u1ec1m ng\u1ecdt \u0111\u1eadm \u0111\u00e0 khi\u1ebfn th\u1ef1c kh\u00e1ch nh\u1edb m\u00e3i.<\/p>\n<h2 style=\"text-align: justify;\"><span style=\"font-size: 80%;\"><strong>C\u00e1ch chia mi\u1ebfng cho th\u0103n n\u1ed9i b\u00f2<\/strong><\/span><\/h2>\n<p style=\"text-align: justify;\">V\u1edbi \u0111\u1eb7c \u0111i\u1ec3m tr\u00f2n th\u0103n, c\u00e2y th\u0103n n\u1ed9i c\u00f3 kh\u1ed5 th\u1ecbt kh\u00e1 nh\u1ecf v\u00e0 tr\u00f2n so v\u1edbi c\u00e1c ph\u1ea7n th\u1ecbt kh\u00e1c. Do kh\u1ed5 th\u1ecbt tr\u00f2n v\u00e0 m\u1ec1m, th\u0103n n\u1ed9i b\u00f2 M\u1ef9 n\u00ean \u0111\u01b0\u1ee3c c\u1eaft t\u1eeb 3 \u0111\u1ebfn 3.5 cm cho m\u00f3n Steak.<\/p>\n<p><strong>L\u01b0u \u00fd:<\/strong><\/p>\n<p>Ch\u1ec9 s\u1ef1 d\u1ee5ng s\u1ea3n ph\u1ea9m khi bao b\u00ec c\u00f2n nguy\u00ean v\u1eb9n.<br \/>\nKh\u00f4ng s\u1eed d\u1ee5ng s\u1ea3n ph\u1ea9m n\u1ebfu \u0111\u00e3 c\u00f3 m\u00f9i l\u1ea1.<\/p>\n","protected":false},"excerpt":{"rendered":"<p><strong>Nh\u00e3n hi\u1ec7u:<\/strong> Ho\u00e0ng Vi\u1ec7t 5G foods<\/p>\n<p><strong>Xu\u1ea5t x\u1ee9:<\/strong> \u00dac<\/p>\n<p><strong>\u0110\u00f3ng g\u00f3i:<\/strong> h\u00fat ch\u00e2n kh\u00f4ng<\/p>\n<p><strong>B\u1ea3o qu\u1ea3n:<\/strong> ng\u0103n m\u00e1t<\/p>\n<p>Th\u1ecbt b\u00f2 t\u01b0\u01a1i Ho\u00e0ng Vi\u1ec7t 5G foods \u0111\u1ea3m b\u1ea3o t\u01b0\u01a1i ngon an to\u00e0n v\u1ec7 sinh th\u1ef1c ph\u1ea9m &#8211; \u0111\u1ea1t chu\u1ea9n iso 22000:2018<\/p>\n","protected":false},"featured_media":2210,"comment_status":"open","ping_status":"closed","template":"","meta":[],"yoast_head":"<!-- This site is optimized with the Yoast SEO plugin v14.7 - https:\/\/yoast.com\/wordpress\/plugins\/seo\/ -->\n<title>Th\u0103n n\u1ed9i (Tenderloin) - Th\u1ef1c Ph\u1ea9m RT 1<\/title>\n<meta name=\"description\" content=\"Th\u0103n n\u1ed9i b\u00f2 (th\u0103n chu\u1ed9t)\u00a0trong ti\u1ebfng Anh g\u1ecdi l\u00e0\u00a0Tenderloin \u2013 ph\u1ea7n th\u0103n m\u1ec1m v\u00e0 ngon nh\u1ea5t c\u1ee7a con b\u00f2, &quot;m\u1ec1m m\u01b0\u1ee3t nh\u01b0 b\u01a1&quot;.\" \/>\n<meta name=\"robots\" content=\"index, follow\" \/>\n<meta name=\"googlebot\" content=\"index, follow, max-snippet:-1, max-image-preview:large, max-video-preview:-1\" \/>\n<meta name=\"bingbot\" content=\"index, follow, max-snippet:-1, max-image-preview:large, max-video-preview:-1\" \/>\n<link rel=\"canonical\" href=\"http:\/\/maudep.com.vn\/thucpham\/?product=than-noi\" \/>\n<meta property=\"og:locale\" content=\"vi_VN\" \/>\n<meta property=\"og:type\" content=\"article\" \/>\n<meta property=\"og:title\" content=\"Th\u0103n n\u1ed9i (Tenderloin) - Th\u1ef1c Ph\u1ea9m RT 1\" \/>\n<meta property=\"og:description\" content=\"Th\u0103n n\u1ed9i b\u00f2 (th\u0103n chu\u1ed9t)\u00a0trong ti\u1ebfng Anh g\u1ecdi l\u00e0\u00a0Tenderloin \u2013 ph\u1ea7n th\u0103n m\u1ec1m v\u00e0 ngon nh\u1ea5t c\u1ee7a con b\u00f2, &quot;m\u1ec1m m\u01b0\u1ee3t nh\u01b0 b\u01a1&quot;.\" \/>\n<meta property=\"og:url\" content=\"http:\/\/maudep.com.vn\/thucpham\/?product=than-noi\" \/>\n<meta property=\"og:site_name\" content=\"Th\u1ef1c Ph\u1ea9m RT 1\" \/>\n<meta property=\"article:publisher\" content=\"https:\/\/www.facebook.com\/hoangvietmaudep.com.vn\/thucpham\" \/>\n<meta property=\"article:modified_time\" content=\"2021-01-13T02:26:45+00:00\" \/>\n<meta property=\"og:image\" content=\"http:\/\/maudep.com.vn\/thucpham\/wp-content\/uploads\/2020\/09\/ContentBolt-BeefTenderloinSteak-Slice_1579653852102_960x960.jpg\" \/>\n\t<meta property=\"og:image:width\" content=\"960\" \/>\n\t<meta property=\"og:image:height\" content=\"540\" \/>\n<meta name=\"twitter:card\" content=\"summary_large_image\" \/>\n<script type=\"application\/ld+json\" class=\"yoast-schema-graph\">{\"@context\":\"https:\/\/schema.org\",\"@graph\":[{\"@type\":\"WebSite\",\"@id\":\"http:\/\/maudep.com.vn\/thucpham\/#website\",\"url\":\"http:\/\/maudep.com.vn\/thucpham\/\",\"name\":\"Th\\u1ef1c Ph\\u1ea9m RT 1\",\"description\":\"\",\"potentialAction\":[{\"@type\":\"SearchAction\",\"target\":\"http:\/\/maudep.com.vn\/thucpham\/?s={search_term_string}\",\"query-input\":\"required name=search_term_string\"}],\"inLanguage\":\"vi\"},{\"@type\":\"ImageObject\",\"@id\":\"http:\/\/maudep.com.vn\/thucpham\/?product=than-noi#primaryimage\",\"inLanguage\":\"vi\",\"url\":\"http:\/\/maudep.com.vn\/thucpham\/wp-content\/uploads\/2020\/09\/ContentBolt-BeefTenderloinSteak-Slice_1579653852102_960x960.jpg\",\"width\":960,\"height\":540},{\"@type\":\"WebPage\",\"@id\":\"http:\/\/maudep.com.vn\/thucpham\/?product=than-noi#webpage\",\"url\":\"http:\/\/maudep.com.vn\/thucpham\/?product=than-noi\",\"name\":\"Th\\u0103n n\\u1ed9i (Tenderloin) - Th\\u1ef1c Ph\\u1ea9m RT 1\",\"isPartOf\":{\"@id\":\"http:\/\/maudep.com.vn\/thucpham\/#website\"},\"primaryImageOfPage\":{\"@id\":\"http:\/\/maudep.com.vn\/thucpham\/?product=than-noi#primaryimage\"},\"datePublished\":\"2020-09-23T19:21:49+00:00\",\"dateModified\":\"2021-01-13T02:26:45+00:00\",\"description\":\"Th\\u0103n n\\u1ed9i b\\u00f2 (th\\u0103n chu\\u1ed9t)\\u00a0trong ti\\u1ebfng Anh g\\u1ecdi l\\u00e0\\u00a0Tenderloin \\u2013 ph\\u1ea7n th\\u0103n m\\u1ec1m v\\u00e0 ngon nh\\u1ea5t c\\u1ee7a con b\\u00f2, \\\"m\\u1ec1m m\\u01b0\\u1ee3t nh\\u01b0 b\\u01a1\\\".\",\"breadcrumb\":{\"@id\":\"http:\/\/maudep.com.vn\/thucpham\/?product=than-noi#breadcrumb\"},\"inLanguage\":\"vi\",\"potentialAction\":[{\"@type\":\"ReadAction\",\"target\":[\"http:\/\/maudep.com.vn\/thucpham\/?product=than-noi\"]}]},{\"@type\":\"BreadcrumbList\",\"@id\":\"http:\/\/maudep.com.vn\/thucpham\/?product=than-noi#breadcrumb\",\"itemListElement\":[{\"@type\":\"ListItem\",\"position\":1,\"item\":{\"@type\":\"WebPage\",\"@id\":\"http:\/\/maudep.com.vn\/thucpham\/\",\"url\":\"http:\/\/maudep.com.vn\/thucpham\/\",\"name\":\"Trang ch\\u1ee7\"}},{\"@type\":\"ListItem\",\"position\":2,\"item\":{\"@type\":\"WebPage\",\"@id\":\"http:\/\/maudep.com.vn\/thucpham\/?page_id=63\",\"url\":\"http:\/\/maudep.com.vn\/thucpham\/?page_id=63\",\"name\":\"Shop\"}},{\"@type\":\"ListItem\",\"position\":3,\"item\":{\"@type\":\"WebPage\",\"@id\":\"http:\/\/maudep.com.vn\/thucpham\/?product=than-noi\",\"url\":\"http:\/\/maudep.com.vn\/thucpham\/?product=than-noi\",\"name\":\"Th\\u0103n n\\u1ed9i (Tenderloin)\"}}]}]}<\/script>\n<!-- \/ Yoast SEO plugin. -->","_links":{"self":[{"href":"http:\/\/maudep.com.vn\/thucpham\/index.php?rest_route=\/wp\/v2\/product\/2156"}],"collection":[{"href":"http:\/\/maudep.com.vn\/thucpham\/index.php?rest_route=\/wp\/v2\/product"}],"about":[{"href":"http:\/\/maudep.com.vn\/thucpham\/index.php?rest_route=\/wp\/v2\/types\/product"}],"replies":[{"embeddable":true,"href":"http:\/\/maudep.com.vn\/thucpham\/index.php?rest_route=%2Fwp%2Fv2%2Fcomments&post=2156"}],"wp:featuredmedia":[{"embeddable":true,"href":"http:\/\/maudep.com.vn\/thucpham\/index.php?rest_route=\/wp\/v2\/media\/2210"}],"wp:attachment":[{"href":"http:\/\/maudep.com.vn\/thucpham\/index.php?rest_route=%2Fwp%2Fv2%2Fmedia&parent=2156"}],"curies":[{"name":"wp","href":"https:\/\/api.w.org\/{rel}","templated":true}]}}