{"id":2172,"date":"2020-09-24T02:28:21","date_gmt":"2020-09-23T19:28:21","guid":{"rendered":"https:\/\/maudep.com.vn\/thucpham\/?post_type=product&#038;p=2172"},"modified":"2021-01-14T13:28:49","modified_gmt":"2021-01-14T06:28:49","slug":"thit-mong","status":"publish","type":"product","link":"http:\/\/maudep.com.vn\/thucpham\/?product=thit-mong","title":{"rendered":"Th\u1ecbt m\u00f4ng"},"content":{"rendered":"<p>Gi\u1edd \u0111\u00e2y c\u00e1c lo\u1ea1i th\u1ecbt b\u00f2 nh\u1eadp kh\u1ea9u \u0111\u00e3 tr\u1edf n\u00ean quen thu\u1ed9c v\u1edbi ng\u01b0\u1eddi ti\u00eau d\u00f9ng trong n\u01b0\u1edbc. Gi\u00e1 th\u00e0nh c\u1ee7a ch\u00fang kh\u00f4ng qu\u00e1 cao v\u00e0 ph\u00f9 h\u1ee3p v\u1edbi thu nh\u1eadp c\u1ee7a h\u1ea9u h\u1ebft ng\u01b0\u1eddi Vi\u1ec7t, v\u00ec th\u1ebf m\u00e0 th\u1ecbt b\u00f2 nh\u1eadp kh\u1ea9u \u0111ang c\u00f3 xu h\u01b0\u1edbng thay th\u1ebf lo\u1ea1i b\u00f2 ta th\u00f4ng th\u01b0\u1eddng trong c\u00e1c b\u1eefa c\u01a1m gia \u0111\u00ecnh h\u00e0ng ng\u00e0y. Trong c\u00e1c lo\u1ea1i b\u00f2 nh\u1eadp kh\u1ea9u th\u00ec c\u00f3 th\u1ecbt b\u00f2 \u00dac l\u00e0 h\u1ed9i t\u1ee5 \u0111\u01b0\u1ee3c nh\u1eefng \u01b0u \u0111i\u1ec3m \u0111\u00e1p \u1ee9ng m\u1ecdi y\u00eau c\u1ea7u c\u1ee7a kh\u00e1ch h\u00e0ng trong n\u01b0\u1edbc, ch\u1eb3ng h\u1ea1n nh\u01b0 kh\u00f4ng ch\u1ee9a h\u00f3a ch\u1ea5t b\u1ea3o qu\u1ea3n, ch\u1ea5t k\u00edch th\u00edch t\u0103ng tr\u01b0\u1edfng, l\u1ea1 mi\u1ec7ng, gi\u00e1 c\u1ea3 h\u1ee3p t\u00fai ti\u1ec1n\u2026V\u1eady n\u00ean trong m\u1ed9t v\u00e0i n\u0103m g\u1ea7n \u0111\u00e2y, th\u1ecbt b\u00f2 \u00dac \u0111\u00e3 l\u00e0m m\u01b0a l\u00e0m gi\u00f3 tr\u00ean th\u1ecb tr\u01b0\u1eddng n\u01b0\u1edbc ta v\u00e0 tr\u1edf th\u00e0nh m\u1eb7t h\u00e0ng c\u00f3 s\u1ea3n l\u01b0\u1ee3ng ti\u00eau th\u1ee5 r\u1ea5t cao.<\/p>\n<p><strong><span style=\"font-size: 110%;\">1. Th\u00f4ng tin s\u1ea3n ph\u1ea9m th\u1ecbt m\u00f4ng b\u00f2 \u00dac \u2013 Topside<\/span><\/strong><\/p>\n<p>Theo c\u00e1ch g\u1ecdi truy\u1ec1n th\u1ed1ng c\u1ee7a ng\u01b0\u1eddi Vi\u1ec7t th\u00ec th\u1ecbt n\u1ea1c m\u00f4ng c\u00f2n c\u00f3 t\u00ean l\u00e0 n\u1ea1m b\u00f2, l\u00e0 nguy\u00ean li\u1ec7u kh\u00f4ng th\u1ec3 thi\u1ebfu trong m\u00f3n ph\u1edf n\u1ed5i ti\u1ebfng. Ph\u1ea7n th\u1ecbt n\u00e0y l\u00e0 ph\u1ea7n c\u01a1 v\u1eadn \u0111\u1ed9ng nhi\u1ec1u c\u1ee7a con b\u00f2 n\u00ean r\u1ea5t s\u0103n ch\u1eafc, l\u1ea1i c\u00f3 nhi\u1ec1u m\u00f4 n\u1ed1i, \u0111\u01b0\u1eddng g\u00e2n n\u00ean t\u01b0\u01a1ng \u0111\u1ed1i dai. Tuy nhi\u00ean th\u1edb th\u1ecbt c\u1ee7a n\u00f3 l\u1ea1i r\u1ea5t nh\u1ecf, m\u1ecbn, v\u1ecb ng\u1ecdt \u0111\u1eadm \u0111\u00e0 v\u00f4 c\u00f9ng h\u1ea5p d\u1eabn.<\/p>\n<p><img loading=\"lazy\" class=\"alignnone size-medium wp-image-2011\" src=\"http:\/\/hoangvietmaudep.com.vn\/thucpham\/wp-content\/uploads\/2020\/08\/thit-mong-bo-my-mon-an-tuyet-voi-547x400.jpg\" alt=\"\" width=\"547\" height=\"400\" srcset=\"http:\/\/maudep.com.vn\/thucpham\/wp-content\/uploads\/2020\/08\/thit-mong-bo-my-mon-an-tuyet-voi-547x400.jpg 547w, http:\/\/maudep.com.vn\/thucpham\/wp-content\/uploads\/2020\/08\/thit-mong-bo-my-mon-an-tuyet-voi-768x562.jpg 768w, http:\/\/maudep.com.vn\/thucpham\/wp-content\/uploads\/2020\/08\/thit-mong-bo-my-mon-an-tuyet-voi-600x439.jpg 600w, http:\/\/maudep.com.vn\/thucpham\/wp-content\/uploads\/2020\/08\/thit-mong-bo-my-mon-an-tuyet-voi.jpg 1025w\" sizes=\"(max-width: 547px) 100vw, 547px\" \/><\/p>\n<p>S\u1ea3n ph\u1ea9m th\u1ecbt m\u00f4ng b\u00f2 \u00dac \u2013Topside \u0111\u01b0\u1ee3c nh\u1eadp kh\u1ea9u nguy\u00ean con t\u1eeb \u00dac theo \u0111\u01b0\u1eddng ch\u00ednh ng\u1ea1ch, ch\u1ea5t l\u01b0\u1ee3ng tuy\u1ec7t h\u1ea3o, \u0111\u01b0\u1ee3c \u01b0a chu\u1ed9ng \u1edf nhi\u1ec1u n\u01b0\u1edbc tr\u00ean th\u1ebf gi\u1edbi, sau \u0111\u00f3 \u0111\u01b0\u1ee3c v\u1ed7 b\u00e9o v\u00e0 gi\u1ebft m\u1ed5 \u1edf Vi\u1ec7t Nam. Nh\u1eefng kh\u00fac th\u1ecbt m\u00f4ng h\u00ecnh b\u1ea7u d\u1ee5c, d\u00e0y d\u1eb7n, to tr\u00f2n \u0111\u00e3 \u0111\u01b0\u1ee3c l\u1ecdc h\u1ebft l\u1edbp m\u00e0ng m\u1ee1 v\u00e0 g\u00e2n dai bao b\u1ecdc ph\u00eda ngo\u00e0i.<\/p>\n<p>Mi\u1ebfng th\u1ecbt m\u00f4ng b\u00f2 \u00dac c\u00f3 m\u00e0u \u0111\u1ecf s\u1eabm, h\u01a1i dai v\u00e0 \u00edt m\u1ee1 n\u00ean r\u1ea5t th\u00edch h\u1ee3p cho nh\u1eefng ng\u01b0\u1eddi n\u00e0o kh\u00f4ng mu\u1ed1n \u0103n m\u00f3n b\u00f2 qu\u00e1 b\u00e9o ng\u1eady. Th\u1ecbt m\u00f4ng th\u01b0\u1eddng \u0111\u01b0\u1ee3c d\u00f9ng l\u00e0m m\u00f3n h\u1ea7m, x\u00e0o, x\u1ed1t rau c\u1ee7, \u00e1p ch\u1ea3o\u2026Tuy nhi\u00ean, \u0111\u1ec3 ch\u1ebf bi\u1ebfn th\u1ecbt m\u00f4ng kh\u00f4ng ph\u1ea3i l\u00e0 \u0111i\u1ec1u d\u1ec5 d\u00e0ng. B\u1edfi ph\u1ea7n th\u1ecbt n\u00e0y r\u1ea5t n\u1ea1c n\u00ean n\u1ebfu kh\u00f4ng bi\u1ebft c\u00e1ch khi \u0103n s\u1ebd b\u1ecb kh\u00f4, dai v\u00e0 m\u1ea5t v\u1ecb ng\u1ecdt t\u1ef1 nhi\u00ean c\u1ee7a n\u00f3.<\/p>\n<p>V\u00ec th\u1ebf n\u1ebfu b\u1ea1n kh\u00f4ng ph\u1ea3i l\u00e0 ng\u01b0\u1eddi kh\u00e9o l\u00e9o trong vi\u1ec7c l\u00e0m b\u1ebfp th\u00ec n\u00ean ch\u1ecdn m\u00f3n h\u1ea7m. Mi\u1ebfng th\u1ecbt v\u1eeba m\u1ec1m v\u1eeba \u0111\u01b0\u1ee3m gia v\u1ecb v\u00e0 k\u1ef9 thu\u1eadt ch\u1ebf bi\u1ebfn l\u1ea1i v\u00f4 c\u00f9ng \u0111\u01a1n gi\u1ea3n. M\u00f3n h\u1ea7m v\u1eeba \u0111\u1eadm \u0111\u00e0 \u0111\u01b0a c\u01a1m l\u1ea1i \u0111\u1ea7y \u0111\u1ee7 dinh d\u01b0\u1ee1ng m\u00e0 ai c\u0169ng th\u00edch \u0103n.<\/p>\n<p><span style=\"font-size: 110%;\"><strong>2. T\u1ea1i sao b\u1ea1n n\u00ean s\u1eed d\u1ee5ng th\u1ecbt m\u00f4ng b\u00f2 \u00dac \u2013 Topside<\/strong><\/span><\/p>\n<p>Kh\u00f4ng ch\u1ec9 c\u00f3 th\u1ecbt m\u00f4ng m\u00e0 b\u1ea5t c\u1ee9 s\u1ea3n ph\u1ea9m b\u00f2 \u00dac n\u00e0o c\u0169ng c\u00f3 ch\u1ea5t l\u01b0\u1ee3ng t\u1ed1t v\u00e0 \u1ed5n \u0111\u1ecbnh.Tuy m\u1edbi ch\u1ec9 c\u00f3 m\u1eb7t tr\u00ean th\u1ecb tr\u01b0\u1eddng Vi\u1ec7t Nam trong m\u1ed9t v\u00e0i n\u0103m tr\u1edf l\u1ea1i \u0111\u00e2y nh\u01b0ng th\u1ecbt b\u00f2 \u00dac \u0111\u00e3 nhanh ch\u00f3ng chi\u1ebfm \u0111\u01b0\u1ee3c thi\u1ec7n c\u1ea3m c\u1ee7a ng\u01b0\u1eddi ti\u00eau d\u00f9ng v\u00e0 ng\u00e0y c\u00e0ng \u0111\u01b0\u1ee3c \u01b0a chu\u1ed9ng.<\/p>\n<p>Ch\u1ea5t l\u01b0\u1ee3ng b\u00f2 \u00dac \u0111\u01b0\u1ee3c duy tr\u00ec \u1ed5n \u0111\u1ecbnh nh\u01b0 v\u1eady l\u00e0 b\u1edfi ch\u00fang \u0111\u01b0\u1ee3c tuy\u1ec3n ch\u1ecdn k\u1ef9 l\u01b0\u1ee1ng t\u1eeb kh\u00e2u con gi\u1ed1ng, qu\u00e1 tr\u00ecnh ch\u0103n nu\u00f4i khoa h\u1ecdc, ch\u1ec9 s\u1eed d\u1ee5ng lo\u1ea1i th\u1ee9c \u0103n h\u1eefu c\u01a1 \u0111\u01b0\u1ee3c ph\u1ed1i tr\u1ed9n t\u1eeb ng\u0169 c\u1ed1c t\u1ef1 nhi\u00ean nh\u01b0 \u0111\u1eadu t\u01b0\u01a1ng, ng\u00f4, l\u00faa\u2026v\u00e0 kh\u00f4ng h\u1ec1 c\u00f3 s\u1ef1 xu\u1ea5t hi\u1ec7n c\u1ee7a b\u1ea5t c\u1ee9 th\u00e0nh ph\u1ea7n h\u00f3a h\u1ecdc \u0111\u1ed9c h\u1ea1i n\u00e0o. Ch\u00ednh v\u00ec v\u1eady th\u1ecbt b\u00f2 \u00dac r\u1ea5t s\u1ea1ch v\u00e0 an to\u00e0n cho s\u1ee9c kh\u1ecfe.<\/p>\n<p>B\u00f2 \u00dac xu\u1ea5t chu\u1ed3ng ph\u1ea3i \u0111\u1ea1t \u0111\u01b0\u1ee3c c\u00e2n n\u1eb7ng t\u1ed1i thi\u1ec3u v\u00e0 th\u1eddi gian sinh tr\u01b0\u1edfng theo quy \u0111\u1ecbnh n\u00ean kh\u00f4ng c\u00f3 chuy\u1ec7n mua ph\u1ea3i con b\u00f2 gi\u00e0 th\u1ecbt dai ho\u1eb7c b\u00f2 non th\u1ecbt b\u1ecb m\u1ec1m, nh\u00e3o. Ch\u1ea5t l\u01b0\u1ee3ng th\u1ecbt b\u00f2 \u00dac r\u1ea5t \u1ed5n \u0111\u1ecbnh v\u00e0 \u0111\u1ed3ng \u0111\u1ec1u.<br \/>\nKh\u00e2u gi\u1ebft m\u1ed5, \u0111\u00f3ng g\u00f3i v\u00e0 b\u1ea3o qu\u1ea3n ph\u1ea3i tu\u00e2n theo m\u1ed9t quy tr\u00ecnh nghi\u00eam ng\u1eb7t, \u0111\u1ea3m b\u1ea3o an to\u00e0n v\u1ec7 sinh th\u1ef1c ph\u1ea9m, v\u1edbi s\u1ef1 h\u1ed7 tr\u1ee3 c\u1ee7a c\u00e1c thi\u1ebft b\u1ecb ti\u00ean ti\u1ebfn, hi\u1ec7n \u0111\u1ea1i gi\u00fap duy tr\u00ec ch\u1ea5t l\u01b0\u1ee3ng th\u1ecbt b\u00f2, k\u00e9o d\u00e0i th\u1eddi gian d\u1ef1 tr\u1eef m\u00e0 kh\u00f4ng s\u1eed d\u1ee5ng b\u1ea5t c\u1ee9 ch\u1ea5t b\u1ea3o qu\u1ea3n n\u00e0o.<br \/>\nC\u00e1c chuy\u00ean gia dinh d\u01b0\u1ee1ng h\u00e0ng \u0111\u1ea7u th\u1ebf gi\u1edbi \u0111\u00e3 nghi\u00ean c\u1ee9u v\u00e0 \u0111\u00e1nh gi\u00e1 r\u1eb1ng, h\u00e0m l\u01b0\u1ee3ng cholesteron trong b\u00f2 \u00dac th\u1ea5p h\u01a1n h\u1eb3n c\u00e1c lo\u1ea1i b\u00f2 kh\u00e1c, V\u00ec th\u1ebf l\u1ef1a ch\u1ecdn th\u1ecbt b\u00f2 \u00dac cho c\u00e1c b\u1eefa \u0103n h\u00e0ng ng\u00e0y l\u00e0 m\u1ed9t s\u1ef1 l\u1ef1a ch\u1ecdn ho\u00e0n h\u1ea3o. Gi\u00fap b\u1ea1n c\u00f3 ngu\u1ed3n n\u0103ng l\u01b0\u1ee3ng d\u1ed3i d\u00e0o v\u00e0 l\u00e0nh m\u1ea1nh.<br \/>\nTh\u1ecbt b\u00f2 \u00dac nhi\u1ec1u n\u1ea1c nh\u01b0ng l\u1ea1i t\u01b0\u01a1ng \u0111\u1ed1i m\u1ec1m, v\u1ecb ng\u1ecdt t\u1ef1 nhi\u00ean m\u00e0 gi\u00e1 th\u00e0nh l\u1ea1i kh\u00f4ng qu\u00e1 cao.Ch\u1ec9 nh\u1ec9nh h\u01a1n 5 \u0111\u1ebfn 7% so v\u1edbi lo\u1ea1i b\u00f2 ta th\u00f4ng th\u01b0\u1eddng.V\u1edbi m\u1ee9c gi\u00e1 n\u00e0y, h\u1ea7u h\u1ebft ng\u01b0\u1eddi Vi\u1ec7t \u0111\u1ec1u c\u00f3 kh\u1ea3 n\u0103ng mua v\u00e0 s\u1eed d\u1ee5ng th\u01b0\u1eddng xuy\u00ean.<\/p>\n<p><strong>L\u01b0u \u00fd:<\/strong><\/p>\n<p>Ch\u1ec9 s\u1eed d\u1ee5ng s\u1ea3n ph\u1ea9m khi bao b\u00ec c\u00f2n nguy\u00ean v\u1eb9n.<br \/>\nKh\u00f4ng s\u1eed d\u1ee5ng s\u1ea3n ph\u1ea9m n\u1ebfu \u0111\u00e3 c\u00f3 m\u00f9i l\u1ea1.<\/p>\n","protected":false},"excerpt":{"rendered":"<p><strong>Nh\u00e3n hi\u1ec7u:<\/strong> Ho\u00e0ng Vi\u1ec7t 5G foods<\/p>\n<p><strong>Xu\u1ea5t x\u1ee9:<\/strong> \u00dac<\/p>\n<p><strong>\u0110\u00f3ng g\u00f3i:<\/strong> h\u00fat ch\u00e2n kh\u00f4ng<\/p>\n<p><strong>B\u1ea3o qu\u1ea3n:<\/strong> ng\u0103n m\u00e1t<\/p>\n<p>Th\u1ecbt b\u00f2 t\u01b0\u01a1i Ho\u00e0ng Vi\u1ec7t 5G foods \u0111\u1ea3m b\u1ea3o t\u01b0\u01a1i ngon an to\u00e0n v\u1ec7 sinh th\u1ef1c ph\u1ea9m &#8211; \u0111\u1ea1t chu\u1ea9n iso 22000:2018<\/p>\n","protected":false},"featured_media":2010,"comment_status":"open","ping_status":"closed","template":"","meta":[],"yoast_head":"<!-- This site is optimized with the Yoast SEO plugin v14.7 - https:\/\/yoast.com\/wordpress\/plugins\/seo\/ -->\n<title>Th\u1ecbt m\u00f4ng - Th\u1ef1c Ph\u1ea9m RT 1<\/title>\n<meta name=\"robots\" content=\"index, follow\" \/>\n<meta name=\"googlebot\" content=\"index, follow, max-snippet:-1, max-image-preview:large, max-video-preview:-1\" \/>\n<meta name=\"bingbot\" content=\"index, follow, max-snippet:-1, max-image-preview:large, max-video-preview:-1\" \/>\n<link rel=\"canonical\" href=\"http:\/\/maudep.com.vn\/thucpham\/?product=thit-mong\" \/>\n<meta property=\"og:locale\" content=\"vi_VN\" \/>\n<meta property=\"og:type\" content=\"article\" \/>\n<meta property=\"og:title\" content=\"Th\u1ecbt m\u00f4ng - Th\u1ef1c Ph\u1ea9m RT 1\" \/>\n<meta property=\"og:description\" content=\"Nh\u00e3n hi\u1ec7u: Ho\u00e0ng Vi\u1ec7t 5G foods  Xu\u1ea5t x\u1ee9: \u00dac  \u0110\u00f3ng g\u00f3i: h\u00fat ch\u00e2n kh\u00f4ng  B\u1ea3o qu\u1ea3n: ng\u0103n m\u00e1t  Th\u1ecbt b\u00f2 t\u01b0\u01a1i Ho\u00e0ng Vi\u1ec7t 5G foods \u0111\u1ea3m b\u1ea3o t\u01b0\u01a1i ngon an to\u00e0n v\u1ec7 sinh th\u1ef1c ph\u1ea9m - \u0111\u1ea1t chu\u1ea9n iso 22000:2018\" \/>\n<meta property=\"og:url\" content=\"http:\/\/maudep.com.vn\/thucpham\/?product=thit-mong\" \/>\n<meta property=\"og:site_name\" content=\"Th\u1ef1c Ph\u1ea9m RT 1\" \/>\n<meta property=\"article:publisher\" content=\"https:\/\/www.facebook.com\/hoangvietmaudep.com.vn\/thucpham\" \/>\n<meta property=\"article:modified_time\" content=\"2021-01-14T06:28:49+00:00\" \/>\n<meta property=\"og:image\" content=\"http:\/\/maudep.com.vn\/thucpham\/wp-content\/uploads\/2020\/08\/thit-mong-bo-nhap-khau-431x323-1.jpg\" \/>\n\t<meta property=\"og:image:width\" content=\"431\" \/>\n\t<meta property=\"og:image:height\" content=\"323\" \/>\n<meta name=\"twitter:card\" content=\"summary_large_image\" \/>\n<script type=\"application\/ld+json\" class=\"yoast-schema-graph\">{\"@context\":\"https:\/\/schema.org\",\"@graph\":[{\"@type\":\"WebSite\",\"@id\":\"http:\/\/maudep.com.vn\/thucpham\/#website\",\"url\":\"http:\/\/maudep.com.vn\/thucpham\/\",\"name\":\"Th\\u1ef1c Ph\\u1ea9m RT 1\",\"description\":\"\",\"potentialAction\":[{\"@type\":\"SearchAction\",\"target\":\"http:\/\/maudep.com.vn\/thucpham\/?s={search_term_string}\",\"query-input\":\"required name=search_term_string\"}],\"inLanguage\":\"vi\"},{\"@type\":\"ImageObject\",\"@id\":\"http:\/\/maudep.com.vn\/thucpham\/?product=thit-mong#primaryimage\",\"inLanguage\":\"vi\",\"url\":\"http:\/\/maudep.com.vn\/thucpham\/wp-content\/uploads\/2020\/08\/thit-mong-bo-nhap-khau-431x323-1.jpg\",\"width\":431,\"height\":323},{\"@type\":\"WebPage\",\"@id\":\"http:\/\/maudep.com.vn\/thucpham\/?product=thit-mong#webpage\",\"url\":\"http:\/\/maudep.com.vn\/thucpham\/?product=thit-mong\",\"name\":\"Th\\u1ecbt m\\u00f4ng - Th\\u1ef1c Ph\\u1ea9m RT 1\",\"isPartOf\":{\"@id\":\"http:\/\/maudep.com.vn\/thucpham\/#website\"},\"primaryImageOfPage\":{\"@id\":\"http:\/\/maudep.com.vn\/thucpham\/?product=thit-mong#primaryimage\"},\"datePublished\":\"2020-09-23T19:28:21+00:00\",\"dateModified\":\"2021-01-14T06:28:49+00:00\",\"breadcrumb\":{\"@id\":\"http:\/\/maudep.com.vn\/thucpham\/?product=thit-mong#breadcrumb\"},\"inLanguage\":\"vi\",\"potentialAction\":[{\"@type\":\"ReadAction\",\"target\":[\"http:\/\/maudep.com.vn\/thucpham\/?product=thit-mong\"]}]},{\"@type\":\"BreadcrumbList\",\"@id\":\"http:\/\/maudep.com.vn\/thucpham\/?product=thit-mong#breadcrumb\",\"itemListElement\":[{\"@type\":\"ListItem\",\"position\":1,\"item\":{\"@type\":\"WebPage\",\"@id\":\"http:\/\/maudep.com.vn\/thucpham\/\",\"url\":\"http:\/\/maudep.com.vn\/thucpham\/\",\"name\":\"Trang ch\\u1ee7\"}},{\"@type\":\"ListItem\",\"position\":2,\"item\":{\"@type\":\"WebPage\",\"@id\":\"http:\/\/maudep.com.vn\/thucpham\/?page_id=63\",\"url\":\"http:\/\/maudep.com.vn\/thucpham\/?page_id=63\",\"name\":\"Shop\"}},{\"@type\":\"ListItem\",\"position\":3,\"item\":{\"@type\":\"WebPage\",\"@id\":\"http:\/\/maudep.com.vn\/thucpham\/?product=thit-mong\",\"url\":\"http:\/\/maudep.com.vn\/thucpham\/?product=thit-mong\",\"name\":\"Th\\u1ecbt m\\u00f4ng\"}}]}]}<\/script>\n<!-- \/ Yoast SEO plugin. -->","_links":{"self":[{"href":"http:\/\/maudep.com.vn\/thucpham\/index.php?rest_route=\/wp\/v2\/product\/2172"}],"collection":[{"href":"http:\/\/maudep.com.vn\/thucpham\/index.php?rest_route=\/wp\/v2\/product"}],"about":[{"href":"http:\/\/maudep.com.vn\/thucpham\/index.php?rest_route=\/wp\/v2\/types\/product"}],"replies":[{"embeddable":true,"href":"http:\/\/maudep.com.vn\/thucpham\/index.php?rest_route=%2Fwp%2Fv2%2Fcomments&post=2172"}],"wp:featuredmedia":[{"embeddable":true,"href":"http:\/\/maudep.com.vn\/thucpham\/index.php?rest_route=\/wp\/v2\/media\/2010"}],"wp:attachment":[{"href":"http:\/\/maudep.com.vn\/thucpham\/index.php?rest_route=%2Fwp%2Fv2%2Fmedia&parent=2172"}],"curies":[{"name":"wp","href":"https:\/\/api.w.org\/{rel}","templated":true}]}}