{"id":2204,"date":"2020-09-28T02:31:35","date_gmt":"2020-09-27T19:31:35","guid":{"rendered":"https:\/\/maudep.com.vn\/thucpham\/?post_type=product&#038;p=2204"},"modified":"2021-01-13T10:10:10","modified_gmt":"2021-01-13T03:10:10","slug":"duoi-bo","status":"publish","type":"product","link":"http:\/\/maudep.com.vn\/thucpham\/?product=duoi-bo","title":{"rendered":"\u0110u\u00f4i b\u00f2"},"content":{"rendered":"<p>\u0110u\u00f4i b\u00f2 \u0111\u01b0\u1ee3c ch\u1ebf bi\u1ebfn th\u00e0nh nhi\u1ec1u m\u00f3n \u0103n nh\u01b0 l\u1ea9u \u0111u\u00f4i b\u00f2 v\u1edbi v\u1ecb ngon, m\u1ec1m c\u1ee7a \u0111u\u00f4i b\u00f2 v\u00e0 g\u00e2n \u0111u\u00f4i d\u1ebbo.<\/p>\n<p><strong>L\u01b0u \u00fd:<\/strong><\/p>\n<ul>\n<li>Ch\u1ec9 s\u1ef1 d\u1ee5ng s\u1ea3n ph\u1ea9m khi bao b\u00ec c\u00f2n nguy\u00ean v\u1eb9n.<\/li>\n<li>Kh\u00f4ng s\u1eed d\u1ee5ng s\u1ea3n ph\u1ea9m n\u1ebfu \u0111\u00e3 c\u00f3 m\u00f9i l\u1ea1.<\/li>\n<\/ul>\n","protected":false},"excerpt":{"rendered":"<p style=\"margin: 6.0pt 0in 6.0pt 0in;\"><strong>Nh\u00e3n hi\u1ec7u:<\/strong> Ho\u00e0ng Vi\u1ec7t 5G foods<\/p>\n<p style=\"margin: 6.0pt 0in 6.0pt 0in;\"><strong>Xu\u1ea5t x\u1ee9:<\/strong> \u00dac<\/p>\n<p style=\"margin: 6.0pt 0in 6.0pt 0in;\"><strong>\u0110\u00f3ng g\u00f3i:<\/strong> h\u00fat ch\u00e2n kh\u00f4ng<\/p>\n<p style=\"margin: 6.0pt 0in 6.0pt 0in;\"><strong>B\u1ea3o qu\u1ea3n<\/strong>: ng\u0103n m\u00e1t<\/p>\n<p>Th\u1ecbt b\u00f2 t\u01b0\u01a1i Ho\u00e0ng Vi\u1ec7t 5G foods \u0111\u1ea3m b\u1ea3o t\u01b0\u01a1i ngon an to\u00e0n v\u1ec7 sinh th\u1ef1c ph\u1ea9m &#8211; \u0111\u1ea1t chu\u1ea9n iso 22000:2018<\/p>\n","protected":false},"featured_media":2205,"comment_status":"open","ping_status":"closed","template":"","meta":[],"yoast_head":"<!-- This site is optimized with the Yoast SEO plugin v14.7 - https:\/\/yoast.com\/wordpress\/plugins\/seo\/ -->\n<title>\u0110u\u00f4i b\u00f2 - Th\u1ef1c Ph\u1ea9m RT 1<\/title>\n<meta name=\"description\" content=\"\u0110u\u00f4i b\u00f2 \u0111\u01b0\u1ee3c ch\u1ebf bi\u1ebfn th\u00e0nh nhi\u1ec1u m\u00f3n \u0103n nh\u01b0 l\u1ea9u \u0111u\u00f4i b\u00f2 v\u1edbi v\u1ecb ngon, m\u1ec1m c\u1ee7a \u0111u\u00f4i b\u00f2 v\u00e0 g\u00e2n \u0111u\u00f4i d\u1ebbo.\" \/>\n<meta name=\"robots\" content=\"index, follow\" \/>\n<meta name=\"googlebot\" content=\"index, follow, max-snippet:-1, max-image-preview:large, max-video-preview:-1\" \/>\n<meta name=\"bingbot\" content=\"index, follow, max-snippet:-1, max-image-preview:large, max-video-preview:-1\" \/>\n<link rel=\"canonical\" href=\"http:\/\/maudep.com.vn\/thucpham\/?product=duoi-bo\" \/>\n<meta property=\"og:locale\" content=\"vi_VN\" \/>\n<meta property=\"og:type\" content=\"article\" \/>\n<meta property=\"og:title\" content=\"\u0110u\u00f4i b\u00f2 - Th\u1ef1c Ph\u1ea9m RT 1\" \/>\n<meta property=\"og:description\" content=\"\u0110u\u00f4i b\u00f2 \u0111\u01b0\u1ee3c ch\u1ebf bi\u1ebfn th\u00e0nh nhi\u1ec1u m\u00f3n \u0103n nh\u01b0 l\u1ea9u \u0111u\u00f4i b\u00f2 v\u1edbi v\u1ecb ngon, m\u1ec1m c\u1ee7a \u0111u\u00f4i b\u00f2 v\u00e0 g\u00e2n \u0111u\u00f4i d\u1ebbo.\" \/>\n<meta property=\"og:url\" content=\"http:\/\/maudep.com.vn\/thucpham\/?product=duoi-bo\" \/>\n<meta property=\"og:site_name\" content=\"Th\u1ef1c Ph\u1ea9m RT 1\" \/>\n<meta property=\"article:publisher\" content=\"https:\/\/www.facebook.com\/hoangvietmaudep.com.vn\/thucpham\" \/>\n<meta property=\"article:modified_time\" content=\"2021-01-13T03:10:10+00:00\" \/>\n<meta property=\"og:image\" content=\"http:\/\/maudep.com.vn\/thucpham\/wp-content\/uploads\/2020\/09\/600px-Raw_oxtail-01.jpg\" \/>\n\t<meta property=\"og:image:width\" content=\"600\" \/>\n\t<meta property=\"og:image:height\" content=\"352\" \/>\n<meta name=\"twitter:card\" content=\"summary_large_image\" \/>\n<script type=\"application\/ld+json\" class=\"yoast-schema-graph\">{\"@context\":\"https:\/\/schema.org\",\"@graph\":[{\"@type\":\"WebSite\",\"@id\":\"http:\/\/maudep.com.vn\/thucpham\/#website\",\"url\":\"http:\/\/maudep.com.vn\/thucpham\/\",\"name\":\"Th\\u1ef1c Ph\\u1ea9m RT 1\",\"description\":\"\",\"potentialAction\":[{\"@type\":\"SearchAction\",\"target\":\"http:\/\/maudep.com.vn\/thucpham\/?s={search_term_string}\",\"query-input\":\"required name=search_term_string\"}],\"inLanguage\":\"vi\"},{\"@type\":\"ImageObject\",\"@id\":\"http:\/\/maudep.com.vn\/thucpham\/?product=duoi-bo#primaryimage\",\"inLanguage\":\"vi\",\"url\":\"http:\/\/maudep.com.vn\/thucpham\/wp-content\/uploads\/2020\/09\/600px-Raw_oxtail-01.jpg\",\"width\":600,\"height\":352},{\"@type\":\"WebPage\",\"@id\":\"http:\/\/maudep.com.vn\/thucpham\/?product=duoi-bo#webpage\",\"url\":\"http:\/\/maudep.com.vn\/thucpham\/?product=duoi-bo\",\"name\":\"\\u0110u\\u00f4i b\\u00f2 - Th\\u1ef1c Ph\\u1ea9m RT 1\",\"isPartOf\":{\"@id\":\"http:\/\/maudep.com.vn\/thucpham\/#website\"},\"primaryImageOfPage\":{\"@id\":\"http:\/\/maudep.com.vn\/thucpham\/?product=duoi-bo#primaryimage\"},\"datePublished\":\"2020-09-27T19:31:35+00:00\",\"dateModified\":\"2021-01-13T03:10:10+00:00\",\"description\":\"\\u0110u\\u00f4i b\\u00f2 \\u0111\\u01b0\\u1ee3c ch\\u1ebf bi\\u1ebfn th\\u00e0nh nhi\\u1ec1u m\\u00f3n \\u0103n nh\\u01b0 l\\u1ea9u \\u0111u\\u00f4i b\\u00f2 v\\u1edbi v\\u1ecb ngon, m\\u1ec1m c\\u1ee7a \\u0111u\\u00f4i b\\u00f2 v\\u00e0 g\\u00e2n \\u0111u\\u00f4i d\\u1ebbo.\",\"breadcrumb\":{\"@id\":\"http:\/\/maudep.com.vn\/thucpham\/?product=duoi-bo#breadcrumb\"},\"inLanguage\":\"vi\",\"potentialAction\":[{\"@type\":\"ReadAction\",\"target\":[\"http:\/\/maudep.com.vn\/thucpham\/?product=duoi-bo\"]}]},{\"@type\":\"BreadcrumbList\",\"@id\":\"http:\/\/maudep.com.vn\/thucpham\/?product=duoi-bo#breadcrumb\",\"itemListElement\":[{\"@type\":\"ListItem\",\"position\":1,\"item\":{\"@type\":\"WebPage\",\"@id\":\"http:\/\/maudep.com.vn\/thucpham\/\",\"url\":\"http:\/\/maudep.com.vn\/thucpham\/\",\"name\":\"Trang ch\\u1ee7\"}},{\"@type\":\"ListItem\",\"position\":2,\"item\":{\"@type\":\"WebPage\",\"@id\":\"http:\/\/maudep.com.vn\/thucpham\/?page_id=63\",\"url\":\"http:\/\/maudep.com.vn\/thucpham\/?page_id=63\",\"name\":\"Shop\"}},{\"@type\":\"ListItem\",\"position\":3,\"item\":{\"@type\":\"WebPage\",\"@id\":\"http:\/\/maudep.com.vn\/thucpham\/?product=duoi-bo\",\"url\":\"http:\/\/maudep.com.vn\/thucpham\/?product=duoi-bo\",\"name\":\"\\u0110u\\u00f4i b\\u00f2\"}}]}]}<\/script>\n<!-- \/ Yoast SEO plugin. -->","_links":{"self":[{"href":"http:\/\/maudep.com.vn\/thucpham\/index.php?rest_route=\/wp\/v2\/product\/2204"}],"collection":[{"href":"http:\/\/maudep.com.vn\/thucpham\/index.php?rest_route=\/wp\/v2\/product"}],"about":[{"href":"http:\/\/maudep.com.vn\/thucpham\/index.php?rest_route=\/wp\/v2\/types\/product"}],"replies":[{"embeddable":true,"href":"http:\/\/maudep.com.vn\/thucpham\/index.php?rest_route=%2Fwp%2Fv2%2Fcomments&post=2204"}],"wp:featuredmedia":[{"embeddable":true,"href":"http:\/\/maudep.com.vn\/thucpham\/index.php?rest_route=\/wp\/v2\/media\/2205"}],"wp:attachment":[{"href":"http:\/\/maudep.com.vn\/thucpham\/index.php?rest_route=%2Fwp%2Fv2%2Fmedia&parent=2204"}],"curies":[{"name":"wp","href":"https:\/\/api.w.org\/{rel}","templated":true}]}}