{"id":2335,"date":"2020-12-07T07:29:21","date_gmt":"2020-12-07T00:29:21","guid":{"rendered":"https:\/\/maudep.com.vn\/thucpham\/?post_type=product&#038;p=2335"},"modified":"2021-02-04T09:27:26","modified_gmt":"2021-02-04T02:27:26","slug":"mini-steak","status":"publish","type":"product","link":"http:\/\/maudep.com.vn\/thucpham\/?product=mini-steak","title":{"rendered":"Combo mini Steak"},"content":{"rendered":"<p style=\"text-align: justify;\"><strong>Th\u0103n n\u1ed9i<\/strong> (Tenderloin) ph\u1ea7n th\u0103n m\u1ec1m v\u00e0 ngon nh\u1ea5t c\u1ee7a con b\u00f2, l\u00e0 ph\u1ea7n th\u0103n n\u1eb1m \u1edf ph\u00eda g\u1ea7n cu\u1ed1i so v\u1edbi ph\u00eda d\u1ebb s\u01b0\u1eddn cu\u1ed1i c\u1ee7a ch\u00fa b\u00f2. Th\u1ecbt th\u0103n n\u1ed9i c\u00f3 \u00edt m\u1ee1 nh\u01b0ng l\u1ea1i c\u00f3 \u0111\u1ed9 m\u1ec1m nh\u01b0 b\u01a1, th\u01a1m ng\u1eady \u0111\u1eadm \u0111\u00e0 m\u00e0 c\u00e1c ph\u1ea7n th\u1ecbt kh\u00e1c kh\u00f4ng th\u1ec3 s\u00e1nh \u0111\u01b0\u1ee3c. V\u1edbi \u0111\u1eb7c \u0111i\u1ec3m tr\u00f2n th\u0103n, c\u00e2y th\u0103n n\u1ed9i c\u00f3 kh\u1ed5 th\u1ecbt kh\u00e1 nh\u1ecf v\u00e0 tr\u00f2n so v\u1edbi c\u00e1c ph\u1ea7n th\u1ecbt kh\u00e1c. Do kh\u1ed5 th\u1ecbt tr\u00f2n v\u00e0 m\u1ec1m, th\u0103n n\u1ed9i b\u00f2 n\u00ean s\u1ebd \u0111\u01b0\u1ee3c c\u1eaft t\u1eeb 3 \u0111\u1ebfn 3.5 cm cho m\u00f3n Steak.<\/p>\n<p><strong><img loading=\"lazy\" class=\"wp-image-2703 size-medium aligncenter\" src=\"https:\/\/maudep.com.vn\/thucpham\/wp-content\/uploads\/2020\/12\/than-noi-e1610512290646-453x400.jpg\" alt=\"than-noi\" width=\"453\" height=\"400\" srcset=\"http:\/\/maudep.com.vn\/thucpham\/wp-content\/uploads\/2020\/12\/than-noi-e1610512290646-453x400.jpg 453w, http:\/\/maudep.com.vn\/thucpham\/wp-content\/uploads\/2020\/12\/than-noi-e1610512290646-907x800.jpg 907w, http:\/\/maudep.com.vn\/thucpham\/wp-content\/uploads\/2020\/12\/than-noi-e1610512290646-768x678.jpg 768w, http:\/\/maudep.com.vn\/thucpham\/wp-content\/uploads\/2020\/12\/than-noi-e1610512290646-1536x1355.jpg 1536w, http:\/\/maudep.com.vn\/thucpham\/wp-content\/uploads\/2020\/12\/than-noi-e1610512290646-600x529.jpg 600w, http:\/\/maudep.com.vn\/thucpham\/wp-content\/uploads\/2020\/12\/than-noi-e1610512290646.jpg 1700w\" sizes=\"(max-width: 453px) 100vw, 453px\" \/><\/strong><\/p>\n<p style=\"text-align: justify;\"><strong>Th\u0103n l\u01b0ng <\/strong>(Ribeyes) ph\u1ea7n th\u1ecbt n\u1eb1m ph\u00eda tr\u00ean s\u01b0\u1eddn b\u00f2, v\u1edbi \u0111\u1eb7c \u0111i\u1ec3m c\u00f3 v\u00e2n m\u1ee1 v\u01b0\u1ee3t tr\u00f4i h\u01a1n c\u00f9ng v\u1edbi \u0111\u00f3 l\u00e0 c\u00f3 2 m\u1eaft m\u1ee1 xen gi\u1eefa c\u00e2y th\u0103n l\u00e0m mi\u1ebfng th\u1ecbt th\u00eam \u0111\u1eadm \u0111\u00e0 v\u00e0 m\u1ec1m m\u01b0\u1ee3t h\u01a1n.<\/p>\n<p><img loading=\"lazy\" class=\"wp-image-2704 aligncenter\" src=\"https:\/\/maudep.com.vn\/thucpham\/wp-content\/uploads\/2020\/12\/than-lung-e1610512348440-585x400.jpg\" alt=\"than-lung\" width=\"494\" height=\"339\" srcset=\"http:\/\/maudep.com.vn\/thucpham\/wp-content\/uploads\/2020\/12\/than-lung-e1610512348440-585x400.jpg 585w, http:\/\/maudep.com.vn\/thucpham\/wp-content\/uploads\/2020\/12\/than-lung-e1610512348440-1169x800.jpg 1169w, http:\/\/maudep.com.vn\/thucpham\/wp-content\/uploads\/2020\/12\/than-lung-e1610512348440-768x525.jpg 768w, http:\/\/maudep.com.vn\/thucpham\/wp-content\/uploads\/2020\/12\/than-lung-e1610512348440-1536x1051.jpg 1536w, http:\/\/maudep.com.vn\/thucpham\/wp-content\/uploads\/2020\/12\/than-lung-e1610512348440-600x411.jpg 600w, http:\/\/maudep.com.vn\/thucpham\/wp-content\/uploads\/2020\/12\/than-lung-e1610512348440.jpg 1900w\" sizes=\"(max-width: 494px) 100vw, 494px\" \/><\/p>\n<p>&nbsp;<\/p>\n<p>&nbsp;<\/p>\n<p>&nbsp;<\/p>\n<p style=\"text-align: justify;\"><strong>Th\u0103n ngo\u1ea1i<\/strong> (Striploin) ph\u1ea7n th\u1ecbt n\u1eb1m \u1edf ph\u1ea7n cu\u1ed1i c\u1ee7a d\u1ebb s\u01b0\u1eddn hai b\u00ean con b\u00f2. Nh\u1eadn bi\u1ebft d\u1ec5 d\u00e0ng qua vi\u1ec7c\u00a0 c\u00f3 ph\u1ea7n m\u1ee1 d\u00e0y ph\u00eda ngo\u00e0i, nh\u01b0ng b\u1ea1n \u0111\u1eebng lo ph\u1ea7n m\u1ee1 n\u00e0y kh\u00f4ng \u0111em l\u1ea1i c\u1ea3m gi\u00e1c ng\u1ea5y v\u00e0 c\u0169ng kh\u00f4ng ch\u01b0a nhi\u1ec1u cholesterol n\u00ean b\u1ea1n c\u00f3 th\u1ec3 ho\u00e0n to\u00e0n y\u00ean t\u00e2m.<\/p>\n<p><img loading=\"lazy\" class=\"wp-image-2706 aligncenter\" src=\"https:\/\/maudep.com.vn\/thucpham\/wp-content\/uploads\/2020\/12\/than-ngoai-1-e1610513312865-486x400.jpg\" alt=\"than-ngoai\" width=\"455\" height=\"375\" srcset=\"http:\/\/maudep.com.vn\/thucpham\/wp-content\/uploads\/2020\/12\/than-ngoai-1-e1610513312865-486x400.jpg 486w, http:\/\/maudep.com.vn\/thucpham\/wp-content\/uploads\/2020\/12\/than-ngoai-1-e1610513312865-971x800.jpg 971w, http:\/\/maudep.com.vn\/thucpham\/wp-content\/uploads\/2020\/12\/than-ngoai-1-e1610513312865-768x632.jpg 768w, http:\/\/maudep.com.vn\/thucpham\/wp-content\/uploads\/2020\/12\/than-ngoai-1-e1610513312865-1536x1265.jpg 1536w, http:\/\/maudep.com.vn\/thucpham\/wp-content\/uploads\/2020\/12\/than-ngoai-1-e1610513312865-600x494.jpg 600w, http:\/\/maudep.com.vn\/thucpham\/wp-content\/uploads\/2020\/12\/than-ngoai-1-e1610513312865.jpg 1700w\" sizes=\"(max-width: 455px) 100vw, 455px\" \/><\/p>\n<p><strong>Set combo mini Steak g\u1ed3m:<\/strong><\/p>\n<ul>\n<li>Ph\u1ea7n Steak 6 mi\u1ebfng c\u1eaft s\u1eb5n.<\/li>\n<li>1 ph\u1ea7n s\u1ed1t t\u00f9y ch\u1ecdn 4 v\u1ecb:\n<ul>\n<li><span style=\"color: #00aae7;\"><a style=\"color: #00aae7;\" href=\"https:\/\/maudep.com.vn\/thucpham\/san-pham\/sot-kem-nam\/\">s\u1ed1t Kem N\u1ea5m<\/a><\/span><\/li>\n<li><span style=\"color: #00aae7;\"><a style=\"color: #00aae7;\" href=\"https:\/\/maudep.com.vn\/thucpham\/san-pham\/sot-han\/\">s\u1ed1t H\u00e0n<\/a><\/span><\/li>\n<li><span style=\"color: #00aae7;\"><a style=\"color: #00aae7;\" href=\"https:\/\/maudep.com.vn\/thucpham\/san-pham\/sot-nhat\/\">s\u1ed1t Nh\u1eadt<\/a><\/span><\/li>\n<li><span style=\"color: #00aae7;\"><a style=\"color: #00aae7;\" href=\"https:\/\/maudep.com.vn\/thucpham\/san-pham\/sot-tieu-den\/\">s\u1ed1t Ti\u00eau \u0110en<\/a><\/span><\/li>\n<\/ul>\n<\/li>\n<\/ul>\n<div><strong>L\u01b0u \u00fd:<\/strong><\/div>\n<div><\/div>\n<div>Ch\u1ec9 s\u1eed d\u1ee5ng s\u1ea3n ph\u1ea9m khi bao b\u00ec c\u00f2n nguy\u00ean v\u1eb9n.<\/div>\n<div>Kh\u00f4ng s\u1eed d\u1ee5ng s\u1ea3n ph\u1ea9m n\u1ebfu \u0111\u00e3 c\u00f3 m\u00f9i l\u1ea1.<\/div>\n","protected":false},"excerpt":{"rendered":"<div><strong>Nh\u00e3n hi\u1ec7u:<\/strong> Ho\u00e0ng Vi\u1ec7t 5G foods<\/div>\n<div><\/div>\n<div><strong>Xu\u1ea5t x\u1ee9:<\/strong> \u00dac<\/div>\n<div><\/div>\n<div><strong>\u0110\u00f3ng g\u00f3i:<\/strong> h\u00fat ch\u00e2n kh\u00f4ng<\/div>\n<div><\/div>\n<div><strong>B\u1ea3o qu\u1ea3n:<\/strong> ng\u0103n m\u00e1t<\/div>\n<div><\/div>\n<div>Th\u1ecbt b\u00f2 t\u01b0\u01a1i Ho\u00e0ng Vi\u1ec7t 5G foods \u0111\u1ea3m b\u1ea3o t\u01b0\u01a1i ngon an to\u00e0n v\u1ec7 sinh th\u1ef1c ph\u1ea9m &#8211; \u0111\u1ea1t chu\u1ea9n iso 22000:2018<\/div>\n","protected":false},"featured_media":2838,"comment_status":"open","ping_status":"closed","template":"","meta":[],"yoast_head":"<!-- This site is optimized with the Yoast SEO plugin v14.7 - https:\/\/yoast.com\/wordpress\/plugins\/seo\/ -->\n<title>Combo mini Steak - Th\u1ef1c Ph\u1ea9m RT 1 - th\u1ecbt b\u00f2 t\u01b0\u01a1i - ngon - s\u1ea1ch<\/title>\n<meta name=\"description\" content=\"mini-steak (b\u00edt t\u1ebft lo\u1ea1i nh\u1ecf ) ngon gi\u1eef \u0111\u00fang h\u01b0\u01a1ng v\u1ecb Steak v\u1edbi gi\u00e1 th\u00e0nh h\u1ea5p d\u1eabn h\u01a1n.\" \/>\n<meta name=\"robots\" content=\"index, follow\" \/>\n<meta name=\"googlebot\" content=\"index, follow, max-snippet:-1, max-image-preview:large, max-video-preview:-1\" \/>\n<meta name=\"bingbot\" content=\"index, follow, max-snippet:-1, max-image-preview:large, max-video-preview:-1\" \/>\n<link rel=\"canonical\" href=\"http:\/\/maudep.com.vn\/thucpham\/?product=mini-steak\" \/>\n<meta property=\"og:locale\" content=\"vi_VN\" \/>\n<meta property=\"og:type\" content=\"article\" \/>\n<meta property=\"og:title\" content=\"Combo mini Steak - Th\u1ef1c Ph\u1ea9m RT 1 - th\u1ecbt b\u00f2 t\u01b0\u01a1i - ngon - s\u1ea1ch\" \/>\n<meta property=\"og:description\" content=\"mini-steak (b\u00edt t\u1ebft lo\u1ea1i nh\u1ecf ) ngon gi\u1eef \u0111\u00fang h\u01b0\u01a1ng v\u1ecb Steak v\u1edbi gi\u00e1 th\u00e0nh h\u1ea5p d\u1eabn h\u01a1n.\" \/>\n<meta property=\"og:url\" content=\"http:\/\/maudep.com.vn\/thucpham\/?product=mini-steak\" \/>\n<meta property=\"og:site_name\" content=\"Th\u1ef1c Ph\u1ea9m RT 1\" \/>\n<meta property=\"article:publisher\" content=\"https:\/\/www.facebook.com\/hoangvietmaudep.com.vn\/thucpham\" \/>\n<meta property=\"article:modified_time\" content=\"2021-02-04T02:27:26+00:00\" \/>\n<meta property=\"og:image\" content=\"http:\/\/maudep.com.vn\/thucpham\/wp-content\/uploads\/2020\/12\/mini-steak-1.jpg\" \/>\n\t<meta property=\"og:image:width\" content=\"1092\" \/>\n\t<meta property=\"og:image:height\" content=\"800\" \/>\n<meta name=\"twitter:card\" content=\"summary_large_image\" \/>\n<script type=\"application\/ld+json\" class=\"yoast-schema-graph\">{\"@context\":\"https:\/\/schema.org\",\"@graph\":[{\"@type\":\"WebSite\",\"@id\":\"http:\/\/maudep.com.vn\/thucpham\/#website\",\"url\":\"http:\/\/maudep.com.vn\/thucpham\/\",\"name\":\"Th\\u1ef1c Ph\\u1ea9m RT 1\",\"description\":\"\",\"potentialAction\":[{\"@type\":\"SearchAction\",\"target\":\"http:\/\/maudep.com.vn\/thucpham\/?s={search_term_string}\",\"query-input\":\"required name=search_term_string\"}],\"inLanguage\":\"vi\"},{\"@type\":\"ImageObject\",\"@id\":\"http:\/\/maudep.com.vn\/thucpham\/?product=mini-steak#primaryimage\",\"inLanguage\":\"vi\",\"url\":\"http:\/\/maudep.com.vn\/thucpham\/wp-content\/uploads\/2020\/12\/mini-steak-1.jpg\",\"width\":1092,\"height\":800,\"caption\":\"mini-steak\"},{\"@type\":\"WebPage\",\"@id\":\"http:\/\/maudep.com.vn\/thucpham\/?product=mini-steak#webpage\",\"url\":\"http:\/\/maudep.com.vn\/thucpham\/?product=mini-steak\",\"name\":\"Combo mini Steak - Th\\u1ef1c Ph\\u1ea9m RT 1 - th\\u1ecbt b\\u00f2 t\\u01b0\\u01a1i - ngon - s\\u1ea1ch\",\"isPartOf\":{\"@id\":\"http:\/\/maudep.com.vn\/thucpham\/#website\"},\"primaryImageOfPage\":{\"@id\":\"http:\/\/maudep.com.vn\/thucpham\/?product=mini-steak#primaryimage\"},\"datePublished\":\"2020-12-07T00:29:21+00:00\",\"dateModified\":\"2021-02-04T02:27:26+00:00\",\"description\":\"mini-steak (b\\u00edt t\\u1ebft lo\\u1ea1i nh\\u1ecf ) ngon gi\\u1eef \\u0111\\u00fang h\\u01b0\\u01a1ng v\\u1ecb Steak v\\u1edbi gi\\u00e1 th\\u00e0nh h\\u1ea5p d\\u1eabn h\\u01a1n.\",\"breadcrumb\":{\"@id\":\"http:\/\/maudep.com.vn\/thucpham\/?product=mini-steak#breadcrumb\"},\"inLanguage\":\"vi\",\"potentialAction\":[{\"@type\":\"ReadAction\",\"target\":[\"http:\/\/maudep.com.vn\/thucpham\/?product=mini-steak\"]}]},{\"@type\":\"BreadcrumbList\",\"@id\":\"http:\/\/maudep.com.vn\/thucpham\/?product=mini-steak#breadcrumb\",\"itemListElement\":[{\"@type\":\"ListItem\",\"position\":1,\"item\":{\"@type\":\"WebPage\",\"@id\":\"http:\/\/maudep.com.vn\/thucpham\/\",\"url\":\"http:\/\/maudep.com.vn\/thucpham\/\",\"name\":\"Trang ch\\u1ee7\"}},{\"@type\":\"ListItem\",\"position\":2,\"item\":{\"@type\":\"WebPage\",\"@id\":\"http:\/\/maudep.com.vn\/thucpham\/?page_id=63\",\"url\":\"http:\/\/maudep.com.vn\/thucpham\/?page_id=63\",\"name\":\"Shop\"}},{\"@type\":\"ListItem\",\"position\":3,\"item\":{\"@type\":\"WebPage\",\"@id\":\"http:\/\/maudep.com.vn\/thucpham\/?product=mini-steak\",\"url\":\"http:\/\/maudep.com.vn\/thucpham\/?product=mini-steak\",\"name\":\"Combo mini Steak\"}}]}]}<\/script>\n<!-- \/ Yoast SEO plugin. -->","_links":{"self":[{"href":"http:\/\/maudep.com.vn\/thucpham\/index.php?rest_route=\/wp\/v2\/product\/2335"}],"collection":[{"href":"http:\/\/maudep.com.vn\/thucpham\/index.php?rest_route=\/wp\/v2\/product"}],"about":[{"href":"http:\/\/maudep.com.vn\/thucpham\/index.php?rest_route=\/wp\/v2\/types\/product"}],"replies":[{"embeddable":true,"href":"http:\/\/maudep.com.vn\/thucpham\/index.php?rest_route=%2Fwp%2Fv2%2Fcomments&post=2335"}],"wp:featuredmedia":[{"embeddable":true,"href":"http:\/\/maudep.com.vn\/thucpham\/index.php?rest_route=\/wp\/v2\/media\/2838"}],"wp:attachment":[{"href":"http:\/\/maudep.com.vn\/thucpham\/index.php?rest_route=%2Fwp%2Fv2%2Fmedia&parent=2335"}],"curies":[{"name":"wp","href":"https:\/\/api.w.org\/{rel}","templated":true}]}}