{"id":2337,"date":"2020-12-07T07:59:39","date_gmt":"2020-12-07T00:59:39","guid":{"rendered":"https:\/\/maudep.com.vn\/thucpham\/?post_type=product&#038;p=2337"},"modified":"2021-02-04T10:27:04","modified_gmt":"2021-02-04T03:27:04","slug":"thit-bo-xao","status":"publish","type":"product","link":"http:\/\/maudep.com.vn\/thucpham\/?product=thit-bo-xao","title":{"rendered":"Th\u1ecbt b\u00f2 x\u00e0o"},"content":{"rendered":"<div style=\"text-align: justify;\">Th\u1ecbt b\u00f2 x\u00e0o kh\u00e1 \u0111\u1eadm \u0111\u00e0, th\u01a1m ngon, r\u1ea5t nhi\u1ec1u ng\u01b0\u1eddi th\u00edch. \u0110\u1ec3 m\u00f3n th\u1ecbt b\u00f2 x\u00e0o \u0111\u01b0\u1ee3c ngon, b\u1ea1n n\u00ean d\u00f9ng th\u1ecbt phi l\u00ea ho\u1eb7c th\u1ecbt th\u0103n \u0111\u1ec3 ch\u1ebf bi\u1ebfn. Nh\u01b0 v\u1eady th\u00ec m\u00f3n th\u1ecbt b\u00f2 x\u00e0o s\u1ebd m\u1ec1m, th\u1ea5m \u0111\u1ec1u gia v\u1ecb, kh\u00f4ng b\u1ecb dai. Tuy nhi\u00ean, khi ch\u1ebf bi\u1ebfn, b\u1ea1n l\u01b0u \u00fd l\u00e0 kh\u00f4ng n\u00ean x\u00e0o qu\u00e1 l\u00e2u tr\u00ean b\u1ebfp, k\u1ebbo th\u1ecbt s\u1ebd b\u1ecb dai nh\u00e9.<img class=\"aligncenter\" src=\"https:\/\/media.phunutoday.vn\/files\/thanh.le\/2017\/06\/09\/xao-thit-bo-1645-phunutoday.jpg\" alt=\"\u0110\u00e2y ch\u00ednh l\u00e0 m\u1eb9o hay nh\u1ea5t \u0111\u1ec3 n\u1ea5u th\u1ecbt b\u00f2 nhanh m\u1ec1m, th\u01a1m ngon \u0111\u00fang v\u1ecb\" \/><\/div>\n<div><\/div>\n<div><strong>L\u01b0u \u00fd:<\/strong><\/div>\n<div><\/div>\n<div>Ch\u1ec9 s\u1eed d\u1ee5ng s\u1ea3n ph\u1ea9m khi bao b\u00ec c\u00f2n nguy\u00ean v\u1eb9n.<\/div>\n<div>Kh\u00f4ng s\u1eed d\u1ee5ng s\u1ea3n ph\u1ea9m n\u1ebfu \u0111\u00e3 c\u00f3 m\u00f9i l\u1ea1.<\/div>\n","protected":false},"excerpt":{"rendered":"<p><strong>Nh\u00e3n hi\u1ec7u:<\/strong> Ho\u00e0ng Vi\u1ec7t 5G foods<\/p>\n<p><strong>Xu\u1ea5t x\u1ee9:<\/strong> \u00dac<\/p>\n<p><strong>\u0110\u00f3ng g\u00f3i:<\/strong> h\u00fat ch\u00e2n kh\u00f4ng<\/p>\n<p><strong>B\u1ea3o qu\u1ea3n:<\/strong> ng\u0103n m\u00e1t<\/p>\n<p>Th\u1ecbt b\u00f2 t\u01b0\u01a1i Ho\u00e0ng Vi\u1ec7t 5G foods \u0111\u1ea3m b\u1ea3o t\u01b0\u01a1i ngon an to\u00e0n v\u1ec7 sinh th\u1ef1c ph\u1ea9m &#8211; \u0111\u1ea1t chu\u1ea9n iso 22000:2018<\/p>\n","protected":false},"featured_media":2842,"comment_status":"open","ping_status":"closed","template":"","meta":[],"yoast_head":"<!-- This site is optimized with the Yoast SEO plugin v14.7 - https:\/\/yoast.com\/wordpress\/plugins\/seo\/ -->\n<title>Th\u1ecbt b\u00f2 x\u00e0o - Th\u1ef1c Ph\u1ea9m RT 1 - Th\u1ecbt B\u00f2 T\u01b0\u01a1i - Ngon - S\u1ea1ch<\/title>\n<meta name=\"description\" content=\"th\u1ecbt b\u00f2 d\u00f9ng cho m\u00f3n x\u00e0o \u0111\u01b0\u1ee3c c\u1eaft th\u00e1i theo ti\u00eau chu\u1ea9n m\u00f3n x\u00e0o ch\u00e2u \u00c1. t\u1ea1i nh\u00e0 m\u00e1y pha l\u00f3c v\u00e0 \u0111\u00f3ng g\u00f3i 5Gfoods. \u0110\u1ea3m b\u1ea3o th\u1ecbt t\u01b0\u01a1i ngon s\u1ea1ch\" \/>\n<meta name=\"robots\" content=\"index, follow\" \/>\n<meta name=\"googlebot\" content=\"index, follow, max-snippet:-1, max-image-preview:large, max-video-preview:-1\" \/>\n<meta name=\"bingbot\" content=\"index, follow, max-snippet:-1, max-image-preview:large, max-video-preview:-1\" \/>\n<link rel=\"canonical\" href=\"http:\/\/maudep.com.vn\/thucpham\/?product=thit-bo-xao\" \/>\n<meta property=\"og:locale\" content=\"vi_VN\" \/>\n<meta property=\"og:type\" content=\"article\" \/>\n<meta property=\"og:title\" content=\"Th\u1ecbt b\u00f2 x\u00e0o - Th\u1ef1c Ph\u1ea9m RT 1 - Th\u1ecbt B\u00f2 T\u01b0\u01a1i - Ngon - S\u1ea1ch\" \/>\n<meta property=\"og:description\" content=\"th\u1ecbt b\u00f2 d\u00f9ng cho m\u00f3n x\u00e0o \u0111\u01b0\u1ee3c c\u1eaft th\u00e1i theo ti\u00eau chu\u1ea9n m\u00f3n x\u00e0o ch\u00e2u \u00c1. t\u1ea1i nh\u00e0 m\u00e1y pha l\u00f3c v\u00e0 \u0111\u00f3ng g\u00f3i 5Gfoods. \u0110\u1ea3m b\u1ea3o th\u1ecbt t\u01b0\u01a1i ngon s\u1ea1ch\" \/>\n<meta property=\"og:url\" content=\"http:\/\/maudep.com.vn\/thucpham\/?product=thit-bo-xao\" \/>\n<meta property=\"og:site_name\" content=\"Th\u1ef1c Ph\u1ea9m RT 1\" \/>\n<meta property=\"article:publisher\" content=\"https:\/\/www.facebook.com\/hoangvietmaudep.com.vn\/thucpham\" \/>\n<meta property=\"article:modified_time\" content=\"2021-02-04T03:27:04+00:00\" \/>\n<meta property=\"og:image\" content=\"http:\/\/maudep.com.vn\/thucpham\/wp-content\/uploads\/2020\/12\/bo-xao.jpg\" \/>\n\t<meta property=\"og:image:width\" content=\"1092\" \/>\n\t<meta property=\"og:image:height\" content=\"800\" \/>\n<meta name=\"twitter:card\" content=\"summary_large_image\" \/>\n<script type=\"application\/ld+json\" class=\"yoast-schema-graph\">{\"@context\":\"https:\/\/schema.org\",\"@graph\":[{\"@type\":\"WebSite\",\"@id\":\"http:\/\/maudep.com.vn\/thucpham\/#website\",\"url\":\"http:\/\/maudep.com.vn\/thucpham\/\",\"name\":\"Th\\u1ef1c Ph\\u1ea9m RT 1\",\"description\":\"\",\"potentialAction\":[{\"@type\":\"SearchAction\",\"target\":\"http:\/\/maudep.com.vn\/thucpham\/?s={search_term_string}\",\"query-input\":\"required name=search_term_string\"}],\"inLanguage\":\"vi\"},{\"@type\":\"ImageObject\",\"@id\":\"http:\/\/maudep.com.vn\/thucpham\/?product=thit-bo-xao#primaryimage\",\"inLanguage\":\"vi\",\"url\":\"http:\/\/maudep.com.vn\/thucpham\/wp-content\/uploads\/2020\/12\/bo-xao.jpg\",\"width\":1092,\"height\":800,\"caption\":\"thit-bo-xao\"},{\"@type\":\"WebPage\",\"@id\":\"http:\/\/maudep.com.vn\/thucpham\/?product=thit-bo-xao#webpage\",\"url\":\"http:\/\/maudep.com.vn\/thucpham\/?product=thit-bo-xao\",\"name\":\"Th\\u1ecbt b\\u00f2 x\\u00e0o - Th\\u1ef1c Ph\\u1ea9m RT 1 - Th\\u1ecbt B\\u00f2 T\\u01b0\\u01a1i - Ngon - S\\u1ea1ch\",\"isPartOf\":{\"@id\":\"http:\/\/maudep.com.vn\/thucpham\/#website\"},\"primaryImageOfPage\":{\"@id\":\"http:\/\/maudep.com.vn\/thucpham\/?product=thit-bo-xao#primaryimage\"},\"datePublished\":\"2020-12-07T00:59:39+00:00\",\"dateModified\":\"2021-02-04T03:27:04+00:00\",\"description\":\"th\\u1ecbt b\\u00f2 d\\u00f9ng cho m\\u00f3n x\\u00e0o \\u0111\\u01b0\\u1ee3c c\\u1eaft th\\u00e1i theo ti\\u00eau chu\\u1ea9n m\\u00f3n x\\u00e0o ch\\u00e2u \\u00c1. t\\u1ea1i nh\\u00e0 m\\u00e1y pha l\\u00f3c v\\u00e0 \\u0111\\u00f3ng g\\u00f3i 5Gfoods. \\u0110\\u1ea3m b\\u1ea3o th\\u1ecbt t\\u01b0\\u01a1i ngon s\\u1ea1ch\",\"breadcrumb\":{\"@id\":\"http:\/\/maudep.com.vn\/thucpham\/?product=thit-bo-xao#breadcrumb\"},\"inLanguage\":\"vi\",\"potentialAction\":[{\"@type\":\"ReadAction\",\"target\":[\"http:\/\/maudep.com.vn\/thucpham\/?product=thit-bo-xao\"]}]},{\"@type\":\"BreadcrumbList\",\"@id\":\"http:\/\/maudep.com.vn\/thucpham\/?product=thit-bo-xao#breadcrumb\",\"itemListElement\":[{\"@type\":\"ListItem\",\"position\":1,\"item\":{\"@type\":\"WebPage\",\"@id\":\"http:\/\/maudep.com.vn\/thucpham\/\",\"url\":\"http:\/\/maudep.com.vn\/thucpham\/\",\"name\":\"Trang ch\\u1ee7\"}},{\"@type\":\"ListItem\",\"position\":2,\"item\":{\"@type\":\"WebPage\",\"@id\":\"http:\/\/maudep.com.vn\/thucpham\/?page_id=63\",\"url\":\"http:\/\/maudep.com.vn\/thucpham\/?page_id=63\",\"name\":\"Shop\"}},{\"@type\":\"ListItem\",\"position\":3,\"item\":{\"@type\":\"WebPage\",\"@id\":\"http:\/\/maudep.com.vn\/thucpham\/?product=thit-bo-xao\",\"url\":\"http:\/\/maudep.com.vn\/thucpham\/?product=thit-bo-xao\",\"name\":\"Th\\u1ecbt b\\u00f2 x\\u00e0o\"}}]}]}<\/script>\n<!-- \/ Yoast SEO plugin. -->","_links":{"self":[{"href":"http:\/\/maudep.com.vn\/thucpham\/index.php?rest_route=\/wp\/v2\/product\/2337"}],"collection":[{"href":"http:\/\/maudep.com.vn\/thucpham\/index.php?rest_route=\/wp\/v2\/product"}],"about":[{"href":"http:\/\/maudep.com.vn\/thucpham\/index.php?rest_route=\/wp\/v2\/types\/product"}],"replies":[{"embeddable":true,"href":"http:\/\/maudep.com.vn\/thucpham\/index.php?rest_route=%2Fwp%2Fv2%2Fcomments&post=2337"}],"wp:featuredmedia":[{"embeddable":true,"href":"http:\/\/maudep.com.vn\/thucpham\/index.php?rest_route=\/wp\/v2\/media\/2842"}],"wp:attachment":[{"href":"http:\/\/maudep.com.vn\/thucpham\/index.php?rest_route=%2Fwp%2Fv2%2Fmedia&parent=2337"}],"curies":[{"name":"wp","href":"https:\/\/api.w.org\/{rel}","templated":true}]}}