{"id":2344,"date":"2020-12-11T01:45:37","date_gmt":"2020-12-10T18:45:37","guid":{"rendered":"https:\/\/maudep.com.vn\/thucpham\/?post_type=product&#038;p=2344"},"modified":"2021-02-04T09:53:39","modified_gmt":"2021-02-04T02:53:39","slug":"thit-bo-ham","status":"publish","type":"product","link":"http:\/\/maudep.com.vn\/thucpham\/?product=thit-bo-ham","title":{"rendered":"Th\u1ecbt b\u00f2 h\u1ea7m"},"content":{"rendered":"<p>B\u1ea1n n\u00ean ch\u1ecdn\u00a0<strong>th\u1ecbt b\u00f2 n\u1ea1m, b\u00f2 g\u00e2n<\/strong>, c\u00f3 \u0111\u1ed9 c\u1ee9ng h\u01a1n. Hai lo\u1ea1i th\u1ecbt n\u00e0y th\u01b0\u1eddng c\u00f3 l\u1edbp m\u1ee1 xen l\u1eabn v\u00e0o th\u1edb th\u1ecbt. Do v\u1eady sau khi ch\u1ebf bi\u1ebfn, m\u1ee1 ch\u1ea3y bao b\u1ecdc l\u1ea5y ph\u1ea7n th\u1ecbt, khi\u1ebfn ch\u00fang m\u1ec1m, ng\u1ecdt, th\u01a1m ngon v\u00e0 \u0111\u1eadm v\u1ecb h\u01a1n r\u1ea5t nhi\u1ec1u. H\u00e3y t\u01b0\u1edfng t\u01b0\u1ee3ng khi b\u1ea1n c\u1eafn v\u00e0o th\u1ecbt, d\u1ecbch b\u00ean trong ch\u1ea3y ra s\u1ebd cho b\u1ea1n c\u1ea3m gi\u00e1c th\u00edch th\u00fa th\u1ebf n\u00e0o, \u0111\u00e2y ch\u00ednh l\u00e0 \u0111i\u1ec1u ch\u1ec9 c\u00f3 \u0111\u01b0\u1ee3c khi h\u1ea7m th\u1ecbt b\u00f2 c\u00f3 m\u1ee1 b\u00ean trong.<\/p>\n<p><img loading=\"lazy\" class=\"wp-image-2709 size-full aligncenter\" src=\"https:\/\/maudep.com.vn\/thucpham\/wp-content\/uploads\/2020\/12\/sai-lam-can-tranh-khi-lam-mon-thit-bo-ham4_800x400-e1610522368380.jpg\" alt=\"thit-bo-ham\" width=\"396\" height=\"398\" srcset=\"http:\/\/maudep.com.vn\/thucpham\/wp-content\/uploads\/2020\/12\/sai-lam-can-tranh-khi-lam-mon-thit-bo-ham4_800x400-e1610522368380.jpg 396w, http:\/\/maudep.com.vn\/thucpham\/wp-content\/uploads\/2020\/12\/sai-lam-can-tranh-khi-lam-mon-thit-bo-ham4_800x400-e1610522368380-280x280.jpg 280w, http:\/\/maudep.com.vn\/thucpham\/wp-content\/uploads\/2020\/12\/sai-lam-can-tranh-khi-lam-mon-thit-bo-ham4_800x400-e1610522368380-100x100.jpg 100w\" sizes=\"(max-width: 396px) 100vw, 396px\" \/><\/p>\n<div><strong>L\u01b0u \u00fd:<\/strong><\/div>\n<div><\/div>\n<div>Ch\u1ec9 s\u1eed d\u1ee5ng s\u1ea3n ph\u1ea9m khi bao b\u00ec c\u00f2n nguy\u00ean v\u1eb9n.<\/div>\n<div>Kh\u00f4ng s\u1eed d\u1ee5ng s\u1ea3n ph\u1ea9m n\u1ebfu \u0111\u00e3 c\u00f3 m\u00f9i l\u1ea1.<\/div>\n","protected":false},"excerpt":{"rendered":"<p><strong>Nh\u00e3n hi\u1ec7u:<\/strong> Ho\u00e0ng Vi\u1ec7t 5G foods<\/p>\n<p><strong>Xu\u1ea5t x\u1ee9:<\/strong> \u00dac<\/p>\n<p><strong>\u0110\u00f3ng g\u00f3i:<\/strong> h\u00fat ch\u00e2n kh\u00f4ng<\/p>\n<p><strong>B\u1ea3o qu\u1ea3n:<\/strong> ng\u0103n m\u00e1t<\/p>\n<p>Th\u1ecbt b\u00f2 t\u01b0\u01a1i Ho\u00e0ng Vi\u1ec7t 5G foods \u0111\u1ea3m b\u1ea3o t\u01b0\u01a1i ngon an to\u00e0n v\u1ec7 sinh th\u1ef1c ph\u1ea9m &#8211; \u0111\u1ea1t chu\u1ea9n iso 22000:2018<\/p>\n","protected":false},"featured_media":2841,"comment_status":"open","ping_status":"closed","template":"","meta":[],"yoast_head":"<!-- This site is optimized with the Yoast SEO plugin v14.7 - https:\/\/yoast.com\/wordpress\/plugins\/seo\/ -->\n<title>Th\u1ecbt b\u00f2 h\u1ea7m - Th\u1ef1c Ph\u1ea9m RT 1 - th\u1ecbt b\u00f2 t\u01b0\u01a1i - m\u00e1t - s\u1ea1ch<\/title>\n<meta name=\"description\" content=\"th\u1ecbt b\u00f2 t\u01b0\u01a1i - m\u00e1t - s\u1ea1ch d\u00f9ng \u0111\u1ec3 n\u1ea5u m\u00f3n h\u1ea7m t\u1ea1i 5gfoods mang l\u1ea1i cho b\u1ea1n tr\u1ea3i nghi\u1ec7m m\u00f3n th\u1ecbt b\u00f2 h\u1ea7m ngon ng\u1ecdt \u0111\u00fang v\u1ecb nh\u1ea5t.\" \/>\n<meta name=\"robots\" content=\"index, follow\" \/>\n<meta name=\"googlebot\" content=\"index, follow, max-snippet:-1, max-image-preview:large, max-video-preview:-1\" \/>\n<meta name=\"bingbot\" content=\"index, follow, max-snippet:-1, max-image-preview:large, max-video-preview:-1\" \/>\n<link rel=\"canonical\" href=\"http:\/\/maudep.com.vn\/thucpham\/?product=thit-bo-ham\" \/>\n<meta property=\"og:locale\" content=\"vi_VN\" \/>\n<meta property=\"og:type\" content=\"article\" \/>\n<meta property=\"og:title\" content=\"Th\u1ecbt b\u00f2 h\u1ea7m - Th\u1ef1c Ph\u1ea9m RT 1 - th\u1ecbt b\u00f2 t\u01b0\u01a1i - m\u00e1t - s\u1ea1ch\" \/>\n<meta property=\"og:description\" content=\"th\u1ecbt b\u00f2 t\u01b0\u01a1i - m\u00e1t - s\u1ea1ch d\u00f9ng \u0111\u1ec3 n\u1ea5u m\u00f3n h\u1ea7m t\u1ea1i 5gfoods mang l\u1ea1i cho b\u1ea1n tr\u1ea3i nghi\u1ec7m m\u00f3n th\u1ecbt b\u00f2 h\u1ea7m ngon ng\u1ecdt \u0111\u00fang v\u1ecb nh\u1ea5t.\" \/>\n<meta property=\"og:url\" content=\"http:\/\/maudep.com.vn\/thucpham\/?product=thit-bo-ham\" \/>\n<meta property=\"og:site_name\" content=\"Th\u1ef1c Ph\u1ea9m RT 1\" \/>\n<meta property=\"article:publisher\" content=\"https:\/\/www.facebook.com\/hoangvietmaudep.com.vn\/thucpham\" \/>\n<meta property=\"article:modified_time\" content=\"2021-02-04T02:53:39+00:00\" \/>\n<meta property=\"og:image\" content=\"http:\/\/maudep.com.vn\/thucpham\/wp-content\/uploads\/2020\/12\/bo-ham.jpg\" \/>\n\t<meta property=\"og:image:width\" content=\"1092\" \/>\n\t<meta property=\"og:image:height\" content=\"800\" \/>\n<meta name=\"twitter:card\" content=\"summary_large_image\" \/>\n<script type=\"application\/ld+json\" class=\"yoast-schema-graph\">{\"@context\":\"https:\/\/schema.org\",\"@graph\":[{\"@type\":\"WebSite\",\"@id\":\"http:\/\/maudep.com.vn\/thucpham\/#website\",\"url\":\"http:\/\/maudep.com.vn\/thucpham\/\",\"name\":\"Th\\u1ef1c Ph\\u1ea9m RT 1\",\"description\":\"\",\"potentialAction\":[{\"@type\":\"SearchAction\",\"target\":\"http:\/\/maudep.com.vn\/thucpham\/?s={search_term_string}\",\"query-input\":\"required name=search_term_string\"}],\"inLanguage\":\"vi\"},{\"@type\":\"ImageObject\",\"@id\":\"http:\/\/maudep.com.vn\/thucpham\/?product=thit-bo-ham#primaryimage\",\"inLanguage\":\"vi\",\"url\":\"http:\/\/maudep.com.vn\/thucpham\/wp-content\/uploads\/2020\/12\/bo-ham.jpg\",\"width\":1092,\"height\":800,\"caption\":\"thit-bo-ham\"},{\"@type\":\"WebPage\",\"@id\":\"http:\/\/maudep.com.vn\/thucpham\/?product=thit-bo-ham#webpage\",\"url\":\"http:\/\/maudep.com.vn\/thucpham\/?product=thit-bo-ham\",\"name\":\"Th\\u1ecbt b\\u00f2 h\\u1ea7m - Th\\u1ef1c Ph\\u1ea9m RT 1 - th\\u1ecbt b\\u00f2 t\\u01b0\\u01a1i - m\\u00e1t - s\\u1ea1ch\",\"isPartOf\":{\"@id\":\"http:\/\/maudep.com.vn\/thucpham\/#website\"},\"primaryImageOfPage\":{\"@id\":\"http:\/\/maudep.com.vn\/thucpham\/?product=thit-bo-ham#primaryimage\"},\"datePublished\":\"2020-12-10T18:45:37+00:00\",\"dateModified\":\"2021-02-04T02:53:39+00:00\",\"description\":\"th\\u1ecbt b\\u00f2 t\\u01b0\\u01a1i - m\\u00e1t - s\\u1ea1ch d\\u00f9ng \\u0111\\u1ec3 n\\u1ea5u m\\u00f3n h\\u1ea7m t\\u1ea1i 5gfoods mang l\\u1ea1i cho b\\u1ea1n tr\\u1ea3i nghi\\u1ec7m m\\u00f3n th\\u1ecbt b\\u00f2 h\\u1ea7m ngon ng\\u1ecdt \\u0111\\u00fang v\\u1ecb nh\\u1ea5t.\",\"breadcrumb\":{\"@id\":\"http:\/\/maudep.com.vn\/thucpham\/?product=thit-bo-ham#breadcrumb\"},\"inLanguage\":\"vi\",\"potentialAction\":[{\"@type\":\"ReadAction\",\"target\":[\"http:\/\/maudep.com.vn\/thucpham\/?product=thit-bo-ham\"]}]},{\"@type\":\"BreadcrumbList\",\"@id\":\"http:\/\/maudep.com.vn\/thucpham\/?product=thit-bo-ham#breadcrumb\",\"itemListElement\":[{\"@type\":\"ListItem\",\"position\":1,\"item\":{\"@type\":\"WebPage\",\"@id\":\"http:\/\/maudep.com.vn\/thucpham\/\",\"url\":\"http:\/\/maudep.com.vn\/thucpham\/\",\"name\":\"Trang ch\\u1ee7\"}},{\"@type\":\"ListItem\",\"position\":2,\"item\":{\"@type\":\"WebPage\",\"@id\":\"http:\/\/maudep.com.vn\/thucpham\/?page_id=63\",\"url\":\"http:\/\/maudep.com.vn\/thucpham\/?page_id=63\",\"name\":\"Shop\"}},{\"@type\":\"ListItem\",\"position\":3,\"item\":{\"@type\":\"WebPage\",\"@id\":\"http:\/\/maudep.com.vn\/thucpham\/?product=thit-bo-ham\",\"url\":\"http:\/\/maudep.com.vn\/thucpham\/?product=thit-bo-ham\",\"name\":\"Th\\u1ecbt b\\u00f2 h\\u1ea7m\"}}]}]}<\/script>\n<!-- \/ Yoast SEO plugin. -->","_links":{"self":[{"href":"http:\/\/maudep.com.vn\/thucpham\/index.php?rest_route=\/wp\/v2\/product\/2344"}],"collection":[{"href":"http:\/\/maudep.com.vn\/thucpham\/index.php?rest_route=\/wp\/v2\/product"}],"about":[{"href":"http:\/\/maudep.com.vn\/thucpham\/index.php?rest_route=\/wp\/v2\/types\/product"}],"replies":[{"embeddable":true,"href":"http:\/\/maudep.com.vn\/thucpham\/index.php?rest_route=%2Fwp%2Fv2%2Fcomments&post=2344"}],"wp:featuredmedia":[{"embeddable":true,"href":"http:\/\/maudep.com.vn\/thucpham\/index.php?rest_route=\/wp\/v2\/media\/2841"}],"wp:attachment":[{"href":"http:\/\/maudep.com.vn\/thucpham\/index.php?rest_route=%2Fwp%2Fv2%2Fmedia&parent=2344"}],"curies":[{"name":"wp","href":"https:\/\/api.w.org\/{rel}","templated":true}]}}