{"id":2348,"date":"2020-12-11T01:55:39","date_gmt":"2020-12-10T18:55:39","guid":{"rendered":"https:\/\/maudep.com.vn\/thucpham\/?post_type=product&#038;p=2348"},"modified":"2021-02-04T09:44:09","modified_gmt":"2021-02-04T02:44:09","slug":"thit-bo-an-lau","status":"publish","type":"product","link":"http:\/\/maudep.com.vn\/thucpham\/?product=thit-bo-an-lau","title":{"rendered":"Th\u1ecbt b\u00f2 \u0103n l\u1ea9u"},"content":{"rendered":"<div style=\"text-align: justify;\"><span style=\"font-size: 110%;\">V\u1edbi nh\u1eefng ng\u01b0\u1eddi y\u00eau th\u00edch l\u1ea9u c\u00e1c ph\u1ea7n th\u1ecbt nh\u01b0 ba ch\u1ec9, b\u1eafp b\u00f2, n\u1ea1m, g\u1ea7u lu\u00f4n l\u00e0 ph\u1ea7n \u0111\u01b0\u1ee3c \u01b0u ti\u00ean.<\/span><\/div>\n<div><\/div>\n<div><img class=\"aligncenter\" src=\"https:\/\/benh.vn\/wp-content\/uploads\/2018\/04\/an-lau-e1552019207383.jpg\" \/><\/div>\n<div><strong>Ba ch\u1ec9 b\u00f2<\/strong><\/div>\n<div style=\"text-align: justify;\"><\/div>\n<div style=\"text-align: justify;\">Ba ch\u1ec9 b\u00f2 l\u00e0 ph\u1ea7n th\u1ecbt t\u1ea1i c\u01a1 ho\u00e0nh (b\u1ee5ng tr\u01b0\u1edbc) c\u1ee7a con b\u00f2 \u0103n c\u1ecf, ch\u0103n th\u1ea3 t\u1ef1 nhi\u00ean, ngay d\u01b0\u1edbi ph\u1ea7n x\u01b0\u01a1ng s\u01b0\u1eddn. Ph\u1ea7n th\u1ecbt n\u00e0y \u0111\u01b0\u1ee3c l\u1ea5y t\u1eeb ph\u1ea7n b\u1ee5ng c\u1ee7a b\u00f2, th\u01b0\u1eddng c\u00f3 nhi\u1ec1u m\u1ee1. V\u1edbi \u0111\u1eb7c tr\u01b0ng th\u1ecbt \u1edf b\u1ee5ng n\u00ean th\u1ecbt ba ch\u1ec9 b\u00f2 \u00dac ch\u1ee9a m\u1ed9t l\u01b0\u1ee3ng m\u1ee1 m\u1ec1m, b\u00e9o ng\u1eady t\u01b0\u01a1ng \u0111\u1ed1i n\u00ean khi \u0103n c\u00f3 v\u1ecb m\u1ec1m, ng\u1ecdt v\u00e0 th\u01a1m \u0111\u1eb7c tr\u01b0ng nh\u01b0 m\u00f9i b\u01a1. \u0110\u00e2y l\u00e0 ph\u1ea7n th\u1ecbt c\u00f3 c\u1ea3 m\u1ee1, n\u1ea1c xen k\u1ebd nhau.Th\u1ecbt ba ch\u1ec9 b\u00f2 l\u00e0 m\u1ed9t trong nh\u1eefng th\u1ef1c ph\u1ea9m \u01b0a th\u00edch c\u1ee7a ng\u01b0\u1eddi ch\u00e2u \u00c1 nh\u01b0 Nh\u1eadt B\u1ea3n, H\u00e0n Qu\u1ed1c, Trung Qu\u1ed1c, Vi\u1ec7t Nam trong c\u00e1c m\u00f3n l\u1ea9u, n\u01b0\u1edbng.<\/div>\n<div><\/div>\n<div><strong>N\u1ea1m b\u00f2<\/strong><\/div>\n<div><\/div>\n<div style=\"text-align: justify;\">N\u1ea1m b\u00f2 \u00dac l\u00e0 ph\u1ea7n th\u1ecbt \u0111\u01b0\u1ee3c pha l\u1ecdc t\u1eeb khu v\u1ef1c b\u1ee5ng c\u1ee7a con b\u00f2, c\u00f3 th\u1ecbt n\u1ea1c v\u00e0 m\u1ee1 xen k\u1ebd nhau. N\u1ea1m b\u00f2 c\u00f3 \u0111\u1eb7c t\u00ednh m\u1ec1m, x\u1ed1p, th\u01a1m ng\u1eady. Ph\u1ea7n m\u1ee1 \u1edf \u0111\u00e2y c\u00f3 t\u00e1c d\u1ee5ng gi\u1eef th\u00e2n nhi\u1ec7t cho b\u00f2 n\u00ean m\u1ee1 tr\u1eafng, b\u00e9o nh\u01b0ng kh\u00f4ng ng\u1ea5y. N\u1ea1m b\u00f2 khi n\u1ea5u ch\u00edn th\u00ec th\u1ecbt gi\u00f2n, th\u01a1m ngon v\u00e0 kh\u00f4ng h\u1ec1 ng\u1ea5y. Trong \u1ea9m th\u1ef1c Nh\u1eadt B\u1ea3n, H\u00e0n Qu\u1ed1c th\u00ec m\u00f3n n\u00e0y kh\u00f4ng th\u1ec3 thi\u1ebfu trong b\u1eefa \u0103n BBQ hay Shabu Shabu, Hotpot do th\u1ecbt n\u1ea1c m\u1ec1m h\u00f2a quy\u1ec7n c\u00f9ng v\u1ecb th\u01a1m ng\u1eady c\u1ee7a m\u1ee1 khi\u1ebfn mi\u1ebfng th\u1ecbt nh\u01b0 tan ngay trong mi\u1ec7ng.<\/div>\n<div><\/div>\n<div><strong>G\u1ea7u b\u00f2<\/strong><\/div>\n<div><\/div>\n<div style=\"text-align: justify;\">G\u1ea7u b\u00f2 \u00dac l\u00e0 ph\u1ea7n th\u1ecbt n\u1eb1m g\u1ea7n \u1ee9c, t\u1eeb ng\u1ef1c \u0111\u1ebfn d\u01b0\u1edbi c\u1ed5 con b\u00f2, c\u00f3 c\u1ea3 n\u1ea1c v\u00e0 m\u1ee1 xen l\u1eabn nh\u01b0ng kh\u00f4ng \u0111\u1ec1u v\u00e0 kh\u00f4ng nhi\u1ec1u m\u1ee1 nh\u01b0 ph\u1ea7n th\u1ecbt ba ch\u1ec9. V\u00ec \u1edf v\u1ecb tr\u00ed g\u1ea7n \u1ee9c b\u00f2 n\u00ean \u0111\u00e2y l\u00e0 ph\u1ea7n th\u1ecbt c\u01a1 \u0111\u01b0\u1ee3c t\u00e1c \u0111\u1ed9ng nhi\u1ec1u trong qu\u00e1 tr\u00ecnh con b\u00f2 nhai v\u00e0 nu\u1ed1t th\u1ee9c \u0103n. G\u1ea7u b\u00f2 khi n\u1ea5u ch\u00edn th\u00ec th\u1ecbt gi\u00f2n, th\u01a1m ngon v\u00e0 kh\u00f4ng h\u1ec1 ng\u1ea5y. G\u1ea7u b\u00f2 r\u1ea5t th\u00edch h\u1ee3p \u0111\u1ec3 nh\u00fang l\u1ea9u ho\u1eb7c ch\u1ebf bi\u1ebfn m\u00f3n ph\u1edf b\u00f2.<\/div>\n<div><\/div>\n<div><strong>B\u1eafp b\u00f2<\/strong><\/div>\n<div><\/div>\n<div style=\"text-align: justify;\">B\u1eafp b\u00f2 \u00dac n\u0103\u0300m \u01a1\u0309 vi\u0323 tri\u0301 b\u0103\u0301p ch\u00e2n c\u00f3 ph\u1ea7n c\u01a1 pha\u0301t tri\u00ea\u0309n n\u00ean co\u0301 nhi\u1ec1u g\u00e2n, thi\u0323t \u0111o\u0309 c\u1ee9ng nh\u01b0ng gi\u00e0u collagen. Ph\u1ea7n th\u1ecbt n\u00e0y c\u0169ng r\u1ea5t gi\u00e0u dinh d\u01b0\u1ee1ng, c\u00f3 h\u00e0m l\u01b0\u1ee3ng s\u1eaft v\u00e0 canxi cao h\u01a1n nhi\u1ec1u so v\u1edbi b\u1ed9 ph\u1eadn kh\u00e1c. B\u1eafp b\u00f2 \u00dac ngon nh\u1ea5t l\u00e0 nh\u00fang l\u1ea9u ho\u1eb7c ch\u1ebf bi\u1ebfn m\u00f3n h\u1ea5p g\u1eebng s\u1ea3. V\u1edbi \u0111\u1ed9 s\u1ea7n s\u1eadt t\u1eeb th\u1ecbt b\u1eafp b\u00f2 k\u1ebft h\u1ee3p h\u01b0\u01a1ng v\u1ecb l\u1ea9u cay cay ho\u1eb7c g\u1eebng s\u1ea3 n\u1ed3ng \u1ea5m khi\u1ebfn b\u1ea1n kh\u00f3 c\u00f3 th\u1ec3 qu\u00ean.<\/div>\n<div><\/div>\n<div><\/div>\n<div><strong>L\u01b0u \u00fd:<\/strong><\/div>\n<div><\/div>\n<div>Ch\u1ec9 s\u1eed d\u1ee5ng s\u1ea3n ph\u1ea9m khi bao b\u00ec c\u00f2n nguy\u00ean v\u1eb9n.<\/div>\n<div>Kh\u00f4ng s\u1eed d\u1ee5ng s\u1ea3n ph\u1ea9m n\u1ebfu \u0111\u00e3 c\u00f3 m\u00f9i l\u1ea1.<\/div>\n","protected":false},"excerpt":{"rendered":"<p style=\"margin: 6.0pt 0in 6.0pt 0in;\"><strong>Nh\u00e3n hi\u1ec7u:<\/strong> Ho\u00e0ng Vi\u1ec7t 5G foods<\/p>\n<p style=\"margin: 6.0pt 0in 6.0pt 0in;\"><strong>Xu\u1ea5t x\u1ee9:<\/strong> \u00dac<\/p>\n<p style=\"margin: 6.0pt 0in 6.0pt 0in;\"><strong>\u0110\u00f3ng g\u00f3i:<\/strong> h\u00fat ch\u00e2n kh\u00f4ng<\/p>\n<p style=\"margin: 6.0pt 0in 6.0pt 0in;\"><strong>B\u1ea3o qu\u1ea3n<\/strong>: ng\u0103n m\u00e1t<\/p>\n<p>Th\u1ecbt b\u00f2 t\u01b0\u01a1i Ho\u00e0ng Vi\u1ec7t 5G foods \u0111\u1ea3m b\u1ea3o t\u01b0\u01a1i ngon an to\u00e0n v\u1ec7 sinh th\u1ef1c ph\u1ea9m &#8211; \u0111\u1ea1t chu\u1ea9n iso 22000:2018<\/p>\n","protected":false},"featured_media":2839,"comment_status":"open","ping_status":"closed","template":"","meta":[],"yoast_head":"<!-- This site is optimized with the Yoast SEO plugin v14.7 - https:\/\/yoast.com\/wordpress\/plugins\/seo\/ -->\n<title>Th\u1ecbt b\u00f2 \u0103n l\u1ea9u - Th\u1ef1c Ph\u1ea9m RT 1 - th\u1ecbt b\u00f2 t\u01b0\u01a1i - m\u00e1t - s\u1ea1ch<\/title>\n<meta name=\"description\" content=\"th\u1ecbt b\u00f2 t\u01b0\u01a1i 5gfoods \u0111\u01b0\u1ee3c s\u01a1 ch\u1ebf v\u00e0 c\u1eaft mi\u1ebfng ph\u00f9 h\u1ee3p v\u1edbi l\u1ea9u b\u00f2 t\u1ea1i c\u00e1c nh\u00e0 h\u00e0ng, qu\u00e1n \u0103n hay t\u1ea1i gia. 5gfoods chuy\u00ean cung c\u1ea5p b\u00f2 t\u01b0\u01a1i\" \/>\n<meta name=\"robots\" content=\"index, follow\" \/>\n<meta name=\"googlebot\" content=\"index, follow, max-snippet:-1, max-image-preview:large, max-video-preview:-1\" \/>\n<meta name=\"bingbot\" content=\"index, follow, max-snippet:-1, max-image-preview:large, max-video-preview:-1\" \/>\n<link rel=\"canonical\" href=\"http:\/\/maudep.com.vn\/thucpham\/?product=thit-bo-an-lau\" \/>\n<meta property=\"og:locale\" content=\"vi_VN\" \/>\n<meta property=\"og:type\" content=\"article\" \/>\n<meta property=\"og:title\" content=\"Th\u1ecbt b\u00f2 \u0103n l\u1ea9u - Th\u1ef1c Ph\u1ea9m RT 1 - th\u1ecbt b\u00f2 t\u01b0\u01a1i - m\u00e1t - s\u1ea1ch\" \/>\n<meta property=\"og:description\" content=\"th\u1ecbt b\u00f2 t\u01b0\u01a1i 5gfoods \u0111\u01b0\u1ee3c s\u01a1 ch\u1ebf v\u00e0 c\u1eaft mi\u1ebfng ph\u00f9 h\u1ee3p v\u1edbi l\u1ea9u b\u00f2 t\u1ea1i c\u00e1c nh\u00e0 h\u00e0ng, qu\u00e1n \u0103n hay t\u1ea1i gia. 5gfoods chuy\u00ean cung c\u1ea5p b\u00f2 t\u01b0\u01a1i\" \/>\n<meta property=\"og:url\" content=\"http:\/\/maudep.com.vn\/thucpham\/?product=thit-bo-an-lau\" \/>\n<meta property=\"og:site_name\" content=\"Th\u1ef1c Ph\u1ea9m RT 1\" \/>\n<meta property=\"article:publisher\" content=\"https:\/\/www.facebook.com\/hoangvietmaudep.com.vn\/thucpham\" \/>\n<meta property=\"article:modified_time\" content=\"2021-02-04T02:44:09+00:00\" \/>\n<meta property=\"og:image\" content=\"http:\/\/maudep.com.vn\/thucpham\/wp-content\/uploads\/2020\/12\/thit-bo-an-lau.jpg\" \/>\n\t<meta property=\"og:image:width\" content=\"1092\" \/>\n\t<meta property=\"og:image:height\" content=\"800\" \/>\n<meta name=\"twitter:card\" content=\"summary_large_image\" \/>\n<script type=\"application\/ld+json\" class=\"yoast-schema-graph\">{\"@context\":\"https:\/\/schema.org\",\"@graph\":[{\"@type\":\"WebSite\",\"@id\":\"http:\/\/maudep.com.vn\/thucpham\/#website\",\"url\":\"http:\/\/maudep.com.vn\/thucpham\/\",\"name\":\"Th\\u1ef1c Ph\\u1ea9m RT 1\",\"description\":\"\",\"potentialAction\":[{\"@type\":\"SearchAction\",\"target\":\"http:\/\/maudep.com.vn\/thucpham\/?s={search_term_string}\",\"query-input\":\"required name=search_term_string\"}],\"inLanguage\":\"vi\"},{\"@type\":\"ImageObject\",\"@id\":\"http:\/\/maudep.com.vn\/thucpham\/?product=thit-bo-an-lau#primaryimage\",\"inLanguage\":\"vi\",\"url\":\"http:\/\/maudep.com.vn\/thucpham\/wp-content\/uploads\/2020\/12\/thit-bo-an-lau.jpg\",\"width\":1092,\"height\":800,\"caption\":\"thit-bo-an-lau\"},{\"@type\":\"WebPage\",\"@id\":\"http:\/\/maudep.com.vn\/thucpham\/?product=thit-bo-an-lau#webpage\",\"url\":\"http:\/\/maudep.com.vn\/thucpham\/?product=thit-bo-an-lau\",\"name\":\"Th\\u1ecbt b\\u00f2 \\u0103n l\\u1ea9u - Th\\u1ef1c Ph\\u1ea9m RT 1 - th\\u1ecbt b\\u00f2 t\\u01b0\\u01a1i - m\\u00e1t - s\\u1ea1ch\",\"isPartOf\":{\"@id\":\"http:\/\/maudep.com.vn\/thucpham\/#website\"},\"primaryImageOfPage\":{\"@id\":\"http:\/\/maudep.com.vn\/thucpham\/?product=thit-bo-an-lau#primaryimage\"},\"datePublished\":\"2020-12-10T18:55:39+00:00\",\"dateModified\":\"2021-02-04T02:44:09+00:00\",\"description\":\"th\\u1ecbt b\\u00f2 t\\u01b0\\u01a1i 5gfoods \\u0111\\u01b0\\u1ee3c s\\u01a1 ch\\u1ebf v\\u00e0 c\\u1eaft mi\\u1ebfng ph\\u00f9 h\\u1ee3p v\\u1edbi l\\u1ea9u b\\u00f2 t\\u1ea1i c\\u00e1c nh\\u00e0 h\\u00e0ng, qu\\u00e1n \\u0103n hay t\\u1ea1i gia. 5gfoods chuy\\u00ean cung c\\u1ea5p b\\u00f2 t\\u01b0\\u01a1i\",\"breadcrumb\":{\"@id\":\"http:\/\/maudep.com.vn\/thucpham\/?product=thit-bo-an-lau#breadcrumb\"},\"inLanguage\":\"vi\",\"potentialAction\":[{\"@type\":\"ReadAction\",\"target\":[\"http:\/\/maudep.com.vn\/thucpham\/?product=thit-bo-an-lau\"]}]},{\"@type\":\"BreadcrumbList\",\"@id\":\"http:\/\/maudep.com.vn\/thucpham\/?product=thit-bo-an-lau#breadcrumb\",\"itemListElement\":[{\"@type\":\"ListItem\",\"position\":1,\"item\":{\"@type\":\"WebPage\",\"@id\":\"http:\/\/maudep.com.vn\/thucpham\/\",\"url\":\"http:\/\/maudep.com.vn\/thucpham\/\",\"name\":\"Trang ch\\u1ee7\"}},{\"@type\":\"ListItem\",\"position\":2,\"item\":{\"@type\":\"WebPage\",\"@id\":\"http:\/\/maudep.com.vn\/thucpham\/?page_id=63\",\"url\":\"http:\/\/maudep.com.vn\/thucpham\/?page_id=63\",\"name\":\"Shop\"}},{\"@type\":\"ListItem\",\"position\":3,\"item\":{\"@type\":\"WebPage\",\"@id\":\"http:\/\/maudep.com.vn\/thucpham\/?product=thit-bo-an-lau\",\"url\":\"http:\/\/maudep.com.vn\/thucpham\/?product=thit-bo-an-lau\",\"name\":\"Th\\u1ecbt b\\u00f2 \\u0103n l\\u1ea9u\"}}]}]}<\/script>\n<!-- \/ Yoast SEO plugin. -->","_links":{"self":[{"href":"http:\/\/maudep.com.vn\/thucpham\/index.php?rest_route=\/wp\/v2\/product\/2348"}],"collection":[{"href":"http:\/\/maudep.com.vn\/thucpham\/index.php?rest_route=\/wp\/v2\/product"}],"about":[{"href":"http:\/\/maudep.com.vn\/thucpham\/index.php?rest_route=\/wp\/v2\/types\/product"}],"replies":[{"embeddable":true,"href":"http:\/\/maudep.com.vn\/thucpham\/index.php?rest_route=%2Fwp%2Fv2%2Fcomments&post=2348"}],"wp:featuredmedia":[{"embeddable":true,"href":"http:\/\/maudep.com.vn\/thucpham\/index.php?rest_route=\/wp\/v2\/media\/2839"}],"wp:attachment":[{"href":"http:\/\/maudep.com.vn\/thucpham\/index.php?rest_route=%2Fwp%2Fv2%2Fmedia&parent=2348"}],"curies":[{"name":"wp","href":"https:\/\/api.w.org\/{rel}","templated":true}]}}