{"id":2596,"date":"2020-12-29T10:50:57","date_gmt":"2020-12-29T03:50:57","guid":{"rendered":"https:\/\/maudep.com.vn\/thucpham\/?post_type=product&#038;p=2596"},"modified":"2021-02-04T13:31:25","modified_gmt":"2021-02-04T06:31:25","slug":"t-bone","status":"publish","type":"product","link":"http:\/\/maudep.com.vn\/thucpham\/?product=t-bone","title":{"rendered":"S\u01b0\u1eddn T-bone (Dry aged)"},"content":{"rendered":"<p>T-bone ( s\u01b0\u1eddn ch\u1eef T ) l\u00e0 mi\u1ebfng\u00a0th\u1ecbt b\u00f2 c\u00f3 x\u01b0\u01a1ng h\u00ecnh ch\u1eef T n\u1eb1m gi\u1eefa hai c\u00e2y th\u0103n n\u1ed9i v\u00e0 th\u0103n ngo\u1ea1i \u0111\u01b0\u1ee3c coi l\u00e0 ph\u1ea7n ngon nh\u1ea5t tr\u00ean con b\u00f2, th\u1ecbt b\u00f2 \u0111\u01b0\u1ee3c \u1ee7 t\u1ed1i thi\u1ec3u 4 tu\u1ea7n t\u1ea1o ra nh\u1eefng mi\u1ebfng th\u1ecbt h\u1ea3o h\u1ea1ng. Khi \u0103n ph\u1ea7n th\u1ecbt th\u0103n ch\u1eef T nh\u1eefng ng\u01b0\u1eddi s\u00e0nh \u0103n s\u1ebd d\u1ec5 d\u00e0ng c\u1ea3m nh\u1eadn \u0111\u01b0\u1ee3c hai h\u01b0\u01a1ng v\u1ecb kh\u00e1c nhau. B\u00ean c\u00f3 ph\u1ea7n th\u0103n n\u1ed9i th\u00ec r\u1ea5t m\u1ec1m, th\u0103n n\u1ed9i c\u0169ng l\u00e0 ph\u1ea7n th\u1ecbt n\u1ea1c nh\u1ea5t, \u0111\u1eaft nh\u1ea5t trong con b\u00f2. Th\u0103n ngo\u1ea1i th\u00ec dai h\u01a1n m\u1ed9t ch\u00fat, v\u00e0 ch\u1ec9 m\u1ed9t ch\u00fat th\u00f4i so v\u1edbi ph\u1ea7n th\u0103n n\u1ed9i. Th\u0103n ngo\u1ea1i c\u0169ng c\u00f3 th\u00eam ch\u00fat m\u1ee1 n\u00ean khi \u0103n s\u1ebd c\u1ea3m th\u1ea5y b\u00e9o h\u01a1n \u0111\u00f4i ph\u1ea7n. Th\u1ecbt th\u0103n ch\u1eef T r\u1ea5t m\u1ec1m n\u00ean n\u00f3 ph\u00f9 h\u1ee3p v\u1edbi c\u00e1c m\u00f3n \u0103n t\u00e1i, m\u00f3n n\u00e0y s\u1ebd gi\u00fap c\u1ea3m nh\u1eadn \u0111\u01b0\u1ee3c h\u1ebft v\u1ecb b\u00e9o, v\u1ecb m\u1ec1m, v\u1ecb ng\u1ecdt c\u1ee7a mi\u1ebfng th\u1ecbt b\u00f2.<\/p>\n<p><strong>L\u01b0u \u00fd:<\/strong><\/p>\n<p>Ch\u1ec9 s\u1ef1 d\u1ee5ng s\u1ea3n ph\u1ea9m khi bao b\u00ec c\u00f2n nguy\u00ean v\u1eb9n.<br \/>\nKh\u00f4ng s\u1eed d\u1ee5ng s\u1ea3n ph\u1ea9m n\u1ebfu \u0111\u00e3 c\u00f3 m\u00f9i l\u1ea1.<\/p>\n<p>&nbsp;<\/p>\n","protected":false},"excerpt":{"rendered":"<p><strong>Nh\u00e3n hi\u1ec7u:<\/strong> Ho\u00e0ng Vi\u1ec7t 5G foods<\/p>\n<p><strong>Xu\u1ea5t x\u1ee9:<\/strong> \u00dac<\/p>\n<p><strong>\u0110\u00f3ng g\u00f3i:<\/strong> h\u00fat ch\u00e2n kh\u00f4ng<\/p>\n<p><strong>B\u1ea3o qu\u1ea3n:<\/strong> ng\u0103n m\u00e1t<\/p>\n<p>Th\u1ecbt b\u00f2 t\u01b0\u01a1i Ho\u00e0ng Vi\u1ec7t 5G foods \u0111\u1ea3m b\u1ea3o t\u01b0\u01a1i ngon an to\u00e0n v\u1ec7 sinh th\u1ef1c ph\u1ea9m &#8211; \u0111\u1ea1t chu\u1ea9n iso 22000:2018<\/p>\n","protected":false},"featured_media":2845,"comment_status":"open","ping_status":"closed","template":"","meta":[],"yoast_head":"<!-- This site is optimized with the Yoast SEO plugin v14.7 - https:\/\/yoast.com\/wordpress\/plugins\/seo\/ -->\n<title>S\u01b0\u1eddn T-bone (Dry aged) - Th\u1ef1c Ph\u1ea9m RT 1<\/title>\n<meta name=\"robots\" content=\"index, follow\" \/>\n<meta name=\"googlebot\" content=\"index, follow, max-snippet:-1, max-image-preview:large, max-video-preview:-1\" \/>\n<meta name=\"bingbot\" content=\"index, follow, max-snippet:-1, max-image-preview:large, max-video-preview:-1\" \/>\n<link rel=\"canonical\" href=\"http:\/\/maudep.com.vn\/thucpham\/?product=t-bone\" \/>\n<meta property=\"og:locale\" content=\"vi_VN\" \/>\n<meta property=\"og:type\" content=\"article\" \/>\n<meta property=\"og:title\" content=\"S\u01b0\u1eddn T-bone (Dry aged) - Th\u1ef1c Ph\u1ea9m RT 1\" \/>\n<meta property=\"og:description\" content=\"Nh\u00e3n hi\u1ec7u: Ho\u00e0ng Vi\u1ec7t 5G foods  Xu\u1ea5t x\u1ee9: \u00dac  \u0110\u00f3ng g\u00f3i: h\u00fat ch\u00e2n kh\u00f4ng  B\u1ea3o qu\u1ea3n: ng\u0103n m\u00e1t  Th\u1ecbt b\u00f2 t\u01b0\u01a1i Ho\u00e0ng Vi\u1ec7t 5G foods \u0111\u1ea3m b\u1ea3o t\u01b0\u01a1i ngon an to\u00e0n v\u1ec7 sinh th\u1ef1c ph\u1ea9m - \u0111\u1ea1t chu\u1ea9n iso 22000:2018\" \/>\n<meta property=\"og:url\" content=\"http:\/\/maudep.com.vn\/thucpham\/?product=t-bone\" \/>\n<meta property=\"og:site_name\" content=\"Th\u1ef1c Ph\u1ea9m RT 1\" \/>\n<meta property=\"article:publisher\" content=\"https:\/\/www.facebook.com\/hoangvietmaudep.com.vn\/thucpham\" \/>\n<meta property=\"article:modified_time\" content=\"2021-02-04T06:31:25+00:00\" \/>\n<meta property=\"og:image\" content=\"http:\/\/maudep.com.vn\/thucpham\/wp-content\/uploads\/2020\/12\/t-bone.jpg\" \/>\n\t<meta property=\"og:image:width\" content=\"1092\" \/>\n\t<meta property=\"og:image:height\" content=\"800\" \/>\n<meta name=\"twitter:card\" content=\"summary_large_image\" \/>\n<script type=\"application\/ld+json\" class=\"yoast-schema-graph\">{\"@context\":\"https:\/\/schema.org\",\"@graph\":[{\"@type\":\"WebSite\",\"@id\":\"http:\/\/maudep.com.vn\/thucpham\/#website\",\"url\":\"http:\/\/maudep.com.vn\/thucpham\/\",\"name\":\"Th\\u1ef1c Ph\\u1ea9m RT 1\",\"description\":\"\",\"potentialAction\":[{\"@type\":\"SearchAction\",\"target\":\"http:\/\/maudep.com.vn\/thucpham\/?s={search_term_string}\",\"query-input\":\"required name=search_term_string\"}],\"inLanguage\":\"vi\"},{\"@type\":\"ImageObject\",\"@id\":\"http:\/\/maudep.com.vn\/thucpham\/?product=t-bone#primaryimage\",\"inLanguage\":\"vi\",\"url\":\"http:\/\/maudep.com.vn\/thucpham\/wp-content\/uploads\/2020\/12\/t-bone.jpg\",\"width\":1092,\"height\":800,\"caption\":\"t-bone\"},{\"@type\":\"WebPage\",\"@id\":\"http:\/\/maudep.com.vn\/thucpham\/?product=t-bone#webpage\",\"url\":\"http:\/\/maudep.com.vn\/thucpham\/?product=t-bone\",\"name\":\"S\\u01b0\\u1eddn T-bone (Dry aged) - Th\\u1ef1c Ph\\u1ea9m RT 1\",\"isPartOf\":{\"@id\":\"http:\/\/maudep.com.vn\/thucpham\/#website\"},\"primaryImageOfPage\":{\"@id\":\"http:\/\/maudep.com.vn\/thucpham\/?product=t-bone#primaryimage\"},\"datePublished\":\"2020-12-29T03:50:57+00:00\",\"dateModified\":\"2021-02-04T06:31:25+00:00\",\"breadcrumb\":{\"@id\":\"http:\/\/maudep.com.vn\/thucpham\/?product=t-bone#breadcrumb\"},\"inLanguage\":\"vi\",\"potentialAction\":[{\"@type\":\"ReadAction\",\"target\":[\"http:\/\/maudep.com.vn\/thucpham\/?product=t-bone\"]}]},{\"@type\":\"BreadcrumbList\",\"@id\":\"http:\/\/maudep.com.vn\/thucpham\/?product=t-bone#breadcrumb\",\"itemListElement\":[{\"@type\":\"ListItem\",\"position\":1,\"item\":{\"@type\":\"WebPage\",\"@id\":\"http:\/\/maudep.com.vn\/thucpham\/\",\"url\":\"http:\/\/maudep.com.vn\/thucpham\/\",\"name\":\"Trang ch\\u1ee7\"}},{\"@type\":\"ListItem\",\"position\":2,\"item\":{\"@type\":\"WebPage\",\"@id\":\"http:\/\/maudep.com.vn\/thucpham\/?page_id=63\",\"url\":\"http:\/\/maudep.com.vn\/thucpham\/?page_id=63\",\"name\":\"Shop\"}},{\"@type\":\"ListItem\",\"position\":3,\"item\":{\"@type\":\"WebPage\",\"@id\":\"http:\/\/maudep.com.vn\/thucpham\/?product=t-bone\",\"url\":\"http:\/\/maudep.com.vn\/thucpham\/?product=t-bone\",\"name\":\"S\\u01b0\\u1eddn T-bone (Dry aged)\"}}]}]}<\/script>\n<!-- \/ Yoast SEO plugin. -->","_links":{"self":[{"href":"http:\/\/maudep.com.vn\/thucpham\/index.php?rest_route=\/wp\/v2\/product\/2596"}],"collection":[{"href":"http:\/\/maudep.com.vn\/thucpham\/index.php?rest_route=\/wp\/v2\/product"}],"about":[{"href":"http:\/\/maudep.com.vn\/thucpham\/index.php?rest_route=\/wp\/v2\/types\/product"}],"replies":[{"embeddable":true,"href":"http:\/\/maudep.com.vn\/thucpham\/index.php?rest_route=%2Fwp%2Fv2%2Fcomments&post=2596"}],"wp:featuredmedia":[{"embeddable":true,"href":"http:\/\/maudep.com.vn\/thucpham\/index.php?rest_route=\/wp\/v2\/media\/2845"}],"wp:attachment":[{"href":"http:\/\/maudep.com.vn\/thucpham\/index.php?rest_route=%2Fwp%2Fv2%2Fmedia&parent=2596"}],"curies":[{"name":"wp","href":"https:\/\/api.w.org\/{rel}","templated":true}]}}