{"id":2597,"date":"2020-12-29T11:18:53","date_gmt":"2020-12-29T04:18:53","guid":{"rendered":"https:\/\/maudep.com.vn\/thucpham\/?post_type=product&#038;p=2597"},"modified":"2021-02-04T14:37:28","modified_gmt":"2021-02-04T07:37:28","slug":"rib-beef","status":"publish","type":"product","link":"http:\/\/maudep.com.vn\/thucpham\/?product=rib-beef","title":{"rendered":"Rib beef (Dry aged)"},"content":{"rendered":"<p>Th\u0103n l\u01b0ng c\u00f3 x\u01b0\u01a1ng (Rib beef) l\u00e0 ph\u1ea7n th\u1ecbt b\u00f2 n\u1eb1m tr\u00ean x\u01b0\u01a1ng s\u01b0\u1eddn. Th\u1ecbt b\u00f2 \u0111\u01b0\u1ee3c \u1ee7 trong m\u00f4i tr\u01b0\u1eddng \u0111\u1eb7c bi\u1ec7t (nhi\u1ec7t \u0111\u1ed9 &#8211; \u0111\u1ed9 \u1ea9m &#8211; s\u1ee9c gi\u00f3) \u0111\u01b0\u1ee3c ki\u1ec3m so\u00e1t m\u1ed9t c\u00e1c nghi\u00eam ng\u1eb7t l\u00e0m m\u00e1u trong th\u1ecbt ch\u1ea3y ra h\u1ebft v\u00e0 n\u01b0\u1edbc r\u00fat d\u1ea7n \u0111i. Ph\u1ea7n th\u1ecbt b\u00ean ngo\u00e0i s\u1ebd d\u1ea7n kh\u00f4 l\u1ea1i nh\u01b0ng b\u00ean trong v\u1eabn t\u01b0\u01a1i, mi\u1ebfng th\u1ecbt sau khi ch\u1ebf bi\u1ebfn s\u1ebd m\u1ec1m m\u1ecdng n\u01b0\u1edbc v\u00e0 c\u00f3 v\u1ecb \u0111\u1eadm \u0111\u00e0 h\u01a1n.<\/p>\n<p><img loading=\"lazy\" class=\"size-medium wp-image-2624 aligncenter\" src=\"https:\/\/maudep.com.vn\/thucpham\/wp-content\/uploads\/2020\/12\/raw-cowboy-steak-stone-background-prime-rib-eye-bone-615x400.jpg\" alt=\"Rib beef\" width=\"615\" height=\"400\" srcset=\"http:\/\/maudep.com.vn\/thucpham\/wp-content\/uploads\/2020\/12\/raw-cowboy-steak-stone-background-prime-rib-eye-bone-615x400.jpg 615w, http:\/\/maudep.com.vn\/thucpham\/wp-content\/uploads\/2020\/12\/raw-cowboy-steak-stone-background-prime-rib-eye-bone-1229x800.jpg 1229w, http:\/\/maudep.com.vn\/thucpham\/wp-content\/uploads\/2020\/12\/raw-cowboy-steak-stone-background-prime-rib-eye-bone-768x500.jpg 768w, http:\/\/maudep.com.vn\/thucpham\/wp-content\/uploads\/2020\/12\/raw-cowboy-steak-stone-background-prime-rib-eye-bone-1536x1000.jpg 1536w, http:\/\/maudep.com.vn\/thucpham\/wp-content\/uploads\/2020\/12\/raw-cowboy-steak-stone-background-prime-rib-eye-bone-2048x1333.jpg 2048w, http:\/\/maudep.com.vn\/thucpham\/wp-content\/uploads\/2020\/12\/raw-cowboy-steak-stone-background-prime-rib-eye-bone-600x391.jpg 600w\" sizes=\"(max-width: 615px) 100vw, 615px\" \/><\/p>\n<p>&nbsp;<\/p>\n<p>&nbsp;<\/p>\n<p>&nbsp;<\/p>\n<p>&nbsp;<\/p>\n<p>&nbsp;<\/p>\n<p><strong>L\u01b0u \u00fd:<\/strong><\/p>\n<p>Ch\u1ec9 s\u1eed d\u1ee5ng s\u1ea3n ph\u1ea9m khi bao b\u00ec c\u00f2n nguy\u00ean v\u1eb9n.<br \/>\nKh\u00f4ng s\u1eed d\u1ee5ng s\u1ea3n ph\u1ea9m n\u1ebfu \u0111\u00e3 c\u00f3 m\u00f9i l\u1ea1.<\/p>\n","protected":false},"excerpt":{"rendered":"<p><strong>Nh\u00e3n hi\u1ec7u:<\/strong> Ho\u00e0ng Vi\u1ec7t 5G foods<\/p>\n<p><strong>Xu\u1ea5t x\u1ee9:<\/strong> \u00dac<\/p>\n<p><strong>\u0110\u00f3ng g\u00f3i:<\/strong> h\u00fat ch\u00e2n kh\u00f4ng<\/p>\n<p><strong>B\u1ea3o qu\u1ea3n:<\/strong> ng\u0103n m\u00e1t<\/p>\n<p>Th\u1ecbt b\u00f2 t\u01b0\u01a1i Ho\u00e0ng Vi\u1ec7t 5G foods \u0111\u1ea3m b\u1ea3o t\u01b0\u01a1i ngon an to\u00e0n v\u1ec7 sinh th\u1ef1c ph\u1ea9m &#8211; \u0111\u1ea1t chu\u1ea9n iso 22000:2018<\/p>\n","protected":false},"featured_media":2847,"comment_status":"open","ping_status":"closed","template":"","meta":[],"yoast_head":"<!-- This site is optimized with the Yoast SEO plugin v14.7 - https:\/\/yoast.com\/wordpress\/plugins\/seo\/ -->\n<title>Rib beef (Dry aged) - Th\u1ef1c Ph\u1ea9m RT 1<\/title>\n<meta name=\"robots\" content=\"index, follow\" \/>\n<meta name=\"googlebot\" content=\"index, follow, max-snippet:-1, max-image-preview:large, max-video-preview:-1\" \/>\n<meta name=\"bingbot\" content=\"index, follow, max-snippet:-1, max-image-preview:large, max-video-preview:-1\" \/>\n<link rel=\"canonical\" href=\"http:\/\/maudep.com.vn\/thucpham\/?product=rib-beef\" \/>\n<meta property=\"og:locale\" content=\"vi_VN\" \/>\n<meta property=\"og:type\" content=\"article\" \/>\n<meta property=\"og:title\" content=\"Rib beef (Dry aged) - Th\u1ef1c Ph\u1ea9m RT 1\" \/>\n<meta property=\"og:description\" content=\"Nh\u00e3n hi\u1ec7u: Ho\u00e0ng Vi\u1ec7t 5G foods  Xu\u1ea5t x\u1ee9: \u00dac  \u0110\u00f3ng g\u00f3i: h\u00fat ch\u00e2n kh\u00f4ng  B\u1ea3o qu\u1ea3n: ng\u0103n m\u00e1t  Th\u1ecbt b\u00f2 t\u01b0\u01a1i Ho\u00e0ng Vi\u1ec7t 5G foods \u0111\u1ea3m b\u1ea3o t\u01b0\u01a1i ngon an to\u00e0n v\u1ec7 sinh th\u1ef1c ph\u1ea9m - \u0111\u1ea1t chu\u1ea9n iso 22000:2018\" \/>\n<meta property=\"og:url\" content=\"http:\/\/maudep.com.vn\/thucpham\/?product=rib-beef\" \/>\n<meta property=\"og:site_name\" content=\"Th\u1ef1c Ph\u1ea9m RT 1\" \/>\n<meta property=\"article:publisher\" content=\"https:\/\/www.facebook.com\/hoangvietmaudep.com.vn\/thucpham\" \/>\n<meta property=\"article:modified_time\" content=\"2021-02-04T07:37:28+00:00\" \/>\n<meta property=\"og:image\" content=\"http:\/\/maudep.com.vn\/thucpham\/wp-content\/uploads\/2020\/12\/ribs-steak.jpg\" \/>\n\t<meta property=\"og:image:width\" content=\"1092\" \/>\n\t<meta property=\"og:image:height\" content=\"800\" \/>\n<meta name=\"twitter:card\" content=\"summary_large_image\" \/>\n<script type=\"application\/ld+json\" class=\"yoast-schema-graph\">{\"@context\":\"https:\/\/schema.org\",\"@graph\":[{\"@type\":\"WebSite\",\"@id\":\"http:\/\/maudep.com.vn\/thucpham\/#website\",\"url\":\"http:\/\/maudep.com.vn\/thucpham\/\",\"name\":\"Th\\u1ef1c Ph\\u1ea9m RT 1\",\"description\":\"\",\"potentialAction\":[{\"@type\":\"SearchAction\",\"target\":\"http:\/\/maudep.com.vn\/thucpham\/?s={search_term_string}\",\"query-input\":\"required name=search_term_string\"}],\"inLanguage\":\"vi\"},{\"@type\":\"ImageObject\",\"@id\":\"http:\/\/maudep.com.vn\/thucpham\/?product=rib-beef#primaryimage\",\"inLanguage\":\"vi\",\"url\":\"http:\/\/maudep.com.vn\/thucpham\/wp-content\/uploads\/2020\/12\/ribs-steak.jpg\",\"width\":1092,\"height\":800,\"caption\":\"ribs-steak\"},{\"@type\":\"WebPage\",\"@id\":\"http:\/\/maudep.com.vn\/thucpham\/?product=rib-beef#webpage\",\"url\":\"http:\/\/maudep.com.vn\/thucpham\/?product=rib-beef\",\"name\":\"Rib beef (Dry aged) - Th\\u1ef1c Ph\\u1ea9m RT 1\",\"isPartOf\":{\"@id\":\"http:\/\/maudep.com.vn\/thucpham\/#website\"},\"primaryImageOfPage\":{\"@id\":\"http:\/\/maudep.com.vn\/thucpham\/?product=rib-beef#primaryimage\"},\"datePublished\":\"2020-12-29T04:18:53+00:00\",\"dateModified\":\"2021-02-04T07:37:28+00:00\",\"breadcrumb\":{\"@id\":\"http:\/\/maudep.com.vn\/thucpham\/?product=rib-beef#breadcrumb\"},\"inLanguage\":\"vi\",\"potentialAction\":[{\"@type\":\"ReadAction\",\"target\":[\"http:\/\/maudep.com.vn\/thucpham\/?product=rib-beef\"]}]},{\"@type\":\"BreadcrumbList\",\"@id\":\"http:\/\/maudep.com.vn\/thucpham\/?product=rib-beef#breadcrumb\",\"itemListElement\":[{\"@type\":\"ListItem\",\"position\":1,\"item\":{\"@type\":\"WebPage\",\"@id\":\"http:\/\/maudep.com.vn\/thucpham\/\",\"url\":\"http:\/\/maudep.com.vn\/thucpham\/\",\"name\":\"Trang ch\\u1ee7\"}},{\"@type\":\"ListItem\",\"position\":2,\"item\":{\"@type\":\"WebPage\",\"@id\":\"http:\/\/maudep.com.vn\/thucpham\/?page_id=63\",\"url\":\"http:\/\/maudep.com.vn\/thucpham\/?page_id=63\",\"name\":\"Shop\"}},{\"@type\":\"ListItem\",\"position\":3,\"item\":{\"@type\":\"WebPage\",\"@id\":\"http:\/\/maudep.com.vn\/thucpham\/?product=rib-beef\",\"url\":\"http:\/\/maudep.com.vn\/thucpham\/?product=rib-beef\",\"name\":\"Rib beef (Dry aged)\"}}]}]}<\/script>\n<!-- \/ Yoast SEO plugin. -->","_links":{"self":[{"href":"http:\/\/maudep.com.vn\/thucpham\/index.php?rest_route=\/wp\/v2\/product\/2597"}],"collection":[{"href":"http:\/\/maudep.com.vn\/thucpham\/index.php?rest_route=\/wp\/v2\/product"}],"about":[{"href":"http:\/\/maudep.com.vn\/thucpham\/index.php?rest_route=\/wp\/v2\/types\/product"}],"replies":[{"embeddable":true,"href":"http:\/\/maudep.com.vn\/thucpham\/index.php?rest_route=%2Fwp%2Fv2%2Fcomments&post=2597"}],"wp:featuredmedia":[{"embeddable":true,"href":"http:\/\/maudep.com.vn\/thucpham\/index.php?rest_route=\/wp\/v2\/media\/2847"}],"wp:attachment":[{"href":"http:\/\/maudep.com.vn\/thucpham\/index.php?rest_route=%2Fwp%2Fv2%2Fmedia&parent=2597"}],"curies":[{"name":"wp","href":"https:\/\/api.w.org\/{rel}","templated":true}]}}