{"id":2598,"date":"2020-12-29T11:20:16","date_gmt":"2020-12-29T04:20:16","guid":{"rendered":"https:\/\/maudep.com.vn\/thucpham\/?post_type=product&#038;p=2598"},"modified":"2021-02-04T14:28:02","modified_gmt":"2021-02-04T07:28:02","slug":"ribeye-butter","status":"publish","type":"product","link":"http:\/\/maudep.com.vn\/thucpham\/?product=ribeye-butter","title":{"rendered":"Ribeye &#8211; butter"},"content":{"rendered":"<p style=\"text-align: justify;\">Th\u0103n l\u01b0ng b\u00f2 (Ribeye) m\u1ed9t trong nh\u1eefng ph\u1ea7n th\u1ecbt ngon nh\u1ea5t c\u1ee7a con b\u00f2 \u0111\u01b0\u1ee3c \u1ee7 c\u00f9ng v\u1edbi b\u01a1 m\u1ec1m m\u1ecbn, \u0111ang l\u00e0 xu h\u01b0\u1edbng th\u1ecbnh h\u00e0nh \u1edf c\u00e1c nh\u00e0 h\u00e0ng cao c\u1ea5p chuy\u00ean v\u1ec1 th\u1ecbt b\u00f2 \u0111\u01b0\u1ee3c th\u1ef1c kh\u00e1ch l\u1ef1a ch\u1ecdn th\u01b0\u1edfng th\u1ee9c \u0111\u00e3 c\u00f3 m\u1eb7t ngay t\u1ea1i nh\u00e0. V\u1edbi c\u00e1ch ch\u1ebf bi\u1ebfn c\u1ea7u k\u1ef3 \u0111\u01b0\u1ee3c \u1ee7 \u00edt nh\u1ea5t 4 tu\u1ea7n t\u1ea1o ra mi\u1ebfng th\u1ecbt m\u1ec1m m\u1ea1i v\u00e0 m\u1ecdng n\u01b0\u1edbc sau khi \u0111\u01b0\u1ee3c ch\u1ebf bi\u1ebfn.<\/p>\n<p><img loading=\"lazy\" class=\" wp-image-2764 aligncenter\" src=\"https:\/\/maudep.com.vn\/thucpham\/wp-content\/uploads\/2020\/12\/ribeye-butter-2-800x400.jpg\" alt=\"\" width=\"600\" height=\"300\" srcset=\"http:\/\/maudep.com.vn\/thucpham\/wp-content\/uploads\/2020\/12\/ribeye-butter-2-800x400.jpg 800w, http:\/\/maudep.com.vn\/thucpham\/wp-content\/uploads\/2020\/12\/ribeye-butter-2-768x384.jpg 768w, http:\/\/maudep.com.vn\/thucpham\/wp-content\/uploads\/2020\/12\/ribeye-butter-2-600x300.jpg 600w, http:\/\/maudep.com.vn\/thucpham\/wp-content\/uploads\/2020\/12\/ribeye-butter-2.jpg 1200w\" sizes=\"(max-width: 600px) 100vw, 600px\" \/><\/p>\n<p><strong>L\u01b0u \u00fd:<\/strong><\/p>\n<p>Ch\u1ec9 s\u1eed d\u1ee5ng s\u1ea3n ph\u1ea9m khi bao b\u00ec c\u00f2n nguy\u00ean v\u1eb9n.<br \/>\nKh\u00f4ng s\u1eed d\u1ee5ng s\u1ea3n ph\u1ea9m n\u1ebfu \u0111\u00e3 c\u00f3 m\u00f9i l\u1ea1.<\/p>\n","protected":false},"excerpt":{"rendered":"<p><strong>Nh\u00e3n hi\u1ec7u:<\/strong> Ho\u00e0ng Vi\u1ec7t 5G foods<\/p>\n<p><strong>Xu\u1ea5t x\u1ee9:<\/strong> \u00dac<\/p>\n<p><strong>\u0110\u00f3ng g\u00f3i:<\/strong> h\u00fat ch\u00e2n kh\u00f4ng<\/p>\n<p><strong>B\u1ea3o qu\u1ea3n:<\/strong> ng\u0103n m\u00e1t<\/p>\n<p>Th\u1ecbt b\u00f2 t\u01b0\u01a1i Ho\u00e0ng Vi\u1ec7t 5G foods \u0111\u1ea3m b\u1ea3o t\u01b0\u01a1i ngon an to\u00e0n v\u1ec7 sinh th\u1ef1c ph\u1ea9m &#8211; \u0111\u1ea1t chu\u1ea9n iso 22000:2018<\/p>\n","protected":false},"featured_media":2846,"comment_status":"open","ping_status":"closed","template":"","meta":[],"yoast_head":"<!-- This site is optimized with the Yoast SEO plugin v14.7 - https:\/\/yoast.com\/wordpress\/plugins\/seo\/ -->\n<title>Ribeye - butter - Th\u1ef1c Ph\u1ea9m RT 1<\/title>\n<meta name=\"robots\" content=\"index, follow\" \/>\n<meta name=\"googlebot\" content=\"index, follow, max-snippet:-1, max-image-preview:large, max-video-preview:-1\" \/>\n<meta name=\"bingbot\" content=\"index, follow, max-snippet:-1, max-image-preview:large, max-video-preview:-1\" \/>\n<link rel=\"canonical\" href=\"http:\/\/maudep.com.vn\/thucpham\/?product=ribeye-butter\" \/>\n<meta property=\"og:locale\" content=\"vi_VN\" \/>\n<meta property=\"og:type\" content=\"article\" \/>\n<meta property=\"og:title\" content=\"Ribeye - butter - Th\u1ef1c Ph\u1ea9m RT 1\" \/>\n<meta property=\"og:description\" content=\"Nh\u00e3n hi\u1ec7u: Ho\u00e0ng Vi\u1ec7t 5G foods  Xu\u1ea5t x\u1ee9: \u00dac  \u0110\u00f3ng g\u00f3i: h\u00fat ch\u00e2n kh\u00f4ng  B\u1ea3o qu\u1ea3n: ng\u0103n m\u00e1t  Th\u1ecbt b\u00f2 t\u01b0\u01a1i Ho\u00e0ng Vi\u1ec7t 5G foods \u0111\u1ea3m b\u1ea3o t\u01b0\u01a1i ngon an to\u00e0n v\u1ec7 sinh th\u1ef1c ph\u1ea9m - \u0111\u1ea1t chu\u1ea9n iso 22000:2018\" \/>\n<meta property=\"og:url\" content=\"http:\/\/maudep.com.vn\/thucpham\/?product=ribeye-butter\" \/>\n<meta property=\"og:site_name\" content=\"Th\u1ef1c Ph\u1ea9m RT 1\" \/>\n<meta property=\"article:publisher\" content=\"https:\/\/www.facebook.com\/hoangvietmaudep.com.vn\/thucpham\" \/>\n<meta property=\"article:modified_time\" content=\"2021-02-04T07:28:02+00:00\" \/>\n<meta property=\"og:image\" content=\"http:\/\/maudep.com.vn\/thucpham\/wp-content\/uploads\/2020\/12\/ribeye-with-butter.jpg\" \/>\n\t<meta property=\"og:image:width\" content=\"1092\" \/>\n\t<meta property=\"og:image:height\" content=\"800\" \/>\n<meta name=\"twitter:card\" content=\"summary_large_image\" \/>\n<script type=\"application\/ld+json\" class=\"yoast-schema-graph\">{\"@context\":\"https:\/\/schema.org\",\"@graph\":[{\"@type\":\"WebSite\",\"@id\":\"http:\/\/maudep.com.vn\/thucpham\/#website\",\"url\":\"http:\/\/maudep.com.vn\/thucpham\/\",\"name\":\"Th\\u1ef1c Ph\\u1ea9m RT 1\",\"description\":\"\",\"potentialAction\":[{\"@type\":\"SearchAction\",\"target\":\"http:\/\/maudep.com.vn\/thucpham\/?s={search_term_string}\",\"query-input\":\"required name=search_term_string\"}],\"inLanguage\":\"vi\"},{\"@type\":\"ImageObject\",\"@id\":\"http:\/\/maudep.com.vn\/thucpham\/?product=ribeye-butter#primaryimage\",\"inLanguage\":\"vi\",\"url\":\"http:\/\/maudep.com.vn\/thucpham\/wp-content\/uploads\/2020\/12\/ribeye-with-butter.jpg\",\"width\":1092,\"height\":800,\"caption\":\"ribeye-with-butter\"},{\"@type\":\"WebPage\",\"@id\":\"http:\/\/maudep.com.vn\/thucpham\/?product=ribeye-butter#webpage\",\"url\":\"http:\/\/maudep.com.vn\/thucpham\/?product=ribeye-butter\",\"name\":\"Ribeye - butter - Th\\u1ef1c Ph\\u1ea9m RT 1\",\"isPartOf\":{\"@id\":\"http:\/\/maudep.com.vn\/thucpham\/#website\"},\"primaryImageOfPage\":{\"@id\":\"http:\/\/maudep.com.vn\/thucpham\/?product=ribeye-butter#primaryimage\"},\"datePublished\":\"2020-12-29T04:20:16+00:00\",\"dateModified\":\"2021-02-04T07:28:02+00:00\",\"breadcrumb\":{\"@id\":\"http:\/\/maudep.com.vn\/thucpham\/?product=ribeye-butter#breadcrumb\"},\"inLanguage\":\"vi\",\"potentialAction\":[{\"@type\":\"ReadAction\",\"target\":[\"http:\/\/maudep.com.vn\/thucpham\/?product=ribeye-butter\"]}]},{\"@type\":\"BreadcrumbList\",\"@id\":\"http:\/\/maudep.com.vn\/thucpham\/?product=ribeye-butter#breadcrumb\",\"itemListElement\":[{\"@type\":\"ListItem\",\"position\":1,\"item\":{\"@type\":\"WebPage\",\"@id\":\"http:\/\/maudep.com.vn\/thucpham\/\",\"url\":\"http:\/\/maudep.com.vn\/thucpham\/\",\"name\":\"Trang ch\\u1ee7\"}},{\"@type\":\"ListItem\",\"position\":2,\"item\":{\"@type\":\"WebPage\",\"@id\":\"http:\/\/maudep.com.vn\/thucpham\/?page_id=63\",\"url\":\"http:\/\/maudep.com.vn\/thucpham\/?page_id=63\",\"name\":\"Shop\"}},{\"@type\":\"ListItem\",\"position\":3,\"item\":{\"@type\":\"WebPage\",\"@id\":\"http:\/\/maudep.com.vn\/thucpham\/?product=ribeye-butter\",\"url\":\"http:\/\/maudep.com.vn\/thucpham\/?product=ribeye-butter\",\"name\":\"Ribeye &#8211; butter\"}}]}]}<\/script>\n<!-- \/ Yoast SEO plugin. -->","_links":{"self":[{"href":"http:\/\/maudep.com.vn\/thucpham\/index.php?rest_route=\/wp\/v2\/product\/2598"}],"collection":[{"href":"http:\/\/maudep.com.vn\/thucpham\/index.php?rest_route=\/wp\/v2\/product"}],"about":[{"href":"http:\/\/maudep.com.vn\/thucpham\/index.php?rest_route=\/wp\/v2\/types\/product"}],"replies":[{"embeddable":true,"href":"http:\/\/maudep.com.vn\/thucpham\/index.php?rest_route=%2Fwp%2Fv2%2Fcomments&post=2598"}],"wp:featuredmedia":[{"embeddable":true,"href":"http:\/\/maudep.com.vn\/thucpham\/index.php?rest_route=\/wp\/v2\/media\/2846"}],"wp:attachment":[{"href":"http:\/\/maudep.com.vn\/thucpham\/index.php?rest_route=%2Fwp%2Fv2%2Fmedia&parent=2598"}],"curies":[{"name":"wp","href":"https:\/\/api.w.org\/{rel}","templated":true}]}}