{"id":2600,"date":"2020-12-29T11:25:22","date_gmt":"2020-12-29T04:25:22","guid":{"rendered":"https:\/\/maudep.com.vn\/thucpham\/?post_type=product&#038;p=2600"},"modified":"2021-02-04T15:02:40","modified_gmt":"2021-02-04T08:02:40","slug":"ba-chi-bo-uc","status":"publish","type":"product","link":"http:\/\/maudep.com.vn\/thucpham\/?product=ba-chi-bo-uc","title":{"rendered":"Ba ch\u1ec9 b\u00f2 \u00dac"},"content":{"rendered":"<p>Ba ch\u1ec9 b\u00f2 (Short Plate beef) ph\u1ea7n th\u1ecbt \u0111\u01b0\u1ee3c l\u1ea5y t\u1eeb b\u1ee5ng b\u00f2, c\u00f3 m\u1ee1 xen k\u1ebd v\u1edbi th\u1ecbt n\u1ea1c t\u1ea1o ra cho mi\u1ebfng th\u1ecbt c\u00f3 \u0111\u1ed9 m\u1ec1m ng\u1eady, th\u01a1m ngon. Ba ch\u1ec9 b\u00f2 r\u1ea5t th\u00edch h\u1ee3p v\u1edbi c\u00e1c m\u00f3n x\u00e0o, n\u01b0\u1edbng ho\u1eb7c t\u1ee5 t\u1eadp nhau b\u00ean n\u1ed3i l\u1ea9u.<\/p>\n<p><img loading=\"lazy\" class=\"aligncenter\" src=\"https:\/\/embed.widencdn.net\/img\/beef\/xskvbnvwmx\/exact\/Short%20Plate_121.tif?keep=c&amp;u=7fueml\" width=\"523\" height=\"333\" \/><\/p>\n<p>S\u1ea3n ph\u1ea9m \u0111\u01b0\u1ee3c ch\u1ebf bi\u1ebfn trong ph\u00f2ng l\u1ea1nh \u0111\u1ea1t ti\u00eau chu\u1ea9n IOS 22000:2018 n\u00ean qu\u00fd v\u1ecb ho\u00e0n to\u00e0n y\u00ean t\u00e2m v\u1ec1 ch\u1ea5t l\u01b0\u1ee3ng v\u00e0 \u0111\u1ed9 an to\u00e0n c\u1ee7a s\u1ea3n ph\u1ea9m m\u00ecnh s\u1eed d\u1ee5ng.<\/p>\n<p><strong>L\u01b0u \u00fd:<\/strong><\/p>\n<p>Ch\u1ec9 s\u1eed d\u1ee5ng s\u1ea3n ph\u1ea9m khi bao b\u00ec c\u00f2n nguy\u00ean v\u1eb9n.<br \/>\nKh\u00f4ng s\u1eed d\u1ee5ng s\u1ea3n ph\u1ea9m n\u1ebfu \u0111\u00e3 c\u00f3 m\u00f9i l\u1ea1.<\/p>\n","protected":false},"excerpt":{"rendered":"<p><strong>Nh\u00e3n hi\u1ec7u:<\/strong> Ho\u00e0ng Vi\u1ec7t 5G foods<\/p>\n<p><strong>\u0110\u00f3ng g\u00f3i:<\/strong> h\u00fat ch\u00e2n kh\u00f4ng.<\/p>\n<p><strong>B\u1ea3o qu\u1ea3n:<\/strong> ng\u0103n \u0111\u00f4ng.<\/p>\n<p><strong>H\u1ea1n s\u1eed d\u1ee5ng:\u00a0<\/strong>12 th\u00e1ng k\u1ec3 t\u1eeb ng\u00e0y s\u1ea3n xu\u1ea5t.<\/p>\n","protected":false},"featured_media":2849,"comment_status":"open","ping_status":"closed","template":"","meta":[],"yoast_head":"<!-- This site is optimized with the Yoast SEO plugin v14.7 - https:\/\/yoast.com\/wordpress\/plugins\/seo\/ -->\n<title>Ba ch\u1ec9 b\u00f2 \u00dac - Th\u1ef1c Ph\u1ea9m RT 1<\/title>\n<meta name=\"robots\" content=\"index, follow\" \/>\n<meta name=\"googlebot\" content=\"index, follow, max-snippet:-1, max-image-preview:large, max-video-preview:-1\" \/>\n<meta name=\"bingbot\" content=\"index, follow, max-snippet:-1, max-image-preview:large, max-video-preview:-1\" \/>\n<link rel=\"canonical\" href=\"http:\/\/maudep.com.vn\/thucpham\/?product=ba-chi-bo-uc\" \/>\n<meta property=\"og:locale\" content=\"vi_VN\" \/>\n<meta property=\"og:type\" content=\"article\" \/>\n<meta property=\"og:title\" content=\"Ba ch\u1ec9 b\u00f2 \u00dac - Th\u1ef1c Ph\u1ea9m RT 1\" \/>\n<meta property=\"og:description\" content=\"Nh\u00e3n hi\u1ec7u: Ho\u00e0ng Vi\u1ec7t 5G foods  \u0110\u00f3ng g\u00f3i: h\u00fat ch\u00e2n kh\u00f4ng.  B\u1ea3o qu\u1ea3n: ng\u0103n \u0111\u00f4ng.  H\u1ea1n s\u1eed d\u1ee5ng:\u00a012 th\u00e1ng k\u1ec3 t\u1eeb ng\u00e0y s\u1ea3n xu\u1ea5t.\" \/>\n<meta property=\"og:url\" content=\"http:\/\/maudep.com.vn\/thucpham\/?product=ba-chi-bo-uc\" \/>\n<meta property=\"og:site_name\" content=\"Th\u1ef1c Ph\u1ea9m RT 1\" \/>\n<meta property=\"article:publisher\" content=\"https:\/\/www.facebook.com\/hoangvietmaudep.com.vn\/thucpham\" \/>\n<meta property=\"article:modified_time\" content=\"2021-02-04T08:02:40+00:00\" \/>\n<meta property=\"og:image\" content=\"http:\/\/maudep.com.vn\/thucpham\/wp-content\/uploads\/2020\/12\/ba-chi-bo-uc.jpg\" \/>\n\t<meta property=\"og:image:width\" content=\"1092\" \/>\n\t<meta property=\"og:image:height\" content=\"800\" \/>\n<meta name=\"twitter:card\" content=\"summary_large_image\" \/>\n<script type=\"application\/ld+json\" class=\"yoast-schema-graph\">{\"@context\":\"https:\/\/schema.org\",\"@graph\":[{\"@type\":\"WebSite\",\"@id\":\"http:\/\/maudep.com.vn\/thucpham\/#website\",\"url\":\"http:\/\/maudep.com.vn\/thucpham\/\",\"name\":\"Th\\u1ef1c Ph\\u1ea9m RT 1\",\"description\":\"\",\"potentialAction\":[{\"@type\":\"SearchAction\",\"target\":\"http:\/\/maudep.com.vn\/thucpham\/?s={search_term_string}\",\"query-input\":\"required name=search_term_string\"}],\"inLanguage\":\"vi\"},{\"@type\":\"ImageObject\",\"@id\":\"http:\/\/maudep.com.vn\/thucpham\/?product=ba-chi-bo-uc#primaryimage\",\"inLanguage\":\"vi\",\"url\":\"http:\/\/maudep.com.vn\/thucpham\/wp-content\/uploads\/2020\/12\/ba-chi-bo-uc.jpg\",\"width\":1092,\"height\":800,\"caption\":\"ba-chi-bo-uc\"},{\"@type\":\"WebPage\",\"@id\":\"http:\/\/maudep.com.vn\/thucpham\/?product=ba-chi-bo-uc#webpage\",\"url\":\"http:\/\/maudep.com.vn\/thucpham\/?product=ba-chi-bo-uc\",\"name\":\"Ba ch\\u1ec9 b\\u00f2 \\u00dac - Th\\u1ef1c Ph\\u1ea9m RT 1\",\"isPartOf\":{\"@id\":\"http:\/\/maudep.com.vn\/thucpham\/#website\"},\"primaryImageOfPage\":{\"@id\":\"http:\/\/maudep.com.vn\/thucpham\/?product=ba-chi-bo-uc#primaryimage\"},\"datePublished\":\"2020-12-29T04:25:22+00:00\",\"dateModified\":\"2021-02-04T08:02:40+00:00\",\"breadcrumb\":{\"@id\":\"http:\/\/maudep.com.vn\/thucpham\/?product=ba-chi-bo-uc#breadcrumb\"},\"inLanguage\":\"vi\",\"potentialAction\":[{\"@type\":\"ReadAction\",\"target\":[\"http:\/\/maudep.com.vn\/thucpham\/?product=ba-chi-bo-uc\"]}]},{\"@type\":\"BreadcrumbList\",\"@id\":\"http:\/\/maudep.com.vn\/thucpham\/?product=ba-chi-bo-uc#breadcrumb\",\"itemListElement\":[{\"@type\":\"ListItem\",\"position\":1,\"item\":{\"@type\":\"WebPage\",\"@id\":\"http:\/\/maudep.com.vn\/thucpham\/\",\"url\":\"http:\/\/maudep.com.vn\/thucpham\/\",\"name\":\"Trang ch\\u1ee7\"}},{\"@type\":\"ListItem\",\"position\":2,\"item\":{\"@type\":\"WebPage\",\"@id\":\"http:\/\/maudep.com.vn\/thucpham\/?page_id=63\",\"url\":\"http:\/\/maudep.com.vn\/thucpham\/?page_id=63\",\"name\":\"Shop\"}},{\"@type\":\"ListItem\",\"position\":3,\"item\":{\"@type\":\"WebPage\",\"@id\":\"http:\/\/maudep.com.vn\/thucpham\/?product=ba-chi-bo-uc\",\"url\":\"http:\/\/maudep.com.vn\/thucpham\/?product=ba-chi-bo-uc\",\"name\":\"Ba ch\\u1ec9 b\\u00f2 \\u00dac\"}}]}]}<\/script>\n<!-- \/ Yoast SEO plugin. -->","_links":{"self":[{"href":"http:\/\/maudep.com.vn\/thucpham\/index.php?rest_route=\/wp\/v2\/product\/2600"}],"collection":[{"href":"http:\/\/maudep.com.vn\/thucpham\/index.php?rest_route=\/wp\/v2\/product"}],"about":[{"href":"http:\/\/maudep.com.vn\/thucpham\/index.php?rest_route=\/wp\/v2\/types\/product"}],"replies":[{"embeddable":true,"href":"http:\/\/maudep.com.vn\/thucpham\/index.php?rest_route=%2Fwp%2Fv2%2Fcomments&post=2600"}],"wp:featuredmedia":[{"embeddable":true,"href":"http:\/\/maudep.com.vn\/thucpham\/index.php?rest_route=\/wp\/v2\/media\/2849"}],"wp:attachment":[{"href":"http:\/\/maudep.com.vn\/thucpham\/index.php?rest_route=%2Fwp%2Fv2%2Fmedia&parent=2600"}],"curies":[{"name":"wp","href":"https:\/\/api.w.org\/{rel}","templated":true}]}}