{"id":2711,"date":"2021-01-13T15:09:14","date_gmt":"2021-01-13T08:09:14","guid":{"rendered":"https:\/\/maudep.com.vn\/thucpham\/?post_type=product&#038;p=2711"},"modified":"2021-01-15T11:15:55","modified_gmt":"2021-01-15T04:15:55","slug":"ma-bo","status":"publish","type":"product","link":"http:\/\/maudep.com.vn\/thucpham\/?product=ma-bo","title":{"rendered":"M\u00e1 b\u00f2"},"content":{"rendered":"<p style=\"text-align: justify;\"><strong>M\u00e1 b\u00f2<\/strong> (Beef cheek) l\u00e0 ph\u1ea7n c\u01a1 h\u00e0m ho\u1ea1t \u0111\u1ed9ng nhi\u1ec1u nh\u01b0ng l\u1ea1i kh\u00f4ng dai, th\u1ecbt \u0103n r\u1ea5t ngon, ch\u1eafc th\u1ecbt. Ph\u1ea7n th\u1ecbt n\u00e0y \u0111\u01b0\u1ee3c c\u00e1i nh\u00e0 h\u00e0ng \u01b0a chu\u1ed9ng b\u1edfi t\u00ednh d\u1ec5 l\u00e0m v\u00e0 kh\u00f4ng k\u00e9n kh\u00e1ch. M\u00e1 b\u00f2 m\u1ec1m, th\u01a1m, ngon nh\u1ea5t trong ph\u1ea7n \u0111\u1ea7u b\u00f2. M\u00e1 b\u00f2 \u00dac l\u1ea1i c\u00f3 h\u01b0\u01a1ng v\u1ecb \u0111\u1ea7m \u0111\u00e0 v\u00e0 m\u1ec1m h\u01a1n so v\u1edbi m\u00e1 b\u00e0 Vi\u1ec7t.\u00a0 Th\u1ecbt m\u00e1 b\u00f2 v\u1edbi \u0111\u1eb7c \u0111i\u1ec3m \u00edt m\u1ee1, g\u1ed3m nhi\u1ec1u c\u01a1, c\u00f3 t\u00e1c d\u1ee5ng b\u1ed5 m\u00e1u, t\u0103ng kh\u1ea3 n\u0103ng ti\u1ebft ch\u1ea5t nh\u1eddn, gi\u1ea3m \u0111au kh\u1edbp hay x\u01b0\u01a1ng g\u1ed1i cho nh\u1eefng ng\u01b0\u1eddi l\u1edbn tu\u1ed5i.<\/p>\n<div><strong>L\u01b0u \u00fd:<\/strong><\/div>\n<div><\/div>\n<div>Ch\u1ec9 s\u1eed d\u1ee5ng s\u1ea3n ph\u1ea9m khi bao b\u00ec c\u00f2n nguy\u00ean v\u1eb9n.<\/div>\n<div>Kh\u00f4ng s\u1eed d\u1ee5ng s\u1ea3n ph\u1ea9m n\u1ebfu \u0111\u00e3 c\u00f3 m\u00f9i l\u1ea1.<\/div>\n","protected":false},"excerpt":{"rendered":"<div><strong>Nh\u00e3n hi\u1ec7u:<\/strong> Ho\u00e0ng Vi\u1ec7t 5G foods<\/div>\n<div><\/div>\n<div><strong>Xu\u1ea5t x\u1ee9:<\/strong> \u00dac<\/div>\n<div><\/div>\n<div><strong>\u0110\u00f3ng g\u00f3i:<\/strong> h\u00fat ch\u00e2n kh\u00f4ng<\/div>\n<div><\/div>\n<div><strong>B\u1ea3o qu\u1ea3n:<\/strong> ng\u0103n m\u00e1t<\/div>\n<div><\/div>\n<div>Th\u1ecbt b\u00f2 t\u01b0\u01a1i Ho\u00e0ng Vi\u1ec7t 5G foods \u0111\u1ea3m b\u1ea3o t\u01b0\u01a1i ngon an to\u00e0n v\u1ec7 sinh th\u1ef1c ph\u1ea9m &#8211; \u0111\u1ea1t chu\u1ea9n iso 22000:2018<\/div>\n","protected":false},"featured_media":2741,"comment_status":"open","ping_status":"closed","template":"","meta":[],"yoast_head":"<!-- This site is optimized with the Yoast SEO plugin v14.7 - https:\/\/yoast.com\/wordpress\/plugins\/seo\/ -->\n<title>M\u00e1 b\u00f2 - Th\u1ef1c Ph\u1ea9m RT 1<\/title>\n<meta name=\"robots\" content=\"index, follow\" \/>\n<meta name=\"googlebot\" content=\"index, follow, max-snippet:-1, max-image-preview:large, max-video-preview:-1\" \/>\n<meta name=\"bingbot\" content=\"index, follow, max-snippet:-1, max-image-preview:large, max-video-preview:-1\" \/>\n<link rel=\"canonical\" href=\"http:\/\/maudep.com.vn\/thucpham\/?product=ma-bo\" \/>\n<meta property=\"og:locale\" content=\"vi_VN\" \/>\n<meta property=\"og:type\" content=\"article\" \/>\n<meta property=\"og:title\" content=\"M\u00e1 b\u00f2 - Th\u1ef1c Ph\u1ea9m RT 1\" \/>\n<meta property=\"og:description\" content=\"Nh\u00e3n hi\u1ec7u: Ho\u00e0ng Vi\u1ec7t 5G foods  Xu\u1ea5t x\u1ee9: \u00dac  \u0110\u00f3ng g\u00f3i: h\u00fat ch\u00e2n kh\u00f4ng  B\u1ea3o qu\u1ea3n: ng\u0103n m\u00e1t  Th\u1ecbt b\u00f2 t\u01b0\u01a1i Ho\u00e0ng Vi\u1ec7t 5G foods \u0111\u1ea3m b\u1ea3o t\u01b0\u01a1i ngon an to\u00e0n v\u1ec7 sinh th\u1ef1c ph\u1ea9m - \u0111\u1ea1t chu\u1ea9n iso 22000:2018\" \/>\n<meta property=\"og:url\" content=\"http:\/\/maudep.com.vn\/thucpham\/?product=ma-bo\" \/>\n<meta property=\"og:site_name\" content=\"Th\u1ef1c Ph\u1ea9m RT 1\" \/>\n<meta property=\"article:publisher\" content=\"https:\/\/www.facebook.com\/hoangvietmaudep.com.vn\/thucpham\" \/>\n<meta property=\"article:modified_time\" content=\"2021-01-15T04:15:55+00:00\" \/>\n<meta property=\"og:image\" content=\"http:\/\/maudep.com.vn\/thucpham\/wp-content\/uploads\/2021\/01\/ma-bo-2.jpg\" \/>\n\t<meta property=\"og:image:width\" content=\"2000\" \/>\n\t<meta property=\"og:image:height\" content=\"2000\" \/>\n<meta name=\"twitter:card\" content=\"summary_large_image\" \/>\n<script type=\"application\/ld+json\" class=\"yoast-schema-graph\">{\"@context\":\"https:\/\/schema.org\",\"@graph\":[{\"@type\":\"WebSite\",\"@id\":\"http:\/\/maudep.com.vn\/thucpham\/#website\",\"url\":\"http:\/\/maudep.com.vn\/thucpham\/\",\"name\":\"Th\\u1ef1c Ph\\u1ea9m RT 1\",\"description\":\"\",\"potentialAction\":[{\"@type\":\"SearchAction\",\"target\":\"http:\/\/maudep.com.vn\/thucpham\/?s={search_term_string}\",\"query-input\":\"required name=search_term_string\"}],\"inLanguage\":\"vi\"},{\"@type\":\"ImageObject\",\"@id\":\"http:\/\/maudep.com.vn\/thucpham\/?product=ma-bo#primaryimage\",\"inLanguage\":\"vi\",\"url\":\"http:\/\/maudep.com.vn\/thucpham\/wp-content\/uploads\/2021\/01\/ma-bo-2.jpg\",\"width\":2000,\"height\":2000},{\"@type\":\"WebPage\",\"@id\":\"http:\/\/maudep.com.vn\/thucpham\/?product=ma-bo#webpage\",\"url\":\"http:\/\/maudep.com.vn\/thucpham\/?product=ma-bo\",\"name\":\"M\\u00e1 b\\u00f2 - Th\\u1ef1c Ph\\u1ea9m RT 1\",\"isPartOf\":{\"@id\":\"http:\/\/maudep.com.vn\/thucpham\/#website\"},\"primaryImageOfPage\":{\"@id\":\"http:\/\/maudep.com.vn\/thucpham\/?product=ma-bo#primaryimage\"},\"datePublished\":\"2021-01-13T08:09:14+00:00\",\"dateModified\":\"2021-01-15T04:15:55+00:00\",\"breadcrumb\":{\"@id\":\"http:\/\/maudep.com.vn\/thucpham\/?product=ma-bo#breadcrumb\"},\"inLanguage\":\"vi\",\"potentialAction\":[{\"@type\":\"ReadAction\",\"target\":[\"http:\/\/maudep.com.vn\/thucpham\/?product=ma-bo\"]}]},{\"@type\":\"BreadcrumbList\",\"@id\":\"http:\/\/maudep.com.vn\/thucpham\/?product=ma-bo#breadcrumb\",\"itemListElement\":[{\"@type\":\"ListItem\",\"position\":1,\"item\":{\"@type\":\"WebPage\",\"@id\":\"http:\/\/maudep.com.vn\/thucpham\/\",\"url\":\"http:\/\/maudep.com.vn\/thucpham\/\",\"name\":\"Trang ch\\u1ee7\"}},{\"@type\":\"ListItem\",\"position\":2,\"item\":{\"@type\":\"WebPage\",\"@id\":\"http:\/\/maudep.com.vn\/thucpham\/?page_id=63\",\"url\":\"http:\/\/maudep.com.vn\/thucpham\/?page_id=63\",\"name\":\"Shop\"}},{\"@type\":\"ListItem\",\"position\":3,\"item\":{\"@type\":\"WebPage\",\"@id\":\"http:\/\/maudep.com.vn\/thucpham\/?product=ma-bo\",\"url\":\"http:\/\/maudep.com.vn\/thucpham\/?product=ma-bo\",\"name\":\"M\\u00e1 b\\u00f2\"}}]}]}<\/script>\n<!-- \/ Yoast SEO plugin. -->","_links":{"self":[{"href":"http:\/\/maudep.com.vn\/thucpham\/index.php?rest_route=\/wp\/v2\/product\/2711"}],"collection":[{"href":"http:\/\/maudep.com.vn\/thucpham\/index.php?rest_route=\/wp\/v2\/product"}],"about":[{"href":"http:\/\/maudep.com.vn\/thucpham\/index.php?rest_route=\/wp\/v2\/types\/product"}],"replies":[{"embeddable":true,"href":"http:\/\/maudep.com.vn\/thucpham\/index.php?rest_route=%2Fwp%2Fv2%2Fcomments&post=2711"}],"wp:featuredmedia":[{"embeddable":true,"href":"http:\/\/maudep.com.vn\/thucpham\/index.php?rest_route=\/wp\/v2\/media\/2741"}],"wp:attachment":[{"href":"http:\/\/maudep.com.vn\/thucpham\/index.php?rest_route=%2Fwp%2Fv2%2Fmedia&parent=2711"}],"curies":[{"name":"wp","href":"https:\/\/api.w.org\/{rel}","templated":true}]}}