{"id":2733,"date":"2021-01-15T09:58:49","date_gmt":"2021-01-15T02:58:49","guid":{"rendered":"https:\/\/maudep.com.vn\/thucpham\/?post_type=product&#038;p=2733"},"modified":"2021-01-15T16:15:03","modified_gmt":"2021-01-15T09:15:03","slug":"steak-nac-co","status":"publish","type":"product","link":"http:\/\/maudep.com.vn\/thucpham\/?product=steak-nac-co","title":{"rendered":"Steak n\u1ea1c c\u1ed5"},"content":{"rendered":"<p><strong>Steak l\u00f5i n\u1ea1c c\u1ed5<\/strong> (Flat iron steak) l\u00e0 ph\u1ea7n th\u1ecbt c\u1eaft ra t\u1eeb l\u1ed7i c\u1ed5 nhi\u1ec1u n\u1ea1c th\u00edch h\u1ee3p v\u1edbi \u00e1p ch\u1ea3o, x\u00e0o v\u00e0 n\u01b0\u1edbng than hoa.<\/p>\n<p><img loading=\"lazy\" class=\"size-medium wp-image-2736 aligncenter\" src=\"https:\/\/maudep.com.vn\/thucpham\/wp-content\/uploads\/2021\/01\/steak-nac-co-2-400x400.jpg\" alt=\"steak-nac-co-2\" width=\"400\" height=\"400\" srcset=\"http:\/\/maudep.com.vn\/thucpham\/wp-content\/uploads\/2021\/01\/steak-nac-co-2-400x400.jpg 400w, http:\/\/maudep.com.vn\/thucpham\/wp-content\/uploads\/2021\/01\/steak-nac-co-2-800x800.jpg 800w, http:\/\/maudep.com.vn\/thucpham\/wp-content\/uploads\/2021\/01\/steak-nac-co-2-280x280.jpg 280w, http:\/\/maudep.com.vn\/thucpham\/wp-content\/uploads\/2021\/01\/steak-nac-co-2-768x768.jpg 768w, http:\/\/maudep.com.vn\/thucpham\/wp-content\/uploads\/2021\/01\/steak-nac-co-2-1536x1536.jpg 1536w, http:\/\/maudep.com.vn\/thucpham\/wp-content\/uploads\/2021\/01\/steak-nac-co-2-600x600.jpg 600w, http:\/\/maudep.com.vn\/thucpham\/wp-content\/uploads\/2021\/01\/steak-nac-co-2-100x100.jpg 100w, http:\/\/maudep.com.vn\/thucpham\/wp-content\/uploads\/2021\/01\/steak-nac-co-2.jpg 2000w\" sizes=\"(max-width: 400px) 100vw, 400px\" \/><\/p>\n<div><strong>L\u01b0u \u00fd:<\/strong><\/div>\n<div><\/div>\n<div>Ch\u1ec9 s\u1eed d\u1ee5ng s\u1ea3n ph\u1ea9m khi bao b\u00ec c\u00f2n nguy\u00ean v\u1eb9n.<\/div>\n<div>Kh\u00f4ng s\u1eed d\u1ee5ng s\u1ea3n ph\u1ea9m n\u1ebfu \u0111\u00e3 c\u00f3 m\u00f9i l\u1ea1.<\/div>\n","protected":false},"excerpt":{"rendered":"<div><strong>Nh\u00e3n hi\u1ec7u:<\/strong> Ho\u00e0ng Vi\u1ec7t 5G foods<\/div>\n<div><\/div>\n<div><strong>Xu\u1ea5t x\u1ee9:<\/strong> \u00dac<\/div>\n<div><\/div>\n<div><strong>\u0110\u00f3ng g\u00f3i:<\/strong> h\u00fat ch\u00e2n kh\u00f4ng<\/div>\n<div><\/div>\n<div><strong>B\u1ea3o qu\u1ea3n:<\/strong> ng\u0103n m\u00e1t<\/div>\n<div><\/div>\n<div>Th\u1ecbt b\u00f2 t\u01b0\u01a1i Ho\u00e0ng Vi\u1ec7t 5G foods \u0111\u1ea3m b\u1ea3o t\u01b0\u01a1i ngon an to\u00e0n v\u1ec7 sinh th\u1ef1c ph\u1ea9m &#8211; \u0111\u1ea1t chu\u1ea9n iso 22000:2018<\/div>\n","protected":false},"featured_media":2735,"comment_status":"open","ping_status":"closed","template":"","meta":[],"yoast_head":"<!-- This site is optimized with the Yoast SEO plugin v14.7 - https:\/\/yoast.com\/wordpress\/plugins\/seo\/ -->\n<title>Steak n\u1ea1c c\u1ed5 - Th\u1ef1c Ph\u1ea9m RT 1<\/title>\n<meta name=\"robots\" content=\"index, follow\" \/>\n<meta name=\"googlebot\" content=\"index, follow, max-snippet:-1, max-image-preview:large, max-video-preview:-1\" \/>\n<meta name=\"bingbot\" content=\"index, follow, max-snippet:-1, max-image-preview:large, max-video-preview:-1\" \/>\n<link rel=\"canonical\" href=\"http:\/\/maudep.com.vn\/thucpham\/?product=steak-nac-co\" \/>\n<meta property=\"og:locale\" content=\"vi_VN\" \/>\n<meta property=\"og:type\" content=\"article\" \/>\n<meta property=\"og:title\" content=\"Steak n\u1ea1c c\u1ed5 - Th\u1ef1c Ph\u1ea9m RT 1\" \/>\n<meta property=\"og:description\" content=\"Nh\u00e3n hi\u1ec7u: Ho\u00e0ng Vi\u1ec7t 5G foods  Xu\u1ea5t x\u1ee9: \u00dac  \u0110\u00f3ng g\u00f3i: h\u00fat ch\u00e2n kh\u00f4ng  B\u1ea3o qu\u1ea3n: ng\u0103n m\u00e1t  Th\u1ecbt b\u00f2 t\u01b0\u01a1i Ho\u00e0ng Vi\u1ec7t 5G foods \u0111\u1ea3m b\u1ea3o t\u01b0\u01a1i ngon an to\u00e0n v\u1ec7 sinh th\u1ef1c ph\u1ea9m - \u0111\u1ea1t chu\u1ea9n iso 22000:2018\" \/>\n<meta property=\"og:url\" content=\"http:\/\/maudep.com.vn\/thucpham\/?product=steak-nac-co\" \/>\n<meta property=\"og:site_name\" content=\"Th\u1ef1c Ph\u1ea9m RT 1\" \/>\n<meta property=\"article:publisher\" content=\"https:\/\/www.facebook.com\/hoangvietmaudep.com.vn\/thucpham\" \/>\n<meta property=\"article:modified_time\" content=\"2021-01-15T09:15:03+00:00\" \/>\n<meta property=\"og:image\" content=\"http:\/\/maudep.com.vn\/thucpham\/wp-content\/uploads\/2021\/01\/steak-nac-co.jpg\" \/>\n\t<meta property=\"og:image:width\" content=\"2000\" \/>\n\t<meta property=\"og:image:height\" content=\"2000\" \/>\n<meta name=\"twitter:card\" content=\"summary_large_image\" \/>\n<script type=\"application\/ld+json\" class=\"yoast-schema-graph\">{\"@context\":\"https:\/\/schema.org\",\"@graph\":[{\"@type\":\"WebSite\",\"@id\":\"http:\/\/maudep.com.vn\/thucpham\/#website\",\"url\":\"http:\/\/maudep.com.vn\/thucpham\/\",\"name\":\"Th\\u1ef1c Ph\\u1ea9m RT 1\",\"description\":\"\",\"potentialAction\":[{\"@type\":\"SearchAction\",\"target\":\"http:\/\/maudep.com.vn\/thucpham\/?s={search_term_string}\",\"query-input\":\"required name=search_term_string\"}],\"inLanguage\":\"vi\"},{\"@type\":\"ImageObject\",\"@id\":\"http:\/\/maudep.com.vn\/thucpham\/?product=steak-nac-co#primaryimage\",\"inLanguage\":\"vi\",\"url\":\"http:\/\/maudep.com.vn\/thucpham\/wp-content\/uploads\/2021\/01\/steak-nac-co.jpg\",\"width\":2000,\"height\":2000,\"caption\":\"steak-nac-co\"},{\"@type\":\"WebPage\",\"@id\":\"http:\/\/maudep.com.vn\/thucpham\/?product=steak-nac-co#webpage\",\"url\":\"http:\/\/maudep.com.vn\/thucpham\/?product=steak-nac-co\",\"name\":\"Steak n\\u1ea1c c\\u1ed5 - Th\\u1ef1c Ph\\u1ea9m RT 1\",\"isPartOf\":{\"@id\":\"http:\/\/maudep.com.vn\/thucpham\/#website\"},\"primaryImageOfPage\":{\"@id\":\"http:\/\/maudep.com.vn\/thucpham\/?product=steak-nac-co#primaryimage\"},\"datePublished\":\"2021-01-15T02:58:49+00:00\",\"dateModified\":\"2021-01-15T09:15:03+00:00\",\"breadcrumb\":{\"@id\":\"http:\/\/maudep.com.vn\/thucpham\/?product=steak-nac-co#breadcrumb\"},\"inLanguage\":\"vi\",\"potentialAction\":[{\"@type\":\"ReadAction\",\"target\":[\"http:\/\/maudep.com.vn\/thucpham\/?product=steak-nac-co\"]}]},{\"@type\":\"BreadcrumbList\",\"@id\":\"http:\/\/maudep.com.vn\/thucpham\/?product=steak-nac-co#breadcrumb\",\"itemListElement\":[{\"@type\":\"ListItem\",\"position\":1,\"item\":{\"@type\":\"WebPage\",\"@id\":\"http:\/\/maudep.com.vn\/thucpham\/\",\"url\":\"http:\/\/maudep.com.vn\/thucpham\/\",\"name\":\"Trang ch\\u1ee7\"}},{\"@type\":\"ListItem\",\"position\":2,\"item\":{\"@type\":\"WebPage\",\"@id\":\"http:\/\/maudep.com.vn\/thucpham\/?page_id=63\",\"url\":\"http:\/\/maudep.com.vn\/thucpham\/?page_id=63\",\"name\":\"Shop\"}},{\"@type\":\"ListItem\",\"position\":3,\"item\":{\"@type\":\"WebPage\",\"@id\":\"http:\/\/maudep.com.vn\/thucpham\/?product=steak-nac-co\",\"url\":\"http:\/\/maudep.com.vn\/thucpham\/?product=steak-nac-co\",\"name\":\"Steak n\\u1ea1c c\\u1ed5\"}}]}]}<\/script>\n<!-- \/ Yoast SEO plugin. -->","_links":{"self":[{"href":"http:\/\/maudep.com.vn\/thucpham\/index.php?rest_route=\/wp\/v2\/product\/2733"}],"collection":[{"href":"http:\/\/maudep.com.vn\/thucpham\/index.php?rest_route=\/wp\/v2\/product"}],"about":[{"href":"http:\/\/maudep.com.vn\/thucpham\/index.php?rest_route=\/wp\/v2\/types\/product"}],"replies":[{"embeddable":true,"href":"http:\/\/maudep.com.vn\/thucpham\/index.php?rest_route=%2Fwp%2Fv2%2Fcomments&post=2733"}],"wp:featuredmedia":[{"embeddable":true,"href":"http:\/\/maudep.com.vn\/thucpham\/index.php?rest_route=\/wp\/v2\/media\/2735"}],"wp:attachment":[{"href":"http:\/\/maudep.com.vn\/thucpham\/index.php?rest_route=%2Fwp%2Fv2%2Fmedia&parent=2733"}],"curies":[{"name":"wp","href":"https:\/\/api.w.org\/{rel}","templated":true}]}}