{"id":2761,"date":"2021-01-15T17:19:39","date_gmt":"2021-01-15T10:19:39","guid":{"rendered":"https:\/\/maudep.com.vn\/thucpham\/?post_type=product&#038;p=2761"},"modified":"2021-08-31T09:20:47","modified_gmt":"2021-08-31T02:20:47","slug":"loi-dui-bo","status":"publish","type":"product","link":"http:\/\/maudep.com.vn\/thucpham\/?product=loi-dui-bo","title":{"rendered":"L\u00f5i \u0111\u00f9i b\u00f2"},"content":{"rendered":"<p><strong>L\u00f5i \u0111\u00f9i <\/strong>(Eye of round) l\u00e0 l\u00f5i th\u1ecbt b\u00ean trong \u0111\u01b0\u1ee3c l\u1ecdc ra t\u1eeb ph\u1ea7n m\u00f4ng c\u1ee7a con b\u00f2. \u0110\u00e2y l\u00e0 ph\u1ea7n th\u1ecbt r\u1ea5t n\u1ea1c, kh\u00f4ng c\u00f3 x\u01b0\u01a1ng v\u00e0 ch\u1ec9 c\u00f3 r\u1ea5t \u00edt m\u1ee1 xen l\u1eabn v\u1edbi nhau. Th\u00edch h\u1ee3p v\u1edbi m\u00f3n n\u01b0\u1edbng, x\u00e0o, l\u1ea9u d\u00e0nh cho ng\u01b0\u1eddi k th\u00edch \u0103n ph\u1ea7n c\u00f3 m\u1ee1.<\/p>\n<p><img loading=\"lazy\" class=\"size-medium wp-image-2763 aligncenter\" src=\"https:\/\/maudep.com.vn\/thucpham\/wp-content\/uploads\/2021\/01\/eye-round-400x400.jpg\" alt=\"\" width=\"400\" height=\"400\" srcset=\"http:\/\/maudep.com.vn\/thucpham\/wp-content\/uploads\/2021\/01\/eye-round-400x400.jpg 400w, http:\/\/maudep.com.vn\/thucpham\/wp-content\/uploads\/2021\/01\/eye-round-800x800.jpg 800w, http:\/\/maudep.com.vn\/thucpham\/wp-content\/uploads\/2021\/01\/eye-round-280x280.jpg 280w, http:\/\/maudep.com.vn\/thucpham\/wp-content\/uploads\/2021\/01\/eye-round-768x768.jpg 768w, http:\/\/maudep.com.vn\/thucpham\/wp-content\/uploads\/2021\/01\/eye-round-1536x1536.jpg 1536w, http:\/\/maudep.com.vn\/thucpham\/wp-content\/uploads\/2021\/01\/eye-round-600x600.jpg 600w, http:\/\/maudep.com.vn\/thucpham\/wp-content\/uploads\/2021\/01\/eye-round-100x100.jpg 100w, http:\/\/maudep.com.vn\/thucpham\/wp-content\/uploads\/2021\/01\/eye-round.jpg 2000w\" sizes=\"(max-width: 400px) 100vw, 400px\" \/><\/p>\n<p>&nbsp;<\/p>\n<p><strong>L\u01b0u \u00fd:<\/strong><\/p>\n<p>Ch\u1ec9 s\u1eed d\u1ee5ng s\u1ea3n ph\u1ea9m khi bao b\u00ec c\u00f2n nguy\u00ean v\u1eb9n.<br \/>\nKh\u00f4ng s\u1eed d\u1ee5ng s\u1ea3n ph\u1ea9m n\u1ebfu \u0111\u00e3 c\u00f3 m\u00f9i l\u1ea1.<\/p>\n","protected":false},"excerpt":{"rendered":"<p><strong>Nh\u00e3n hi\u1ec7u: <\/strong>Ho\u00e0ng Vi\u1ec7t\u00a0Ho\u00e0ng Vi\u1ec7t 5G foods<\/p>\n<p><strong>Xu\u1ea5t x\u1ee9:<\/strong> \u00dac<\/p>\n<p><strong>\u0110\u00f3ng g\u00f3i:<\/strong> h\u00fat ch\u00e2n kh\u00f4ng<\/p>\n<p><strong>B\u1ea3o qu\u1ea3n:<\/strong> ng\u0103n m\u00e1t<\/p>\n<p>Th\u1ecbt b\u00f2 t\u01b0\u01a1i Ho\u00e0ng Vi\u1ec7t\u00a0Ho\u00e0ng Vi\u1ec7t 5G foods \u0111\u1ea3m b\u1ea3o t\u01b0\u01a1i ngon an to\u00e0n v\u1ec7 sinh th\u1ef1c ph\u1ea9m &#8211; \u0111\u1ea1t chu\u1ea9n iso 22000:2018<\/p>\n","protected":false},"featured_media":2763,"comment_status":"open","ping_status":"closed","template":"","meta":[],"yoast_head":"<!-- This site is optimized with the Yoast SEO plugin v14.7 - https:\/\/yoast.com\/wordpress\/plugins\/seo\/ -->\n<title>L\u00f5i \u0111\u00f9i b\u00f2 - Th\u1ef1c Ph\u1ea9m RT 1<\/title>\n<meta name=\"robots\" content=\"index, follow\" \/>\n<meta name=\"googlebot\" content=\"index, follow, max-snippet:-1, max-image-preview:large, max-video-preview:-1\" \/>\n<meta name=\"bingbot\" content=\"index, follow, max-snippet:-1, max-image-preview:large, max-video-preview:-1\" \/>\n<link rel=\"canonical\" href=\"http:\/\/maudep.com.vn\/thucpham\/?product=loi-dui-bo\" \/>\n<meta property=\"og:locale\" content=\"vi_VN\" \/>\n<meta property=\"og:type\" content=\"article\" \/>\n<meta property=\"og:title\" content=\"L\u00f5i \u0111\u00f9i b\u00f2 - Th\u1ef1c Ph\u1ea9m RT 1\" \/>\n<meta property=\"og:description\" content=\"Nh\u00e3n hi\u1ec7u: Ho\u00e0ng Vi\u1ec7t\u00a0Ho\u00e0ng Vi\u1ec7t 5G foods  Xu\u1ea5t x\u1ee9: \u00dac  \u0110\u00f3ng g\u00f3i: h\u00fat ch\u00e2n kh\u00f4ng  B\u1ea3o qu\u1ea3n: ng\u0103n m\u00e1t  Th\u1ecbt b\u00f2 t\u01b0\u01a1i Ho\u00e0ng Vi\u1ec7t\u00a0Ho\u00e0ng Vi\u1ec7t 5G foods \u0111\u1ea3m b\u1ea3o t\u01b0\u01a1i ngon an to\u00e0n v\u1ec7 sinh th\u1ef1c ph\u1ea9m - \u0111\u1ea1t chu\u1ea9n iso 22000:2018\" \/>\n<meta property=\"og:url\" content=\"http:\/\/maudep.com.vn\/thucpham\/?product=loi-dui-bo\" \/>\n<meta property=\"og:site_name\" content=\"Th\u1ef1c Ph\u1ea9m RT 1\" \/>\n<meta property=\"article:publisher\" content=\"https:\/\/www.facebook.com\/hoangvietmaudep.com.vn\/thucpham\" \/>\n<meta property=\"article:modified_time\" content=\"2021-08-31T02:20:47+00:00\" \/>\n<meta property=\"og:image\" content=\"http:\/\/maudep.com.vn\/thucpham\/wp-content\/uploads\/2021\/01\/eye-round.jpg\" \/>\n\t<meta property=\"og:image:width\" content=\"2000\" \/>\n\t<meta property=\"og:image:height\" content=\"2000\" \/>\n<meta name=\"twitter:card\" content=\"summary_large_image\" \/>\n<script type=\"application\/ld+json\" class=\"yoast-schema-graph\">{\"@context\":\"https:\/\/schema.org\",\"@graph\":[{\"@type\":\"WebSite\",\"@id\":\"http:\/\/maudep.com.vn\/thucpham\/#website\",\"url\":\"http:\/\/maudep.com.vn\/thucpham\/\",\"name\":\"Th\\u1ef1c Ph\\u1ea9m RT 1\",\"description\":\"\",\"potentialAction\":[{\"@type\":\"SearchAction\",\"target\":\"http:\/\/maudep.com.vn\/thucpham\/?s={search_term_string}\",\"query-input\":\"required name=search_term_string\"}],\"inLanguage\":\"vi\"},{\"@type\":\"ImageObject\",\"@id\":\"http:\/\/maudep.com.vn\/thucpham\/?product=loi-dui-bo#primaryimage\",\"inLanguage\":\"vi\",\"url\":\"http:\/\/maudep.com.vn\/thucpham\/wp-content\/uploads\/2021\/01\/eye-round.jpg\",\"width\":2000,\"height\":2000},{\"@type\":\"WebPage\",\"@id\":\"http:\/\/maudep.com.vn\/thucpham\/?product=loi-dui-bo#webpage\",\"url\":\"http:\/\/maudep.com.vn\/thucpham\/?product=loi-dui-bo\",\"name\":\"L\\u00f5i \\u0111\\u00f9i b\\u00f2 - Th\\u1ef1c Ph\\u1ea9m RT 1\",\"isPartOf\":{\"@id\":\"http:\/\/maudep.com.vn\/thucpham\/#website\"},\"primaryImageOfPage\":{\"@id\":\"http:\/\/maudep.com.vn\/thucpham\/?product=loi-dui-bo#primaryimage\"},\"datePublished\":\"2021-01-15T10:19:39+00:00\",\"dateModified\":\"2021-08-31T02:20:47+00:00\",\"breadcrumb\":{\"@id\":\"http:\/\/maudep.com.vn\/thucpham\/?product=loi-dui-bo#breadcrumb\"},\"inLanguage\":\"vi\",\"potentialAction\":[{\"@type\":\"ReadAction\",\"target\":[\"http:\/\/maudep.com.vn\/thucpham\/?product=loi-dui-bo\"]}]},{\"@type\":\"BreadcrumbList\",\"@id\":\"http:\/\/maudep.com.vn\/thucpham\/?product=loi-dui-bo#breadcrumb\",\"itemListElement\":[{\"@type\":\"ListItem\",\"position\":1,\"item\":{\"@type\":\"WebPage\",\"@id\":\"http:\/\/maudep.com.vn\/thucpham\/\",\"url\":\"http:\/\/maudep.com.vn\/thucpham\/\",\"name\":\"Trang ch\\u1ee7\"}},{\"@type\":\"ListItem\",\"position\":2,\"item\":{\"@type\":\"WebPage\",\"@id\":\"http:\/\/maudep.com.vn\/thucpham\/?page_id=63\",\"url\":\"http:\/\/maudep.com.vn\/thucpham\/?page_id=63\",\"name\":\"Shop\"}},{\"@type\":\"ListItem\",\"position\":3,\"item\":{\"@type\":\"WebPage\",\"@id\":\"http:\/\/maudep.com.vn\/thucpham\/?product=loi-dui-bo\",\"url\":\"http:\/\/maudep.com.vn\/thucpham\/?product=loi-dui-bo\",\"name\":\"L\\u00f5i \\u0111\\u00f9i b\\u00f2\"}}]}]}<\/script>\n<!-- \/ Yoast SEO plugin. -->","_links":{"self":[{"href":"http:\/\/maudep.com.vn\/thucpham\/index.php?rest_route=\/wp\/v2\/product\/2761"}],"collection":[{"href":"http:\/\/maudep.com.vn\/thucpham\/index.php?rest_route=\/wp\/v2\/product"}],"about":[{"href":"http:\/\/maudep.com.vn\/thucpham\/index.php?rest_route=\/wp\/v2\/types\/product"}],"replies":[{"embeddable":true,"href":"http:\/\/maudep.com.vn\/thucpham\/index.php?rest_route=%2Fwp%2Fv2%2Fcomments&post=2761"}],"wp:featuredmedia":[{"embeddable":true,"href":"http:\/\/maudep.com.vn\/thucpham\/index.php?rest_route=\/wp\/v2\/media\/2763"}],"wp:attachment":[{"href":"http:\/\/maudep.com.vn\/thucpham\/index.php?rest_route=%2Fwp%2Fv2%2Fmedia&parent=2761"}],"curies":[{"name":"wp","href":"https:\/\/api.w.org\/{rel}","templated":true}]}}